{"id":22213,"date":"2022-01-22T11:23:50","date_gmt":"2022-01-22T10:23:50","guid":{"rendered":"https:\/\/demoweb.info\/sexshop001\/producto\/again-and-again-anillo-ajustable-de-silicona-negro\/"},"modified":"2022-01-22T11:23:50","modified_gmt":"2022-01-22T10:23:50","slug":"again-and-again-anillo-ajustable-de-silicona-negro","status":"publish","type":"product","link":"https:\/\/demoweb.info\/sexshop001\/producto\/again-and-again-anillo-ajustable-de-silicona-negro\/","title":{"rendered":"AGAIN AND AGAIN ANILLO AJUSTABLE DE SILICONA &#8211; NEGRO"},"content":{"rendered":"<p><strong>AGAIN AND AGAIN ADJUSTABLE COCK RING <\/strong><\/p>\n<p>Bienvenido a Fifty Shades of Grey, la colecci\u00f3n oficial Pleasure. Una hermosa colecci\u00f3n de lujosos juguetes de placer, suaves piezas de bondage y elementos \u00edntimos esenciales. La \u00fanica gama oficial, creada y aprobada por el autor E L James.<\/p>\n<p><strong>Caracter\u00edsticas principales:<\/strong><\/p>\n<ul>\n<li>Anillo de amor de Cincuenta sombras de Grey estilo lazo de silicona.<\/li>\n<li>Puede ayudar a mejorar el tama\u00f1o de la erecci\u00f3n y la resistencia durante el acto sexual.<\/li>\n<li>Totalmente ajustable para adaptarse a hombres de todas las circunferencias.<\/li>\n<li>El ajuste se puede modificar durante el sexo para una experiencia personalizada.<\/li>\n<li>Tama\u00f1o adecuado para viajes.<\/li>\n<li>Bot\u00f3n de liberaci\u00f3n r\u00e1pida.<\/li>\n<li>Medidas: 14 x 2,3 x 1,4 cm<\/li>\n<li>De silicona.<\/li>\n<li>Impermeable.<\/li>\n<\/ul>\n","protected":false},"excerpt":{"rendered":"<p>AGAIN AND AGAIN ADJUSTABLE COCK RING Bienvenido a Fifty Shades of Grey, la colecci\u00f3n oficial Pleasure. Una hermosa colecci\u00f3n de<\/p>\n","protected":false},"featured_media":22214,"comment_status":"open","ping_status":"open","template":"","meta":[],"product_cat":[323],"product_tag":[858],"class_list":["post-22213","product","type-product","status-publish","has-post-thumbnail","hentry","product_cat-silicona-anillos","product_tag-fifty-shades"],"bundled_by":[],"bundle_stock_status":"instock","bundle_stock_quantity":2,"bundle_virtual":false,"bundle_layout":"","bundle_add_to_cart_form_location":"","bundle_editable_in_cart":false,"bundle_sold_individually_context":"","bundle_item_grouping":"","bundle_min_size":"","bundle_max_size":"","bundled_items":[],"yoast_head":"<!-- This site is optimized with the Yoast SEO plugin v20.6 - https:\/\/yoast.com\/wordpress\/plugins\/seo\/ -->\n<title>AGAIN AND AGAIN ANILLO AJUSTABLE DE SILICONA - NEGRO - Tienda Er\u00f3tica<\/title>\n<meta name=\"robots\" content=\"noindex, follow, max-snippet:-1, max-image-preview:large, max-video-preview:-1\" \/>\n<meta property=\"og:locale\" content=\"es_ES\" \/>\n<meta property=\"og:type\" content=\"article\" \/>\n<meta property=\"og:title\" content=\"AGAIN AND AGAIN ANILLO AJUSTABLE DE SILICONA - NEGRO - Tienda Er\u00f3tica\" \/>\n<meta property=\"og:description\" content=\"AGAIN AND AGAIN ADJUSTABLE COCK RING Bienvenido a Fifty Shades of Grey, la colecci\u00f3n oficial Pleasure. Una hermosa colecci\u00f3n de\" \/>\n<meta property=\"og:url\" content=\"https:\/\/demoweb.info\/sexshop001\/producto\/again-and-again-anillo-ajustable-de-silicona-negro\/\" \/>\n<meta property=\"og:site_name\" content=\"Tienda Er\u00f3tica\" \/>\n<meta property=\"og:image\" content=\"https:\/\/demoweb.info\/sexshop001\/wp-content\/uploads\/2022\/01\/AGAIN-AND-AGAIN-ANILLO-AJUSTABLE-DE-SILICONA-NEGRO.jpg\" \/>\n\t<meta property=\"og:image:width\" content=\"550\" \/>\n\t<meta property=\"og:image:height\" content=\"550\" \/>\n\t<meta property=\"og:image:type\" content=\"image\/jpeg\" \/>\n<meta name=\"twitter:card\" content=\"summary_large_image\" \/>\n<meta name=\"twitter:label1\" content=\"Tiempo de lectura\" \/>\n\t<meta name=\"twitter:data1\" content=\"1 minuto\" \/>\n<script type=\"application\/ld+json\" class=\"yoast-schema-graph\">{\"@context\":\"https:\/\/schema.org\",\"@graph\":[{\"@type\":\"WebPage\",\"@id\":\"https:\/\/demoweb.info\/sexshop001\/producto\/again-and-again-anillo-ajustable-de-silicona-negro\/\",\"url\":\"https:\/\/demoweb.info\/sexshop001\/producto\/again-and-again-anillo-ajustable-de-silicona-negro\/\",\"name\":\"AGAIN AND AGAIN ANILLO AJUSTABLE DE SILICONA - NEGRO - Tienda Er\u00f3tica\",\"isPartOf\":{\"@id\":\"https:\/\/demoweb.info\/sexshop001\/#website\"},\"datePublished\":\"2022-01-22T10:23:50+00:00\",\"dateModified\":\"2022-01-22T10:23:50+00:00\",\"breadcrumb\":{\"@id\":\"https:\/\/demoweb.info\/sexshop001\/producto\/again-and-again-anillo-ajustable-de-silicona-negro\/#breadcrumb\"},\"inLanguage\":\"es\",\"potentialAction\":[{\"@type\":\"ReadAction\",\"target\":[\"https:\/\/demoweb.info\/sexshop001\/producto\/again-and-again-anillo-ajustable-de-silicona-negro\/\"]}]},{\"@type\":\"BreadcrumbList\",\"@id\":\"https:\/\/demoweb.info\/sexshop001\/producto\/again-and-again-anillo-ajustable-de-silicona-negro\/#breadcrumb\",\"itemListElement\":[{\"@type\":\"ListItem\",\"position\":1,\"name\":\"Portada\",\"item\":\"https:\/\/demoweb.info\/sexshop001\/\"},{\"@type\":\"ListItem\",\"position\":2,\"name\":\"Tienda\",\"item\":\"https:\/\/demoweb.info\/sexshop001\/tienda\/\"},{\"@type\":\"ListItem\",\"position\":3,\"name\":\"AGAIN AND AGAIN ANILLO AJUSTABLE DE SILICONA &#8211; NEGRO\"}]},{\"@type\":\"WebSite\",\"@id\":\"https:\/\/demoweb.info\/sexshop001\/#website\",\"url\":\"https:\/\/demoweb.info\/sexshop001\/\",\"name\":\"Tienda Er\u00f3tica\",\"description\":\"DEMOWEB SL\",\"potentialAction\":[{\"@type\":\"SearchAction\",\"target\":{\"@type\":\"EntryPoint\",\"urlTemplate\":\"https:\/\/demoweb.info\/sexshop001\/?s={search_term_string}\"},\"query-input\":\"required name=search_term_string\"}],\"inLanguage\":\"es\"}]}<\/script>\n<!-- \/ Yoast SEO plugin. -->","yoast_head_json":{"title":"AGAIN AND AGAIN ANILLO AJUSTABLE DE SILICONA - NEGRO - Tienda Er\u00f3tica","robots":{"index":"noindex","follow":"follow","max-snippet":"max-snippet:-1","max-image-preview":"max-image-preview:large","max-video-preview":"max-video-preview:-1"},"og_locale":"es_ES","og_type":"article","og_title":"AGAIN AND AGAIN ANILLO AJUSTABLE DE SILICONA - NEGRO - Tienda Er\u00f3tica","og_description":"AGAIN AND AGAIN ADJUSTABLE COCK RING Bienvenido a Fifty Shades of Grey, la colecci\u00f3n oficial Pleasure. Una hermosa colecci\u00f3n de","og_url":"https:\/\/demoweb.info\/sexshop001\/producto\/again-and-again-anillo-ajustable-de-silicona-negro\/","og_site_name":"Tienda Er\u00f3tica","og_image":[{"width":550,"height":550,"url":"https:\/\/demoweb.info\/sexshop001\/wp-content\/uploads\/2022\/01\/AGAIN-AND-AGAIN-ANILLO-AJUSTABLE-DE-SILICONA-NEGRO.jpg","type":"image\/jpeg"}],"twitter_card":"summary_large_image","twitter_misc":{"Tiempo de lectura":"1 minuto"},"schema":{"@context":"https:\/\/schema.org","@graph":[{"@type":"WebPage","@id":"https:\/\/demoweb.info\/sexshop001\/producto\/again-and-again-anillo-ajustable-de-silicona-negro\/","url":"https:\/\/demoweb.info\/sexshop001\/producto\/again-and-again-anillo-ajustable-de-silicona-negro\/","name":"AGAIN AND AGAIN ANILLO AJUSTABLE DE SILICONA - NEGRO - Tienda Er\u00f3tica","isPartOf":{"@id":"https:\/\/demoweb.info\/sexshop001\/#website"},"datePublished":"2022-01-22T10:23:50+00:00","dateModified":"2022-01-22T10:23:50+00:00","breadcrumb":{"@id":"https:\/\/demoweb.info\/sexshop001\/producto\/again-and-again-anillo-ajustable-de-silicona-negro\/#breadcrumb"},"inLanguage":"es","potentialAction":[{"@type":"ReadAction","target":["https:\/\/demoweb.info\/sexshop001\/producto\/again-and-again-anillo-ajustable-de-silicona-negro\/"]}]},{"@type":"BreadcrumbList","@id":"https:\/\/demoweb.info\/sexshop001\/producto\/again-and-again-anillo-ajustable-de-silicona-negro\/#breadcrumb","itemListElement":[{"@type":"ListItem","position":1,"name":"Portada","item":"https:\/\/demoweb.info\/sexshop001\/"},{"@type":"ListItem","position":2,"name":"Tienda","item":"https:\/\/demoweb.info\/sexshop001\/tienda\/"},{"@type":"ListItem","position":3,"name":"AGAIN AND AGAIN ANILLO AJUSTABLE DE SILICONA &#8211; NEGRO"}]},{"@type":"WebSite","@id":"https:\/\/demoweb.info\/sexshop001\/#website","url":"https:\/\/demoweb.info\/sexshop001\/","name":"Tienda Er\u00f3tica","description":"DEMOWEB SL","potentialAction":[{"@type":"SearchAction","target":{"@type":"EntryPoint","urlTemplate":"https:\/\/demoweb.info\/sexshop001\/?s={search_term_string}"},"query-input":"required name=search_term_string"}],"inLanguage":"es"}]}},"_links":{"self":[{"href":"https:\/\/demoweb.info\/sexshop001\/wp-json\/wp\/v3\/product\/22213","targetHints":{"allow":["GET"]}}],"collection":[{"href":"https:\/\/demoweb.info\/sexshop001\/wp-json\/wp\/v3\/product"}],"about":[{"href":"https:\/\/demoweb.info\/sexshop001\/wp-json\/wp\/v2\/types\/product"}],"replies":[{"embeddable":true,"href":"https:\/\/demoweb.info\/sexshop001\/wp-json\/wp\/v2\/comments?post=22213"}],"wp:featuredmedia":[{"embeddable":true,"href":"https:\/\/demoweb.info\/sexshop001\/wp-json\/wp\/v2\/media\/22214"}],"wp:attachment":[{"href":"https:\/\/demoweb.info\/sexshop001\/wp-json\/wp\/v2\/media?parent=22213"}],"wp:term":[{"taxonomy":"product_cat","embeddable":true,"href":"https:\/\/demoweb.info\/sexshop001\/wp-json\/wp\/v2\/product_cat?post=22213"},{"taxonomy":"product_tag","embeddable":true,"href":"https:\/\/demoweb.info\/sexshop001\/wp-json\/wp\/v2\/product_tag?post=22213"}],"curies":[{"name":"wp","href":"https:\/\/api.w.org\/{rel}","templated":true}]}}