{"id":22183,"date":"2022-01-22T11:23:14","date_gmt":"2022-01-22T10:23:14","guid":{"rendered":"https:\/\/demoweb.info\/sexshop001\/producto\/relentless-huevo-vibrador-control-remoto-negro-plata\/"},"modified":"2022-01-22T11:23:32","modified_gmt":"2022-01-22T10:23:32","slug":"relentless-huevo-vibrador-control-remoto-negro-plata","status":"publish","type":"product","link":"https:\/\/demoweb.info\/sexshop001\/producto\/relentless-huevo-vibrador-control-remoto-negro-plata\/","title":{"rendered":"RELENTLESS HUEVO VIBRADOR CONTROL REMOTO &#8211; NEGRO\/PLATA"},"content":{"rendered":"<p><strong>RELENTLESS VIBRATIONS REMOTE CONTROL EGG<\/strong><\/p>\n<p>Redescubre las apasionantes aventuras de Anastasia y Christian Grey con la colecci\u00f3n oficial de placer de Fifty Shades of Grey. Basado en el fen\u00f3meno literario er\u00f3tico que introdujo a parejas de todo el mundo a la sensualidad del BDSM, vendi\u00f3 m\u00e1s de 150 millones de copias en todo el mundo y gener\u00f3 tres pel\u00edculas de gran \u00e9xito, estos juguetes y accesorios de bondage cuidadosamente seleccionados han sido un \u00e9xito mundial desde que salieron a la venta por primera vez en 2012.<\/p>\n<p>Y ahora, los productos m\u00e1s populares de la gama han inspirado cuatro nuevas colecciones. La colecci\u00f3n Relentless Vibrations lleva el juego de las parejas a un nuevo nivel con controles remotos f\u00e1ciles de usar.<\/p>\n<p>El huevo de control remoto de Fifty Shades of Relentless Vibrations m\u00e1s vendido.<\/p>\n<p>Caracter\u00edsticas:<\/p>\n<ul>\n<li>Mando de control remoto para disfrutar de encuentros er\u00f3ticos con una pareja<\/li>\n<li>Potente motor que ofrece 2 velocidades y 5 patrones<\/li>\n<li>Huevo de silicona negro liso y elegante con control remoto de contraste cromado<\/li>\n<li>El juguete y el control remoto son recargables por USB con cable incluido<\/li>\n<li>Dise\u00f1ado para parejas<\/li>\n<li>Juguete 100% resistente al agua (mando a distancia no resistente al agua)<\/li>\n<li>El control remoto funciona hasta 10 metros<\/li>\n<li>Viene con una bolsa de almacenamiento de sat\u00e9n<\/li>\n<li>Logotipo impreso en el mando a distancia<\/li>\n<li>Medidas: 20,4 x 2,7 cm<\/li>\n<li>Longitud insertable: 7,7 cm<\/li>\n<li>Di\u00e1metro: 2,7 cm<\/li>\n<\/ul>\n","protected":false},"excerpt":{"rendered":"<p>RELENTLESS VIBRATIONS REMOTE CONTROL EGG Redescubre las apasionantes aventuras de Anastasia y Christian Grey con la colecci\u00f3n oficial de placer<\/p>\n","protected":false},"featured_media":22184,"comment_status":"open","ping_status":"open","template":"","meta":[],"product_cat":[322],"product_tag":[858],"class_list":["post-22183","product","type-product","status-publish","has-post-thumbnail","hentry","product_cat-con-mando","product_tag-fifty-shades"],"bundled_by":[],"bundle_stock_status":"outofstock","bundle_stock_quantity":0,"bundle_virtual":false,"bundle_layout":"","bundle_add_to_cart_form_location":"","bundle_editable_in_cart":false,"bundle_sold_individually_context":"","bundle_item_grouping":"","bundle_min_size":"","bundle_max_size":"","bundled_items":[],"yoast_head":"<!-- This site is optimized with the Yoast SEO plugin v20.6 - https:\/\/yoast.com\/wordpress\/plugins\/seo\/ -->\n<title>RELENTLESS HUEVO VIBRADOR CONTROL REMOTO - NEGRO\/PLATA - Tienda Er\u00f3tica<\/title>\n<meta name=\"robots\" content=\"noindex, follow, max-snippet:-1, max-image-preview:large, max-video-preview:-1\" \/>\n<meta property=\"og:locale\" content=\"es_ES\" \/>\n<meta property=\"og:type\" content=\"article\" \/>\n<meta property=\"og:title\" content=\"RELENTLESS HUEVO VIBRADOR CONTROL REMOTO - NEGRO\/PLATA - Tienda Er\u00f3tica\" \/>\n<meta property=\"og:description\" content=\"RELENTLESS VIBRATIONS REMOTE CONTROL EGG Redescubre las apasionantes aventuras de Anastasia y Christian Grey con la colecci\u00f3n oficial de placer\" \/>\n<meta property=\"og:url\" content=\"https:\/\/demoweb.info\/sexshop001\/producto\/relentless-huevo-vibrador-control-remoto-negro-plata\/\" \/>\n<meta property=\"og:site_name\" content=\"Tienda Er\u00f3tica\" \/>\n<meta property=\"article:modified_time\" content=\"2022-01-22T10:23:32+00:00\" \/>\n<meta property=\"og:image\" content=\"https:\/\/demoweb.info\/sexshop001\/wp-content\/uploads\/2022\/01\/RELENTLESS-HUEVO-VIBRADOR-CONTROL-REMOTO-NEGROPLATA.jpg\" \/>\n\t<meta property=\"og:image:width\" content=\"550\" \/>\n\t<meta property=\"og:image:height\" content=\"550\" \/>\n\t<meta property=\"og:image:type\" content=\"image\/jpeg\" \/>\n<meta name=\"twitter:card\" content=\"summary_large_image\" \/>\n<meta name=\"twitter:label1\" content=\"Tiempo de lectura\" \/>\n\t<meta name=\"twitter:data1\" content=\"1 minuto\" \/>\n<script type=\"application\/ld+json\" class=\"yoast-schema-graph\">{\"@context\":\"https:\/\/schema.org\",\"@graph\":[{\"@type\":\"WebPage\",\"@id\":\"https:\/\/demoweb.info\/sexshop001\/producto\/relentless-huevo-vibrador-control-remoto-negro-plata\/\",\"url\":\"https:\/\/demoweb.info\/sexshop001\/producto\/relentless-huevo-vibrador-control-remoto-negro-plata\/\",\"name\":\"RELENTLESS HUEVO VIBRADOR CONTROL REMOTO - NEGRO\/PLATA - Tienda Er\u00f3tica\",\"isPartOf\":{\"@id\":\"https:\/\/demoweb.info\/sexshop001\/#website\"},\"datePublished\":\"2022-01-22T10:23:14+00:00\",\"dateModified\":\"2022-01-22T10:23:32+00:00\",\"breadcrumb\":{\"@id\":\"https:\/\/demoweb.info\/sexshop001\/producto\/relentless-huevo-vibrador-control-remoto-negro-plata\/#breadcrumb\"},\"inLanguage\":\"es\",\"potentialAction\":[{\"@type\":\"ReadAction\",\"target\":[\"https:\/\/demoweb.info\/sexshop001\/producto\/relentless-huevo-vibrador-control-remoto-negro-plata\/\"]}]},{\"@type\":\"BreadcrumbList\",\"@id\":\"https:\/\/demoweb.info\/sexshop001\/producto\/relentless-huevo-vibrador-control-remoto-negro-plata\/#breadcrumb\",\"itemListElement\":[{\"@type\":\"ListItem\",\"position\":1,\"name\":\"Portada\",\"item\":\"https:\/\/demoweb.info\/sexshop001\/\"},{\"@type\":\"ListItem\",\"position\":2,\"name\":\"Tienda\",\"item\":\"https:\/\/demoweb.info\/sexshop001\/tienda\/\"},{\"@type\":\"ListItem\",\"position\":3,\"name\":\"RELENTLESS HUEVO VIBRADOR CONTROL REMOTO &#8211; NEGRO\/PLATA\"}]},{\"@type\":\"WebSite\",\"@id\":\"https:\/\/demoweb.info\/sexshop001\/#website\",\"url\":\"https:\/\/demoweb.info\/sexshop001\/\",\"name\":\"Tienda Er\u00f3tica\",\"description\":\"DEMOWEB SL\",\"potentialAction\":[{\"@type\":\"SearchAction\",\"target\":{\"@type\":\"EntryPoint\",\"urlTemplate\":\"https:\/\/demoweb.info\/sexshop001\/?s={search_term_string}\"},\"query-input\":\"required name=search_term_string\"}],\"inLanguage\":\"es\"}]}<\/script>\n<!-- \/ Yoast SEO plugin. -->","yoast_head_json":{"title":"RELENTLESS HUEVO VIBRADOR CONTROL REMOTO - NEGRO\/PLATA - Tienda Er\u00f3tica","robots":{"index":"noindex","follow":"follow","max-snippet":"max-snippet:-1","max-image-preview":"max-image-preview:large","max-video-preview":"max-video-preview:-1"},"og_locale":"es_ES","og_type":"article","og_title":"RELENTLESS HUEVO VIBRADOR CONTROL REMOTO - NEGRO\/PLATA - Tienda Er\u00f3tica","og_description":"RELENTLESS VIBRATIONS REMOTE CONTROL EGG Redescubre las apasionantes aventuras de Anastasia y Christian Grey con la colecci\u00f3n oficial de placer","og_url":"https:\/\/demoweb.info\/sexshop001\/producto\/relentless-huevo-vibrador-control-remoto-negro-plata\/","og_site_name":"Tienda Er\u00f3tica","article_modified_time":"2022-01-22T10:23:32+00:00","og_image":[{"width":550,"height":550,"url":"https:\/\/demoweb.info\/sexshop001\/wp-content\/uploads\/2022\/01\/RELENTLESS-HUEVO-VIBRADOR-CONTROL-REMOTO-NEGROPLATA.jpg","type":"image\/jpeg"}],"twitter_card":"summary_large_image","twitter_misc":{"Tiempo de lectura":"1 minuto"},"schema":{"@context":"https:\/\/schema.org","@graph":[{"@type":"WebPage","@id":"https:\/\/demoweb.info\/sexshop001\/producto\/relentless-huevo-vibrador-control-remoto-negro-plata\/","url":"https:\/\/demoweb.info\/sexshop001\/producto\/relentless-huevo-vibrador-control-remoto-negro-plata\/","name":"RELENTLESS HUEVO VIBRADOR CONTROL REMOTO - NEGRO\/PLATA - Tienda Er\u00f3tica","isPartOf":{"@id":"https:\/\/demoweb.info\/sexshop001\/#website"},"datePublished":"2022-01-22T10:23:14+00:00","dateModified":"2022-01-22T10:23:32+00:00","breadcrumb":{"@id":"https:\/\/demoweb.info\/sexshop001\/producto\/relentless-huevo-vibrador-control-remoto-negro-plata\/#breadcrumb"},"inLanguage":"es","potentialAction":[{"@type":"ReadAction","target":["https:\/\/demoweb.info\/sexshop001\/producto\/relentless-huevo-vibrador-control-remoto-negro-plata\/"]}]},{"@type":"BreadcrumbList","@id":"https:\/\/demoweb.info\/sexshop001\/producto\/relentless-huevo-vibrador-control-remoto-negro-plata\/#breadcrumb","itemListElement":[{"@type":"ListItem","position":1,"name":"Portada","item":"https:\/\/demoweb.info\/sexshop001\/"},{"@type":"ListItem","position":2,"name":"Tienda","item":"https:\/\/demoweb.info\/sexshop001\/tienda\/"},{"@type":"ListItem","position":3,"name":"RELENTLESS HUEVO VIBRADOR CONTROL REMOTO &#8211; NEGRO\/PLATA"}]},{"@type":"WebSite","@id":"https:\/\/demoweb.info\/sexshop001\/#website","url":"https:\/\/demoweb.info\/sexshop001\/","name":"Tienda Er\u00f3tica","description":"DEMOWEB SL","potentialAction":[{"@type":"SearchAction","target":{"@type":"EntryPoint","urlTemplate":"https:\/\/demoweb.info\/sexshop001\/?s={search_term_string}"},"query-input":"required name=search_term_string"}],"inLanguage":"es"}]}},"_links":{"self":[{"href":"https:\/\/demoweb.info\/sexshop001\/wp-json\/wp\/v3\/product\/22183","targetHints":{"allow":["GET"]}}],"collection":[{"href":"https:\/\/demoweb.info\/sexshop001\/wp-json\/wp\/v3\/product"}],"about":[{"href":"https:\/\/demoweb.info\/sexshop001\/wp-json\/wp\/v2\/types\/product"}],"replies":[{"embeddable":true,"href":"https:\/\/demoweb.info\/sexshop001\/wp-json\/wp\/v2\/comments?post=22183"}],"wp:featuredmedia":[{"embeddable":true,"href":"https:\/\/demoweb.info\/sexshop001\/wp-json\/wp\/v2\/media\/22184"}],"wp:attachment":[{"href":"https:\/\/demoweb.info\/sexshop001\/wp-json\/wp\/v2\/media?parent=22183"}],"wp:term":[{"taxonomy":"product_cat","embeddable":true,"href":"https:\/\/demoweb.info\/sexshop001\/wp-json\/wp\/v2\/product_cat?post=22183"},{"taxonomy":"product_tag","embeddable":true,"href":"https:\/\/demoweb.info\/sexshop001\/wp-json\/wp\/v2\/product_tag?post=22183"}],"curies":[{"name":"wp","href":"https:\/\/api.w.org\/{rel}","templated":true}]}}