{"id":22112,"date":"2022-01-22T11:22:39","date_gmt":"2022-01-22T10:22:39","guid":{"rendered":"https:\/\/demoweb.info\/sexshop001\/producto\/no-peeking-kit-de-2-mascaras-saten-negro-blanco\/"},"modified":"2022-01-22T11:22:55","modified_gmt":"2022-01-22T10:22:55","slug":"no-peeking-kit-de-2-mascaras-saten-negro-blanco","status":"publish","type":"product","link":"https:\/\/demoweb.info\/sexshop001\/producto\/no-peeking-kit-de-2-mascaras-saten-negro-blanco\/","title":{"rendered":"NO PEEKING KIT DE 2 M\u00c1SCARAS SAT\u00c9N &#8211; NEGRO\/BLANCO"},"content":{"rendered":"<p><strong>NO PEEKING SOFT TWIN BLINDFOLD SET<\/strong><\/p>\n<p>Bienvenido a Fifty Shades of Grey, la colecci\u00f3n oficial Pleasure. Una hermosa colecci\u00f3n de lujosos juguetes de placer, suaves piezas de bondage y elementos \u00edntimos esenciales. La \u00fanica gama oficial, creada y aprobada por el autor E L James.<\/p>\n<p><strong>Caracter\u00edsticas principales:<\/strong><\/p>\n<ul>\n<li>Juego de doble venda para la privaci\u00f3n de la vista compartida y una mayor respuesta sensorial.<\/li>\n<li>El material de tacto satinado suave y sedoso es c\u00f3modo para un uso prolongado.<\/li>\n<li>El\u00e1stico el\u00e1stico para un ajuste c\u00f3modo y seguro.<\/li>\n<li>Tambi\u00e9n se puede utilizar como una lujosa m\u00e1scara para dormir.<\/li>\n<li>Medidas: 19,1 x 7,5 x 0,8 cm<\/li>\n<\/ul>\n","protected":false},"excerpt":{"rendered":"<p>NO PEEKING SOFT TWIN BLINDFOLD SET Bienvenido a Fifty Shades of Grey, la colecci\u00f3n oficial Pleasure. Una hermosa colecci\u00f3n de<\/p>\n","protected":false},"featured_media":22113,"comment_status":"open","ping_status":"open","template":"","meta":[],"product_cat":[567],"product_tag":[858],"class_list":["post-22112","product","type-product","status-publish","has-post-thumbnail","hentry","product_cat-clasicas","product_tag-fifty-shades"],"bundled_by":[],"bundle_stock_status":"instock","bundle_stock_quantity":1,"bundle_virtual":false,"bundle_layout":"","bundle_add_to_cart_form_location":"","bundle_editable_in_cart":false,"bundle_sold_individually_context":"","bundle_item_grouping":"","bundle_min_size":"","bundle_max_size":"","bundled_items":[],"yoast_head":"<!-- This site is optimized with the Yoast SEO plugin v20.6 - https:\/\/yoast.com\/wordpress\/plugins\/seo\/ -->\n<title>NO PEEKING KIT DE 2 M\u00c1SCARAS SAT\u00c9N - NEGRO\/BLANCO - Tienda Er\u00f3tica<\/title>\n<meta name=\"robots\" content=\"noindex, follow, max-snippet:-1, max-image-preview:large, max-video-preview:-1\" \/>\n<meta property=\"og:locale\" content=\"es_ES\" \/>\n<meta property=\"og:type\" content=\"article\" \/>\n<meta property=\"og:title\" content=\"NO PEEKING KIT DE 2 M\u00c1SCARAS SAT\u00c9N - NEGRO\/BLANCO - Tienda Er\u00f3tica\" \/>\n<meta property=\"og:description\" content=\"NO PEEKING SOFT TWIN BLINDFOLD SET Bienvenido a Fifty Shades of Grey, la colecci\u00f3n oficial Pleasure. Una hermosa colecci\u00f3n de\" \/>\n<meta property=\"og:url\" content=\"https:\/\/demoweb.info\/sexshop001\/producto\/no-peeking-kit-de-2-mascaras-saten-negro-blanco\/\" \/>\n<meta property=\"og:site_name\" content=\"Tienda Er\u00f3tica\" \/>\n<meta property=\"article:modified_time\" content=\"2022-01-22T10:22:55+00:00\" \/>\n<meta property=\"og:image\" content=\"https:\/\/demoweb.info\/sexshop001\/wp-content\/uploads\/2022\/01\/NO-PEEKING-KIT-DE-2-MASCARAS-SATEN-NEGROBLANCO.jpg\" \/>\n\t<meta property=\"og:image:width\" content=\"550\" \/>\n\t<meta property=\"og:image:height\" content=\"550\" \/>\n\t<meta property=\"og:image:type\" content=\"image\/jpeg\" \/>\n<meta name=\"twitter:card\" content=\"summary_large_image\" \/>\n<meta name=\"twitter:label1\" content=\"Tiempo de lectura\" \/>\n\t<meta name=\"twitter:data1\" content=\"1 minuto\" \/>\n<script type=\"application\/ld+json\" class=\"yoast-schema-graph\">{\"@context\":\"https:\/\/schema.org\",\"@graph\":[{\"@type\":\"WebPage\",\"@id\":\"https:\/\/demoweb.info\/sexshop001\/producto\/no-peeking-kit-de-2-mascaras-saten-negro-blanco\/\",\"url\":\"https:\/\/demoweb.info\/sexshop001\/producto\/no-peeking-kit-de-2-mascaras-saten-negro-blanco\/\",\"name\":\"NO PEEKING KIT DE 2 M\u00c1SCARAS SAT\u00c9N - NEGRO\/BLANCO - Tienda Er\u00f3tica\",\"isPartOf\":{\"@id\":\"https:\/\/demoweb.info\/sexshop001\/#website\"},\"datePublished\":\"2022-01-22T10:22:39+00:00\",\"dateModified\":\"2022-01-22T10:22:55+00:00\",\"breadcrumb\":{\"@id\":\"https:\/\/demoweb.info\/sexshop001\/producto\/no-peeking-kit-de-2-mascaras-saten-negro-blanco\/#breadcrumb\"},\"inLanguage\":\"es\",\"potentialAction\":[{\"@type\":\"ReadAction\",\"target\":[\"https:\/\/demoweb.info\/sexshop001\/producto\/no-peeking-kit-de-2-mascaras-saten-negro-blanco\/\"]}]},{\"@type\":\"BreadcrumbList\",\"@id\":\"https:\/\/demoweb.info\/sexshop001\/producto\/no-peeking-kit-de-2-mascaras-saten-negro-blanco\/#breadcrumb\",\"itemListElement\":[{\"@type\":\"ListItem\",\"position\":1,\"name\":\"Portada\",\"item\":\"https:\/\/demoweb.info\/sexshop001\/\"},{\"@type\":\"ListItem\",\"position\":2,\"name\":\"Tienda\",\"item\":\"https:\/\/demoweb.info\/sexshop001\/tienda\/\"},{\"@type\":\"ListItem\",\"position\":3,\"name\":\"NO PEEKING KIT DE 2 M\u00c1SCARAS SAT\u00c9N &#8211; NEGRO\/BLANCO\"}]},{\"@type\":\"WebSite\",\"@id\":\"https:\/\/demoweb.info\/sexshop001\/#website\",\"url\":\"https:\/\/demoweb.info\/sexshop001\/\",\"name\":\"Tienda Er\u00f3tica\",\"description\":\"DEMOWEB SL\",\"potentialAction\":[{\"@type\":\"SearchAction\",\"target\":{\"@type\":\"EntryPoint\",\"urlTemplate\":\"https:\/\/demoweb.info\/sexshop001\/?s={search_term_string}\"},\"query-input\":\"required name=search_term_string\"}],\"inLanguage\":\"es\"}]}<\/script>\n<!-- \/ Yoast SEO plugin. -->","yoast_head_json":{"title":"NO PEEKING KIT DE 2 M\u00c1SCARAS SAT\u00c9N - NEGRO\/BLANCO - Tienda Er\u00f3tica","robots":{"index":"noindex","follow":"follow","max-snippet":"max-snippet:-1","max-image-preview":"max-image-preview:large","max-video-preview":"max-video-preview:-1"},"og_locale":"es_ES","og_type":"article","og_title":"NO PEEKING KIT DE 2 M\u00c1SCARAS SAT\u00c9N - NEGRO\/BLANCO - Tienda Er\u00f3tica","og_description":"NO PEEKING SOFT TWIN BLINDFOLD SET Bienvenido a Fifty Shades of Grey, la colecci\u00f3n oficial Pleasure. Una hermosa colecci\u00f3n de","og_url":"https:\/\/demoweb.info\/sexshop001\/producto\/no-peeking-kit-de-2-mascaras-saten-negro-blanco\/","og_site_name":"Tienda Er\u00f3tica","article_modified_time":"2022-01-22T10:22:55+00:00","og_image":[{"width":550,"height":550,"url":"https:\/\/demoweb.info\/sexshop001\/wp-content\/uploads\/2022\/01\/NO-PEEKING-KIT-DE-2-MASCARAS-SATEN-NEGROBLANCO.jpg","type":"image\/jpeg"}],"twitter_card":"summary_large_image","twitter_misc":{"Tiempo de lectura":"1 minuto"},"schema":{"@context":"https:\/\/schema.org","@graph":[{"@type":"WebPage","@id":"https:\/\/demoweb.info\/sexshop001\/producto\/no-peeking-kit-de-2-mascaras-saten-negro-blanco\/","url":"https:\/\/demoweb.info\/sexshop001\/producto\/no-peeking-kit-de-2-mascaras-saten-negro-blanco\/","name":"NO PEEKING KIT DE 2 M\u00c1SCARAS SAT\u00c9N - NEGRO\/BLANCO - Tienda Er\u00f3tica","isPartOf":{"@id":"https:\/\/demoweb.info\/sexshop001\/#website"},"datePublished":"2022-01-22T10:22:39+00:00","dateModified":"2022-01-22T10:22:55+00:00","breadcrumb":{"@id":"https:\/\/demoweb.info\/sexshop001\/producto\/no-peeking-kit-de-2-mascaras-saten-negro-blanco\/#breadcrumb"},"inLanguage":"es","potentialAction":[{"@type":"ReadAction","target":["https:\/\/demoweb.info\/sexshop001\/producto\/no-peeking-kit-de-2-mascaras-saten-negro-blanco\/"]}]},{"@type":"BreadcrumbList","@id":"https:\/\/demoweb.info\/sexshop001\/producto\/no-peeking-kit-de-2-mascaras-saten-negro-blanco\/#breadcrumb","itemListElement":[{"@type":"ListItem","position":1,"name":"Portada","item":"https:\/\/demoweb.info\/sexshop001\/"},{"@type":"ListItem","position":2,"name":"Tienda","item":"https:\/\/demoweb.info\/sexshop001\/tienda\/"},{"@type":"ListItem","position":3,"name":"NO PEEKING KIT DE 2 M\u00c1SCARAS SAT\u00c9N &#8211; NEGRO\/BLANCO"}]},{"@type":"WebSite","@id":"https:\/\/demoweb.info\/sexshop001\/#website","url":"https:\/\/demoweb.info\/sexshop001\/","name":"Tienda Er\u00f3tica","description":"DEMOWEB SL","potentialAction":[{"@type":"SearchAction","target":{"@type":"EntryPoint","urlTemplate":"https:\/\/demoweb.info\/sexshop001\/?s={search_term_string}"},"query-input":"required name=search_term_string"}],"inLanguage":"es"}]}},"_links":{"self":[{"href":"https:\/\/demoweb.info\/sexshop001\/wp-json\/wp\/v3\/product\/22112","targetHints":{"allow":["GET"]}}],"collection":[{"href":"https:\/\/demoweb.info\/sexshop001\/wp-json\/wp\/v3\/product"}],"about":[{"href":"https:\/\/demoweb.info\/sexshop001\/wp-json\/wp\/v2\/types\/product"}],"replies":[{"embeddable":true,"href":"https:\/\/demoweb.info\/sexshop001\/wp-json\/wp\/v2\/comments?post=22112"}],"wp:featuredmedia":[{"embeddable":true,"href":"https:\/\/demoweb.info\/sexshop001\/wp-json\/wp\/v2\/media\/22113"}],"wp:attachment":[{"href":"https:\/\/demoweb.info\/sexshop001\/wp-json\/wp\/v2\/media?parent=22112"}],"wp:term":[{"taxonomy":"product_cat","embeddable":true,"href":"https:\/\/demoweb.info\/sexshop001\/wp-json\/wp\/v2\/product_cat?post=22112"},{"taxonomy":"product_tag","embeddable":true,"href":"https:\/\/demoweb.info\/sexshop001\/wp-json\/wp\/v2\/product_tag?post=22112"}],"curies":[{"name":"wp","href":"https:\/\/api.w.org\/{rel}","templated":true}]}}