{"id":22082,"date":"2022-01-22T11:22:39","date_gmt":"2022-01-22T10:22:39","guid":{"rendered":"https:\/\/demoweb.info\/sexshop001\/producto\/yours-and-mine-anillo-love-vibrador-negro\/"},"modified":"2022-01-22T11:22:42","modified_gmt":"2022-01-22T10:22:42","slug":"yours-and-mine-anillo-love-vibrador-negro","status":"publish","type":"product","link":"https:\/\/demoweb.info\/sexshop001\/producto\/yours-and-mine-anillo-love-vibrador-negro\/","title":{"rendered":"YOURS AND MINE ANILLO LOVE VIBRADOR &#8211; NEGRO"},"content":{"rendered":"<p><strong>YOURS AND MINE VIBRATING LOVE RING<\/strong><\/p>\n<p>Bienvenido a Fifty Shades of Grey, la colecci\u00f3n oficial Pleasure. Una hermosa colecci\u00f3n de lujosos juguetes de placer, suaves piezas de bondage y elementos \u00edntimos esenciales. La \u00fanica gama oficial, creada y aprobada por el autor E L James.<\/p>\n<p><strong>Caracter\u00edsticas principales:<\/strong><\/p>\n<ul>\n<li>Anillo vibrador de silicona para el pene para compartir placer durante el sexo.<\/li>\n<li>Potentes vibraciones de una sola velocidad.<\/li>\n<li>La silicona s\u00faper el\u00e1stica restringe el flujo sangu\u00edneo para lograr una erecci\u00f3n m\u00e1s dura y retrasar la eyaculaci\u00f3n.<\/li>\n<li>100% resistente al agua.<\/li>\n<li>Funciona con 2 bater\u00edas LR41 reemplazables.<\/li>\n<li>Medidas: 6,1 x 4 x 1,9 cm<\/li>\n<\/ul>\n","protected":false},"excerpt":{"rendered":"<p>YOURS AND MINE VIBRATING LOVE RING Bienvenido a Fifty Shades of Grey, la colecci\u00f3n oficial Pleasure. Una hermosa colecci\u00f3n de<\/p>\n","protected":false},"featured_media":22083,"comment_status":"open","ping_status":"open","template":"","meta":[],"product_cat":[438],"product_tag":[858],"class_list":["post-22082","product","type-product","status-publish","has-post-thumbnail","hentry","product_cat-con-vibrador-anillos","product_tag-fifty-shades"],"bundled_by":[],"bundle_stock_status":"instock","bundle_stock_quantity":2,"bundle_virtual":false,"bundle_layout":"","bundle_add_to_cart_form_location":"","bundle_editable_in_cart":false,"bundle_sold_individually_context":"","bundle_item_grouping":"","bundle_min_size":"","bundle_max_size":"","bundled_items":[],"yoast_head":"<!-- This site is optimized with the Yoast SEO plugin v20.6 - https:\/\/yoast.com\/wordpress\/plugins\/seo\/ -->\n<title>YOURS AND MINE ANILLO LOVE VIBRADOR - NEGRO - Tienda Er\u00f3tica<\/title>\n<meta name=\"robots\" content=\"noindex, follow, max-snippet:-1, max-image-preview:large, max-video-preview:-1\" \/>\n<meta property=\"og:locale\" content=\"es_ES\" \/>\n<meta property=\"og:type\" content=\"article\" \/>\n<meta property=\"og:title\" content=\"YOURS AND MINE ANILLO LOVE VIBRADOR - NEGRO - Tienda Er\u00f3tica\" \/>\n<meta property=\"og:description\" content=\"YOURS AND MINE VIBRATING LOVE RING Bienvenido a Fifty Shades of Grey, la colecci\u00f3n oficial Pleasure. Una hermosa colecci\u00f3n de\" \/>\n<meta property=\"og:url\" content=\"https:\/\/demoweb.info\/sexshop001\/producto\/yours-and-mine-anillo-love-vibrador-negro\/\" \/>\n<meta property=\"og:site_name\" content=\"Tienda Er\u00f3tica\" \/>\n<meta property=\"article:modified_time\" content=\"2022-01-22T10:22:42+00:00\" \/>\n<meta property=\"og:image\" content=\"https:\/\/demoweb.info\/sexshop001\/wp-content\/uploads\/2022\/01\/YOURS-AND-MINE-ANILLO-LOVE-VIBRADOR-NEGRO.jpg\" \/>\n\t<meta property=\"og:image:width\" content=\"550\" \/>\n\t<meta property=\"og:image:height\" content=\"550\" \/>\n\t<meta property=\"og:image:type\" content=\"image\/jpeg\" \/>\n<meta name=\"twitter:card\" content=\"summary_large_image\" \/>\n<meta name=\"twitter:label1\" content=\"Tiempo de lectura\" \/>\n\t<meta name=\"twitter:data1\" content=\"1 minuto\" \/>\n<script type=\"application\/ld+json\" class=\"yoast-schema-graph\">{\"@context\":\"https:\/\/schema.org\",\"@graph\":[{\"@type\":\"WebPage\",\"@id\":\"https:\/\/demoweb.info\/sexshop001\/producto\/yours-and-mine-anillo-love-vibrador-negro\/\",\"url\":\"https:\/\/demoweb.info\/sexshop001\/producto\/yours-and-mine-anillo-love-vibrador-negro\/\",\"name\":\"YOURS AND MINE ANILLO LOVE VIBRADOR - NEGRO - Tienda Er\u00f3tica\",\"isPartOf\":{\"@id\":\"https:\/\/demoweb.info\/sexshop001\/#website\"},\"datePublished\":\"2022-01-22T10:22:39+00:00\",\"dateModified\":\"2022-01-22T10:22:42+00:00\",\"breadcrumb\":{\"@id\":\"https:\/\/demoweb.info\/sexshop001\/producto\/yours-and-mine-anillo-love-vibrador-negro\/#breadcrumb\"},\"inLanguage\":\"es\",\"potentialAction\":[{\"@type\":\"ReadAction\",\"target\":[\"https:\/\/demoweb.info\/sexshop001\/producto\/yours-and-mine-anillo-love-vibrador-negro\/\"]}]},{\"@type\":\"BreadcrumbList\",\"@id\":\"https:\/\/demoweb.info\/sexshop001\/producto\/yours-and-mine-anillo-love-vibrador-negro\/#breadcrumb\",\"itemListElement\":[{\"@type\":\"ListItem\",\"position\":1,\"name\":\"Portada\",\"item\":\"https:\/\/demoweb.info\/sexshop001\/\"},{\"@type\":\"ListItem\",\"position\":2,\"name\":\"Tienda\",\"item\":\"https:\/\/demoweb.info\/sexshop001\/tienda\/\"},{\"@type\":\"ListItem\",\"position\":3,\"name\":\"YOURS AND MINE ANILLO LOVE VIBRADOR &#8211; NEGRO\"}]},{\"@type\":\"WebSite\",\"@id\":\"https:\/\/demoweb.info\/sexshop001\/#website\",\"url\":\"https:\/\/demoweb.info\/sexshop001\/\",\"name\":\"Tienda Er\u00f3tica\",\"description\":\"DEMOWEB SL\",\"potentialAction\":[{\"@type\":\"SearchAction\",\"target\":{\"@type\":\"EntryPoint\",\"urlTemplate\":\"https:\/\/demoweb.info\/sexshop001\/?s={search_term_string}\"},\"query-input\":\"required name=search_term_string\"}],\"inLanguage\":\"es\"}]}<\/script>\n<!-- \/ Yoast SEO plugin. -->","yoast_head_json":{"title":"YOURS AND MINE ANILLO LOVE VIBRADOR - NEGRO - Tienda Er\u00f3tica","robots":{"index":"noindex","follow":"follow","max-snippet":"max-snippet:-1","max-image-preview":"max-image-preview:large","max-video-preview":"max-video-preview:-1"},"og_locale":"es_ES","og_type":"article","og_title":"YOURS AND MINE ANILLO LOVE VIBRADOR - NEGRO - Tienda Er\u00f3tica","og_description":"YOURS AND MINE VIBRATING LOVE RING Bienvenido a Fifty Shades of Grey, la colecci\u00f3n oficial Pleasure. Una hermosa colecci\u00f3n de","og_url":"https:\/\/demoweb.info\/sexshop001\/producto\/yours-and-mine-anillo-love-vibrador-negro\/","og_site_name":"Tienda Er\u00f3tica","article_modified_time":"2022-01-22T10:22:42+00:00","og_image":[{"width":550,"height":550,"url":"https:\/\/demoweb.info\/sexshop001\/wp-content\/uploads\/2022\/01\/YOURS-AND-MINE-ANILLO-LOVE-VIBRADOR-NEGRO.jpg","type":"image\/jpeg"}],"twitter_card":"summary_large_image","twitter_misc":{"Tiempo de lectura":"1 minuto"},"schema":{"@context":"https:\/\/schema.org","@graph":[{"@type":"WebPage","@id":"https:\/\/demoweb.info\/sexshop001\/producto\/yours-and-mine-anillo-love-vibrador-negro\/","url":"https:\/\/demoweb.info\/sexshop001\/producto\/yours-and-mine-anillo-love-vibrador-negro\/","name":"YOURS AND MINE ANILLO LOVE VIBRADOR - NEGRO - Tienda Er\u00f3tica","isPartOf":{"@id":"https:\/\/demoweb.info\/sexshop001\/#website"},"datePublished":"2022-01-22T10:22:39+00:00","dateModified":"2022-01-22T10:22:42+00:00","breadcrumb":{"@id":"https:\/\/demoweb.info\/sexshop001\/producto\/yours-and-mine-anillo-love-vibrador-negro\/#breadcrumb"},"inLanguage":"es","potentialAction":[{"@type":"ReadAction","target":["https:\/\/demoweb.info\/sexshop001\/producto\/yours-and-mine-anillo-love-vibrador-negro\/"]}]},{"@type":"BreadcrumbList","@id":"https:\/\/demoweb.info\/sexshop001\/producto\/yours-and-mine-anillo-love-vibrador-negro\/#breadcrumb","itemListElement":[{"@type":"ListItem","position":1,"name":"Portada","item":"https:\/\/demoweb.info\/sexshop001\/"},{"@type":"ListItem","position":2,"name":"Tienda","item":"https:\/\/demoweb.info\/sexshop001\/tienda\/"},{"@type":"ListItem","position":3,"name":"YOURS AND MINE ANILLO LOVE VIBRADOR &#8211; NEGRO"}]},{"@type":"WebSite","@id":"https:\/\/demoweb.info\/sexshop001\/#website","url":"https:\/\/demoweb.info\/sexshop001\/","name":"Tienda Er\u00f3tica","description":"DEMOWEB SL","potentialAction":[{"@type":"SearchAction","target":{"@type":"EntryPoint","urlTemplate":"https:\/\/demoweb.info\/sexshop001\/?s={search_term_string}"},"query-input":"required name=search_term_string"}],"inLanguage":"es"}]}},"_links":{"self":[{"href":"https:\/\/demoweb.info\/sexshop001\/wp-json\/wp\/v3\/product\/22082","targetHints":{"allow":["GET"]}}],"collection":[{"href":"https:\/\/demoweb.info\/sexshop001\/wp-json\/wp\/v3\/product"}],"about":[{"href":"https:\/\/demoweb.info\/sexshop001\/wp-json\/wp\/v2\/types\/product"}],"replies":[{"embeddable":true,"href":"https:\/\/demoweb.info\/sexshop001\/wp-json\/wp\/v2\/comments?post=22082"}],"wp:featuredmedia":[{"embeddable":true,"href":"https:\/\/demoweb.info\/sexshop001\/wp-json\/wp\/v2\/media\/22083"}],"wp:attachment":[{"href":"https:\/\/demoweb.info\/sexshop001\/wp-json\/wp\/v2\/media?parent=22082"}],"wp:term":[{"taxonomy":"product_cat","embeddable":true,"href":"https:\/\/demoweb.info\/sexshop001\/wp-json\/wp\/v2\/product_cat?post=22082"},{"taxonomy":"product_tag","embeddable":true,"href":"https:\/\/demoweb.info\/sexshop001\/wp-json\/wp\/v2\/product_tag?post=22082"}],"curies":[{"name":"wp","href":"https:\/\/api.w.org\/{rel}","templated":true}]}}