{"id":22017,"date":"2022-01-22T11:21:45","date_gmt":"2022-01-22T10:21:45","guid":{"rendered":"https:\/\/demoweb.info\/sexshop001\/producto\/satisfyer-mono-flex-rojo-con-app\/"},"modified":"2022-01-22T11:22:06","modified_gmt":"2022-01-22T10:22:06","slug":"satisfyer-mono-flex-rojo-con-app","status":"publish","type":"product","link":"https:\/\/demoweb.info\/sexshop001\/producto\/satisfyer-mono-flex-rojo-con-app\/","title":{"rendered":"SATISFYER MONO FLEX ROJO CON APP"},"content":{"rendered":"<p><strong>SATISFYER MONO FLEX RED WITH APP<\/strong><\/p>\n<p>UNA APLICACI\u00d3N, UN SINF\u00cdN DE DESTACADOS<br \/>\nNo debe perderse esto: \u00a1la nueva aplicaci\u00f3n Satisfyer Connect le ofrece oportunidades \u00fanicas! Es compatible con cualquier tel\u00e9fono inteligente, tableta Android o Apple y Apple Watch. Y lo mejor de todo: es gratis para usted y le esperan funciones nuevas y emocionantes cada mes. No es de extra\u00f1ar que la aplicaci\u00f3n Satisfyer Connect haya sido honrada en la feria de electr\u00f3nica de consumo m\u00e1s grande del mundo CES en Las Vegas.<\/p>\n<p>FUNCIONES SENSACIONALES EN NUESTRA APLICACI\u00d3N SENSACIONAL<br \/>\nSeguridad de datos 100% de seguridad de datos<br \/>\nLa aplicaci\u00f3n cumple con todos los requisitos estrictos de protecci\u00f3n de datos alemana. Adem\u00e1s, no es necesario registrarse! Satisfyer Connect no recopila ning\u00fan dato o comportamiento de uso. Por lo tanto, sus datos son 100% seguros en todo momento.<\/p>\n<p>Control remoto Control remoto<br \/>\nUtilice su tel\u00e9fono m\u00f3vil o Apple Watch a trav\u00e9s de Bluetooth o Internet como control remoto para todos sus \/ su Satisfyer o Satisfyer de los dem\u00e1s (por supuesto, solo y si lo solicitan ambas partes). \u00a1O controle la satisfacci\u00f3n de otros usuarios en vivo en chats de video!<\/p>\n<p>Dise\u00f1ador de vibraciones vibraciones<br \/>\nDise\u00f1e sus propias vibraciones y comp\u00e1rtalas con otros usuarios de todo el mundo si lo desea.<\/p>\n<p>Vibraci\u00f3n ambiental Vibraci\u00f3n ambiental<br \/>\nUse el micr\u00f3fono de su tel\u00e9fono m\u00f3vil para transformar el ruido ambiental en vibraciones.<\/p>\n<p>Vibraci\u00f3n de lista de reproducci\u00f3n Lista de reproducci\u00f3n de vibraciones<br \/>\nExperimenta las vibraciones al ritmo de tu lista de reproducci\u00f3n en Spotify u otros servicios de transmisi\u00f3n.<\/p>\n<p>VEN CON BLUETOOTH! THE R-LOVE-UTION DE SATISFYER APP-TOYS<br \/>\n\u00a1Forma parte de R-Love-ution y descarga la aplicaci\u00f3n gratuita Satisfyer Connect en tu tel\u00e9fono inteligente! Experimente aventuras divertidas: control remoto y funciones exclusivas como programaci\u00f3n h\u00e1ptica, programas de vibraci\u00f3n infinitamente ajustables individualmente, detecci\u00f3n de movimiento o incluso la interacci\u00f3n de varios juguetes conectados: \u00a1pru\u00e9belo y espere nuevas funciones geniales cada mes! \u00a1Simplemente descargue la aplicaci\u00f3n gratuita para Android o Apple iOs y la aplicaci\u00f3n est\u00e1 lista!<\/p>\n<p>Satisfyer present\u00f3 su nueva aplicaci\u00f3n revolucionaria en la feria de electr\u00f3nica de consumo m\u00e1s grande del mundo en Las Vegas &#39;CES&#39;:<\/p>\n<p>SATISFYER CONNECT<br \/>\nDebido a la interacci\u00f3n exitosa del bienestar sexual y la tecnolog\u00eda, la aplicaci\u00f3n Satisfyer Connect gan\u00f3 el premio CES TWICE Picks, reconocido mundialmente. El jurado del CES elogi\u00f3 especialmente la programaci\u00f3n h\u00e1ptica, la detecci\u00f3n de movimiento y la posibilidad de crear nuevos programas de vibraci\u00f3n.<\/p>\n<p>El CES TWICE Picks Award solo se otorga a los mejores bienes de consumo del mundo.<\/p>\n<p>El Mono Flex es un vibrador de alta flexibilidad que se adapta f\u00e1cilmente a la anatom\u00eda y curvas sensuales \u00fanicas de una mujer.<\/p>\n<p>Dotado de dos potentes motores independientes ubicados dentro del eje de silicona seguro para todo el cuerpo m\u00e1s una punta flexible, este es el producto perfecto para aquellos que anhelan experimentar el \u00e9xtasis del orgasmo combinado.<\/p>\n<p>El placer discreto nunca ha sido m\u00e1s f\u00e1cil que con el Mono Flex con sus vibraciones silenciosas.<\/p>\n<p>Dentro o fuera de la ducha, este ambiente a prueba de agua ser\u00e1 un refugio seguro de placer sin pretensiones para saborear esos momentos sensuales solo o como una herramienta perfecta para tu pareja.<\/p>\n<p>Tama\u00f1o: 204x44x58,3mm<br \/>\nPeso: 185g<br \/>\nBater\u00eda: bater\u00eda de pol\u00edmero de litio<br \/>\nMaterial: ABS, Silicona.<\/p>\n<p><!--EndFragment--><\/p>\n","protected":false},"excerpt":{"rendered":"<p>SATISFYER MONO FLEX RED WITH APP UNA APLICACI\u00d3N, UN SINF\u00cdN DE DESTACADOS No debe perderse esto: \u00a1la nueva aplicaci\u00f3n Satisfyer<\/p>\n","protected":false},"featured_media":22018,"comment_status":"open","ping_status":"open","template":"","meta":[],"product_cat":[434],"product_tag":[819,442],"class_list":["post-22017","product","type-product","status-publish","has-post-thumbnail","hentry","product_cat-doble-estimulacion-vibradores-juguetes-xxx","product_tag-connect","product_tag-satisfyer"],"bundled_by":[],"bundle_stock_status":"outofstock","bundle_stock_quantity":0,"bundle_virtual":false,"bundle_layout":"","bundle_add_to_cart_form_location":"","bundle_editable_in_cart":false,"bundle_sold_individually_context":"","bundle_item_grouping":"","bundle_min_size":"","bundle_max_size":"","bundled_items":[],"yoast_head":"<!-- This site is optimized with the Yoast SEO plugin v20.6 - https:\/\/yoast.com\/wordpress\/plugins\/seo\/ -->\n<title>SATISFYER MONO FLEX ROJO CON APP - Tienda Er\u00f3tica<\/title>\n<meta name=\"robots\" content=\"noindex, follow, max-snippet:-1, max-image-preview:large, max-video-preview:-1\" \/>\n<meta property=\"og:locale\" content=\"es_ES\" \/>\n<meta property=\"og:type\" content=\"article\" \/>\n<meta property=\"og:title\" content=\"SATISFYER MONO FLEX ROJO CON APP - Tienda Er\u00f3tica\" \/>\n<meta property=\"og:description\" content=\"SATISFYER MONO FLEX RED WITH APP UNA APLICACI\u00d3N, UN SINF\u00cdN DE DESTACADOS No debe perderse esto: \u00a1la nueva aplicaci\u00f3n Satisfyer\" \/>\n<meta property=\"og:url\" content=\"https:\/\/demoweb.info\/sexshop001\/producto\/satisfyer-mono-flex-rojo-con-app\/\" \/>\n<meta property=\"og:site_name\" content=\"Tienda Er\u00f3tica\" \/>\n<meta property=\"article:modified_time\" content=\"2022-01-22T10:22:06+00:00\" \/>\n<meta property=\"og:image\" content=\"https:\/\/demoweb.info\/sexshop001\/wp-content\/uploads\/2022\/01\/SATISFYER-MONO-FLEX-ROJO-CON-APP.jpg\" \/>\n\t<meta property=\"og:image:width\" content=\"550\" \/>\n\t<meta property=\"og:image:height\" content=\"550\" \/>\n\t<meta property=\"og:image:type\" content=\"image\/jpeg\" \/>\n<meta name=\"twitter:card\" content=\"summary_large_image\" \/>\n<meta name=\"twitter:label1\" content=\"Tiempo de lectura\" \/>\n\t<meta name=\"twitter:data1\" content=\"3 minutos\" \/>\n<script type=\"application\/ld+json\" class=\"yoast-schema-graph\">{\"@context\":\"https:\/\/schema.org\",\"@graph\":[{\"@type\":\"WebPage\",\"@id\":\"https:\/\/demoweb.info\/sexshop001\/producto\/satisfyer-mono-flex-rojo-con-app\/\",\"url\":\"https:\/\/demoweb.info\/sexshop001\/producto\/satisfyer-mono-flex-rojo-con-app\/\",\"name\":\"SATISFYER MONO FLEX ROJO CON APP - Tienda Er\u00f3tica\",\"isPartOf\":{\"@id\":\"https:\/\/demoweb.info\/sexshop001\/#website\"},\"datePublished\":\"2022-01-22T10:21:45+00:00\",\"dateModified\":\"2022-01-22T10:22:06+00:00\",\"breadcrumb\":{\"@id\":\"https:\/\/demoweb.info\/sexshop001\/producto\/satisfyer-mono-flex-rojo-con-app\/#breadcrumb\"},\"inLanguage\":\"es\",\"potentialAction\":[{\"@type\":\"ReadAction\",\"target\":[\"https:\/\/demoweb.info\/sexshop001\/producto\/satisfyer-mono-flex-rojo-con-app\/\"]}]},{\"@type\":\"BreadcrumbList\",\"@id\":\"https:\/\/demoweb.info\/sexshop001\/producto\/satisfyer-mono-flex-rojo-con-app\/#breadcrumb\",\"itemListElement\":[{\"@type\":\"ListItem\",\"position\":1,\"name\":\"Portada\",\"item\":\"https:\/\/demoweb.info\/sexshop001\/\"},{\"@type\":\"ListItem\",\"position\":2,\"name\":\"Tienda\",\"item\":\"https:\/\/demoweb.info\/sexshop001\/tienda\/\"},{\"@type\":\"ListItem\",\"position\":3,\"name\":\"SATISFYER MONO FLEX ROJO CON APP\"}]},{\"@type\":\"WebSite\",\"@id\":\"https:\/\/demoweb.info\/sexshop001\/#website\",\"url\":\"https:\/\/demoweb.info\/sexshop001\/\",\"name\":\"Tienda Er\u00f3tica\",\"description\":\"DEMOWEB SL\",\"potentialAction\":[{\"@type\":\"SearchAction\",\"target\":{\"@type\":\"EntryPoint\",\"urlTemplate\":\"https:\/\/demoweb.info\/sexshop001\/?s={search_term_string}\"},\"query-input\":\"required name=search_term_string\"}],\"inLanguage\":\"es\"}]}<\/script>\n<!-- \/ Yoast SEO plugin. -->","yoast_head_json":{"title":"SATISFYER MONO FLEX ROJO CON APP - Tienda Er\u00f3tica","robots":{"index":"noindex","follow":"follow","max-snippet":"max-snippet:-1","max-image-preview":"max-image-preview:large","max-video-preview":"max-video-preview:-1"},"og_locale":"es_ES","og_type":"article","og_title":"SATISFYER MONO FLEX ROJO CON APP - Tienda Er\u00f3tica","og_description":"SATISFYER MONO FLEX RED WITH APP UNA APLICACI\u00d3N, UN SINF\u00cdN DE DESTACADOS No debe perderse esto: \u00a1la nueva aplicaci\u00f3n Satisfyer","og_url":"https:\/\/demoweb.info\/sexshop001\/producto\/satisfyer-mono-flex-rojo-con-app\/","og_site_name":"Tienda Er\u00f3tica","article_modified_time":"2022-01-22T10:22:06+00:00","og_image":[{"width":550,"height":550,"url":"https:\/\/demoweb.info\/sexshop001\/wp-content\/uploads\/2022\/01\/SATISFYER-MONO-FLEX-ROJO-CON-APP.jpg","type":"image\/jpeg"}],"twitter_card":"summary_large_image","twitter_misc":{"Tiempo de lectura":"3 minutos"},"schema":{"@context":"https:\/\/schema.org","@graph":[{"@type":"WebPage","@id":"https:\/\/demoweb.info\/sexshop001\/producto\/satisfyer-mono-flex-rojo-con-app\/","url":"https:\/\/demoweb.info\/sexshop001\/producto\/satisfyer-mono-flex-rojo-con-app\/","name":"SATISFYER MONO FLEX ROJO CON APP - Tienda Er\u00f3tica","isPartOf":{"@id":"https:\/\/demoweb.info\/sexshop001\/#website"},"datePublished":"2022-01-22T10:21:45+00:00","dateModified":"2022-01-22T10:22:06+00:00","breadcrumb":{"@id":"https:\/\/demoweb.info\/sexshop001\/producto\/satisfyer-mono-flex-rojo-con-app\/#breadcrumb"},"inLanguage":"es","potentialAction":[{"@type":"ReadAction","target":["https:\/\/demoweb.info\/sexshop001\/producto\/satisfyer-mono-flex-rojo-con-app\/"]}]},{"@type":"BreadcrumbList","@id":"https:\/\/demoweb.info\/sexshop001\/producto\/satisfyer-mono-flex-rojo-con-app\/#breadcrumb","itemListElement":[{"@type":"ListItem","position":1,"name":"Portada","item":"https:\/\/demoweb.info\/sexshop001\/"},{"@type":"ListItem","position":2,"name":"Tienda","item":"https:\/\/demoweb.info\/sexshop001\/tienda\/"},{"@type":"ListItem","position":3,"name":"SATISFYER MONO FLEX ROJO CON APP"}]},{"@type":"WebSite","@id":"https:\/\/demoweb.info\/sexshop001\/#website","url":"https:\/\/demoweb.info\/sexshop001\/","name":"Tienda Er\u00f3tica","description":"DEMOWEB SL","potentialAction":[{"@type":"SearchAction","target":{"@type":"EntryPoint","urlTemplate":"https:\/\/demoweb.info\/sexshop001\/?s={search_term_string}"},"query-input":"required name=search_term_string"}],"inLanguage":"es"}]}},"_links":{"self":[{"href":"https:\/\/demoweb.info\/sexshop001\/wp-json\/wp\/v3\/product\/22017","targetHints":{"allow":["GET"]}}],"collection":[{"href":"https:\/\/demoweb.info\/sexshop001\/wp-json\/wp\/v3\/product"}],"about":[{"href":"https:\/\/demoweb.info\/sexshop001\/wp-json\/wp\/v2\/types\/product"}],"replies":[{"embeddable":true,"href":"https:\/\/demoweb.info\/sexshop001\/wp-json\/wp\/v2\/comments?post=22017"}],"wp:featuredmedia":[{"embeddable":true,"href":"https:\/\/demoweb.info\/sexshop001\/wp-json\/wp\/v2\/media\/22018"}],"wp:attachment":[{"href":"https:\/\/demoweb.info\/sexshop001\/wp-json\/wp\/v2\/media?parent=22017"}],"wp:term":[{"taxonomy":"product_cat","embeddable":true,"href":"https:\/\/demoweb.info\/sexshop001\/wp-json\/wp\/v2\/product_cat?post=22017"},{"taxonomy":"product_tag","embeddable":true,"href":"https:\/\/demoweb.info\/sexshop001\/wp-json\/wp\/v2\/product_tag?post=22017"}],"curies":[{"name":"wp","href":"https:\/\/api.w.org\/{rel}","templated":true}]}}