{"id":22008,"date":"2022-01-22T11:21:45","date_gmt":"2022-01-22T10:21:45","guid":{"rendered":"https:\/\/demoweb.info\/sexshop001\/producto\/pila-lr20-panasonic-alcalina\/"},"modified":"2022-01-22T11:22:02","modified_gmt":"2022-01-22T10:22:02","slug":"pila-lr20-panasonic-alcalina","status":"publish","type":"product","link":"https:\/\/demoweb.info\/sexshop001\/producto\/pila-lr20-panasonic-alcalina\/","title":{"rendered":"PILA LR20 PANASONIC ALCALINA"},"content":{"rendered":"<p>Panasonic Alkaline Power Mono<br \/>\nLR20APB \/ 2BP<\/p>\n<p>. La bater\u00eda alcalina de Panasonic es una soluci\u00f3n econ\u00f3mica para dispositivos cotidianos con bajo consumo de energ\u00eda .<br \/>\n. Rango alcalino est\u00e1ndar: entrega energ\u00eda confiable.<br \/>\n. Excelente relaci\u00f3n precio-rendimiento.<br \/>\n. Perforaci\u00f3n para una f\u00e1cil apertura.<\/p>\n<p>Especificaciones:<\/p>\n<p>Tama\u00f1o de la celda:D<br \/>\nSistema: AlMn<br \/>\nTensi\u00f3n: 1.5 voltios<br \/>\nVPE: Bl\u00edster (2)<br \/>\nAltura (neta): ,61,5 mm<br \/>\nDi\u00e1metro (neto): 33,6 mm<br \/>\nPeso neto: 273 g<br \/>\nPeso bruto: 280,2 g<br \/>\nDesignaci\u00f3n IEC: LR20<\/p>\n","protected":false},"excerpt":{"rendered":"<p>Panasonic Alkaline Power Mono LR20APB \/ 2BP . La bater\u00eda alcalina de Panasonic es una soluci\u00f3n econ\u00f3mica para dispositivos cotidianos<\/p>\n","protected":false},"featured_media":22009,"comment_status":"open","ping_status":"open","template":"","meta":[],"product_cat":[929],"product_tag":[1031],"class_list":["post-22008","product","type-product","status-publish","has-post-thumbnail","hentry","product_cat-pilas-y-cargadores-electricidad","product_tag-panasonic"],"bundled_by":[],"bundle_stock_status":"instock","bundle_stock_quantity":18,"bundle_virtual":false,"bundle_layout":"","bundle_add_to_cart_form_location":"","bundle_editable_in_cart":false,"bundle_sold_individually_context":"","bundle_item_grouping":"","bundle_min_size":"","bundle_max_size":"","bundled_items":[],"yoast_head":"<!-- This site is optimized with the Yoast SEO plugin v20.6 - https:\/\/yoast.com\/wordpress\/plugins\/seo\/ -->\n<title>PILA LR20 PANASONIC ALCALINA - Tienda Er\u00f3tica<\/title>\n<meta name=\"robots\" content=\"noindex, follow, max-snippet:-1, max-image-preview:large, max-video-preview:-1\" \/>\n<meta property=\"og:locale\" content=\"es_ES\" \/>\n<meta property=\"og:type\" content=\"article\" \/>\n<meta property=\"og:title\" content=\"PILA LR20 PANASONIC ALCALINA - Tienda Er\u00f3tica\" \/>\n<meta property=\"og:description\" content=\"Panasonic Alkaline Power Mono LR20APB \/ 2BP . La bater\u00eda alcalina de Panasonic es una soluci\u00f3n econ\u00f3mica para dispositivos cotidianos\" \/>\n<meta property=\"og:url\" content=\"https:\/\/demoweb.info\/sexshop001\/producto\/pila-lr20-panasonic-alcalina\/\" \/>\n<meta property=\"og:site_name\" content=\"Tienda Er\u00f3tica\" \/>\n<meta property=\"article:modified_time\" content=\"2022-01-22T10:22:02+00:00\" \/>\n<meta property=\"og:image\" content=\"https:\/\/demoweb.info\/sexshop001\/wp-content\/uploads\/2022\/01\/PILA-LR20-PANASONIC-ALCALINA.jpg\" \/>\n\t<meta property=\"og:image:width\" content=\"550\" \/>\n\t<meta property=\"og:image:height\" content=\"550\" \/>\n\t<meta property=\"og:image:type\" content=\"image\/jpeg\" \/>\n<meta name=\"twitter:card\" content=\"summary_large_image\" \/>\n<script type=\"application\/ld+json\" class=\"yoast-schema-graph\">{\"@context\":\"https:\/\/schema.org\",\"@graph\":[{\"@type\":\"WebPage\",\"@id\":\"https:\/\/demoweb.info\/sexshop001\/producto\/pila-lr20-panasonic-alcalina\/\",\"url\":\"https:\/\/demoweb.info\/sexshop001\/producto\/pila-lr20-panasonic-alcalina\/\",\"name\":\"PILA LR20 PANASONIC ALCALINA - Tienda Er\u00f3tica\",\"isPartOf\":{\"@id\":\"https:\/\/demoweb.info\/sexshop001\/#website\"},\"datePublished\":\"2022-01-22T10:21:45+00:00\",\"dateModified\":\"2022-01-22T10:22:02+00:00\",\"breadcrumb\":{\"@id\":\"https:\/\/demoweb.info\/sexshop001\/producto\/pila-lr20-panasonic-alcalina\/#breadcrumb\"},\"inLanguage\":\"es\",\"potentialAction\":[{\"@type\":\"ReadAction\",\"target\":[\"https:\/\/demoweb.info\/sexshop001\/producto\/pila-lr20-panasonic-alcalina\/\"]}]},{\"@type\":\"BreadcrumbList\",\"@id\":\"https:\/\/demoweb.info\/sexshop001\/producto\/pila-lr20-panasonic-alcalina\/#breadcrumb\",\"itemListElement\":[{\"@type\":\"ListItem\",\"position\":1,\"name\":\"Portada\",\"item\":\"https:\/\/demoweb.info\/sexshop001\/\"},{\"@type\":\"ListItem\",\"position\":2,\"name\":\"Tienda\",\"item\":\"https:\/\/demoweb.info\/sexshop001\/tienda\/\"},{\"@type\":\"ListItem\",\"position\":3,\"name\":\"PILA LR20 PANASONIC ALCALINA\"}]},{\"@type\":\"WebSite\",\"@id\":\"https:\/\/demoweb.info\/sexshop001\/#website\",\"url\":\"https:\/\/demoweb.info\/sexshop001\/\",\"name\":\"Tienda Er\u00f3tica\",\"description\":\"DEMOWEB SL\",\"potentialAction\":[{\"@type\":\"SearchAction\",\"target\":{\"@type\":\"EntryPoint\",\"urlTemplate\":\"https:\/\/demoweb.info\/sexshop001\/?s={search_term_string}\"},\"query-input\":\"required name=search_term_string\"}],\"inLanguage\":\"es\"}]}<\/script>\n<!-- \/ Yoast SEO plugin. -->","yoast_head_json":{"title":"PILA LR20 PANASONIC ALCALINA - Tienda Er\u00f3tica","robots":{"index":"noindex","follow":"follow","max-snippet":"max-snippet:-1","max-image-preview":"max-image-preview:large","max-video-preview":"max-video-preview:-1"},"og_locale":"es_ES","og_type":"article","og_title":"PILA LR20 PANASONIC ALCALINA - Tienda Er\u00f3tica","og_description":"Panasonic Alkaline Power Mono LR20APB \/ 2BP . La bater\u00eda alcalina de Panasonic es una soluci\u00f3n econ\u00f3mica para dispositivos cotidianos","og_url":"https:\/\/demoweb.info\/sexshop001\/producto\/pila-lr20-panasonic-alcalina\/","og_site_name":"Tienda Er\u00f3tica","article_modified_time":"2022-01-22T10:22:02+00:00","og_image":[{"width":550,"height":550,"url":"https:\/\/demoweb.info\/sexshop001\/wp-content\/uploads\/2022\/01\/PILA-LR20-PANASONIC-ALCALINA.jpg","type":"image\/jpeg"}],"twitter_card":"summary_large_image","schema":{"@context":"https:\/\/schema.org","@graph":[{"@type":"WebPage","@id":"https:\/\/demoweb.info\/sexshop001\/producto\/pila-lr20-panasonic-alcalina\/","url":"https:\/\/demoweb.info\/sexshop001\/producto\/pila-lr20-panasonic-alcalina\/","name":"PILA LR20 PANASONIC ALCALINA - Tienda Er\u00f3tica","isPartOf":{"@id":"https:\/\/demoweb.info\/sexshop001\/#website"},"datePublished":"2022-01-22T10:21:45+00:00","dateModified":"2022-01-22T10:22:02+00:00","breadcrumb":{"@id":"https:\/\/demoweb.info\/sexshop001\/producto\/pila-lr20-panasonic-alcalina\/#breadcrumb"},"inLanguage":"es","potentialAction":[{"@type":"ReadAction","target":["https:\/\/demoweb.info\/sexshop001\/producto\/pila-lr20-panasonic-alcalina\/"]}]},{"@type":"BreadcrumbList","@id":"https:\/\/demoweb.info\/sexshop001\/producto\/pila-lr20-panasonic-alcalina\/#breadcrumb","itemListElement":[{"@type":"ListItem","position":1,"name":"Portada","item":"https:\/\/demoweb.info\/sexshop001\/"},{"@type":"ListItem","position":2,"name":"Tienda","item":"https:\/\/demoweb.info\/sexshop001\/tienda\/"},{"@type":"ListItem","position":3,"name":"PILA LR20 PANASONIC ALCALINA"}]},{"@type":"WebSite","@id":"https:\/\/demoweb.info\/sexshop001\/#website","url":"https:\/\/demoweb.info\/sexshop001\/","name":"Tienda Er\u00f3tica","description":"DEMOWEB SL","potentialAction":[{"@type":"SearchAction","target":{"@type":"EntryPoint","urlTemplate":"https:\/\/demoweb.info\/sexshop001\/?s={search_term_string}"},"query-input":"required name=search_term_string"}],"inLanguage":"es"}]}},"_links":{"self":[{"href":"https:\/\/demoweb.info\/sexshop001\/wp-json\/wp\/v3\/product\/22008","targetHints":{"allow":["GET"]}}],"collection":[{"href":"https:\/\/demoweb.info\/sexshop001\/wp-json\/wp\/v3\/product"}],"about":[{"href":"https:\/\/demoweb.info\/sexshop001\/wp-json\/wp\/v2\/types\/product"}],"replies":[{"embeddable":true,"href":"https:\/\/demoweb.info\/sexshop001\/wp-json\/wp\/v2\/comments?post=22008"}],"wp:featuredmedia":[{"embeddable":true,"href":"https:\/\/demoweb.info\/sexshop001\/wp-json\/wp\/v2\/media\/22009"}],"wp:attachment":[{"href":"https:\/\/demoweb.info\/sexshop001\/wp-json\/wp\/v2\/media?parent=22008"}],"wp:term":[{"taxonomy":"product_cat","embeddable":true,"href":"https:\/\/demoweb.info\/sexshop001\/wp-json\/wp\/v2\/product_cat?post=22008"},{"taxonomy":"product_tag","embeddable":true,"href":"https:\/\/demoweb.info\/sexshop001\/wp-json\/wp\/v2\/product_tag?post=22008"}],"curies":[{"name":"wp","href":"https:\/\/api.w.org\/{rel}","templated":true}]}}