{"id":21947,"date":"2022-01-22T11:21:16","date_gmt":"2022-01-22T10:21:16","guid":{"rendered":"https:\/\/demoweb.info\/sexshop001\/producto\/lelo-billy-2-negro\/"},"modified":"2022-01-22T11:21:30","modified_gmt":"2022-01-22T10:21:30","slug":"lelo-billy-2-negro","status":"publish","type":"product","link":"https:\/\/demoweb.info\/sexshop001\/producto\/lelo-billy-2-negro\/","title":{"rendered":"LELO BILLY 2 NEGRO"},"content":{"rendered":"<p><strong>LELO BILLY 2 NEGRO<\/strong><\/p>\n<p>Entra en la sociedad ilimitada de salud y placer masculino con Billy 2. Este exclusivo masajeador de pr\u00f3stata tiene 8 modos de vibraci\u00f3n e incluso m\u00e1s potencia que su predecesor, adem\u00e1s de ser recargable por USB y completamente sumergible. \u00bfEst\u00e1s preparado para descubrir el grial de los orgasmos m\u00e1s intensos?<\/p>\n<p>DISE\u00d1O ERGON\u00d3MICO<\/p>\n<p>Pensado para masajear con precisi\u00f3n la pr\u00f3stata y con el di\u00e1metro ideal para una inserci\u00f3n f\u00e1cil y c\u00f3moda<br \/>\nCOMPLETAMENTE SUMERGIBLE<\/p>\n<p>Ideal para el ba\u00f1o o la ducha<br \/>\n8 POTENTES MODOS DE VIBRACI\u00d3N<\/p>\n<p>Con una funcionalidad mejorada para desatar los placeres masculinos<br \/>\nSILICONA EXTRA SUAVE<\/p>\n<p>Se presenta en forma curva y silicona suave, con un aro de seguridad en la base que asegura el m\u00e1ximo placer.<\/p>\n<p>Caracter\u00edsticas:<\/p>\n<ul>\n<li>Materiales:Silicona y pl\u00e1stico ABS<\/li>\n<li>Tama\u00f1o: 174 x 35 x 29mm<\/li>\n<li>Di\u00e1metro: \u2300 29mm<\/li>\n<li>Longitud insertable: 100mm<\/li>\n<li>Peso:92g<\/li>\n<li>Bater\u00eda: Li-Ion 500mAh 3.7V<\/li>\n<li>Tiempo de carga: 2hrs at 5.0V 500mA<\/li>\n<li>Tiempo de uso:Hasta 4 horas En espera:Hasta 90 d\u00edas<\/li>\n<li>Frecuencia:120Hz<\/li>\n<li>M\u00e1x. nivel de ruido: 50dB<\/li>\n<\/ul>\n","protected":false},"excerpt":{"rendered":"<p>LELO BILLY 2 NEGRO Entra en la sociedad ilimitada de salud y placer masculino con Billy 2. Este exclusivo masajeador<\/p>\n","protected":false},"featured_media":21948,"comment_status":"open","ping_status":"open","template":"","meta":[],"product_cat":[315],"product_tag":[406],"class_list":["post-21947","product","type-product","status-publish","has-post-thumbnail","hentry","product_cat-silicona-vibradores-juguetes-xxx","product_tag-lelo"],"bundled_by":[],"bundle_stock_status":"instock","bundle_stock_quantity":1,"bundle_virtual":false,"bundle_layout":"","bundle_add_to_cart_form_location":"","bundle_editable_in_cart":false,"bundle_sold_individually_context":"","bundle_item_grouping":"","bundle_min_size":"","bundle_max_size":"","bundled_items":[],"yoast_head":"<!-- This site is optimized with the Yoast SEO plugin v20.6 - https:\/\/yoast.com\/wordpress\/plugins\/seo\/ -->\n<title>LELO BILLY 2 NEGRO - Tienda Er\u00f3tica<\/title>\n<meta name=\"robots\" content=\"noindex, follow, max-snippet:-1, max-image-preview:large, max-video-preview:-1\" \/>\n<meta property=\"og:locale\" content=\"es_ES\" \/>\n<meta property=\"og:type\" content=\"article\" \/>\n<meta property=\"og:title\" content=\"LELO BILLY 2 NEGRO - Tienda Er\u00f3tica\" \/>\n<meta property=\"og:description\" content=\"LELO BILLY 2 NEGRO Entra en la sociedad ilimitada de salud y placer masculino con Billy 2. Este exclusivo masajeador\" \/>\n<meta property=\"og:url\" content=\"https:\/\/demoweb.info\/sexshop001\/producto\/lelo-billy-2-negro\/\" \/>\n<meta property=\"og:site_name\" content=\"Tienda Er\u00f3tica\" \/>\n<meta property=\"article:modified_time\" content=\"2022-01-22T10:21:30+00:00\" \/>\n<meta property=\"og:image\" content=\"https:\/\/demoweb.info\/sexshop001\/wp-content\/uploads\/2022\/01\/LELO-BILLY-2-NEGRO.jpg\" \/>\n\t<meta property=\"og:image:width\" content=\"550\" \/>\n\t<meta property=\"og:image:height\" content=\"550\" \/>\n\t<meta property=\"og:image:type\" content=\"image\/jpeg\" \/>\n<meta name=\"twitter:card\" content=\"summary_large_image\" \/>\n<meta name=\"twitter:label1\" content=\"Tiempo de lectura\" \/>\n\t<meta name=\"twitter:data1\" content=\"1 minuto\" \/>\n<script type=\"application\/ld+json\" class=\"yoast-schema-graph\">{\"@context\":\"https:\/\/schema.org\",\"@graph\":[{\"@type\":\"WebPage\",\"@id\":\"https:\/\/demoweb.info\/sexshop001\/producto\/lelo-billy-2-negro\/\",\"url\":\"https:\/\/demoweb.info\/sexshop001\/producto\/lelo-billy-2-negro\/\",\"name\":\"LELO BILLY 2 NEGRO - Tienda Er\u00f3tica\",\"isPartOf\":{\"@id\":\"https:\/\/demoweb.info\/sexshop001\/#website\"},\"datePublished\":\"2022-01-22T10:21:16+00:00\",\"dateModified\":\"2022-01-22T10:21:30+00:00\",\"breadcrumb\":{\"@id\":\"https:\/\/demoweb.info\/sexshop001\/producto\/lelo-billy-2-negro\/#breadcrumb\"},\"inLanguage\":\"es\",\"potentialAction\":[{\"@type\":\"ReadAction\",\"target\":[\"https:\/\/demoweb.info\/sexshop001\/producto\/lelo-billy-2-negro\/\"]}]},{\"@type\":\"BreadcrumbList\",\"@id\":\"https:\/\/demoweb.info\/sexshop001\/producto\/lelo-billy-2-negro\/#breadcrumb\",\"itemListElement\":[{\"@type\":\"ListItem\",\"position\":1,\"name\":\"Portada\",\"item\":\"https:\/\/demoweb.info\/sexshop001\/\"},{\"@type\":\"ListItem\",\"position\":2,\"name\":\"Tienda\",\"item\":\"https:\/\/demoweb.info\/sexshop001\/tienda\/\"},{\"@type\":\"ListItem\",\"position\":3,\"name\":\"LELO BILLY 2 NEGRO\"}]},{\"@type\":\"WebSite\",\"@id\":\"https:\/\/demoweb.info\/sexshop001\/#website\",\"url\":\"https:\/\/demoweb.info\/sexshop001\/\",\"name\":\"Tienda Er\u00f3tica\",\"description\":\"DEMOWEB SL\",\"potentialAction\":[{\"@type\":\"SearchAction\",\"target\":{\"@type\":\"EntryPoint\",\"urlTemplate\":\"https:\/\/demoweb.info\/sexshop001\/?s={search_term_string}\"},\"query-input\":\"required name=search_term_string\"}],\"inLanguage\":\"es\"}]}<\/script>\n<!-- \/ Yoast SEO plugin. -->","yoast_head_json":{"title":"LELO BILLY 2 NEGRO - Tienda Er\u00f3tica","robots":{"index":"noindex","follow":"follow","max-snippet":"max-snippet:-1","max-image-preview":"max-image-preview:large","max-video-preview":"max-video-preview:-1"},"og_locale":"es_ES","og_type":"article","og_title":"LELO BILLY 2 NEGRO - Tienda Er\u00f3tica","og_description":"LELO BILLY 2 NEGRO Entra en la sociedad ilimitada de salud y placer masculino con Billy 2. Este exclusivo masajeador","og_url":"https:\/\/demoweb.info\/sexshop001\/producto\/lelo-billy-2-negro\/","og_site_name":"Tienda Er\u00f3tica","article_modified_time":"2022-01-22T10:21:30+00:00","og_image":[{"width":550,"height":550,"url":"https:\/\/demoweb.info\/sexshop001\/wp-content\/uploads\/2022\/01\/LELO-BILLY-2-NEGRO.jpg","type":"image\/jpeg"}],"twitter_card":"summary_large_image","twitter_misc":{"Tiempo de lectura":"1 minuto"},"schema":{"@context":"https:\/\/schema.org","@graph":[{"@type":"WebPage","@id":"https:\/\/demoweb.info\/sexshop001\/producto\/lelo-billy-2-negro\/","url":"https:\/\/demoweb.info\/sexshop001\/producto\/lelo-billy-2-negro\/","name":"LELO BILLY 2 NEGRO - Tienda Er\u00f3tica","isPartOf":{"@id":"https:\/\/demoweb.info\/sexshop001\/#website"},"datePublished":"2022-01-22T10:21:16+00:00","dateModified":"2022-01-22T10:21:30+00:00","breadcrumb":{"@id":"https:\/\/demoweb.info\/sexshop001\/producto\/lelo-billy-2-negro\/#breadcrumb"},"inLanguage":"es","potentialAction":[{"@type":"ReadAction","target":["https:\/\/demoweb.info\/sexshop001\/producto\/lelo-billy-2-negro\/"]}]},{"@type":"BreadcrumbList","@id":"https:\/\/demoweb.info\/sexshop001\/producto\/lelo-billy-2-negro\/#breadcrumb","itemListElement":[{"@type":"ListItem","position":1,"name":"Portada","item":"https:\/\/demoweb.info\/sexshop001\/"},{"@type":"ListItem","position":2,"name":"Tienda","item":"https:\/\/demoweb.info\/sexshop001\/tienda\/"},{"@type":"ListItem","position":3,"name":"LELO BILLY 2 NEGRO"}]},{"@type":"WebSite","@id":"https:\/\/demoweb.info\/sexshop001\/#website","url":"https:\/\/demoweb.info\/sexshop001\/","name":"Tienda Er\u00f3tica","description":"DEMOWEB SL","potentialAction":[{"@type":"SearchAction","target":{"@type":"EntryPoint","urlTemplate":"https:\/\/demoweb.info\/sexshop001\/?s={search_term_string}"},"query-input":"required name=search_term_string"}],"inLanguage":"es"}]}},"_links":{"self":[{"href":"https:\/\/demoweb.info\/sexshop001\/wp-json\/wp\/v3\/product\/21947","targetHints":{"allow":["GET"]}}],"collection":[{"href":"https:\/\/demoweb.info\/sexshop001\/wp-json\/wp\/v3\/product"}],"about":[{"href":"https:\/\/demoweb.info\/sexshop001\/wp-json\/wp\/v2\/types\/product"}],"replies":[{"embeddable":true,"href":"https:\/\/demoweb.info\/sexshop001\/wp-json\/wp\/v2\/comments?post=21947"}],"wp:featuredmedia":[{"embeddable":true,"href":"https:\/\/demoweb.info\/sexshop001\/wp-json\/wp\/v2\/media\/21948"}],"wp:attachment":[{"href":"https:\/\/demoweb.info\/sexshop001\/wp-json\/wp\/v2\/media?parent=21947"}],"wp:term":[{"taxonomy":"product_cat","embeddable":true,"href":"https:\/\/demoweb.info\/sexshop001\/wp-json\/wp\/v2\/product_cat?post=21947"},{"taxonomy":"product_tag","embeddable":true,"href":"https:\/\/demoweb.info\/sexshop001\/wp-json\/wp\/v2\/product_tag?post=21947"}],"curies":[{"name":"wp","href":"https:\/\/api.w.org\/{rel}","templated":true}]}}