{"id":21935,"date":"2022-01-22T11:21:16","date_gmt":"2022-01-22T10:21:16","guid":{"rendered":"https:\/\/demoweb.info\/sexshop001\/producto\/lelo-hex-preservativos-respect-xl-36uds\/"},"modified":"2022-01-22T11:21:26","modified_gmt":"2022-01-22T10:21:26","slug":"lelo-hex-preservativos-respect-xl-36uds","status":"publish","type":"product","link":"https:\/\/demoweb.info\/sexshop001\/producto\/lelo-hex-preservativos-respect-xl-36uds\/","title":{"rendered":"LELO HEX PRESERVATIVOS RESPECT XL 36UDS"},"content":{"rendered":"<p><strong>LELO HEX CONDOMS RESPECT XL 36 PACK<\/strong><\/p>\n<p>Los preservativos HEX Respect, la nueva gama de preservativos talla XL de LELO. Fabricados con el mismo material y tecnolog\u00eda que HEX Original, el mejor cond\u00f3n del mundo, HEX Respect va camino de convertirse en uno de los preservativos m\u00e1s vendidos.<\/p>\n<p>Preservativos de l\u00e1tex natural<\/p>\n<ul>\n<li>0.045 mm de grosor<\/li>\n<li>58 mm de ancho nominal<\/li>\n<li>Ligeramente lubricados<\/li>\n<li>HEX\u2122 Respect 36 Pack<\/li>\n<\/ul>\n<p>La talla grande ofrece m\u00e1s confort y mayor profundidad. Con 58 mm de ancho nominal y un 10% m\u00e1s largo que HEX Original, HEX Respect es uno de los condones m\u00e1s grandes del mercado.<\/p>\n<p>La red de hex\u00e1gonos interconectados combina finura y resistencia para una experiencia sensual total.<\/p>\n<p>10% m\u00e1s largo y m\u00e1s ancho que HEX Original.<br \/>\nEstructura de l\u00e1tex redise\u00f1ada que combina finura y resistencia.<br \/>\nCon celdas ultra finas que permiten transferir el calor corporal para mejorar las sensaciones.<br \/>\nCon textura en el interior para reducir el deslizamiento y mejorar el agarre durante el coito.<br \/>\nLigeramente lubricados y olor a l\u00e1tex neutralizado.<br \/>\nCon un exterior perfectamente alisado y su textura interior, la red hexagonal interna se constri\u00f1e y expande para ajustarse a la mayor\u00eda de las formas, de manera segura.<\/p>\n<p>Empaquetados y envueltos con clase, los condones HEX Respect XL est\u00e1n pensados para hombres con estilo: aquellos que respetan el sexo y buscan el placer de sus parejas<\/p>\n<p>F\u00e1cil de abrir, el envoltorio no se resbala.<br \/>\nLigeramente lubricado para mayor confort.<br \/>\nSe desenrolla suavemente hacia abajo.<\/p><\/p>\n","protected":false},"excerpt":{"rendered":"<p>LELO HEX CONDOMS RESPECT XL 36 PACK Los preservativos HEX Respect, la nueva gama de preservativos talla XL de LELO.<\/p>\n","protected":false},"featured_media":21936,"comment_status":"open","ping_status":"open","template":"","meta":[],"product_cat":[1028],"product_tag":[1029,406],"class_list":["post-21935","product","type-product","status-publish","has-post-thumbnail","hentry","product_cat-tamano-xxl-preservativos","product_tag-hex","product_tag-lelo"],"bundled_by":[],"bundle_stock_status":"instock","bundle_stock_quantity":7,"bundle_virtual":false,"bundle_layout":"","bundle_add_to_cart_form_location":"","bundle_editable_in_cart":false,"bundle_sold_individually_context":"","bundle_item_grouping":"","bundle_min_size":"","bundle_max_size":"","bundled_items":[],"yoast_head":"<!-- This site is optimized with the Yoast SEO plugin v20.6 - https:\/\/yoast.com\/wordpress\/plugins\/seo\/ -->\n<title>LELO HEX PRESERVATIVOS RESPECT XL 36UDS - Tienda Er\u00f3tica<\/title>\n<meta name=\"robots\" content=\"noindex, follow, max-snippet:-1, max-image-preview:large, max-video-preview:-1\" \/>\n<meta property=\"og:locale\" content=\"es_ES\" \/>\n<meta property=\"og:type\" content=\"article\" \/>\n<meta property=\"og:title\" content=\"LELO HEX PRESERVATIVOS RESPECT XL 36UDS - Tienda Er\u00f3tica\" \/>\n<meta property=\"og:description\" content=\"LELO HEX CONDOMS RESPECT XL 36 PACK Los preservativos HEX Respect, la nueva gama de preservativos talla XL de LELO.\" \/>\n<meta property=\"og:url\" content=\"https:\/\/demoweb.info\/sexshop001\/producto\/lelo-hex-preservativos-respect-xl-36uds\/\" \/>\n<meta property=\"og:site_name\" content=\"Tienda Er\u00f3tica\" \/>\n<meta property=\"article:modified_time\" content=\"2022-01-22T10:21:26+00:00\" \/>\n<meta property=\"og:image\" content=\"https:\/\/demoweb.info\/sexshop001\/wp-content\/uploads\/2022\/01\/LELO-HEX-PRESERVATIVOS-RESPECT-XL-36UDS.jpg\" \/>\n\t<meta property=\"og:image:width\" content=\"550\" \/>\n\t<meta property=\"og:image:height\" content=\"550\" \/>\n\t<meta property=\"og:image:type\" content=\"image\/jpeg\" \/>\n<meta name=\"twitter:card\" content=\"summary_large_image\" \/>\n<meta name=\"twitter:label1\" content=\"Tiempo de lectura\" \/>\n\t<meta name=\"twitter:data1\" content=\"1 minuto\" \/>\n<script type=\"application\/ld+json\" class=\"yoast-schema-graph\">{\"@context\":\"https:\/\/schema.org\",\"@graph\":[{\"@type\":\"WebPage\",\"@id\":\"https:\/\/demoweb.info\/sexshop001\/producto\/lelo-hex-preservativos-respect-xl-36uds\/\",\"url\":\"https:\/\/demoweb.info\/sexshop001\/producto\/lelo-hex-preservativos-respect-xl-36uds\/\",\"name\":\"LELO HEX PRESERVATIVOS RESPECT XL 36UDS - Tienda Er\u00f3tica\",\"isPartOf\":{\"@id\":\"https:\/\/demoweb.info\/sexshop001\/#website\"},\"datePublished\":\"2022-01-22T10:21:16+00:00\",\"dateModified\":\"2022-01-22T10:21:26+00:00\",\"breadcrumb\":{\"@id\":\"https:\/\/demoweb.info\/sexshop001\/producto\/lelo-hex-preservativos-respect-xl-36uds\/#breadcrumb\"},\"inLanguage\":\"es\",\"potentialAction\":[{\"@type\":\"ReadAction\",\"target\":[\"https:\/\/demoweb.info\/sexshop001\/producto\/lelo-hex-preservativos-respect-xl-36uds\/\"]}]},{\"@type\":\"BreadcrumbList\",\"@id\":\"https:\/\/demoweb.info\/sexshop001\/producto\/lelo-hex-preservativos-respect-xl-36uds\/#breadcrumb\",\"itemListElement\":[{\"@type\":\"ListItem\",\"position\":1,\"name\":\"Portada\",\"item\":\"https:\/\/demoweb.info\/sexshop001\/\"},{\"@type\":\"ListItem\",\"position\":2,\"name\":\"Tienda\",\"item\":\"https:\/\/demoweb.info\/sexshop001\/tienda\/\"},{\"@type\":\"ListItem\",\"position\":3,\"name\":\"LELO HEX PRESERVATIVOS RESPECT XL 36UDS\"}]},{\"@type\":\"WebSite\",\"@id\":\"https:\/\/demoweb.info\/sexshop001\/#website\",\"url\":\"https:\/\/demoweb.info\/sexshop001\/\",\"name\":\"Tienda Er\u00f3tica\",\"description\":\"DEMOWEB SL\",\"potentialAction\":[{\"@type\":\"SearchAction\",\"target\":{\"@type\":\"EntryPoint\",\"urlTemplate\":\"https:\/\/demoweb.info\/sexshop001\/?s={search_term_string}\"},\"query-input\":\"required name=search_term_string\"}],\"inLanguage\":\"es\"}]}<\/script>\n<!-- \/ Yoast SEO plugin. -->","yoast_head_json":{"title":"LELO HEX PRESERVATIVOS RESPECT XL 36UDS - Tienda Er\u00f3tica","robots":{"index":"noindex","follow":"follow","max-snippet":"max-snippet:-1","max-image-preview":"max-image-preview:large","max-video-preview":"max-video-preview:-1"},"og_locale":"es_ES","og_type":"article","og_title":"LELO HEX PRESERVATIVOS RESPECT XL 36UDS - Tienda Er\u00f3tica","og_description":"LELO HEX CONDOMS RESPECT XL 36 PACK Los preservativos HEX Respect, la nueva gama de preservativos talla XL de LELO.","og_url":"https:\/\/demoweb.info\/sexshop001\/producto\/lelo-hex-preservativos-respect-xl-36uds\/","og_site_name":"Tienda Er\u00f3tica","article_modified_time":"2022-01-22T10:21:26+00:00","og_image":[{"width":550,"height":550,"url":"https:\/\/demoweb.info\/sexshop001\/wp-content\/uploads\/2022\/01\/LELO-HEX-PRESERVATIVOS-RESPECT-XL-36UDS.jpg","type":"image\/jpeg"}],"twitter_card":"summary_large_image","twitter_misc":{"Tiempo de lectura":"1 minuto"},"schema":{"@context":"https:\/\/schema.org","@graph":[{"@type":"WebPage","@id":"https:\/\/demoweb.info\/sexshop001\/producto\/lelo-hex-preservativos-respect-xl-36uds\/","url":"https:\/\/demoweb.info\/sexshop001\/producto\/lelo-hex-preservativos-respect-xl-36uds\/","name":"LELO HEX PRESERVATIVOS RESPECT XL 36UDS - Tienda Er\u00f3tica","isPartOf":{"@id":"https:\/\/demoweb.info\/sexshop001\/#website"},"datePublished":"2022-01-22T10:21:16+00:00","dateModified":"2022-01-22T10:21:26+00:00","breadcrumb":{"@id":"https:\/\/demoweb.info\/sexshop001\/producto\/lelo-hex-preservativos-respect-xl-36uds\/#breadcrumb"},"inLanguage":"es","potentialAction":[{"@type":"ReadAction","target":["https:\/\/demoweb.info\/sexshop001\/producto\/lelo-hex-preservativos-respect-xl-36uds\/"]}]},{"@type":"BreadcrumbList","@id":"https:\/\/demoweb.info\/sexshop001\/producto\/lelo-hex-preservativos-respect-xl-36uds\/#breadcrumb","itemListElement":[{"@type":"ListItem","position":1,"name":"Portada","item":"https:\/\/demoweb.info\/sexshop001\/"},{"@type":"ListItem","position":2,"name":"Tienda","item":"https:\/\/demoweb.info\/sexshop001\/tienda\/"},{"@type":"ListItem","position":3,"name":"LELO HEX PRESERVATIVOS RESPECT XL 36UDS"}]},{"@type":"WebSite","@id":"https:\/\/demoweb.info\/sexshop001\/#website","url":"https:\/\/demoweb.info\/sexshop001\/","name":"Tienda Er\u00f3tica","description":"DEMOWEB SL","potentialAction":[{"@type":"SearchAction","target":{"@type":"EntryPoint","urlTemplate":"https:\/\/demoweb.info\/sexshop001\/?s={search_term_string}"},"query-input":"required name=search_term_string"}],"inLanguage":"es"}]}},"_links":{"self":[{"href":"https:\/\/demoweb.info\/sexshop001\/wp-json\/wp\/v3\/product\/21935","targetHints":{"allow":["GET"]}}],"collection":[{"href":"https:\/\/demoweb.info\/sexshop001\/wp-json\/wp\/v3\/product"}],"about":[{"href":"https:\/\/demoweb.info\/sexshop001\/wp-json\/wp\/v2\/types\/product"}],"replies":[{"embeddable":true,"href":"https:\/\/demoweb.info\/sexshop001\/wp-json\/wp\/v2\/comments?post=21935"}],"wp:featuredmedia":[{"embeddable":true,"href":"https:\/\/demoweb.info\/sexshop001\/wp-json\/wp\/v2\/media\/21936"}],"wp:attachment":[{"href":"https:\/\/demoweb.info\/sexshop001\/wp-json\/wp\/v2\/media?parent=21935"}],"wp:term":[{"taxonomy":"product_cat","embeddable":true,"href":"https:\/\/demoweb.info\/sexshop001\/wp-json\/wp\/v2\/product_cat?post=21935"},{"taxonomy":"product_tag","embeddable":true,"href":"https:\/\/demoweb.info\/sexshop001\/wp-json\/wp\/v2\/product_tag?post=21935"}],"curies":[{"name":"wp","href":"https:\/\/api.w.org\/{rel}","templated":true}]}}