{"id":21883,"date":"2022-01-22T11:21:01","date_gmt":"2022-01-22T10:21:01","guid":{"rendered":"https:\/\/demoweb.info\/sexshop001\/producto\/aloe-vera-after-sex-gel-100ml\/"},"modified":"2022-01-22T11:21:03","modified_gmt":"2022-01-22T10:21:03","slug":"aloe-vera-after-sex-gel-100ml","status":"publish","type":"product","link":"https:\/\/demoweb.info\/sexshop001\/producto\/aloe-vera-after-sex-gel-100ml\/","title":{"rendered":"ALOE VERA AFTER SEX GEL 100ML"},"content":{"rendered":"<p><strong>ALOE VERA AFTER SEX GEL 100ML<\/strong><\/p>\n<p>Un lubricante vegano para uso \u00edntimo. Este exclusivo lubricante maravilloso con aloe vera garantiza una curaci\u00f3n y un enfriamiento m\u00e1s r\u00e1pidos de la piel sensible e irritada.<br \/>\nExtremadamente adecuado para su uso despu\u00e9s de la intimidad f\u00edsica. Este gel tiene un efecto hidratante, calmante y calmante y es r\u00e1pidamente absorbido por la piel.<br \/>\nTambi\u00e9n se puede utilizar como lubricante. Puede usarse con condones de l\u00e1tex.<\/p>\n<p><strong>Modo de empleo:<\/strong><br \/>\nAplicar el lubricante y volver a aplicar tantas veces como desee. Almacenar en un lugar fresco y oscuro. \u00daselo dentro de los 12 meses posteriores a la apertura.\n <\/p>\n","protected":false},"excerpt":{"rendered":"<p>ALOE VERA AFTER SEX GEL 100ML Un lubricante vegano para uso \u00edntimo. Este exclusivo lubricante maravilloso con aloe vera garantiza<\/p>\n","protected":false},"featured_media":21884,"comment_status":"open","ping_status":"open","template":"","meta":[],"product_cat":[361],"product_tag":[952],"class_list":["post-21883","product","type-product","status-publish","has-post-thumbnail","hentry","product_cat-geles-estimulantes","product_tag-happy-diva"],"bundled_by":[],"bundle_stock_status":"outofstock","bundle_stock_quantity":0,"bundle_virtual":false,"bundle_layout":"","bundle_add_to_cart_form_location":"","bundle_editable_in_cart":false,"bundle_sold_individually_context":"","bundle_item_grouping":"","bundle_min_size":"","bundle_max_size":"","bundled_items":[],"yoast_head":"<!-- This site is optimized with the Yoast SEO plugin v20.6 - https:\/\/yoast.com\/wordpress\/plugins\/seo\/ -->\n<title>ALOE VERA AFTER SEX GEL 100ML - Tienda Er\u00f3tica<\/title>\n<meta name=\"robots\" content=\"noindex, follow, max-snippet:-1, max-image-preview:large, max-video-preview:-1\" \/>\n<meta property=\"og:locale\" content=\"es_ES\" \/>\n<meta property=\"og:type\" content=\"article\" \/>\n<meta property=\"og:title\" content=\"ALOE VERA AFTER SEX GEL 100ML - Tienda Er\u00f3tica\" \/>\n<meta property=\"og:description\" content=\"ALOE VERA AFTER SEX GEL 100ML Un lubricante vegano para uso \u00edntimo. Este exclusivo lubricante maravilloso con aloe vera garantiza\" \/>\n<meta property=\"og:url\" content=\"https:\/\/demoweb.info\/sexshop001\/producto\/aloe-vera-after-sex-gel-100ml\/\" \/>\n<meta property=\"og:site_name\" content=\"Tienda Er\u00f3tica\" \/>\n<meta property=\"article:modified_time\" content=\"2022-01-22T10:21:03+00:00\" \/>\n<meta property=\"og:image\" content=\"https:\/\/demoweb.info\/sexshop001\/wp-content\/uploads\/2022\/01\/ALOE-VERA-AFTER-SEX-GEL-100ML.jpg\" \/>\n\t<meta property=\"og:image:width\" content=\"550\" \/>\n\t<meta property=\"og:image:height\" content=\"550\" \/>\n\t<meta property=\"og:image:type\" content=\"image\/jpeg\" \/>\n<meta name=\"twitter:card\" content=\"summary_large_image\" \/>\n<meta name=\"twitter:label1\" content=\"Tiempo de lectura\" \/>\n\t<meta name=\"twitter:data1\" content=\"1 minuto\" \/>\n<script type=\"application\/ld+json\" class=\"yoast-schema-graph\">{\"@context\":\"https:\/\/schema.org\",\"@graph\":[{\"@type\":\"WebPage\",\"@id\":\"https:\/\/demoweb.info\/sexshop001\/producto\/aloe-vera-after-sex-gel-100ml\/\",\"url\":\"https:\/\/demoweb.info\/sexshop001\/producto\/aloe-vera-after-sex-gel-100ml\/\",\"name\":\"ALOE VERA AFTER SEX GEL 100ML - Tienda Er\u00f3tica\",\"isPartOf\":{\"@id\":\"https:\/\/demoweb.info\/sexshop001\/#website\"},\"datePublished\":\"2022-01-22T10:21:01+00:00\",\"dateModified\":\"2022-01-22T10:21:03+00:00\",\"breadcrumb\":{\"@id\":\"https:\/\/demoweb.info\/sexshop001\/producto\/aloe-vera-after-sex-gel-100ml\/#breadcrumb\"},\"inLanguage\":\"es\",\"potentialAction\":[{\"@type\":\"ReadAction\",\"target\":[\"https:\/\/demoweb.info\/sexshop001\/producto\/aloe-vera-after-sex-gel-100ml\/\"]}]},{\"@type\":\"BreadcrumbList\",\"@id\":\"https:\/\/demoweb.info\/sexshop001\/producto\/aloe-vera-after-sex-gel-100ml\/#breadcrumb\",\"itemListElement\":[{\"@type\":\"ListItem\",\"position\":1,\"name\":\"Portada\",\"item\":\"https:\/\/demoweb.info\/sexshop001\/\"},{\"@type\":\"ListItem\",\"position\":2,\"name\":\"Tienda\",\"item\":\"https:\/\/demoweb.info\/sexshop001\/tienda\/\"},{\"@type\":\"ListItem\",\"position\":3,\"name\":\"ALOE VERA AFTER SEX GEL 100ML\"}]},{\"@type\":\"WebSite\",\"@id\":\"https:\/\/demoweb.info\/sexshop001\/#website\",\"url\":\"https:\/\/demoweb.info\/sexshop001\/\",\"name\":\"Tienda Er\u00f3tica\",\"description\":\"DEMOWEB SL\",\"potentialAction\":[{\"@type\":\"SearchAction\",\"target\":{\"@type\":\"EntryPoint\",\"urlTemplate\":\"https:\/\/demoweb.info\/sexshop001\/?s={search_term_string}\"},\"query-input\":\"required name=search_term_string\"}],\"inLanguage\":\"es\"}]}<\/script>\n<!-- \/ Yoast SEO plugin. -->","yoast_head_json":{"title":"ALOE VERA AFTER SEX GEL 100ML - Tienda Er\u00f3tica","robots":{"index":"noindex","follow":"follow","max-snippet":"max-snippet:-1","max-image-preview":"max-image-preview:large","max-video-preview":"max-video-preview:-1"},"og_locale":"es_ES","og_type":"article","og_title":"ALOE VERA AFTER SEX GEL 100ML - Tienda Er\u00f3tica","og_description":"ALOE VERA AFTER SEX GEL 100ML Un lubricante vegano para uso \u00edntimo. Este exclusivo lubricante maravilloso con aloe vera garantiza","og_url":"https:\/\/demoweb.info\/sexshop001\/producto\/aloe-vera-after-sex-gel-100ml\/","og_site_name":"Tienda Er\u00f3tica","article_modified_time":"2022-01-22T10:21:03+00:00","og_image":[{"width":550,"height":550,"url":"https:\/\/demoweb.info\/sexshop001\/wp-content\/uploads\/2022\/01\/ALOE-VERA-AFTER-SEX-GEL-100ML.jpg","type":"image\/jpeg"}],"twitter_card":"summary_large_image","twitter_misc":{"Tiempo de lectura":"1 minuto"},"schema":{"@context":"https:\/\/schema.org","@graph":[{"@type":"WebPage","@id":"https:\/\/demoweb.info\/sexshop001\/producto\/aloe-vera-after-sex-gel-100ml\/","url":"https:\/\/demoweb.info\/sexshop001\/producto\/aloe-vera-after-sex-gel-100ml\/","name":"ALOE VERA AFTER SEX GEL 100ML - Tienda Er\u00f3tica","isPartOf":{"@id":"https:\/\/demoweb.info\/sexshop001\/#website"},"datePublished":"2022-01-22T10:21:01+00:00","dateModified":"2022-01-22T10:21:03+00:00","breadcrumb":{"@id":"https:\/\/demoweb.info\/sexshop001\/producto\/aloe-vera-after-sex-gel-100ml\/#breadcrumb"},"inLanguage":"es","potentialAction":[{"@type":"ReadAction","target":["https:\/\/demoweb.info\/sexshop001\/producto\/aloe-vera-after-sex-gel-100ml\/"]}]},{"@type":"BreadcrumbList","@id":"https:\/\/demoweb.info\/sexshop001\/producto\/aloe-vera-after-sex-gel-100ml\/#breadcrumb","itemListElement":[{"@type":"ListItem","position":1,"name":"Portada","item":"https:\/\/demoweb.info\/sexshop001\/"},{"@type":"ListItem","position":2,"name":"Tienda","item":"https:\/\/demoweb.info\/sexshop001\/tienda\/"},{"@type":"ListItem","position":3,"name":"ALOE VERA AFTER SEX GEL 100ML"}]},{"@type":"WebSite","@id":"https:\/\/demoweb.info\/sexshop001\/#website","url":"https:\/\/demoweb.info\/sexshop001\/","name":"Tienda Er\u00f3tica","description":"DEMOWEB SL","potentialAction":[{"@type":"SearchAction","target":{"@type":"EntryPoint","urlTemplate":"https:\/\/demoweb.info\/sexshop001\/?s={search_term_string}"},"query-input":"required name=search_term_string"}],"inLanguage":"es"}]}},"_links":{"self":[{"href":"https:\/\/demoweb.info\/sexshop001\/wp-json\/wp\/v3\/product\/21883","targetHints":{"allow":["GET"]}}],"collection":[{"href":"https:\/\/demoweb.info\/sexshop001\/wp-json\/wp\/v3\/product"}],"about":[{"href":"https:\/\/demoweb.info\/sexshop001\/wp-json\/wp\/v2\/types\/product"}],"replies":[{"embeddable":true,"href":"https:\/\/demoweb.info\/sexshop001\/wp-json\/wp\/v2\/comments?post=21883"}],"wp:featuredmedia":[{"embeddable":true,"href":"https:\/\/demoweb.info\/sexshop001\/wp-json\/wp\/v2\/media\/21884"}],"wp:attachment":[{"href":"https:\/\/demoweb.info\/sexshop001\/wp-json\/wp\/v2\/media?parent=21883"}],"wp:term":[{"taxonomy":"product_cat","embeddable":true,"href":"https:\/\/demoweb.info\/sexshop001\/wp-json\/wp\/v2\/product_cat?post=21883"},{"taxonomy":"product_tag","embeddable":true,"href":"https:\/\/demoweb.info\/sexshop001\/wp-json\/wp\/v2\/product_tag?post=21883"}],"curies":[{"name":"wp","href":"https:\/\/api.w.org\/{rel}","templated":true}]}}