{"id":21858,"date":"2022-01-22T11:20:44","date_gmt":"2022-01-22T10:20:44","guid":{"rendered":"https:\/\/demoweb.info\/sexshop001\/producto\/shiatsu-orgasmus-crema-de-pareja\/"},"modified":"2022-01-22T11:20:51","modified_gmt":"2022-01-22T10:20:51","slug":"shiatsu-orgasmus-crema-de-pareja","status":"publish","type":"product","link":"https:\/\/demoweb.info\/sexshop001\/producto\/shiatsu-orgasmus-crema-de-pareja\/","title":{"rendered":"SHIATSU ORGASMUS CREMA DE PAREJA"},"content":{"rendered":"<p><strong>ORGASMUS COUPLE CREAM<\/strong><\/p>\n<p>Perfecto para aplicacione en el \u00e1rea genital.<\/p>\n<p>Crea una sensaci\u00f3n de calor y hormigueo que te llevan a ti y a \u00e9l al cl\u00edmax.<\/p>\n<ul>\n<li>Olor: Natural<\/li>\n<li>Ingredientes: AQUA (AGUA), PALMITATO DE ISOPROPILO, ARGININA, ESTEARATO DE GLICERILO, LAURETH-9, ESTEARATO DE POLIGGLICERIL-3, GLICERINA, \u00c1CIDO L\u00c1CTICO, ALCOHOL DE CETEARILO, ALCOHOL DE CETEARILO, ALCOHOL DE SODIO ESTEAROILO, ALCOHOL DE SODIO, ALCOHOL DE SODIO, HIDROMATIPLATO DE GOLETILICO EXTRACTO DE HOJA DE ETILHEXILGLICERINA, VANILBUTIL \u00c9TER, TURNERA DIFFUSA (DAMIANA)<\/li>\n<\/ul>\n","protected":false},"excerpt":{"rendered":"<p>ORGASMUS COUPLE CREAM Perfecto para aplicacione en el \u00e1rea genital. Crea una sensaci\u00f3n de calor y hormigueo que te llevan<\/p>\n","protected":false},"featured_media":21859,"comment_status":"open","ping_status":"open","template":"","meta":[],"product_cat":[528],"product_tag":[401,402],"class_list":["post-21858","product","type-product","status-publish","has-post-thumbnail","hentry","product_cat-geles-estimulantes-salud-sexual","product_tag-hot","product_tag-shiatsu"],"bundled_by":[],"bundle_stock_status":"instock","bundle_stock_quantity":13,"bundle_virtual":false,"bundle_layout":"","bundle_add_to_cart_form_location":"","bundle_editable_in_cart":false,"bundle_sold_individually_context":"","bundle_item_grouping":"","bundle_min_size":"","bundle_max_size":"","bundled_items":[],"yoast_head":"<!-- This site is optimized with the Yoast SEO plugin v20.6 - https:\/\/yoast.com\/wordpress\/plugins\/seo\/ -->\n<title>SHIATSU ORGASMUS CREMA DE PAREJA - Tienda Er\u00f3tica<\/title>\n<meta name=\"robots\" content=\"noindex, follow, max-snippet:-1, max-image-preview:large, max-video-preview:-1\" \/>\n<meta property=\"og:locale\" content=\"es_ES\" \/>\n<meta property=\"og:type\" content=\"article\" \/>\n<meta property=\"og:title\" content=\"SHIATSU ORGASMUS CREMA DE PAREJA - Tienda Er\u00f3tica\" \/>\n<meta property=\"og:description\" content=\"ORGASMUS COUPLE CREAM Perfecto para aplicacione en el \u00e1rea genital. Crea una sensaci\u00f3n de calor y hormigueo que te llevan\" \/>\n<meta property=\"og:url\" content=\"https:\/\/demoweb.info\/sexshop001\/producto\/shiatsu-orgasmus-crema-de-pareja\/\" \/>\n<meta property=\"og:site_name\" content=\"Tienda Er\u00f3tica\" \/>\n<meta property=\"article:modified_time\" content=\"2022-01-22T10:20:51+00:00\" \/>\n<meta property=\"og:image\" content=\"https:\/\/demoweb.info\/sexshop001\/wp-content\/uploads\/2022\/01\/SHIATSU-ORGASMUS-CREMA-DE-PAREJA.jpg\" \/>\n\t<meta property=\"og:image:width\" content=\"550\" \/>\n\t<meta property=\"og:image:height\" content=\"550\" \/>\n\t<meta property=\"og:image:type\" content=\"image\/jpeg\" \/>\n<meta name=\"twitter:card\" content=\"summary_large_image\" \/>\n<script type=\"application\/ld+json\" class=\"yoast-schema-graph\">{\"@context\":\"https:\/\/schema.org\",\"@graph\":[{\"@type\":\"WebPage\",\"@id\":\"https:\/\/demoweb.info\/sexshop001\/producto\/shiatsu-orgasmus-crema-de-pareja\/\",\"url\":\"https:\/\/demoweb.info\/sexshop001\/producto\/shiatsu-orgasmus-crema-de-pareja\/\",\"name\":\"SHIATSU ORGASMUS CREMA DE PAREJA - Tienda Er\u00f3tica\",\"isPartOf\":{\"@id\":\"https:\/\/demoweb.info\/sexshop001\/#website\"},\"datePublished\":\"2022-01-22T10:20:44+00:00\",\"dateModified\":\"2022-01-22T10:20:51+00:00\",\"breadcrumb\":{\"@id\":\"https:\/\/demoweb.info\/sexshop001\/producto\/shiatsu-orgasmus-crema-de-pareja\/#breadcrumb\"},\"inLanguage\":\"es\",\"potentialAction\":[{\"@type\":\"ReadAction\",\"target\":[\"https:\/\/demoweb.info\/sexshop001\/producto\/shiatsu-orgasmus-crema-de-pareja\/\"]}]},{\"@type\":\"BreadcrumbList\",\"@id\":\"https:\/\/demoweb.info\/sexshop001\/producto\/shiatsu-orgasmus-crema-de-pareja\/#breadcrumb\",\"itemListElement\":[{\"@type\":\"ListItem\",\"position\":1,\"name\":\"Portada\",\"item\":\"https:\/\/demoweb.info\/sexshop001\/\"},{\"@type\":\"ListItem\",\"position\":2,\"name\":\"Tienda\",\"item\":\"https:\/\/demoweb.info\/sexshop001\/tienda\/\"},{\"@type\":\"ListItem\",\"position\":3,\"name\":\"SHIATSU ORGASMUS CREMA DE PAREJA\"}]},{\"@type\":\"WebSite\",\"@id\":\"https:\/\/demoweb.info\/sexshop001\/#website\",\"url\":\"https:\/\/demoweb.info\/sexshop001\/\",\"name\":\"Tienda Er\u00f3tica\",\"description\":\"DEMOWEB SL\",\"potentialAction\":[{\"@type\":\"SearchAction\",\"target\":{\"@type\":\"EntryPoint\",\"urlTemplate\":\"https:\/\/demoweb.info\/sexshop001\/?s={search_term_string}\"},\"query-input\":\"required name=search_term_string\"}],\"inLanguage\":\"es\"}]}<\/script>\n<!-- \/ Yoast SEO plugin. -->","yoast_head_json":{"title":"SHIATSU ORGASMUS CREMA DE PAREJA - Tienda Er\u00f3tica","robots":{"index":"noindex","follow":"follow","max-snippet":"max-snippet:-1","max-image-preview":"max-image-preview:large","max-video-preview":"max-video-preview:-1"},"og_locale":"es_ES","og_type":"article","og_title":"SHIATSU ORGASMUS CREMA DE PAREJA - Tienda Er\u00f3tica","og_description":"ORGASMUS COUPLE CREAM Perfecto para aplicacione en el \u00e1rea genital. Crea una sensaci\u00f3n de calor y hormigueo que te llevan","og_url":"https:\/\/demoweb.info\/sexshop001\/producto\/shiatsu-orgasmus-crema-de-pareja\/","og_site_name":"Tienda Er\u00f3tica","article_modified_time":"2022-01-22T10:20:51+00:00","og_image":[{"width":550,"height":550,"url":"https:\/\/demoweb.info\/sexshop001\/wp-content\/uploads\/2022\/01\/SHIATSU-ORGASMUS-CREMA-DE-PAREJA.jpg","type":"image\/jpeg"}],"twitter_card":"summary_large_image","schema":{"@context":"https:\/\/schema.org","@graph":[{"@type":"WebPage","@id":"https:\/\/demoweb.info\/sexshop001\/producto\/shiatsu-orgasmus-crema-de-pareja\/","url":"https:\/\/demoweb.info\/sexshop001\/producto\/shiatsu-orgasmus-crema-de-pareja\/","name":"SHIATSU ORGASMUS CREMA DE PAREJA - Tienda Er\u00f3tica","isPartOf":{"@id":"https:\/\/demoweb.info\/sexshop001\/#website"},"datePublished":"2022-01-22T10:20:44+00:00","dateModified":"2022-01-22T10:20:51+00:00","breadcrumb":{"@id":"https:\/\/demoweb.info\/sexshop001\/producto\/shiatsu-orgasmus-crema-de-pareja\/#breadcrumb"},"inLanguage":"es","potentialAction":[{"@type":"ReadAction","target":["https:\/\/demoweb.info\/sexshop001\/producto\/shiatsu-orgasmus-crema-de-pareja\/"]}]},{"@type":"BreadcrumbList","@id":"https:\/\/demoweb.info\/sexshop001\/producto\/shiatsu-orgasmus-crema-de-pareja\/#breadcrumb","itemListElement":[{"@type":"ListItem","position":1,"name":"Portada","item":"https:\/\/demoweb.info\/sexshop001\/"},{"@type":"ListItem","position":2,"name":"Tienda","item":"https:\/\/demoweb.info\/sexshop001\/tienda\/"},{"@type":"ListItem","position":3,"name":"SHIATSU ORGASMUS CREMA DE PAREJA"}]},{"@type":"WebSite","@id":"https:\/\/demoweb.info\/sexshop001\/#website","url":"https:\/\/demoweb.info\/sexshop001\/","name":"Tienda Er\u00f3tica","description":"DEMOWEB SL","potentialAction":[{"@type":"SearchAction","target":{"@type":"EntryPoint","urlTemplate":"https:\/\/demoweb.info\/sexshop001\/?s={search_term_string}"},"query-input":"required name=search_term_string"}],"inLanguage":"es"}]}},"_links":{"self":[{"href":"https:\/\/demoweb.info\/sexshop001\/wp-json\/wp\/v3\/product\/21858","targetHints":{"allow":["GET"]}}],"collection":[{"href":"https:\/\/demoweb.info\/sexshop001\/wp-json\/wp\/v3\/product"}],"about":[{"href":"https:\/\/demoweb.info\/sexshop001\/wp-json\/wp\/v2\/types\/product"}],"replies":[{"embeddable":true,"href":"https:\/\/demoweb.info\/sexshop001\/wp-json\/wp\/v2\/comments?post=21858"}],"wp:featuredmedia":[{"embeddable":true,"href":"https:\/\/demoweb.info\/sexshop001\/wp-json\/wp\/v2\/media\/21859"}],"wp:attachment":[{"href":"https:\/\/demoweb.info\/sexshop001\/wp-json\/wp\/v2\/media?parent=21858"}],"wp:term":[{"taxonomy":"product_cat","embeddable":true,"href":"https:\/\/demoweb.info\/sexshop001\/wp-json\/wp\/v2\/product_cat?post=21858"},{"taxonomy":"product_tag","embeddable":true,"href":"https:\/\/demoweb.info\/sexshop001\/wp-json\/wp\/v2\/product_tag?post=21858"}],"curies":[{"name":"wp","href":"https:\/\/api.w.org\/{rel}","templated":true}]}}