{"id":21850,"date":"2022-01-22T11:20:44","date_gmt":"2022-01-22T10:20:44","guid":{"rendered":"https:\/\/demoweb.info\/sexshop001\/producto\/shiatsu-crema-tensora-para-ella\/"},"modified":"2022-01-22T11:20:49","modified_gmt":"2022-01-22T10:20:49","slug":"shiatsu-crema-tensora-para-ella","status":"publish","type":"product","link":"https:\/\/demoweb.info\/sexshop001\/producto\/shiatsu-crema-tensora-para-ella\/","title":{"rendered":"SHIATSU CREMA TENSORA PARA ELLA"},"content":{"rendered":"<p><strong>VAGINA TIGHTENING GEL<\/strong><\/p>\n<p>La crema tensora SHIATSU contiene un ingrediente activo astringente especial para dar a tu vagina una sensaci\u00f3n m\u00e1s intensa.<\/p>\n<p>La base de esta crema especial contiene muchos ingredientes activos y de cuidado que tambi\u00e9n pueden mejorar la sequedad y elasticidad vaginal.<\/p>\n<p>Para sensaciones m\u00e1s intensas durante tu pr\u00f3xima aventura amorosa.<\/p>\n<ul>\n<li>Olor: Natural<\/li>\n<li>Ingredientes: AQUA (AGUA), GLICERINA, GOMA XANT\u00c1N, \u00c1CIDO T\u00c1NICO, SORBATO DE POTASIO, BENZOATO DE SODIO, LAURATO DE POLIGGLICERIL-10, EDTA DISODIO, HAMAMELIS VIRGINIANA (BRUJA HAZEL) EXTRACTO DE HOJAS (EXTRACTO DE HOJAS DE C\u00cdTRICA, ACIDOM\u00c1TICO DE SINT\u00c9TICO, ACIDURO DE C\u00cdTRICO) ), MENTOL, FENOXIETANOL, LINALOOL, HEXIL CINAMAL, SALICILATO DE BENCILO, CI 45410<\/li>\n<\/ul>\n","protected":false},"excerpt":{"rendered":"<p>VAGINA TIGHTENING GEL La crema tensora SHIATSU contiene un ingrediente activo astringente especial para dar a tu vagina una sensaci\u00f3n<\/p>\n","protected":false},"featured_media":21851,"comment_status":"open","ping_status":"open","template":"","meta":[],"product_cat":[355],"product_tag":[401,402],"class_list":["post-21850","product","type-product","status-publish","has-post-thumbnail","hentry","product_cat-ellas","product_tag-hot","product_tag-shiatsu"],"bundled_by":[],"bundle_stock_status":"instock","bundle_stock_quantity":22,"bundle_virtual":false,"bundle_layout":"","bundle_add_to_cart_form_location":"","bundle_editable_in_cart":false,"bundle_sold_individually_context":"","bundle_item_grouping":"","bundle_min_size":"","bundle_max_size":"","bundled_items":[],"yoast_head":"<!-- This site is optimized with the Yoast SEO plugin v20.6 - https:\/\/yoast.com\/wordpress\/plugins\/seo\/ -->\n<title>SHIATSU CREMA TENSORA PARA ELLA - Tienda Er\u00f3tica<\/title>\n<meta name=\"robots\" content=\"noindex, follow, max-snippet:-1, max-image-preview:large, max-video-preview:-1\" \/>\n<meta property=\"og:locale\" content=\"es_ES\" \/>\n<meta property=\"og:type\" content=\"article\" \/>\n<meta property=\"og:title\" content=\"SHIATSU CREMA TENSORA PARA ELLA - Tienda Er\u00f3tica\" \/>\n<meta property=\"og:description\" content=\"VAGINA TIGHTENING GEL La crema tensora SHIATSU contiene un ingrediente activo astringente especial para dar a tu vagina una sensaci\u00f3n\" \/>\n<meta property=\"og:url\" content=\"https:\/\/demoweb.info\/sexshop001\/producto\/shiatsu-crema-tensora-para-ella\/\" \/>\n<meta property=\"og:site_name\" content=\"Tienda Er\u00f3tica\" \/>\n<meta property=\"article:modified_time\" content=\"2022-01-22T10:20:49+00:00\" \/>\n<meta property=\"og:image\" content=\"https:\/\/demoweb.info\/sexshop001\/wp-content\/uploads\/2022\/01\/SHIATSU-CREMA-TENSORA-PARA-ELLA.jpg\" \/>\n\t<meta property=\"og:image:width\" content=\"550\" \/>\n\t<meta property=\"og:image:height\" content=\"550\" \/>\n\t<meta property=\"og:image:type\" content=\"image\/jpeg\" \/>\n<meta name=\"twitter:card\" content=\"summary_large_image\" \/>\n<meta name=\"twitter:label1\" content=\"Tiempo de lectura\" \/>\n\t<meta name=\"twitter:data1\" content=\"1 minuto\" \/>\n<script type=\"application\/ld+json\" class=\"yoast-schema-graph\">{\"@context\":\"https:\/\/schema.org\",\"@graph\":[{\"@type\":\"WebPage\",\"@id\":\"https:\/\/demoweb.info\/sexshop001\/producto\/shiatsu-crema-tensora-para-ella\/\",\"url\":\"https:\/\/demoweb.info\/sexshop001\/producto\/shiatsu-crema-tensora-para-ella\/\",\"name\":\"SHIATSU CREMA TENSORA PARA ELLA - Tienda Er\u00f3tica\",\"isPartOf\":{\"@id\":\"https:\/\/demoweb.info\/sexshop001\/#website\"},\"datePublished\":\"2022-01-22T10:20:44+00:00\",\"dateModified\":\"2022-01-22T10:20:49+00:00\",\"breadcrumb\":{\"@id\":\"https:\/\/demoweb.info\/sexshop001\/producto\/shiatsu-crema-tensora-para-ella\/#breadcrumb\"},\"inLanguage\":\"es\",\"potentialAction\":[{\"@type\":\"ReadAction\",\"target\":[\"https:\/\/demoweb.info\/sexshop001\/producto\/shiatsu-crema-tensora-para-ella\/\"]}]},{\"@type\":\"BreadcrumbList\",\"@id\":\"https:\/\/demoweb.info\/sexshop001\/producto\/shiatsu-crema-tensora-para-ella\/#breadcrumb\",\"itemListElement\":[{\"@type\":\"ListItem\",\"position\":1,\"name\":\"Portada\",\"item\":\"https:\/\/demoweb.info\/sexshop001\/\"},{\"@type\":\"ListItem\",\"position\":2,\"name\":\"Tienda\",\"item\":\"https:\/\/demoweb.info\/sexshop001\/tienda\/\"},{\"@type\":\"ListItem\",\"position\":3,\"name\":\"SHIATSU CREMA TENSORA PARA ELLA\"}]},{\"@type\":\"WebSite\",\"@id\":\"https:\/\/demoweb.info\/sexshop001\/#website\",\"url\":\"https:\/\/demoweb.info\/sexshop001\/\",\"name\":\"Tienda Er\u00f3tica\",\"description\":\"DEMOWEB SL\",\"potentialAction\":[{\"@type\":\"SearchAction\",\"target\":{\"@type\":\"EntryPoint\",\"urlTemplate\":\"https:\/\/demoweb.info\/sexshop001\/?s={search_term_string}\"},\"query-input\":\"required name=search_term_string\"}],\"inLanguage\":\"es\"}]}<\/script>\n<!-- \/ Yoast SEO plugin. -->","yoast_head_json":{"title":"SHIATSU CREMA TENSORA PARA ELLA - Tienda Er\u00f3tica","robots":{"index":"noindex","follow":"follow","max-snippet":"max-snippet:-1","max-image-preview":"max-image-preview:large","max-video-preview":"max-video-preview:-1"},"og_locale":"es_ES","og_type":"article","og_title":"SHIATSU CREMA TENSORA PARA ELLA - Tienda Er\u00f3tica","og_description":"VAGINA TIGHTENING GEL La crema tensora SHIATSU contiene un ingrediente activo astringente especial para dar a tu vagina una sensaci\u00f3n","og_url":"https:\/\/demoweb.info\/sexshop001\/producto\/shiatsu-crema-tensora-para-ella\/","og_site_name":"Tienda Er\u00f3tica","article_modified_time":"2022-01-22T10:20:49+00:00","og_image":[{"width":550,"height":550,"url":"https:\/\/demoweb.info\/sexshop001\/wp-content\/uploads\/2022\/01\/SHIATSU-CREMA-TENSORA-PARA-ELLA.jpg","type":"image\/jpeg"}],"twitter_card":"summary_large_image","twitter_misc":{"Tiempo de lectura":"1 minuto"},"schema":{"@context":"https:\/\/schema.org","@graph":[{"@type":"WebPage","@id":"https:\/\/demoweb.info\/sexshop001\/producto\/shiatsu-crema-tensora-para-ella\/","url":"https:\/\/demoweb.info\/sexshop001\/producto\/shiatsu-crema-tensora-para-ella\/","name":"SHIATSU CREMA TENSORA PARA ELLA - Tienda Er\u00f3tica","isPartOf":{"@id":"https:\/\/demoweb.info\/sexshop001\/#website"},"datePublished":"2022-01-22T10:20:44+00:00","dateModified":"2022-01-22T10:20:49+00:00","breadcrumb":{"@id":"https:\/\/demoweb.info\/sexshop001\/producto\/shiatsu-crema-tensora-para-ella\/#breadcrumb"},"inLanguage":"es","potentialAction":[{"@type":"ReadAction","target":["https:\/\/demoweb.info\/sexshop001\/producto\/shiatsu-crema-tensora-para-ella\/"]}]},{"@type":"BreadcrumbList","@id":"https:\/\/demoweb.info\/sexshop001\/producto\/shiatsu-crema-tensora-para-ella\/#breadcrumb","itemListElement":[{"@type":"ListItem","position":1,"name":"Portada","item":"https:\/\/demoweb.info\/sexshop001\/"},{"@type":"ListItem","position":2,"name":"Tienda","item":"https:\/\/demoweb.info\/sexshop001\/tienda\/"},{"@type":"ListItem","position":3,"name":"SHIATSU CREMA TENSORA PARA ELLA"}]},{"@type":"WebSite","@id":"https:\/\/demoweb.info\/sexshop001\/#website","url":"https:\/\/demoweb.info\/sexshop001\/","name":"Tienda Er\u00f3tica","description":"DEMOWEB SL","potentialAction":[{"@type":"SearchAction","target":{"@type":"EntryPoint","urlTemplate":"https:\/\/demoweb.info\/sexshop001\/?s={search_term_string}"},"query-input":"required name=search_term_string"}],"inLanguage":"es"}]}},"_links":{"self":[{"href":"https:\/\/demoweb.info\/sexshop001\/wp-json\/wp\/v3\/product\/21850","targetHints":{"allow":["GET"]}}],"collection":[{"href":"https:\/\/demoweb.info\/sexshop001\/wp-json\/wp\/v3\/product"}],"about":[{"href":"https:\/\/demoweb.info\/sexshop001\/wp-json\/wp\/v2\/types\/product"}],"replies":[{"embeddable":true,"href":"https:\/\/demoweb.info\/sexshop001\/wp-json\/wp\/v2\/comments?post=21850"}],"wp:featuredmedia":[{"embeddable":true,"href":"https:\/\/demoweb.info\/sexshop001\/wp-json\/wp\/v2\/media\/21851"}],"wp:attachment":[{"href":"https:\/\/demoweb.info\/sexshop001\/wp-json\/wp\/v2\/media?parent=21850"}],"wp:term":[{"taxonomy":"product_cat","embeddable":true,"href":"https:\/\/demoweb.info\/sexshop001\/wp-json\/wp\/v2\/product_cat?post=21850"},{"taxonomy":"product_tag","embeddable":true,"href":"https:\/\/demoweb.info\/sexshop001\/wp-json\/wp\/v2\/product_tag?post=21850"}],"curies":[{"name":"wp","href":"https:\/\/api.w.org\/{rel}","templated":true}]}}