{"id":21845,"date":"2022-01-22T11:20:44","date_gmt":"2022-01-22T10:20:44","guid":{"rendered":"https:\/\/demoweb.info\/sexshop001\/producto\/shiatsu-crema-estimuladores-para-ella\/"},"modified":"2022-01-22T11:20:47","modified_gmt":"2022-01-22T10:20:47","slug":"shiatsu-crema-estimuladores-para-ella","status":"publish","type":"product","link":"https:\/\/demoweb.info\/sexshop001\/producto\/shiatsu-crema-estimuladores-para-ella\/","title":{"rendered":"SHIATSU CREMA ESTIMULADORES PARA ELLA"},"content":{"rendered":"<p><strong>STIMULATION CREAM<\/strong><\/p>\n<p>Crema de estimulaci\u00f3n para mujeres para uso en el \u00e1rea genital.<\/p>\n<p>Ingredientes que calientan la zona y estimulan la circulaci\u00f3n sangu\u00ednea para aumentar la sensibilidad del cl\u00edtoris y los labios.<\/p>\n<ul>\n<li>Olor: Natural<\/li>\n<li>Ingredientes: PETROLATUM, PARAFFINUM LIQUIDUM, ACEITE DE HOJA DE EUCALYPTUS GLOBULUS, ACEITE DE GLICINA DE SOJA (SOJA), SALICILATO DE METILO, ACEITE DE HOJA DE ROSMARINUS OFFICINALIS (ROMERO), EUGENOL, ZINGIBER OFFICINALE (EXTRACTOR DE GALOFINA, LILOFINA) ACEITE, LINALOOL, BENZOATO DE BENCILO, CANELA, ACEITE DE HOJA DE CINAMOMUM ZEYLANICUM, TOCOFEROL,<\/li>\n<\/ul>\n","protected":false},"excerpt":{"rendered":"<p>STIMULATION CREAM Crema de estimulaci\u00f3n para mujeres para uso en el \u00e1rea genital. Ingredientes que calientan la zona y estimulan<\/p>\n","protected":false},"featured_media":21846,"comment_status":"open","ping_status":"open","template":"","meta":[],"product_cat":[355],"product_tag":[401,402],"class_list":["post-21845","product","type-product","status-publish","has-post-thumbnail","hentry","product_cat-ellas","product_tag-hot","product_tag-shiatsu"],"bundled_by":[],"bundle_stock_status":"instock","bundle_stock_quantity":22,"bundle_virtual":false,"bundle_layout":"","bundle_add_to_cart_form_location":"","bundle_editable_in_cart":false,"bundle_sold_individually_context":"","bundle_item_grouping":"","bundle_min_size":"","bundle_max_size":"","bundled_items":[],"yoast_head":"<!-- This site is optimized with the Yoast SEO plugin v20.6 - https:\/\/yoast.com\/wordpress\/plugins\/seo\/ -->\n<title>SHIATSU CREMA ESTIMULADORES PARA ELLA - Tienda Er\u00f3tica<\/title>\n<meta name=\"robots\" content=\"noindex, follow, max-snippet:-1, max-image-preview:large, max-video-preview:-1\" \/>\n<meta property=\"og:locale\" content=\"es_ES\" \/>\n<meta property=\"og:type\" content=\"article\" \/>\n<meta property=\"og:title\" content=\"SHIATSU CREMA ESTIMULADORES PARA ELLA - Tienda Er\u00f3tica\" \/>\n<meta property=\"og:description\" content=\"STIMULATION CREAM Crema de estimulaci\u00f3n para mujeres para uso en el \u00e1rea genital. Ingredientes que calientan la zona y estimulan\" \/>\n<meta property=\"og:url\" content=\"https:\/\/demoweb.info\/sexshop001\/producto\/shiatsu-crema-estimuladores-para-ella\/\" \/>\n<meta property=\"og:site_name\" content=\"Tienda Er\u00f3tica\" \/>\n<meta property=\"article:modified_time\" content=\"2022-01-22T10:20:47+00:00\" \/>\n<meta property=\"og:image\" content=\"https:\/\/demoweb.info\/sexshop001\/wp-content\/uploads\/2022\/01\/SHIATSU-CREMA-ESTIMULADORES-PARA-ELLA.jpg\" \/>\n\t<meta property=\"og:image:width\" content=\"550\" \/>\n\t<meta property=\"og:image:height\" content=\"550\" \/>\n\t<meta property=\"og:image:type\" content=\"image\/jpeg\" \/>\n<meta name=\"twitter:card\" content=\"summary_large_image\" \/>\n<script type=\"application\/ld+json\" class=\"yoast-schema-graph\">{\"@context\":\"https:\/\/schema.org\",\"@graph\":[{\"@type\":\"WebPage\",\"@id\":\"https:\/\/demoweb.info\/sexshop001\/producto\/shiatsu-crema-estimuladores-para-ella\/\",\"url\":\"https:\/\/demoweb.info\/sexshop001\/producto\/shiatsu-crema-estimuladores-para-ella\/\",\"name\":\"SHIATSU CREMA ESTIMULADORES PARA ELLA - Tienda Er\u00f3tica\",\"isPartOf\":{\"@id\":\"https:\/\/demoweb.info\/sexshop001\/#website\"},\"datePublished\":\"2022-01-22T10:20:44+00:00\",\"dateModified\":\"2022-01-22T10:20:47+00:00\",\"breadcrumb\":{\"@id\":\"https:\/\/demoweb.info\/sexshop001\/producto\/shiatsu-crema-estimuladores-para-ella\/#breadcrumb\"},\"inLanguage\":\"es\",\"potentialAction\":[{\"@type\":\"ReadAction\",\"target\":[\"https:\/\/demoweb.info\/sexshop001\/producto\/shiatsu-crema-estimuladores-para-ella\/\"]}]},{\"@type\":\"BreadcrumbList\",\"@id\":\"https:\/\/demoweb.info\/sexshop001\/producto\/shiatsu-crema-estimuladores-para-ella\/#breadcrumb\",\"itemListElement\":[{\"@type\":\"ListItem\",\"position\":1,\"name\":\"Portada\",\"item\":\"https:\/\/demoweb.info\/sexshop001\/\"},{\"@type\":\"ListItem\",\"position\":2,\"name\":\"Tienda\",\"item\":\"https:\/\/demoweb.info\/sexshop001\/tienda\/\"},{\"@type\":\"ListItem\",\"position\":3,\"name\":\"SHIATSU CREMA ESTIMULADORES PARA ELLA\"}]},{\"@type\":\"WebSite\",\"@id\":\"https:\/\/demoweb.info\/sexshop001\/#website\",\"url\":\"https:\/\/demoweb.info\/sexshop001\/\",\"name\":\"Tienda Er\u00f3tica\",\"description\":\"DEMOWEB SL\",\"potentialAction\":[{\"@type\":\"SearchAction\",\"target\":{\"@type\":\"EntryPoint\",\"urlTemplate\":\"https:\/\/demoweb.info\/sexshop001\/?s={search_term_string}\"},\"query-input\":\"required name=search_term_string\"}],\"inLanguage\":\"es\"}]}<\/script>\n<!-- \/ Yoast SEO plugin. -->","yoast_head_json":{"title":"SHIATSU CREMA ESTIMULADORES PARA ELLA - Tienda Er\u00f3tica","robots":{"index":"noindex","follow":"follow","max-snippet":"max-snippet:-1","max-image-preview":"max-image-preview:large","max-video-preview":"max-video-preview:-1"},"og_locale":"es_ES","og_type":"article","og_title":"SHIATSU CREMA ESTIMULADORES PARA ELLA - Tienda Er\u00f3tica","og_description":"STIMULATION CREAM Crema de estimulaci\u00f3n para mujeres para uso en el \u00e1rea genital. Ingredientes que calientan la zona y estimulan","og_url":"https:\/\/demoweb.info\/sexshop001\/producto\/shiatsu-crema-estimuladores-para-ella\/","og_site_name":"Tienda Er\u00f3tica","article_modified_time":"2022-01-22T10:20:47+00:00","og_image":[{"width":550,"height":550,"url":"https:\/\/demoweb.info\/sexshop001\/wp-content\/uploads\/2022\/01\/SHIATSU-CREMA-ESTIMULADORES-PARA-ELLA.jpg","type":"image\/jpeg"}],"twitter_card":"summary_large_image","schema":{"@context":"https:\/\/schema.org","@graph":[{"@type":"WebPage","@id":"https:\/\/demoweb.info\/sexshop001\/producto\/shiatsu-crema-estimuladores-para-ella\/","url":"https:\/\/demoweb.info\/sexshop001\/producto\/shiatsu-crema-estimuladores-para-ella\/","name":"SHIATSU CREMA ESTIMULADORES PARA ELLA - Tienda Er\u00f3tica","isPartOf":{"@id":"https:\/\/demoweb.info\/sexshop001\/#website"},"datePublished":"2022-01-22T10:20:44+00:00","dateModified":"2022-01-22T10:20:47+00:00","breadcrumb":{"@id":"https:\/\/demoweb.info\/sexshop001\/producto\/shiatsu-crema-estimuladores-para-ella\/#breadcrumb"},"inLanguage":"es","potentialAction":[{"@type":"ReadAction","target":["https:\/\/demoweb.info\/sexshop001\/producto\/shiatsu-crema-estimuladores-para-ella\/"]}]},{"@type":"BreadcrumbList","@id":"https:\/\/demoweb.info\/sexshop001\/producto\/shiatsu-crema-estimuladores-para-ella\/#breadcrumb","itemListElement":[{"@type":"ListItem","position":1,"name":"Portada","item":"https:\/\/demoweb.info\/sexshop001\/"},{"@type":"ListItem","position":2,"name":"Tienda","item":"https:\/\/demoweb.info\/sexshop001\/tienda\/"},{"@type":"ListItem","position":3,"name":"SHIATSU CREMA ESTIMULADORES PARA ELLA"}]},{"@type":"WebSite","@id":"https:\/\/demoweb.info\/sexshop001\/#website","url":"https:\/\/demoweb.info\/sexshop001\/","name":"Tienda Er\u00f3tica","description":"DEMOWEB SL","potentialAction":[{"@type":"SearchAction","target":{"@type":"EntryPoint","urlTemplate":"https:\/\/demoweb.info\/sexshop001\/?s={search_term_string}"},"query-input":"required name=search_term_string"}],"inLanguage":"es"}]}},"_links":{"self":[{"href":"https:\/\/demoweb.info\/sexshop001\/wp-json\/wp\/v3\/product\/21845","targetHints":{"allow":["GET"]}}],"collection":[{"href":"https:\/\/demoweb.info\/sexshop001\/wp-json\/wp\/v3\/product"}],"about":[{"href":"https:\/\/demoweb.info\/sexshop001\/wp-json\/wp\/v2\/types\/product"}],"replies":[{"embeddable":true,"href":"https:\/\/demoweb.info\/sexshop001\/wp-json\/wp\/v2\/comments?post=21845"}],"wp:featuredmedia":[{"embeddable":true,"href":"https:\/\/demoweb.info\/sexshop001\/wp-json\/wp\/v2\/media\/21846"}],"wp:attachment":[{"href":"https:\/\/demoweb.info\/sexshop001\/wp-json\/wp\/v2\/media?parent=21845"}],"wp:term":[{"taxonomy":"product_cat","embeddable":true,"href":"https:\/\/demoweb.info\/sexshop001\/wp-json\/wp\/v2\/product_cat?post=21845"},{"taxonomy":"product_tag","embeddable":true,"href":"https:\/\/demoweb.info\/sexshop001\/wp-json\/wp\/v2\/product_tag?post=21845"}],"curies":[{"name":"wp","href":"https:\/\/api.w.org\/{rel}","templated":true}]}}