{"id":21169,"date":"2022-01-22T11:14:53","date_gmt":"2022-01-22T10:14:53","guid":{"rendered":"https:\/\/demoweb.info\/sexshop001\/producto\/anillo-ripple-asslock-con-plug-negro\/"},"modified":"2022-01-22T11:15:09","modified_gmt":"2022-01-22T10:15:09","slug":"anillo-ripple-asslock-con-plug-negro","status":"publish","type":"product","link":"https:\/\/demoweb.info\/sexshop001\/producto\/anillo-ripple-asslock-con-plug-negro\/","title":{"rendered":"ANILLO RIPPLE ASSLOCK CON PLUG &#8211; NEGRO"},"content":{"rendered":"<p><strong>RIPPLE ASSLOCK<\/strong><\/p>\n<p>H\u00fcnkyjunk hace un culo genial: RIPPLE conecta un anillo en C de goma a un eje con jorobas onduladas que rozan la mancha a un tap\u00f3n anal dise\u00f1ado para trabajar la pr\u00f3stata.<\/p>\n<p>Cada movimiento, cada golpe de JO tira del enchufe y se siente incre\u00edble.<\/p>\n<p>Los asslocks son un gran juguete para el juego JO, o usa uno cuando follas; cada empuje tambi\u00e9n te hace sentir el empuje &#8230; y el anillo del pene no es demasiado apretado, solo lo suficientemente gomoso para un juego largo sin exceso de agarre.<\/p>\n<p>H\u00fcnkyjunk hace juguetes que hacen que el sexo sea m\u00e1s divertido, RIPPLE hace que las largas sesiones de JO sean una maravilla.<\/p>\n<ul>\n<li>Longitud total: 20.3 x 1.9 &#8211; 4.4 x 2.5 &#8211; 4.4 cm<\/li>\n<li>Di\u00e1metro: Plug largest circumference: 12 cm | Plug smallest circumference: 8.3 cm | Cockring inner circumference: 11.4 cm | Cockring outer circumference: 19 cm<\/li>\n<li>Impermeable: Yes<\/li>\n<li>Material: Plus+silicone: TPR\/silicona.<\/li>\n<\/ul>\n","protected":false},"excerpt":{"rendered":"<p>RIPPLE ASSLOCK H\u00fcnkyjunk hace un culo genial: RIPPLE conecta un anillo en C de goma a un eje con jorobas<\/p>\n","protected":false},"featured_media":21170,"comment_status":"open","ping_status":"open","template":"","meta":[],"product_cat":[466],"product_tag":[1011],"class_list":["post-21169","product","type-product","status-publish","has-post-thumbnail","hentry","product_cat-con-plug","product_tag-hunky-junk"],"bundled_by":[],"bundle_stock_status":"instock","bundle_stock_quantity":2,"bundle_virtual":false,"bundle_layout":"","bundle_add_to_cart_form_location":"","bundle_editable_in_cart":false,"bundle_sold_individually_context":"","bundle_item_grouping":"","bundle_min_size":"","bundle_max_size":"","bundled_items":[],"yoast_head":"<!-- This site is optimized with the Yoast SEO plugin v20.6 - https:\/\/yoast.com\/wordpress\/plugins\/seo\/ -->\n<title>ANILLO RIPPLE ASSLOCK CON PLUG - NEGRO - Tienda Er\u00f3tica<\/title>\n<meta name=\"robots\" content=\"noindex, follow, max-snippet:-1, max-image-preview:large, max-video-preview:-1\" \/>\n<meta property=\"og:locale\" content=\"es_ES\" \/>\n<meta property=\"og:type\" content=\"article\" \/>\n<meta property=\"og:title\" content=\"ANILLO RIPPLE ASSLOCK CON PLUG - NEGRO - Tienda Er\u00f3tica\" \/>\n<meta property=\"og:description\" content=\"RIPPLE ASSLOCK H\u00fcnkyjunk hace un culo genial: RIPPLE conecta un anillo en C de goma a un eje con jorobas\" \/>\n<meta property=\"og:url\" content=\"https:\/\/demoweb.info\/sexshop001\/producto\/anillo-ripple-asslock-con-plug-negro\/\" \/>\n<meta property=\"og:site_name\" content=\"Tienda Er\u00f3tica\" \/>\n<meta property=\"article:modified_time\" content=\"2022-01-22T10:15:09+00:00\" \/>\n<meta property=\"og:image\" content=\"https:\/\/demoweb.info\/sexshop001\/wp-content\/uploads\/2022\/01\/ANILLO-RIPPLE-ASSLOCK-CON-PLUG-NEGRO.jpg\" \/>\n\t<meta property=\"og:image:width\" content=\"550\" \/>\n\t<meta property=\"og:image:height\" content=\"550\" \/>\n\t<meta property=\"og:image:type\" content=\"image\/jpeg\" \/>\n<meta name=\"twitter:card\" content=\"summary_large_image\" \/>\n<meta name=\"twitter:label1\" content=\"Tiempo de lectura\" \/>\n\t<meta name=\"twitter:data1\" content=\"1 minuto\" \/>\n<script type=\"application\/ld+json\" class=\"yoast-schema-graph\">{\"@context\":\"https:\/\/schema.org\",\"@graph\":[{\"@type\":\"WebPage\",\"@id\":\"https:\/\/demoweb.info\/sexshop001\/producto\/anillo-ripple-asslock-con-plug-negro\/\",\"url\":\"https:\/\/demoweb.info\/sexshop001\/producto\/anillo-ripple-asslock-con-plug-negro\/\",\"name\":\"ANILLO RIPPLE ASSLOCK CON PLUG - NEGRO - Tienda Er\u00f3tica\",\"isPartOf\":{\"@id\":\"https:\/\/demoweb.info\/sexshop001\/#website\"},\"datePublished\":\"2022-01-22T10:14:53+00:00\",\"dateModified\":\"2022-01-22T10:15:09+00:00\",\"breadcrumb\":{\"@id\":\"https:\/\/demoweb.info\/sexshop001\/producto\/anillo-ripple-asslock-con-plug-negro\/#breadcrumb\"},\"inLanguage\":\"es\",\"potentialAction\":[{\"@type\":\"ReadAction\",\"target\":[\"https:\/\/demoweb.info\/sexshop001\/producto\/anillo-ripple-asslock-con-plug-negro\/\"]}]},{\"@type\":\"BreadcrumbList\",\"@id\":\"https:\/\/demoweb.info\/sexshop001\/producto\/anillo-ripple-asslock-con-plug-negro\/#breadcrumb\",\"itemListElement\":[{\"@type\":\"ListItem\",\"position\":1,\"name\":\"Portada\",\"item\":\"https:\/\/demoweb.info\/sexshop001\/\"},{\"@type\":\"ListItem\",\"position\":2,\"name\":\"Tienda\",\"item\":\"https:\/\/demoweb.info\/sexshop001\/tienda\/\"},{\"@type\":\"ListItem\",\"position\":3,\"name\":\"ANILLO RIPPLE ASSLOCK CON PLUG &#8211; NEGRO\"}]},{\"@type\":\"WebSite\",\"@id\":\"https:\/\/demoweb.info\/sexshop001\/#website\",\"url\":\"https:\/\/demoweb.info\/sexshop001\/\",\"name\":\"Tienda Er\u00f3tica\",\"description\":\"DEMOWEB SL\",\"potentialAction\":[{\"@type\":\"SearchAction\",\"target\":{\"@type\":\"EntryPoint\",\"urlTemplate\":\"https:\/\/demoweb.info\/sexshop001\/?s={search_term_string}\"},\"query-input\":\"required name=search_term_string\"}],\"inLanguage\":\"es\"}]}<\/script>\n<!-- \/ Yoast SEO plugin. -->","yoast_head_json":{"title":"ANILLO RIPPLE ASSLOCK CON PLUG - NEGRO - Tienda Er\u00f3tica","robots":{"index":"noindex","follow":"follow","max-snippet":"max-snippet:-1","max-image-preview":"max-image-preview:large","max-video-preview":"max-video-preview:-1"},"og_locale":"es_ES","og_type":"article","og_title":"ANILLO RIPPLE ASSLOCK CON PLUG - NEGRO - Tienda Er\u00f3tica","og_description":"RIPPLE ASSLOCK H\u00fcnkyjunk hace un culo genial: RIPPLE conecta un anillo en C de goma a un eje con jorobas","og_url":"https:\/\/demoweb.info\/sexshop001\/producto\/anillo-ripple-asslock-con-plug-negro\/","og_site_name":"Tienda Er\u00f3tica","article_modified_time":"2022-01-22T10:15:09+00:00","og_image":[{"width":550,"height":550,"url":"https:\/\/demoweb.info\/sexshop001\/wp-content\/uploads\/2022\/01\/ANILLO-RIPPLE-ASSLOCK-CON-PLUG-NEGRO.jpg","type":"image\/jpeg"}],"twitter_card":"summary_large_image","twitter_misc":{"Tiempo de lectura":"1 minuto"},"schema":{"@context":"https:\/\/schema.org","@graph":[{"@type":"WebPage","@id":"https:\/\/demoweb.info\/sexshop001\/producto\/anillo-ripple-asslock-con-plug-negro\/","url":"https:\/\/demoweb.info\/sexshop001\/producto\/anillo-ripple-asslock-con-plug-negro\/","name":"ANILLO RIPPLE ASSLOCK CON PLUG - NEGRO - Tienda Er\u00f3tica","isPartOf":{"@id":"https:\/\/demoweb.info\/sexshop001\/#website"},"datePublished":"2022-01-22T10:14:53+00:00","dateModified":"2022-01-22T10:15:09+00:00","breadcrumb":{"@id":"https:\/\/demoweb.info\/sexshop001\/producto\/anillo-ripple-asslock-con-plug-negro\/#breadcrumb"},"inLanguage":"es","potentialAction":[{"@type":"ReadAction","target":["https:\/\/demoweb.info\/sexshop001\/producto\/anillo-ripple-asslock-con-plug-negro\/"]}]},{"@type":"BreadcrumbList","@id":"https:\/\/demoweb.info\/sexshop001\/producto\/anillo-ripple-asslock-con-plug-negro\/#breadcrumb","itemListElement":[{"@type":"ListItem","position":1,"name":"Portada","item":"https:\/\/demoweb.info\/sexshop001\/"},{"@type":"ListItem","position":2,"name":"Tienda","item":"https:\/\/demoweb.info\/sexshop001\/tienda\/"},{"@type":"ListItem","position":3,"name":"ANILLO RIPPLE ASSLOCK CON PLUG &#8211; NEGRO"}]},{"@type":"WebSite","@id":"https:\/\/demoweb.info\/sexshop001\/#website","url":"https:\/\/demoweb.info\/sexshop001\/","name":"Tienda Er\u00f3tica","description":"DEMOWEB SL","potentialAction":[{"@type":"SearchAction","target":{"@type":"EntryPoint","urlTemplate":"https:\/\/demoweb.info\/sexshop001\/?s={search_term_string}"},"query-input":"required name=search_term_string"}],"inLanguage":"es"}]}},"_links":{"self":[{"href":"https:\/\/demoweb.info\/sexshop001\/wp-json\/wp\/v3\/product\/21169","targetHints":{"allow":["GET"]}}],"collection":[{"href":"https:\/\/demoweb.info\/sexshop001\/wp-json\/wp\/v3\/product"}],"about":[{"href":"https:\/\/demoweb.info\/sexshop001\/wp-json\/wp\/v2\/types\/product"}],"replies":[{"embeddable":true,"href":"https:\/\/demoweb.info\/sexshop001\/wp-json\/wp\/v2\/comments?post=21169"}],"wp:featuredmedia":[{"embeddable":true,"href":"https:\/\/demoweb.info\/sexshop001\/wp-json\/wp\/v2\/media\/21170"}],"wp:attachment":[{"href":"https:\/\/demoweb.info\/sexshop001\/wp-json\/wp\/v2\/media?parent=21169"}],"wp:term":[{"taxonomy":"product_cat","embeddable":true,"href":"https:\/\/demoweb.info\/sexshop001\/wp-json\/wp\/v2\/product_cat?post=21169"},{"taxonomy":"product_tag","embeddable":true,"href":"https:\/\/demoweb.info\/sexshop001\/wp-json\/wp\/v2\/product_tag?post=21169"}],"curies":[{"name":"wp","href":"https:\/\/api.w.org\/{rel}","templated":true}]}}