{"id":21091,"date":"2022-01-22T11:14:22","date_gmt":"2022-01-22T10:14:22","guid":{"rendered":"https:\/\/demoweb.info\/sexshop001\/producto\/kit-anillos-cog-2-size-cockrings-azul\/"},"modified":"2022-01-22T11:14:34","modified_gmt":"2022-01-22T10:14:34","slug":"kit-anillos-cog-2-size-cockrings-azul","status":"publish","type":"product","link":"https:\/\/demoweb.info\/sexshop001\/producto\/kit-anillos-cog-2-size-cockrings-azul\/","title":{"rendered":"KIT ANILLOS COG 2 SIZE COCKRINGS &#8211; AZUL"},"content":{"rendered":"<p><strong>COG 2-SIZE COCKRINGS<\/strong><\/p>\n<p>Anillos en C de goma COG, 1 anillo peque\u00f1o + 1 anillo grande: el COG grande est\u00e1 dise\u00f1ado para hombres a los que les gusta un anillo en C s\u00faper el\u00e1stico m\u00e1s pesado, el COG m\u00e1s peque\u00f1o para un ajuste m\u00e1s ajustado, o \u00faselo en su mochila.<\/p>\n<p>A H\u00fcnkyjunk le gusta ofrecer m\u00e1s opciones para todo tipo de juego.<\/p>\n<p>Cada paquete tiene 2 anillos de colores diferentes, ambos con una textura de superficie de agarre estriada que se ve genial y se siente incre\u00edble &#8230;<\/p>\n<p>\u00a1A h\u00fcnkyjunk le encantan los detalles!<\/p>\n<p>Una ranura dentro del anillo contiene un poco de lubricante para un uso c\u00f3modo y el anillo interior se aplana a medida que el COG se estira para que el juguete permanezca donde lo colocaste &#8230;<\/p>\n<p>No se rodar\u00e1 ni se pellizcar\u00e1. La mezcla plus + silicona TPR \/ silicona se siente suave y c\u00e1lida &#8230; aterciopelada como la silicona + fuerte y el\u00e1stica como TPR.<\/p>\n<p>Los anillos COG se adaptan a ti de muchas maneras: h\u00fcnkyjunk te ofrece m\u00e1s formas de jugar. \u00a1S\u00e9 H\u00fcj!<\/p>\n<ul>\n<li>Lontitud Anillo grande: 5.1 x 5.1 x 1.3<\/li>\n<li>Lontitud Anillo largo : 5.7 x 5.7 x 1.3 cm<\/li>\n<li>Diametro circunferencia grande: 15.2cm , Inner : 7cm<\/li>\n<li>Diametro circunferencia largo: 17.1cm , inner: 8.3cm<\/li>\n<li>Material: Plus + Silicona.<\/li>\n<\/ul>\n","protected":false},"excerpt":{"rendered":"<p>COG 2-SIZE COCKRINGS Anillos en C de goma COG, 1 anillo peque\u00f1o + 1 anillo grande: el COG grande est\u00e1<\/p>\n","protected":false},"featured_media":21092,"comment_status":"open","ping_status":"open","template":"","meta":[],"product_cat":[324],"product_tag":[1011],"class_list":["post-21091","product","type-product","status-publish","has-post-thumbnail","hentry","product_cat-kits-anillos","product_tag-hunky-junk"],"bundled_by":[],"bundle_stock_status":"instock","bundle_stock_quantity":2,"bundle_virtual":false,"bundle_layout":"","bundle_add_to_cart_form_location":"","bundle_editable_in_cart":false,"bundle_sold_individually_context":"","bundle_item_grouping":"","bundle_min_size":"","bundle_max_size":"","bundled_items":[],"yoast_head":"<!-- This site is optimized with the Yoast SEO plugin v20.6 - https:\/\/yoast.com\/wordpress\/plugins\/seo\/ -->\n<title>KIT ANILLOS COG 2 SIZE COCKRINGS - AZUL - Tienda Er\u00f3tica<\/title>\n<meta name=\"robots\" content=\"noindex, follow, max-snippet:-1, max-image-preview:large, max-video-preview:-1\" \/>\n<meta property=\"og:locale\" content=\"es_ES\" \/>\n<meta property=\"og:type\" content=\"article\" \/>\n<meta property=\"og:title\" content=\"KIT ANILLOS COG 2 SIZE COCKRINGS - AZUL - Tienda Er\u00f3tica\" \/>\n<meta property=\"og:description\" content=\"COG 2-SIZE COCKRINGS Anillos en C de goma COG, 1 anillo peque\u00f1o + 1 anillo grande: el COG grande est\u00e1\" \/>\n<meta property=\"og:url\" content=\"https:\/\/demoweb.info\/sexshop001\/producto\/kit-anillos-cog-2-size-cockrings-azul\/\" \/>\n<meta property=\"og:site_name\" content=\"Tienda Er\u00f3tica\" \/>\n<meta property=\"article:modified_time\" content=\"2022-01-22T10:14:34+00:00\" \/>\n<meta property=\"og:image\" content=\"https:\/\/demoweb.info\/sexshop001\/wp-content\/uploads\/2022\/01\/KIT-ANILLOS-COG-2-SIZE-COCKRINGS-AZUL.jpg\" \/>\n\t<meta property=\"og:image:width\" content=\"550\" \/>\n\t<meta property=\"og:image:height\" content=\"550\" \/>\n\t<meta property=\"og:image:type\" content=\"image\/jpeg\" \/>\n<meta name=\"twitter:card\" content=\"summary_large_image\" \/>\n<meta name=\"twitter:label1\" content=\"Tiempo de lectura\" \/>\n\t<meta name=\"twitter:data1\" content=\"1 minuto\" \/>\n<script type=\"application\/ld+json\" class=\"yoast-schema-graph\">{\"@context\":\"https:\/\/schema.org\",\"@graph\":[{\"@type\":\"WebPage\",\"@id\":\"https:\/\/demoweb.info\/sexshop001\/producto\/kit-anillos-cog-2-size-cockrings-azul\/\",\"url\":\"https:\/\/demoweb.info\/sexshop001\/producto\/kit-anillos-cog-2-size-cockrings-azul\/\",\"name\":\"KIT ANILLOS COG 2 SIZE COCKRINGS - AZUL - Tienda Er\u00f3tica\",\"isPartOf\":{\"@id\":\"https:\/\/demoweb.info\/sexshop001\/#website\"},\"datePublished\":\"2022-01-22T10:14:22+00:00\",\"dateModified\":\"2022-01-22T10:14:34+00:00\",\"breadcrumb\":{\"@id\":\"https:\/\/demoweb.info\/sexshop001\/producto\/kit-anillos-cog-2-size-cockrings-azul\/#breadcrumb\"},\"inLanguage\":\"es\",\"potentialAction\":[{\"@type\":\"ReadAction\",\"target\":[\"https:\/\/demoweb.info\/sexshop001\/producto\/kit-anillos-cog-2-size-cockrings-azul\/\"]}]},{\"@type\":\"BreadcrumbList\",\"@id\":\"https:\/\/demoweb.info\/sexshop001\/producto\/kit-anillos-cog-2-size-cockrings-azul\/#breadcrumb\",\"itemListElement\":[{\"@type\":\"ListItem\",\"position\":1,\"name\":\"Portada\",\"item\":\"https:\/\/demoweb.info\/sexshop001\/\"},{\"@type\":\"ListItem\",\"position\":2,\"name\":\"Tienda\",\"item\":\"https:\/\/demoweb.info\/sexshop001\/tienda\/\"},{\"@type\":\"ListItem\",\"position\":3,\"name\":\"KIT ANILLOS COG 2 SIZE COCKRINGS &#8211; AZUL\"}]},{\"@type\":\"WebSite\",\"@id\":\"https:\/\/demoweb.info\/sexshop001\/#website\",\"url\":\"https:\/\/demoweb.info\/sexshop001\/\",\"name\":\"Tienda Er\u00f3tica\",\"description\":\"DEMOWEB SL\",\"potentialAction\":[{\"@type\":\"SearchAction\",\"target\":{\"@type\":\"EntryPoint\",\"urlTemplate\":\"https:\/\/demoweb.info\/sexshop001\/?s={search_term_string}\"},\"query-input\":\"required name=search_term_string\"}],\"inLanguage\":\"es\"}]}<\/script>\n<!-- \/ Yoast SEO plugin. -->","yoast_head_json":{"title":"KIT ANILLOS COG 2 SIZE COCKRINGS - AZUL - Tienda Er\u00f3tica","robots":{"index":"noindex","follow":"follow","max-snippet":"max-snippet:-1","max-image-preview":"max-image-preview:large","max-video-preview":"max-video-preview:-1"},"og_locale":"es_ES","og_type":"article","og_title":"KIT ANILLOS COG 2 SIZE COCKRINGS - AZUL - Tienda Er\u00f3tica","og_description":"COG 2-SIZE COCKRINGS Anillos en C de goma COG, 1 anillo peque\u00f1o + 1 anillo grande: el COG grande est\u00e1","og_url":"https:\/\/demoweb.info\/sexshop001\/producto\/kit-anillos-cog-2-size-cockrings-azul\/","og_site_name":"Tienda Er\u00f3tica","article_modified_time":"2022-01-22T10:14:34+00:00","og_image":[{"width":550,"height":550,"url":"https:\/\/demoweb.info\/sexshop001\/wp-content\/uploads\/2022\/01\/KIT-ANILLOS-COG-2-SIZE-COCKRINGS-AZUL.jpg","type":"image\/jpeg"}],"twitter_card":"summary_large_image","twitter_misc":{"Tiempo de lectura":"1 minuto"},"schema":{"@context":"https:\/\/schema.org","@graph":[{"@type":"WebPage","@id":"https:\/\/demoweb.info\/sexshop001\/producto\/kit-anillos-cog-2-size-cockrings-azul\/","url":"https:\/\/demoweb.info\/sexshop001\/producto\/kit-anillos-cog-2-size-cockrings-azul\/","name":"KIT ANILLOS COG 2 SIZE COCKRINGS - AZUL - Tienda Er\u00f3tica","isPartOf":{"@id":"https:\/\/demoweb.info\/sexshop001\/#website"},"datePublished":"2022-01-22T10:14:22+00:00","dateModified":"2022-01-22T10:14:34+00:00","breadcrumb":{"@id":"https:\/\/demoweb.info\/sexshop001\/producto\/kit-anillos-cog-2-size-cockrings-azul\/#breadcrumb"},"inLanguage":"es","potentialAction":[{"@type":"ReadAction","target":["https:\/\/demoweb.info\/sexshop001\/producto\/kit-anillos-cog-2-size-cockrings-azul\/"]}]},{"@type":"BreadcrumbList","@id":"https:\/\/demoweb.info\/sexshop001\/producto\/kit-anillos-cog-2-size-cockrings-azul\/#breadcrumb","itemListElement":[{"@type":"ListItem","position":1,"name":"Portada","item":"https:\/\/demoweb.info\/sexshop001\/"},{"@type":"ListItem","position":2,"name":"Tienda","item":"https:\/\/demoweb.info\/sexshop001\/tienda\/"},{"@type":"ListItem","position":3,"name":"KIT ANILLOS COG 2 SIZE COCKRINGS &#8211; AZUL"}]},{"@type":"WebSite","@id":"https:\/\/demoweb.info\/sexshop001\/#website","url":"https:\/\/demoweb.info\/sexshop001\/","name":"Tienda Er\u00f3tica","description":"DEMOWEB SL","potentialAction":[{"@type":"SearchAction","target":{"@type":"EntryPoint","urlTemplate":"https:\/\/demoweb.info\/sexshop001\/?s={search_term_string}"},"query-input":"required name=search_term_string"}],"inLanguage":"es"}]}},"_links":{"self":[{"href":"https:\/\/demoweb.info\/sexshop001\/wp-json\/wp\/v3\/product\/21091","targetHints":{"allow":["GET"]}}],"collection":[{"href":"https:\/\/demoweb.info\/sexshop001\/wp-json\/wp\/v3\/product"}],"about":[{"href":"https:\/\/demoweb.info\/sexshop001\/wp-json\/wp\/v2\/types\/product"}],"replies":[{"embeddable":true,"href":"https:\/\/demoweb.info\/sexshop001\/wp-json\/wp\/v2\/comments?post=21091"}],"wp:featuredmedia":[{"embeddable":true,"href":"https:\/\/demoweb.info\/sexshop001\/wp-json\/wp\/v2\/media\/21092"}],"wp:attachment":[{"href":"https:\/\/demoweb.info\/sexshop001\/wp-json\/wp\/v2\/media?parent=21091"}],"wp:term":[{"taxonomy":"product_cat","embeddable":true,"href":"https:\/\/demoweb.info\/sexshop001\/wp-json\/wp\/v2\/product_cat?post=21091"},{"taxonomy":"product_tag","embeddable":true,"href":"https:\/\/demoweb.info\/sexshop001\/wp-json\/wp\/v2\/product_tag?post=21091"}],"curies":[{"name":"wp","href":"https:\/\/api.w.org\/{rel}","templated":true}]}}