{"id":21070,"date":"2022-01-22T11:14:22","date_gmt":"2022-01-22T10:14:22","guid":{"rendered":"https:\/\/demoweb.info\/sexshop001\/producto\/maquina-del-amor-f-machine-pro-3-rosa\/"},"modified":"2022-01-22T11:14:25","modified_gmt":"2022-01-22T10:14:25","slug":"maquina-del-amor-f-machine-pro-3-rosa","status":"publish","type":"product","link":"https:\/\/demoweb.info\/sexshop001\/producto\/maquina-del-amor-f-machine-pro-3-rosa\/","title":{"rendered":"MAQUINA DEL AMOR F-MACHINE PRO 3 &#8211; ROSA"},"content":{"rendered":"<p><strong>F-MACHINE PRO 3 FUCK MACHINE<\/strong><\/p>\n<p>Pro 2 acaba de recibir una actualizaci\u00f3n masiva y ahora es el nuevo Pro3.<\/p>\n<p>Es m\u00e1s fuerte, m\u00e1s r\u00e1pido, m\u00e1s estable, m\u00e1s f\u00e1cil de ajustar, m\u00e1s r\u00edgido, m\u00e1s vers\u00e1til y viene en su propia bolsa de transporte nueva para un transporte y almacenamiento discretos<\/p>\n<p>. \u00bfQue estas esperando? Si disfrut\u00f3 de ser aplastado por el Pro II, es hora de actualizar a Pro3 para la m\u00e1xima satisfacci\u00f3n.<\/p>\n<p>Se suministra con un juguete negro de 8 pulgadas en silicona hipoalerg\u00e9nica de serie.<\/p>\n<p><strong>Aqu\u00ed est\u00e1n las mejoras en detalle: <\/strong><\/p>\n<p>&bull; Patas de acero s\u00f3lido con peso para una mayor estabilidad<\/p>\n<p>&bull; Abrazaderas de pierna de liberaci\u00f3n r\u00e1pida revisadas 400% m\u00e1s r\u00edgidas que el pro II<\/p>\n<p>&bull; Nuevo motor de alta velocidad (hasta 280 RPM)<\/p>\n<p>&bull; Gr\u00e1ficos opcionales de acabado mate con ba\u00f1o de agua de la &#39;m\u00e1quina rosada&#39;: haga clic aqu\u00ed<\/p>\n<p>&bull; Adaptador de juguete de conexi\u00f3n r\u00e1pida con p\u00faa estilo cerradura de vac\u00edo para adaptarse a todos los juguetes doc Johnson, etc. (Cambie los juguetes sin esfuerzo en segundos) &bull; Masa rec\u00edproca reducida para una operaci\u00f3n m\u00e1s suave<\/p>\n<p>&bull; Se rompe en una bolsa de nailon de alta calidad con forro de espuma a medida para proteger su m\u00e1quina mientras est\u00e1 discretamente en movimiento<\/p>\n<p>&bull; Esta m\u00e1quina sexual es extremadamente potente y vers\u00e1til con una longitud de varilla de empuje ajustable, profundidad de empuje ajustable de 1-6 pulgadas y patas delanteras y traseras ajustables para adaptarse varias posiciones<\/p>\n<ul>\n<li>Peso por unidad: 15.4 kg<\/li>\n<\/ul>\n","protected":false},"excerpt":{"rendered":"<p>F-MACHINE PRO 3 FUCK MACHINE Pro 2 acaba de recibir una actualizaci\u00f3n masiva y ahora es el nuevo Pro3. Es<\/p>\n","protected":false},"featured_media":21071,"comment_status":"open","ping_status":"open","template":"","meta":[],"product_cat":[680],"product_tag":[1010],"class_list":["post-21070","product","type-product","status-publish","has-post-thumbnail","hentry","product_cat-maquinas-del-amor","product_tag-f-machine"],"bundled_by":[],"bundle_stock_status":"instock","bundle_stock_quantity":2,"bundle_virtual":false,"bundle_layout":"","bundle_add_to_cart_form_location":"","bundle_editable_in_cart":false,"bundle_sold_individually_context":"","bundle_item_grouping":"","bundle_min_size":"","bundle_max_size":"","bundled_items":[],"yoast_head":"<!-- This site is optimized with the Yoast SEO plugin v20.6 - https:\/\/yoast.com\/wordpress\/plugins\/seo\/ -->\n<title>MAQUINA DEL AMOR F-MACHINE PRO 3 - ROSA - Tienda Er\u00f3tica<\/title>\n<meta name=\"robots\" content=\"noindex, follow, max-snippet:-1, max-image-preview:large, max-video-preview:-1\" \/>\n<meta property=\"og:locale\" content=\"es_ES\" \/>\n<meta property=\"og:type\" content=\"article\" \/>\n<meta property=\"og:title\" content=\"MAQUINA DEL AMOR F-MACHINE PRO 3 - ROSA - Tienda Er\u00f3tica\" \/>\n<meta property=\"og:description\" content=\"F-MACHINE PRO 3 FUCK MACHINE Pro 2 acaba de recibir una actualizaci\u00f3n masiva y ahora es el nuevo Pro3. Es\" \/>\n<meta property=\"og:url\" content=\"https:\/\/demoweb.info\/sexshop001\/producto\/maquina-del-amor-f-machine-pro-3-rosa\/\" \/>\n<meta property=\"og:site_name\" content=\"Tienda Er\u00f3tica\" \/>\n<meta property=\"article:modified_time\" content=\"2022-01-22T10:14:25+00:00\" \/>\n<meta property=\"og:image\" content=\"https:\/\/demoweb.info\/sexshop001\/wp-content\/uploads\/2022\/01\/MAQUINA-DEL-AMOR-F-MACHINE-PRO-3-ROSA.jpg\" \/>\n\t<meta property=\"og:image:width\" content=\"550\" \/>\n\t<meta property=\"og:image:height\" content=\"550\" \/>\n\t<meta property=\"og:image:type\" content=\"image\/jpeg\" \/>\n<meta name=\"twitter:card\" content=\"summary_large_image\" \/>\n<meta name=\"twitter:label1\" content=\"Tiempo de lectura\" \/>\n\t<meta name=\"twitter:data1\" content=\"1 minuto\" \/>\n<script type=\"application\/ld+json\" class=\"yoast-schema-graph\">{\"@context\":\"https:\/\/schema.org\",\"@graph\":[{\"@type\":\"WebPage\",\"@id\":\"https:\/\/demoweb.info\/sexshop001\/producto\/maquina-del-amor-f-machine-pro-3-rosa\/\",\"url\":\"https:\/\/demoweb.info\/sexshop001\/producto\/maquina-del-amor-f-machine-pro-3-rosa\/\",\"name\":\"MAQUINA DEL AMOR F-MACHINE PRO 3 - ROSA - Tienda Er\u00f3tica\",\"isPartOf\":{\"@id\":\"https:\/\/demoweb.info\/sexshop001\/#website\"},\"datePublished\":\"2022-01-22T10:14:22+00:00\",\"dateModified\":\"2022-01-22T10:14:25+00:00\",\"breadcrumb\":{\"@id\":\"https:\/\/demoweb.info\/sexshop001\/producto\/maquina-del-amor-f-machine-pro-3-rosa\/#breadcrumb\"},\"inLanguage\":\"es\",\"potentialAction\":[{\"@type\":\"ReadAction\",\"target\":[\"https:\/\/demoweb.info\/sexshop001\/producto\/maquina-del-amor-f-machine-pro-3-rosa\/\"]}]},{\"@type\":\"BreadcrumbList\",\"@id\":\"https:\/\/demoweb.info\/sexshop001\/producto\/maquina-del-amor-f-machine-pro-3-rosa\/#breadcrumb\",\"itemListElement\":[{\"@type\":\"ListItem\",\"position\":1,\"name\":\"Portada\",\"item\":\"https:\/\/demoweb.info\/sexshop001\/\"},{\"@type\":\"ListItem\",\"position\":2,\"name\":\"Tienda\",\"item\":\"https:\/\/demoweb.info\/sexshop001\/tienda\/\"},{\"@type\":\"ListItem\",\"position\":3,\"name\":\"MAQUINA DEL AMOR F-MACHINE PRO 3 &#8211; ROSA\"}]},{\"@type\":\"WebSite\",\"@id\":\"https:\/\/demoweb.info\/sexshop001\/#website\",\"url\":\"https:\/\/demoweb.info\/sexshop001\/\",\"name\":\"Tienda Er\u00f3tica\",\"description\":\"DEMOWEB SL\",\"potentialAction\":[{\"@type\":\"SearchAction\",\"target\":{\"@type\":\"EntryPoint\",\"urlTemplate\":\"https:\/\/demoweb.info\/sexshop001\/?s={search_term_string}\"},\"query-input\":\"required name=search_term_string\"}],\"inLanguage\":\"es\"}]}<\/script>\n<!-- \/ Yoast SEO plugin. -->","yoast_head_json":{"title":"MAQUINA DEL AMOR F-MACHINE PRO 3 - ROSA - Tienda Er\u00f3tica","robots":{"index":"noindex","follow":"follow","max-snippet":"max-snippet:-1","max-image-preview":"max-image-preview:large","max-video-preview":"max-video-preview:-1"},"og_locale":"es_ES","og_type":"article","og_title":"MAQUINA DEL AMOR F-MACHINE PRO 3 - ROSA - Tienda Er\u00f3tica","og_description":"F-MACHINE PRO 3 FUCK MACHINE Pro 2 acaba de recibir una actualizaci\u00f3n masiva y ahora es el nuevo Pro3. Es","og_url":"https:\/\/demoweb.info\/sexshop001\/producto\/maquina-del-amor-f-machine-pro-3-rosa\/","og_site_name":"Tienda Er\u00f3tica","article_modified_time":"2022-01-22T10:14:25+00:00","og_image":[{"width":550,"height":550,"url":"https:\/\/demoweb.info\/sexshop001\/wp-content\/uploads\/2022\/01\/MAQUINA-DEL-AMOR-F-MACHINE-PRO-3-ROSA.jpg","type":"image\/jpeg"}],"twitter_card":"summary_large_image","twitter_misc":{"Tiempo de lectura":"1 minuto"},"schema":{"@context":"https:\/\/schema.org","@graph":[{"@type":"WebPage","@id":"https:\/\/demoweb.info\/sexshop001\/producto\/maquina-del-amor-f-machine-pro-3-rosa\/","url":"https:\/\/demoweb.info\/sexshop001\/producto\/maquina-del-amor-f-machine-pro-3-rosa\/","name":"MAQUINA DEL AMOR F-MACHINE PRO 3 - ROSA - Tienda Er\u00f3tica","isPartOf":{"@id":"https:\/\/demoweb.info\/sexshop001\/#website"},"datePublished":"2022-01-22T10:14:22+00:00","dateModified":"2022-01-22T10:14:25+00:00","breadcrumb":{"@id":"https:\/\/demoweb.info\/sexshop001\/producto\/maquina-del-amor-f-machine-pro-3-rosa\/#breadcrumb"},"inLanguage":"es","potentialAction":[{"@type":"ReadAction","target":["https:\/\/demoweb.info\/sexshop001\/producto\/maquina-del-amor-f-machine-pro-3-rosa\/"]}]},{"@type":"BreadcrumbList","@id":"https:\/\/demoweb.info\/sexshop001\/producto\/maquina-del-amor-f-machine-pro-3-rosa\/#breadcrumb","itemListElement":[{"@type":"ListItem","position":1,"name":"Portada","item":"https:\/\/demoweb.info\/sexshop001\/"},{"@type":"ListItem","position":2,"name":"Tienda","item":"https:\/\/demoweb.info\/sexshop001\/tienda\/"},{"@type":"ListItem","position":3,"name":"MAQUINA DEL AMOR F-MACHINE PRO 3 &#8211; ROSA"}]},{"@type":"WebSite","@id":"https:\/\/demoweb.info\/sexshop001\/#website","url":"https:\/\/demoweb.info\/sexshop001\/","name":"Tienda Er\u00f3tica","description":"DEMOWEB SL","potentialAction":[{"@type":"SearchAction","target":{"@type":"EntryPoint","urlTemplate":"https:\/\/demoweb.info\/sexshop001\/?s={search_term_string}"},"query-input":"required name=search_term_string"}],"inLanguage":"es"}]}},"_links":{"self":[{"href":"https:\/\/demoweb.info\/sexshop001\/wp-json\/wp\/v3\/product\/21070","targetHints":{"allow":["GET"]}}],"collection":[{"href":"https:\/\/demoweb.info\/sexshop001\/wp-json\/wp\/v3\/product"}],"about":[{"href":"https:\/\/demoweb.info\/sexshop001\/wp-json\/wp\/v2\/types\/product"}],"replies":[{"embeddable":true,"href":"https:\/\/demoweb.info\/sexshop001\/wp-json\/wp\/v2\/comments?post=21070"}],"wp:featuredmedia":[{"embeddable":true,"href":"https:\/\/demoweb.info\/sexshop001\/wp-json\/wp\/v2\/media\/21071"}],"wp:attachment":[{"href":"https:\/\/demoweb.info\/sexshop001\/wp-json\/wp\/v2\/media?parent=21070"}],"wp:term":[{"taxonomy":"product_cat","embeddable":true,"href":"https:\/\/demoweb.info\/sexshop001\/wp-json\/wp\/v2\/product_cat?post=21070"},{"taxonomy":"product_tag","embeddable":true,"href":"https:\/\/demoweb.info\/sexshop001\/wp-json\/wp\/v2\/product_tag?post=21070"}],"curies":[{"name":"wp","href":"https:\/\/api.w.org\/{rel}","templated":true}]}}