{"id":21054,"date":"2022-01-22T11:13:52","date_gmt":"2022-01-22T10:13:52","guid":{"rendered":"https:\/\/demoweb.info\/sexshop001\/producto\/adaptador-de-maquina-sexual-negro\/"},"modified":"2022-01-22T11:14:16","modified_gmt":"2022-01-22T10:14:16","slug":"adaptador-de-maquina-sexual-negro","status":"publish","type":"product","link":"https:\/\/demoweb.info\/sexshop001\/producto\/adaptador-de-maquina-sexual-negro\/","title":{"rendered":"ADAPTADOR DE M\u00c1QUINA SEXUAL &#8211; NEGRO"},"content":{"rendered":"<p><strong>CLAMP ADAPTOR<\/strong><\/p>\n<p>Adecuado para: M\u00e1quina sexual premium KlicLok.<\/p>\n<p>Material de alta calidad: Acero inoxidable y ABS de alta resistencia.<\/p>\n<p>F\u00e1cil de usar: simplemente desenrosque la perilla y coloque el vibrador, luego atornille.<\/p>\n<p>Durable y firme: material antideslizante de alta resistencia, puede sujetar bien el vibrador.<\/p>\n<p>Funcional: este adaptador puede contener un vibrador de punto G de tama\u00f1o peque\u00f1o y mediano.<\/p>\n<p>El adaptador de m\u00e1quina sexual es una herramienta sexual asequible y de alta calidad.<\/p>\n<p>Tiene un pulido electr\u00f3nico para una superficie s\u00faper suave en el conector.<\/p>\n<p>Se adapta a vibradores de punto G de tama\u00f1o peque\u00f1o y mediano.<\/p>\n<p>Por lo tanto, no es necesario que penetre un consolador aburrido cuando use la m\u00e1quina sexual, este art\u00edculo puede sostener f\u00e1cilmente un vibrador que tenga, lo que le permite tener un orgasmo en poco tiempo.<\/p>\n<p>Con este chico, puedes disfrutar del sexo vaginal y el orgasmo vibrador del cl\u00edtoris al mismo tiempo<\/p>\n<p>\u00bfa qu\u00e9 est\u00e1s esperando?<\/p>\n<p>No dudes en conseguir uno, no te decepcionar\u00e1.<\/p>\n<p>Nota: Este adaptador no incluye ning\u00fan vibrador, el vibrador av en la imagen solo como referencia, adem\u00e1s, este adaptador puede funcionar con la mayor\u00eda de las m\u00e1quinas sexuales de acero inoxidable, el vibrador de gran tama\u00f1o no es adecuado para esta abrazadera, tenlo en cuenta.<\/p>\n<ul>\n<li>Impermeable: Si<\/li>\n<li>Material: RVS, Aluminio<\/li>\n<\/ul>\n","protected":false},"excerpt":{"rendered":"<p>CLAMP ADAPTOR Adecuado para: M\u00e1quina sexual premium KlicLok. Material de alta calidad: Acero inoxidable y ABS de alta resistencia. F\u00e1cil<\/p>\n","protected":false},"featured_media":21055,"comment_status":"open","ping_status":"open","template":"","meta":[],"product_cat":[1009],"product_tag":[910],"class_list":["post-21054","product","type-product","status-publish","has-post-thumbnail","hentry","product_cat-accesorios-maquinas-del-amor","product_tag-hismith"],"bundled_by":[],"bundle_stock_status":"instock","bundle_stock_quantity":2,"bundle_virtual":false,"bundle_layout":"","bundle_add_to_cart_form_location":"","bundle_editable_in_cart":false,"bundle_sold_individually_context":"","bundle_item_grouping":"","bundle_min_size":"","bundle_max_size":"","bundled_items":[],"yoast_head":"<!-- This site is optimized with the Yoast SEO plugin v20.6 - https:\/\/yoast.com\/wordpress\/plugins\/seo\/ -->\n<title>ADAPTADOR DE M\u00c1QUINA SEXUAL - NEGRO - Tienda Er\u00f3tica<\/title>\n<meta name=\"robots\" content=\"noindex, follow, max-snippet:-1, max-image-preview:large, max-video-preview:-1\" \/>\n<meta property=\"og:locale\" content=\"es_ES\" \/>\n<meta property=\"og:type\" content=\"article\" \/>\n<meta property=\"og:title\" content=\"ADAPTADOR DE M\u00c1QUINA SEXUAL - NEGRO - Tienda Er\u00f3tica\" \/>\n<meta property=\"og:description\" content=\"CLAMP ADAPTOR Adecuado para: M\u00e1quina sexual premium KlicLok. Material de alta calidad: Acero inoxidable y ABS de alta resistencia. F\u00e1cil\" \/>\n<meta property=\"og:url\" content=\"https:\/\/demoweb.info\/sexshop001\/producto\/adaptador-de-maquina-sexual-negro\/\" \/>\n<meta property=\"og:site_name\" content=\"Tienda Er\u00f3tica\" \/>\n<meta property=\"article:modified_time\" content=\"2022-01-22T10:14:16+00:00\" \/>\n<meta property=\"og:image\" content=\"https:\/\/demoweb.info\/sexshop001\/wp-content\/uploads\/2022\/01\/ADAPTADOR-DE-MAQUINA-SEXUAL-NEGRO.jpg\" \/>\n\t<meta property=\"og:image:width\" content=\"550\" \/>\n\t<meta property=\"og:image:height\" content=\"550\" \/>\n\t<meta property=\"og:image:type\" content=\"image\/jpeg\" \/>\n<meta name=\"twitter:card\" content=\"summary_large_image\" \/>\n<meta name=\"twitter:label1\" content=\"Tiempo de lectura\" \/>\n\t<meta name=\"twitter:data1\" content=\"1 minuto\" \/>\n<script type=\"application\/ld+json\" class=\"yoast-schema-graph\">{\"@context\":\"https:\/\/schema.org\",\"@graph\":[{\"@type\":\"WebPage\",\"@id\":\"https:\/\/demoweb.info\/sexshop001\/producto\/adaptador-de-maquina-sexual-negro\/\",\"url\":\"https:\/\/demoweb.info\/sexshop001\/producto\/adaptador-de-maquina-sexual-negro\/\",\"name\":\"ADAPTADOR DE M\u00c1QUINA SEXUAL - NEGRO - Tienda Er\u00f3tica\",\"isPartOf\":{\"@id\":\"https:\/\/demoweb.info\/sexshop001\/#website\"},\"datePublished\":\"2022-01-22T10:13:52+00:00\",\"dateModified\":\"2022-01-22T10:14:16+00:00\",\"breadcrumb\":{\"@id\":\"https:\/\/demoweb.info\/sexshop001\/producto\/adaptador-de-maquina-sexual-negro\/#breadcrumb\"},\"inLanguage\":\"es\",\"potentialAction\":[{\"@type\":\"ReadAction\",\"target\":[\"https:\/\/demoweb.info\/sexshop001\/producto\/adaptador-de-maquina-sexual-negro\/\"]}]},{\"@type\":\"BreadcrumbList\",\"@id\":\"https:\/\/demoweb.info\/sexshop001\/producto\/adaptador-de-maquina-sexual-negro\/#breadcrumb\",\"itemListElement\":[{\"@type\":\"ListItem\",\"position\":1,\"name\":\"Portada\",\"item\":\"https:\/\/demoweb.info\/sexshop001\/\"},{\"@type\":\"ListItem\",\"position\":2,\"name\":\"Tienda\",\"item\":\"https:\/\/demoweb.info\/sexshop001\/tienda\/\"},{\"@type\":\"ListItem\",\"position\":3,\"name\":\"ADAPTADOR DE M\u00c1QUINA SEXUAL &#8211; NEGRO\"}]},{\"@type\":\"WebSite\",\"@id\":\"https:\/\/demoweb.info\/sexshop001\/#website\",\"url\":\"https:\/\/demoweb.info\/sexshop001\/\",\"name\":\"Tienda Er\u00f3tica\",\"description\":\"DEMOWEB SL\",\"potentialAction\":[{\"@type\":\"SearchAction\",\"target\":{\"@type\":\"EntryPoint\",\"urlTemplate\":\"https:\/\/demoweb.info\/sexshop001\/?s={search_term_string}\"},\"query-input\":\"required name=search_term_string\"}],\"inLanguage\":\"es\"}]}<\/script>\n<!-- \/ Yoast SEO plugin. -->","yoast_head_json":{"title":"ADAPTADOR DE M\u00c1QUINA SEXUAL - NEGRO - Tienda Er\u00f3tica","robots":{"index":"noindex","follow":"follow","max-snippet":"max-snippet:-1","max-image-preview":"max-image-preview:large","max-video-preview":"max-video-preview:-1"},"og_locale":"es_ES","og_type":"article","og_title":"ADAPTADOR DE M\u00c1QUINA SEXUAL - NEGRO - Tienda Er\u00f3tica","og_description":"CLAMP ADAPTOR Adecuado para: M\u00e1quina sexual premium KlicLok. Material de alta calidad: Acero inoxidable y ABS de alta resistencia. F\u00e1cil","og_url":"https:\/\/demoweb.info\/sexshop001\/producto\/adaptador-de-maquina-sexual-negro\/","og_site_name":"Tienda Er\u00f3tica","article_modified_time":"2022-01-22T10:14:16+00:00","og_image":[{"width":550,"height":550,"url":"https:\/\/demoweb.info\/sexshop001\/wp-content\/uploads\/2022\/01\/ADAPTADOR-DE-MAQUINA-SEXUAL-NEGRO.jpg","type":"image\/jpeg"}],"twitter_card":"summary_large_image","twitter_misc":{"Tiempo de lectura":"1 minuto"},"schema":{"@context":"https:\/\/schema.org","@graph":[{"@type":"WebPage","@id":"https:\/\/demoweb.info\/sexshop001\/producto\/adaptador-de-maquina-sexual-negro\/","url":"https:\/\/demoweb.info\/sexshop001\/producto\/adaptador-de-maquina-sexual-negro\/","name":"ADAPTADOR DE M\u00c1QUINA SEXUAL - NEGRO - Tienda Er\u00f3tica","isPartOf":{"@id":"https:\/\/demoweb.info\/sexshop001\/#website"},"datePublished":"2022-01-22T10:13:52+00:00","dateModified":"2022-01-22T10:14:16+00:00","breadcrumb":{"@id":"https:\/\/demoweb.info\/sexshop001\/producto\/adaptador-de-maquina-sexual-negro\/#breadcrumb"},"inLanguage":"es","potentialAction":[{"@type":"ReadAction","target":["https:\/\/demoweb.info\/sexshop001\/producto\/adaptador-de-maquina-sexual-negro\/"]}]},{"@type":"BreadcrumbList","@id":"https:\/\/demoweb.info\/sexshop001\/producto\/adaptador-de-maquina-sexual-negro\/#breadcrumb","itemListElement":[{"@type":"ListItem","position":1,"name":"Portada","item":"https:\/\/demoweb.info\/sexshop001\/"},{"@type":"ListItem","position":2,"name":"Tienda","item":"https:\/\/demoweb.info\/sexshop001\/tienda\/"},{"@type":"ListItem","position":3,"name":"ADAPTADOR DE M\u00c1QUINA SEXUAL &#8211; NEGRO"}]},{"@type":"WebSite","@id":"https:\/\/demoweb.info\/sexshop001\/#website","url":"https:\/\/demoweb.info\/sexshop001\/","name":"Tienda Er\u00f3tica","description":"DEMOWEB SL","potentialAction":[{"@type":"SearchAction","target":{"@type":"EntryPoint","urlTemplate":"https:\/\/demoweb.info\/sexshop001\/?s={search_term_string}"},"query-input":"required name=search_term_string"}],"inLanguage":"es"}]}},"_links":{"self":[{"href":"https:\/\/demoweb.info\/sexshop001\/wp-json\/wp\/v3\/product\/21054","targetHints":{"allow":["GET"]}}],"collection":[{"href":"https:\/\/demoweb.info\/sexshop001\/wp-json\/wp\/v3\/product"}],"about":[{"href":"https:\/\/demoweb.info\/sexshop001\/wp-json\/wp\/v2\/types\/product"}],"replies":[{"embeddable":true,"href":"https:\/\/demoweb.info\/sexshop001\/wp-json\/wp\/v2\/comments?post=21054"}],"wp:featuredmedia":[{"embeddable":true,"href":"https:\/\/demoweb.info\/sexshop001\/wp-json\/wp\/v2\/media\/21055"}],"wp:attachment":[{"href":"https:\/\/demoweb.info\/sexshop001\/wp-json\/wp\/v2\/media?parent=21054"}],"wp:term":[{"taxonomy":"product_cat","embeddable":true,"href":"https:\/\/demoweb.info\/sexshop001\/wp-json\/wp\/v2\/product_cat?post=21054"},{"taxonomy":"product_tag","embeddable":true,"href":"https:\/\/demoweb.info\/sexshop001\/wp-json\/wp\/v2\/product_tag?post=21054"}],"curies":[{"name":"wp","href":"https:\/\/api.w.org\/{rel}","templated":true}]}}