{"id":21043,"date":"2022-01-22T11:13:52","date_gmt":"2022-01-22T10:13:52","guid":{"rendered":"https:\/\/demoweb.info\/sexshop001\/producto\/adaptador-con-ventosa-metal\/"},"modified":"2022-01-22T11:14:11","modified_gmt":"2022-01-22T10:14:11","slug":"adaptador-con-ventosa-metal","status":"publish","type":"product","link":"https:\/\/demoweb.info\/sexshop001\/producto\/adaptador-con-ventosa-metal\/","title":{"rendered":"ADAPTADOR CON VENTOSA &#8211; METAL"},"content":{"rendered":"<p><strong>SUCTION CUP ADAPTER<\/strong><\/p>\n<p>DISE\u00d1O ESPECIAL: para la m\u00e1quina sexual premium Hismith con conector KlicLok.<\/p>\n<p>TAMA\u00d1O EXTRA GRANDE: Compatible con cualquier consolador cuya ventosa tenga menos de 8.4 cm.<\/p>\n<p>CONECTOR DE BLOQUEO AUTOM\u00c1TICO: conveniente y r\u00e1pido, f\u00e1cil de montar y desmontar.<\/p>\n<p>HECHO DE ACERO INOXIDABLE DE ALTA CALIDAD: Robusto y duradero, nunca se oxidar\u00e1.<\/p>\n<p>PREGUNTA CALIENTE: Este art\u00edculo no es adecuado para ninguna m\u00e1quina sexual con conector de 3 clavijas XLR.<\/p>\n<p>Este adaptador de ventosa Hismith es una herramienta asequible y de alta calidad.<\/p>\n<p>Est\u00e1 electropulido para una superficie s\u00faper suave, puedes usarlo como espejo.<\/p>\n<p>Se adapta a una m\u00e1quina sexual con conector KlicLok autobloqueante, y cualquier tama\u00f1o de consolador con succi\u00f3n potente puede ser perfectamente compatible con este adaptador, por lo que no est\u00e1 atado a un consolador de un tama\u00f1o en particular. y no necesitas comprar un consolador adicional para disfrutar del placer de la m\u00e1quina sexual. puede tomar cualquier consolador que tenga para bloquearlo en su m\u00e1quina sexual y luego comenzar un viaje sexual incre\u00edble.<\/p>\n<p>\u00bfQue estas esperando?<\/p>\n<p>Vamos, no te decepcionar\u00e1.<\/p>\n<p>NOTA: \u00a1Este adaptador se adapta solo a la m\u00e1quina sexual Hismith Premium o la m\u00e1quina con un conector KlicLok!<\/p>\n<p>No compre este art\u00edculo para una m\u00e1quina de dientes 3XLR barata.<\/p>\n<p>Este adaptador de succi\u00f3n no incluye ning\u00fan consolador, los consoladores en la imagen son solo como referencia, adem\u00e1s, este adaptador solo se ajusta a esas m\u00e1quinas sexuales con conector de aire r\u00e1pido.<\/p>\n<p>El di\u00e1metro de la ventosa es de 8,4 cm, por lo que no se adapta a los consoladores cuyo di\u00e1metro de la ventosa es superior 8,4 cm, tenlo en cuenta.<\/p>\n<ul>\n<li>Impermeable: S\u00ed<\/li>\n<li>Material: RVS, Aluminio<\/li>\n<\/ul>\n","protected":false},"excerpt":{"rendered":"<p>SUCTION CUP ADAPTER DISE\u00d1O ESPECIAL: para la m\u00e1quina sexual premium Hismith con conector KlicLok. TAMA\u00d1O EXTRA GRANDE: Compatible con cualquier<\/p>\n","protected":false},"featured_media":21044,"comment_status":"open","ping_status":"open","template":"","meta":[],"product_cat":[1009],"product_tag":[910],"class_list":["post-21043","product","type-product","status-publish","has-post-thumbnail","hentry","product_cat-accesorios-maquinas-del-amor","product_tag-hismith"],"bundled_by":[],"bundle_stock_status":"instock","bundle_stock_quantity":1,"bundle_virtual":false,"bundle_layout":"","bundle_add_to_cart_form_location":"","bundle_editable_in_cart":false,"bundle_sold_individually_context":"","bundle_item_grouping":"","bundle_min_size":"","bundle_max_size":"","bundled_items":[],"yoast_head":"<!-- This site is optimized with the Yoast SEO plugin v20.6 - https:\/\/yoast.com\/wordpress\/plugins\/seo\/ -->\n<title>ADAPTADOR CON VENTOSA - METAL - Tienda Er\u00f3tica<\/title>\n<meta name=\"robots\" content=\"noindex, follow, max-snippet:-1, max-image-preview:large, max-video-preview:-1\" \/>\n<meta property=\"og:locale\" content=\"es_ES\" \/>\n<meta property=\"og:type\" content=\"article\" \/>\n<meta property=\"og:title\" content=\"ADAPTADOR CON VENTOSA - METAL - Tienda Er\u00f3tica\" \/>\n<meta property=\"og:description\" content=\"SUCTION CUP ADAPTER DISE\u00d1O ESPECIAL: para la m\u00e1quina sexual premium Hismith con conector KlicLok. TAMA\u00d1O EXTRA GRANDE: Compatible con cualquier\" \/>\n<meta property=\"og:url\" content=\"https:\/\/demoweb.info\/sexshop001\/producto\/adaptador-con-ventosa-metal\/\" \/>\n<meta property=\"og:site_name\" content=\"Tienda Er\u00f3tica\" \/>\n<meta property=\"article:modified_time\" content=\"2022-01-22T10:14:11+00:00\" \/>\n<meta property=\"og:image\" content=\"https:\/\/demoweb.info\/sexshop001\/wp-content\/uploads\/2022\/01\/ADAPTADOR-CON-VENTOSA-METAL.jpg\" \/>\n\t<meta property=\"og:image:width\" content=\"550\" \/>\n\t<meta property=\"og:image:height\" content=\"550\" \/>\n\t<meta property=\"og:image:type\" content=\"image\/jpeg\" \/>\n<meta name=\"twitter:card\" content=\"summary_large_image\" \/>\n<meta name=\"twitter:label1\" content=\"Tiempo de lectura\" \/>\n\t<meta name=\"twitter:data1\" content=\"1 minuto\" \/>\n<script type=\"application\/ld+json\" class=\"yoast-schema-graph\">{\"@context\":\"https:\/\/schema.org\",\"@graph\":[{\"@type\":\"WebPage\",\"@id\":\"https:\/\/demoweb.info\/sexshop001\/producto\/adaptador-con-ventosa-metal\/\",\"url\":\"https:\/\/demoweb.info\/sexshop001\/producto\/adaptador-con-ventosa-metal\/\",\"name\":\"ADAPTADOR CON VENTOSA - METAL - Tienda Er\u00f3tica\",\"isPartOf\":{\"@id\":\"https:\/\/demoweb.info\/sexshop001\/#website\"},\"datePublished\":\"2022-01-22T10:13:52+00:00\",\"dateModified\":\"2022-01-22T10:14:11+00:00\",\"breadcrumb\":{\"@id\":\"https:\/\/demoweb.info\/sexshop001\/producto\/adaptador-con-ventosa-metal\/#breadcrumb\"},\"inLanguage\":\"es\",\"potentialAction\":[{\"@type\":\"ReadAction\",\"target\":[\"https:\/\/demoweb.info\/sexshop001\/producto\/adaptador-con-ventosa-metal\/\"]}]},{\"@type\":\"BreadcrumbList\",\"@id\":\"https:\/\/demoweb.info\/sexshop001\/producto\/adaptador-con-ventosa-metal\/#breadcrumb\",\"itemListElement\":[{\"@type\":\"ListItem\",\"position\":1,\"name\":\"Portada\",\"item\":\"https:\/\/demoweb.info\/sexshop001\/\"},{\"@type\":\"ListItem\",\"position\":2,\"name\":\"Tienda\",\"item\":\"https:\/\/demoweb.info\/sexshop001\/tienda\/\"},{\"@type\":\"ListItem\",\"position\":3,\"name\":\"ADAPTADOR CON VENTOSA &#8211; METAL\"}]},{\"@type\":\"WebSite\",\"@id\":\"https:\/\/demoweb.info\/sexshop001\/#website\",\"url\":\"https:\/\/demoweb.info\/sexshop001\/\",\"name\":\"Tienda Er\u00f3tica\",\"description\":\"DEMOWEB SL\",\"potentialAction\":[{\"@type\":\"SearchAction\",\"target\":{\"@type\":\"EntryPoint\",\"urlTemplate\":\"https:\/\/demoweb.info\/sexshop001\/?s={search_term_string}\"},\"query-input\":\"required name=search_term_string\"}],\"inLanguage\":\"es\"}]}<\/script>\n<!-- \/ Yoast SEO plugin. -->","yoast_head_json":{"title":"ADAPTADOR CON VENTOSA - METAL - Tienda Er\u00f3tica","robots":{"index":"noindex","follow":"follow","max-snippet":"max-snippet:-1","max-image-preview":"max-image-preview:large","max-video-preview":"max-video-preview:-1"},"og_locale":"es_ES","og_type":"article","og_title":"ADAPTADOR CON VENTOSA - METAL - Tienda Er\u00f3tica","og_description":"SUCTION CUP ADAPTER DISE\u00d1O ESPECIAL: para la m\u00e1quina sexual premium Hismith con conector KlicLok. TAMA\u00d1O EXTRA GRANDE: Compatible con cualquier","og_url":"https:\/\/demoweb.info\/sexshop001\/producto\/adaptador-con-ventosa-metal\/","og_site_name":"Tienda Er\u00f3tica","article_modified_time":"2022-01-22T10:14:11+00:00","og_image":[{"width":550,"height":550,"url":"https:\/\/demoweb.info\/sexshop001\/wp-content\/uploads\/2022\/01\/ADAPTADOR-CON-VENTOSA-METAL.jpg","type":"image\/jpeg"}],"twitter_card":"summary_large_image","twitter_misc":{"Tiempo de lectura":"1 minuto"},"schema":{"@context":"https:\/\/schema.org","@graph":[{"@type":"WebPage","@id":"https:\/\/demoweb.info\/sexshop001\/producto\/adaptador-con-ventosa-metal\/","url":"https:\/\/demoweb.info\/sexshop001\/producto\/adaptador-con-ventosa-metal\/","name":"ADAPTADOR CON VENTOSA - METAL - Tienda Er\u00f3tica","isPartOf":{"@id":"https:\/\/demoweb.info\/sexshop001\/#website"},"datePublished":"2022-01-22T10:13:52+00:00","dateModified":"2022-01-22T10:14:11+00:00","breadcrumb":{"@id":"https:\/\/demoweb.info\/sexshop001\/producto\/adaptador-con-ventosa-metal\/#breadcrumb"},"inLanguage":"es","potentialAction":[{"@type":"ReadAction","target":["https:\/\/demoweb.info\/sexshop001\/producto\/adaptador-con-ventosa-metal\/"]}]},{"@type":"BreadcrumbList","@id":"https:\/\/demoweb.info\/sexshop001\/producto\/adaptador-con-ventosa-metal\/#breadcrumb","itemListElement":[{"@type":"ListItem","position":1,"name":"Portada","item":"https:\/\/demoweb.info\/sexshop001\/"},{"@type":"ListItem","position":2,"name":"Tienda","item":"https:\/\/demoweb.info\/sexshop001\/tienda\/"},{"@type":"ListItem","position":3,"name":"ADAPTADOR CON VENTOSA &#8211; METAL"}]},{"@type":"WebSite","@id":"https:\/\/demoweb.info\/sexshop001\/#website","url":"https:\/\/demoweb.info\/sexshop001\/","name":"Tienda Er\u00f3tica","description":"DEMOWEB SL","potentialAction":[{"@type":"SearchAction","target":{"@type":"EntryPoint","urlTemplate":"https:\/\/demoweb.info\/sexshop001\/?s={search_term_string}"},"query-input":"required name=search_term_string"}],"inLanguage":"es"}]}},"_links":{"self":[{"href":"https:\/\/demoweb.info\/sexshop001\/wp-json\/wp\/v3\/product\/21043","targetHints":{"allow":["GET"]}}],"collection":[{"href":"https:\/\/demoweb.info\/sexshop001\/wp-json\/wp\/v3\/product"}],"about":[{"href":"https:\/\/demoweb.info\/sexshop001\/wp-json\/wp\/v2\/types\/product"}],"replies":[{"embeddable":true,"href":"https:\/\/demoweb.info\/sexshop001\/wp-json\/wp\/v2\/comments?post=21043"}],"wp:featuredmedia":[{"embeddable":true,"href":"https:\/\/demoweb.info\/sexshop001\/wp-json\/wp\/v2\/media\/21044"}],"wp:attachment":[{"href":"https:\/\/demoweb.info\/sexshop001\/wp-json\/wp\/v2\/media?parent=21043"}],"wp:term":[{"taxonomy":"product_cat","embeddable":true,"href":"https:\/\/demoweb.info\/sexshop001\/wp-json\/wp\/v2\/product_cat?post=21043"},{"taxonomy":"product_tag","embeddable":true,"href":"https:\/\/demoweb.info\/sexshop001\/wp-json\/wp\/v2\/product_tag?post=21043"}],"curies":[{"name":"wp","href":"https:\/\/api.w.org\/{rel}","templated":true}]}}