{"id":21004,"date":"2022-01-22T11:13:52","date_gmt":"2022-01-22T10:13:52","guid":{"rendered":"https:\/\/demoweb.info\/sexshop001\/producto\/mini-fucker-penisplug-8-mm-plata\/"},"modified":"2022-01-22T11:13:56","modified_gmt":"2022-01-22T10:13:56","slug":"mini-fucker-penisplug-8-mm-plata","status":"publish","type":"product","link":"https:\/\/demoweb.info\/sexshop001\/producto\/mini-fucker-penisplug-8-mm-plata\/","title":{"rendered":"MINI FUCKER PENISPLUG &#8211; 8 MM &#8211; PLATA"},"content":{"rendered":"<p><strong>MINI FUCKER PENISPLUG<\/strong><\/p>\n<p>El Mini Fucker Penisplug de la marca de calidad Steel Power Tools es un dise\u00f1o elegante y moderno hecho de acero inoxidable de alta calidad.<\/p>\n<p>Este mini enchufe s\u00f3lido presenta un lazo de f\u00e1cil extracci\u00f3n y una silueta acanalada que estimular\u00e1 tus sentidos con su intensa estimulaci\u00f3n.<\/p>\n<p>El Mini Fucker Penisplug es seguro para el cuerpo, construido para el placer y construido para durar.<\/p>\n<p>\u00a1Explore su lado m\u00e1s duro con Steel Power Tools!<\/p>\n<ul>\n<li>Longitud total: 7.5 cm<\/li>\n<li>Material: Acero inoxidable<\/li>\n<\/ul>\n","protected":false},"excerpt":{"rendered":"<p>MINI FUCKER PENISPLUG El Mini Fucker Penisplug de la marca de calidad Steel Power Tools es un dise\u00f1o elegante y<\/p>\n","protected":false},"featured_media":21005,"comment_status":"open","ping_status":"open","template":"","meta":[],"product_cat":[290],"product_tag":[1008],"class_list":["post-21004","product","type-product","status-publish","has-post-thumbnail","hentry","product_cat-penis-plug","product_tag-steel-power-tools"],"bundled_by":[],"bundle_stock_status":"outofstock","bundle_stock_quantity":0,"bundle_virtual":false,"bundle_layout":"","bundle_add_to_cart_form_location":"","bundle_editable_in_cart":false,"bundle_sold_individually_context":"","bundle_item_grouping":"","bundle_min_size":"","bundle_max_size":"","bundled_items":[],"yoast_head":"<!-- This site is optimized with the Yoast SEO plugin v20.6 - https:\/\/yoast.com\/wordpress\/plugins\/seo\/ -->\n<title>MINI FUCKER PENISPLUG - 8 MM - PLATA - Tienda Er\u00f3tica<\/title>\n<meta name=\"robots\" content=\"noindex, follow, max-snippet:-1, max-image-preview:large, max-video-preview:-1\" \/>\n<meta property=\"og:locale\" content=\"es_ES\" \/>\n<meta property=\"og:type\" content=\"article\" \/>\n<meta property=\"og:title\" content=\"MINI FUCKER PENISPLUG - 8 MM - PLATA - Tienda Er\u00f3tica\" \/>\n<meta property=\"og:description\" content=\"MINI FUCKER PENISPLUG El Mini Fucker Penisplug de la marca de calidad Steel Power Tools es un dise\u00f1o elegante y\" \/>\n<meta property=\"og:url\" content=\"https:\/\/demoweb.info\/sexshop001\/producto\/mini-fucker-penisplug-8-mm-plata\/\" \/>\n<meta property=\"og:site_name\" content=\"Tienda Er\u00f3tica\" \/>\n<meta property=\"article:modified_time\" content=\"2022-01-22T10:13:56+00:00\" \/>\n<meta property=\"og:image\" content=\"https:\/\/demoweb.info\/sexshop001\/wp-content\/uploads\/2022\/01\/MINI-FUCKER-PENISPLUG-8-MM-PLATA.jpg\" \/>\n\t<meta property=\"og:image:width\" content=\"550\" \/>\n\t<meta property=\"og:image:height\" content=\"550\" \/>\n\t<meta property=\"og:image:type\" content=\"image\/jpeg\" \/>\n<meta name=\"twitter:card\" content=\"summary_large_image\" \/>\n<script type=\"application\/ld+json\" class=\"yoast-schema-graph\">{\"@context\":\"https:\/\/schema.org\",\"@graph\":[{\"@type\":\"WebPage\",\"@id\":\"https:\/\/demoweb.info\/sexshop001\/producto\/mini-fucker-penisplug-8-mm-plata\/\",\"url\":\"https:\/\/demoweb.info\/sexshop001\/producto\/mini-fucker-penisplug-8-mm-plata\/\",\"name\":\"MINI FUCKER PENISPLUG - 8 MM - PLATA - Tienda Er\u00f3tica\",\"isPartOf\":{\"@id\":\"https:\/\/demoweb.info\/sexshop001\/#website\"},\"datePublished\":\"2022-01-22T10:13:52+00:00\",\"dateModified\":\"2022-01-22T10:13:56+00:00\",\"breadcrumb\":{\"@id\":\"https:\/\/demoweb.info\/sexshop001\/producto\/mini-fucker-penisplug-8-mm-plata\/#breadcrumb\"},\"inLanguage\":\"es\",\"potentialAction\":[{\"@type\":\"ReadAction\",\"target\":[\"https:\/\/demoweb.info\/sexshop001\/producto\/mini-fucker-penisplug-8-mm-plata\/\"]}]},{\"@type\":\"BreadcrumbList\",\"@id\":\"https:\/\/demoweb.info\/sexshop001\/producto\/mini-fucker-penisplug-8-mm-plata\/#breadcrumb\",\"itemListElement\":[{\"@type\":\"ListItem\",\"position\":1,\"name\":\"Portada\",\"item\":\"https:\/\/demoweb.info\/sexshop001\/\"},{\"@type\":\"ListItem\",\"position\":2,\"name\":\"Tienda\",\"item\":\"https:\/\/demoweb.info\/sexshop001\/tienda\/\"},{\"@type\":\"ListItem\",\"position\":3,\"name\":\"MINI FUCKER PENISPLUG &#8211; 8 MM &#8211; PLATA\"}]},{\"@type\":\"WebSite\",\"@id\":\"https:\/\/demoweb.info\/sexshop001\/#website\",\"url\":\"https:\/\/demoweb.info\/sexshop001\/\",\"name\":\"Tienda Er\u00f3tica\",\"description\":\"DEMOWEB SL\",\"potentialAction\":[{\"@type\":\"SearchAction\",\"target\":{\"@type\":\"EntryPoint\",\"urlTemplate\":\"https:\/\/demoweb.info\/sexshop001\/?s={search_term_string}\"},\"query-input\":\"required name=search_term_string\"}],\"inLanguage\":\"es\"}]}<\/script>\n<!-- \/ Yoast SEO plugin. -->","yoast_head_json":{"title":"MINI FUCKER PENISPLUG - 8 MM - PLATA - Tienda Er\u00f3tica","robots":{"index":"noindex","follow":"follow","max-snippet":"max-snippet:-1","max-image-preview":"max-image-preview:large","max-video-preview":"max-video-preview:-1"},"og_locale":"es_ES","og_type":"article","og_title":"MINI FUCKER PENISPLUG - 8 MM - PLATA - Tienda Er\u00f3tica","og_description":"MINI FUCKER PENISPLUG El Mini Fucker Penisplug de la marca de calidad Steel Power Tools es un dise\u00f1o elegante y","og_url":"https:\/\/demoweb.info\/sexshop001\/producto\/mini-fucker-penisplug-8-mm-plata\/","og_site_name":"Tienda Er\u00f3tica","article_modified_time":"2022-01-22T10:13:56+00:00","og_image":[{"width":550,"height":550,"url":"https:\/\/demoweb.info\/sexshop001\/wp-content\/uploads\/2022\/01\/MINI-FUCKER-PENISPLUG-8-MM-PLATA.jpg","type":"image\/jpeg"}],"twitter_card":"summary_large_image","schema":{"@context":"https:\/\/schema.org","@graph":[{"@type":"WebPage","@id":"https:\/\/demoweb.info\/sexshop001\/producto\/mini-fucker-penisplug-8-mm-plata\/","url":"https:\/\/demoweb.info\/sexshop001\/producto\/mini-fucker-penisplug-8-mm-plata\/","name":"MINI FUCKER PENISPLUG - 8 MM - PLATA - Tienda Er\u00f3tica","isPartOf":{"@id":"https:\/\/demoweb.info\/sexshop001\/#website"},"datePublished":"2022-01-22T10:13:52+00:00","dateModified":"2022-01-22T10:13:56+00:00","breadcrumb":{"@id":"https:\/\/demoweb.info\/sexshop001\/producto\/mini-fucker-penisplug-8-mm-plata\/#breadcrumb"},"inLanguage":"es","potentialAction":[{"@type":"ReadAction","target":["https:\/\/demoweb.info\/sexshop001\/producto\/mini-fucker-penisplug-8-mm-plata\/"]}]},{"@type":"BreadcrumbList","@id":"https:\/\/demoweb.info\/sexshop001\/producto\/mini-fucker-penisplug-8-mm-plata\/#breadcrumb","itemListElement":[{"@type":"ListItem","position":1,"name":"Portada","item":"https:\/\/demoweb.info\/sexshop001\/"},{"@type":"ListItem","position":2,"name":"Tienda","item":"https:\/\/demoweb.info\/sexshop001\/tienda\/"},{"@type":"ListItem","position":3,"name":"MINI FUCKER PENISPLUG &#8211; 8 MM &#8211; PLATA"}]},{"@type":"WebSite","@id":"https:\/\/demoweb.info\/sexshop001\/#website","url":"https:\/\/demoweb.info\/sexshop001\/","name":"Tienda Er\u00f3tica","description":"DEMOWEB SL","potentialAction":[{"@type":"SearchAction","target":{"@type":"EntryPoint","urlTemplate":"https:\/\/demoweb.info\/sexshop001\/?s={search_term_string}"},"query-input":"required name=search_term_string"}],"inLanguage":"es"}]}},"_links":{"self":[{"href":"https:\/\/demoweb.info\/sexshop001\/wp-json\/wp\/v3\/product\/21004","targetHints":{"allow":["GET"]}}],"collection":[{"href":"https:\/\/demoweb.info\/sexshop001\/wp-json\/wp\/v3\/product"}],"about":[{"href":"https:\/\/demoweb.info\/sexshop001\/wp-json\/wp\/v2\/types\/product"}],"replies":[{"embeddable":true,"href":"https:\/\/demoweb.info\/sexshop001\/wp-json\/wp\/v2\/comments?post=21004"}],"wp:featuredmedia":[{"embeddable":true,"href":"https:\/\/demoweb.info\/sexshop001\/wp-json\/wp\/v2\/media\/21005"}],"wp:attachment":[{"href":"https:\/\/demoweb.info\/sexshop001\/wp-json\/wp\/v2\/media?parent=21004"}],"wp:term":[{"taxonomy":"product_cat","embeddable":true,"href":"https:\/\/demoweb.info\/sexshop001\/wp-json\/wp\/v2\/product_cat?post=21004"},{"taxonomy":"product_tag","embeddable":true,"href":"https:\/\/demoweb.info\/sexshop001\/wp-json\/wp\/v2\/product_tag?post=21004"}],"curies":[{"name":"wp","href":"https:\/\/api.w.org\/{rel}","templated":true}]}}