{"id":20963,"date":"2022-01-22T11:13:26","date_gmt":"2022-01-22T10:13:26","guid":{"rendered":"https:\/\/demoweb.info\/sexshop001\/producto\/pinzas-para-pezones-mystim-barry-bite\/"},"modified":"2022-01-22T11:13:37","modified_gmt":"2022-01-22T10:13:37","slug":"pinzas-para-pezones-mystim-barry-bite","status":"publish","type":"product","link":"https:\/\/demoweb.info\/sexshop001\/producto\/pinzas-para-pezones-mystim-barry-bite\/","title":{"rendered":"PINZAS PARA PEZONES &#8211; MYSTIM BARRY BITE"},"content":{"rendered":"<pre>\n<span style=&quot;font-family:tahoma,geneva,sans-serif&quot;><strong>MYSTIM BARRY BITE<\/strong><\/span>\n\n<span style=&quot;font-family:tahoma,geneva,sans-serif&quot;>Estas pinzas para pezones se colocan sobre ti cuando es necesario y necesitas ese placer de hormigueo y lujuria en tus pezones, tu vulva o cualquier parte de tu cuerpo.\n \nCada una de las dos pinzas bipolares y conductoras de electricidad estimulan el tejido que est\u00e1 exactamente dentro de las pinzas. Es por eso que puede tratar ambos pezones al mismo tiempo. Para activar los postes el\u00e9ctricos, necesitar\u00e1 un dispositivo como Mystim Tension Lover o Mystim Pure Vibes.<\/span><\/pre>\n","protected":false},"excerpt":{"rendered":"<p>MYSTIM BARRY BITE Estas pinzas para pezones se colocan sobre ti cuando es necesario y necesitas ese placer de hormigueo<\/p>\n","protected":false},"featured_media":20964,"comment_status":"open","ping_status":"open","template":"","meta":[],"product_cat":[488],"product_tag":[1006],"class_list":["post-20963","product","type-product","status-publish","has-post-thumbnail","hentry","product_cat-pezones","product_tag-mystim"],"bundled_by":[],"bundle_stock_status":"instock","bundle_stock_quantity":1,"bundle_virtual":false,"bundle_layout":"","bundle_add_to_cart_form_location":"","bundle_editable_in_cart":false,"bundle_sold_individually_context":"","bundle_item_grouping":"","bundle_min_size":"","bundle_max_size":"","bundled_items":[],"yoast_head":"<!-- This site is optimized with the Yoast SEO plugin v20.6 - https:\/\/yoast.com\/wordpress\/plugins\/seo\/ -->\n<title>PINZAS PARA PEZONES - MYSTIM BARRY BITE - Tienda Er\u00f3tica<\/title>\n<meta name=\"robots\" content=\"noindex, follow, max-snippet:-1, max-image-preview:large, max-video-preview:-1\" \/>\n<meta property=\"og:locale\" content=\"es_ES\" \/>\n<meta property=\"og:type\" content=\"article\" \/>\n<meta property=\"og:title\" content=\"PINZAS PARA PEZONES - MYSTIM BARRY BITE - Tienda Er\u00f3tica\" \/>\n<meta property=\"og:description\" content=\"MYSTIM BARRY BITE Estas pinzas para pezones se colocan sobre ti cuando es necesario y necesitas ese placer de hormigueo\" \/>\n<meta property=\"og:url\" content=\"https:\/\/demoweb.info\/sexshop001\/producto\/pinzas-para-pezones-mystim-barry-bite\/\" \/>\n<meta property=\"og:site_name\" content=\"Tienda Er\u00f3tica\" \/>\n<meta property=\"article:modified_time\" content=\"2022-01-22T10:13:37+00:00\" \/>\n<meta property=\"og:image\" content=\"https:\/\/demoweb.info\/sexshop001\/wp-content\/uploads\/2022\/01\/PINZAS-PARA-PEZONES-MYSTIM-BARRY-BITE.jpg\" \/>\n\t<meta property=\"og:image:width\" content=\"550\" \/>\n\t<meta property=\"og:image:height\" content=\"550\" \/>\n\t<meta property=\"og:image:type\" content=\"image\/jpeg\" \/>\n<meta name=\"twitter:card\" content=\"summary_large_image\" \/>\n<script type=\"application\/ld+json\" class=\"yoast-schema-graph\">{\"@context\":\"https:\/\/schema.org\",\"@graph\":[{\"@type\":\"WebPage\",\"@id\":\"https:\/\/demoweb.info\/sexshop001\/producto\/pinzas-para-pezones-mystim-barry-bite\/\",\"url\":\"https:\/\/demoweb.info\/sexshop001\/producto\/pinzas-para-pezones-mystim-barry-bite\/\",\"name\":\"PINZAS PARA PEZONES - MYSTIM BARRY BITE - Tienda Er\u00f3tica\",\"isPartOf\":{\"@id\":\"https:\/\/demoweb.info\/sexshop001\/#website\"},\"datePublished\":\"2022-01-22T10:13:26+00:00\",\"dateModified\":\"2022-01-22T10:13:37+00:00\",\"breadcrumb\":{\"@id\":\"https:\/\/demoweb.info\/sexshop001\/producto\/pinzas-para-pezones-mystim-barry-bite\/#breadcrumb\"},\"inLanguage\":\"es\",\"potentialAction\":[{\"@type\":\"ReadAction\",\"target\":[\"https:\/\/demoweb.info\/sexshop001\/producto\/pinzas-para-pezones-mystim-barry-bite\/\"]}]},{\"@type\":\"BreadcrumbList\",\"@id\":\"https:\/\/demoweb.info\/sexshop001\/producto\/pinzas-para-pezones-mystim-barry-bite\/#breadcrumb\",\"itemListElement\":[{\"@type\":\"ListItem\",\"position\":1,\"name\":\"Portada\",\"item\":\"https:\/\/demoweb.info\/sexshop001\/\"},{\"@type\":\"ListItem\",\"position\":2,\"name\":\"Tienda\",\"item\":\"https:\/\/demoweb.info\/sexshop001\/tienda\/\"},{\"@type\":\"ListItem\",\"position\":3,\"name\":\"PINZAS PARA PEZONES &#8211; MYSTIM BARRY BITE\"}]},{\"@type\":\"WebSite\",\"@id\":\"https:\/\/demoweb.info\/sexshop001\/#website\",\"url\":\"https:\/\/demoweb.info\/sexshop001\/\",\"name\":\"Tienda Er\u00f3tica\",\"description\":\"DEMOWEB SL\",\"potentialAction\":[{\"@type\":\"SearchAction\",\"target\":{\"@type\":\"EntryPoint\",\"urlTemplate\":\"https:\/\/demoweb.info\/sexshop001\/?s={search_term_string}\"},\"query-input\":\"required name=search_term_string\"}],\"inLanguage\":\"es\"}]}<\/script>\n<!-- \/ Yoast SEO plugin. -->","yoast_head_json":{"title":"PINZAS PARA PEZONES - MYSTIM BARRY BITE - Tienda Er\u00f3tica","robots":{"index":"noindex","follow":"follow","max-snippet":"max-snippet:-1","max-image-preview":"max-image-preview:large","max-video-preview":"max-video-preview:-1"},"og_locale":"es_ES","og_type":"article","og_title":"PINZAS PARA PEZONES - MYSTIM BARRY BITE - Tienda Er\u00f3tica","og_description":"MYSTIM BARRY BITE Estas pinzas para pezones se colocan sobre ti cuando es necesario y necesitas ese placer de hormigueo","og_url":"https:\/\/demoweb.info\/sexshop001\/producto\/pinzas-para-pezones-mystim-barry-bite\/","og_site_name":"Tienda Er\u00f3tica","article_modified_time":"2022-01-22T10:13:37+00:00","og_image":[{"width":550,"height":550,"url":"https:\/\/demoweb.info\/sexshop001\/wp-content\/uploads\/2022\/01\/PINZAS-PARA-PEZONES-MYSTIM-BARRY-BITE.jpg","type":"image\/jpeg"}],"twitter_card":"summary_large_image","schema":{"@context":"https:\/\/schema.org","@graph":[{"@type":"WebPage","@id":"https:\/\/demoweb.info\/sexshop001\/producto\/pinzas-para-pezones-mystim-barry-bite\/","url":"https:\/\/demoweb.info\/sexshop001\/producto\/pinzas-para-pezones-mystim-barry-bite\/","name":"PINZAS PARA PEZONES - MYSTIM BARRY BITE - Tienda Er\u00f3tica","isPartOf":{"@id":"https:\/\/demoweb.info\/sexshop001\/#website"},"datePublished":"2022-01-22T10:13:26+00:00","dateModified":"2022-01-22T10:13:37+00:00","breadcrumb":{"@id":"https:\/\/demoweb.info\/sexshop001\/producto\/pinzas-para-pezones-mystim-barry-bite\/#breadcrumb"},"inLanguage":"es","potentialAction":[{"@type":"ReadAction","target":["https:\/\/demoweb.info\/sexshop001\/producto\/pinzas-para-pezones-mystim-barry-bite\/"]}]},{"@type":"BreadcrumbList","@id":"https:\/\/demoweb.info\/sexshop001\/producto\/pinzas-para-pezones-mystim-barry-bite\/#breadcrumb","itemListElement":[{"@type":"ListItem","position":1,"name":"Portada","item":"https:\/\/demoweb.info\/sexshop001\/"},{"@type":"ListItem","position":2,"name":"Tienda","item":"https:\/\/demoweb.info\/sexshop001\/tienda\/"},{"@type":"ListItem","position":3,"name":"PINZAS PARA PEZONES &#8211; MYSTIM BARRY BITE"}]},{"@type":"WebSite","@id":"https:\/\/demoweb.info\/sexshop001\/#website","url":"https:\/\/demoweb.info\/sexshop001\/","name":"Tienda Er\u00f3tica","description":"DEMOWEB SL","potentialAction":[{"@type":"SearchAction","target":{"@type":"EntryPoint","urlTemplate":"https:\/\/demoweb.info\/sexshop001\/?s={search_term_string}"},"query-input":"required name=search_term_string"}],"inLanguage":"es"}]}},"_links":{"self":[{"href":"https:\/\/demoweb.info\/sexshop001\/wp-json\/wp\/v3\/product\/20963","targetHints":{"allow":["GET"]}}],"collection":[{"href":"https:\/\/demoweb.info\/sexshop001\/wp-json\/wp\/v3\/product"}],"about":[{"href":"https:\/\/demoweb.info\/sexshop001\/wp-json\/wp\/v2\/types\/product"}],"replies":[{"embeddable":true,"href":"https:\/\/demoweb.info\/sexshop001\/wp-json\/wp\/v2\/comments?post=20963"}],"wp:featuredmedia":[{"embeddable":true,"href":"https:\/\/demoweb.info\/sexshop001\/wp-json\/wp\/v2\/media\/20964"}],"wp:attachment":[{"href":"https:\/\/demoweb.info\/sexshop001\/wp-json\/wp\/v2\/media?parent=20963"}],"wp:term":[{"taxonomy":"product_cat","embeddable":true,"href":"https:\/\/demoweb.info\/sexshop001\/wp-json\/wp\/v2\/product_cat?post=20963"},{"taxonomy":"product_tag","embeddable":true,"href":"https:\/\/demoweb.info\/sexshop001\/wp-json\/wp\/v2\/product_tag?post=20963"}],"curies":[{"name":"wp","href":"https:\/\/api.w.org\/{rel}","templated":true}]}}