{"id":20946,"date":"2022-01-22T11:13:26","date_gmt":"2022-01-22T10:13:26","guid":{"rendered":"https:\/\/demoweb.info\/sexshop001\/producto\/mystim-vagina-de-bolsillo-masturbattin-swirl-girl\/"},"modified":"2022-01-22T11:13:29","modified_gmt":"2022-01-22T10:13:29","slug":"mystim-vagina-de-bolsillo-masturbattin-swirl-girl","status":"publish","type":"product","link":"https:\/\/demoweb.info\/sexshop001\/producto\/mystim-vagina-de-bolsillo-masturbattin-swirl-girl\/","title":{"rendered":"MYSTIM VAGINA\u00a0DE BOLSILLO MASTURBATTIN SWIRL GIRL"},"content":{"rendered":"<p><strong>MYSTIM MASTURBATIN SWIRL GIRL<\/strong><\/p>\n<p>MASTURBATIN SWIRL GIRL: un sue\u00f1o retorcido y jugoso Con su estilo retorcido, la MasturbatTIN Swirl Girl es una mocosa realmente caliente.<\/p>\n<p>Cada viaje a su vagina promete nuevas aventuras tormentosas.<\/p>\n<p>Ella recibe tu mejor pieza con su llamativa estructura en forma de remolino, se siente s\u00faper suave y natural y no te dejar\u00e1 ir tan r\u00e1pido.<\/p>\n<p>En poco tiempo no experimentar\u00e1 un traumatismo por latigazo, pero ser\u00e1 azotado en un sue\u00f1o retorcido y jugoso.<\/p>\n<p>Comparado con esto, un tornado es solo una brisa suave.<\/p>\n<p>Honestamente, nuestra vagina de bolsillo MasturbatTIN Swirl Girl y sus adorables hermanas Ribbed Rita y Dotty Dora realmente pueden aguantar bastante.<\/p>\n<p>A\u00fan as\u00ed, cuando saques tu co\u00f1o favorito de la caja, s\u00e9 amable, ya que est\u00e1 hecho de material TPE maravillosamente suave.<\/p>\n<p>Luego saca el tap\u00f3n protector, que preestira maravillosamente MasturbatTIN Swirl Girl y lo mantiene listo en todo momento.<\/p>\n<p>Dolores de cabeza repentinos, su per\u00edodo nuevamente o simplemente no tener ganas, todo esto nunca le pasa.<\/p>\n<p>Primero, vierta un poco del lubricante incluido en \u00e9l para aflojarlo, luego se desliza mucho mejor cuando se sumerge profundamente.<\/p>\n<p>Para los infractores reincidentes En realidad, MasturbatTIN Swirl Girl solo est\u00e1 disponible para aventuras de una noche. Pero si se maneja con cuidado, tambi\u00e9n est\u00e1 lista para un segundo o tercer viaje.<\/p>\n<p>Solo cuando ella est\u00e1 completamente perdida es hora de una nueva vagina de bolsillo MasturbatTIN.<\/p>\n<p>\u00bfSigues en buena forma? Limpiar y desinfectar los humedales con agua y espuma suave y dejar que se sequen bien.<\/p>\n<p>Sugerencia: si lo empolva adecuadamente con nuestro nuevo polvo de cuidado Virgin Wonder, conservar\u00e1 su acabado aterciopelado virgen.<\/p>\n<p>Vuelva a colocar el tap\u00f3n protector, coloque la tapa y vuelva a colocarlo en el empaque divertido y elegante hasta la pr\u00f3xima vez.<\/p>\n<p>Por cierto: como ella es real, MasturbatTIN Ribbed Rita es un regalo ideal.<\/p>\n<p>Despu\u00e9s de todo, un alegre MasturbatTIN coochie en lata es mucho mejor que la cerveza enlatada.<\/p>\n<ul>\n<li>Longitud total: 7 cm<\/li>\n<li>Di\u00e1metro:5,3 cm<\/li>\n<\/ul>\n","protected":false},"excerpt":{"rendered":"<p>MYSTIM MASTURBATIN SWIRL GIRL MASTURBATIN SWIRL GIRL: un sue\u00f1o retorcido y jugoso Con su estilo retorcido, la MasturbatTIN Swirl Girl<\/p>\n","protected":false},"featured_media":20947,"comment_status":"open","ping_status":"open","template":"","meta":[],"product_cat":[541],"product_tag":[1006],"class_list":["post-20946","product","type-product","status-publish","has-post-thumbnail","hentry","product_cat-vaginas","product_tag-mystim"],"bundled_by":[],"bundle_stock_status":"instock","bundle_stock_quantity":1,"bundle_virtual":false,"bundle_layout":"","bundle_add_to_cart_form_location":"","bundle_editable_in_cart":false,"bundle_sold_individually_context":"","bundle_item_grouping":"","bundle_min_size":"","bundle_max_size":"","bundled_items":[],"yoast_head":"<!-- This site is optimized with the Yoast SEO plugin v20.6 - https:\/\/yoast.com\/wordpress\/plugins\/seo\/ -->\n<title>MYSTIM VAGINA\u00a0DE BOLSILLO MASTURBATTIN SWIRL GIRL - Tienda Er\u00f3tica<\/title>\n<meta name=\"robots\" content=\"noindex, follow, max-snippet:-1, max-image-preview:large, max-video-preview:-1\" \/>\n<meta property=\"og:locale\" content=\"es_ES\" \/>\n<meta property=\"og:type\" content=\"article\" \/>\n<meta property=\"og:title\" content=\"MYSTIM VAGINA\u00a0DE BOLSILLO MASTURBATTIN SWIRL GIRL - Tienda Er\u00f3tica\" \/>\n<meta property=\"og:description\" content=\"MYSTIM MASTURBATIN SWIRL GIRL MASTURBATIN SWIRL GIRL: un sue\u00f1o retorcido y jugoso Con su estilo retorcido, la MasturbatTIN Swirl Girl\" \/>\n<meta property=\"og:url\" content=\"https:\/\/demoweb.info\/sexshop001\/producto\/mystim-vagina-de-bolsillo-masturbattin-swirl-girl\/\" \/>\n<meta property=\"og:site_name\" content=\"Tienda Er\u00f3tica\" \/>\n<meta property=\"article:modified_time\" content=\"2022-01-22T10:13:29+00:00\" \/>\n<meta property=\"og:image\" content=\"https:\/\/demoweb.info\/sexshop001\/wp-content\/uploads\/2022\/01\/MYSTIM-VAGINA-DE-BOLSILLO-MASTURBATTIN-SWIRL-GIRL.jpg\" \/>\n\t<meta property=\"og:image:width\" content=\"550\" \/>\n\t<meta property=\"og:image:height\" content=\"550\" \/>\n\t<meta property=\"og:image:type\" content=\"image\/jpeg\" \/>\n<meta name=\"twitter:card\" content=\"summary_large_image\" \/>\n<meta name=\"twitter:label1\" content=\"Tiempo de lectura\" \/>\n\t<meta name=\"twitter:data1\" content=\"2 minutos\" \/>\n<script type=\"application\/ld+json\" class=\"yoast-schema-graph\">{\"@context\":\"https:\/\/schema.org\",\"@graph\":[{\"@type\":\"WebPage\",\"@id\":\"https:\/\/demoweb.info\/sexshop001\/producto\/mystim-vagina-de-bolsillo-masturbattin-swirl-girl\/\",\"url\":\"https:\/\/demoweb.info\/sexshop001\/producto\/mystim-vagina-de-bolsillo-masturbattin-swirl-girl\/\",\"name\":\"MYSTIM VAGINA\u00a0DE BOLSILLO MASTURBATTIN SWIRL GIRL - Tienda Er\u00f3tica\",\"isPartOf\":{\"@id\":\"https:\/\/demoweb.info\/sexshop001\/#website\"},\"datePublished\":\"2022-01-22T10:13:26+00:00\",\"dateModified\":\"2022-01-22T10:13:29+00:00\",\"breadcrumb\":{\"@id\":\"https:\/\/demoweb.info\/sexshop001\/producto\/mystim-vagina-de-bolsillo-masturbattin-swirl-girl\/#breadcrumb\"},\"inLanguage\":\"es\",\"potentialAction\":[{\"@type\":\"ReadAction\",\"target\":[\"https:\/\/demoweb.info\/sexshop001\/producto\/mystim-vagina-de-bolsillo-masturbattin-swirl-girl\/\"]}]},{\"@type\":\"BreadcrumbList\",\"@id\":\"https:\/\/demoweb.info\/sexshop001\/producto\/mystim-vagina-de-bolsillo-masturbattin-swirl-girl\/#breadcrumb\",\"itemListElement\":[{\"@type\":\"ListItem\",\"position\":1,\"name\":\"Portada\",\"item\":\"https:\/\/demoweb.info\/sexshop001\/\"},{\"@type\":\"ListItem\",\"position\":2,\"name\":\"Tienda\",\"item\":\"https:\/\/demoweb.info\/sexshop001\/tienda\/\"},{\"@type\":\"ListItem\",\"position\":3,\"name\":\"MYSTIM VAGINA\u00a0DE BOLSILLO MASTURBATTIN SWIRL GIRL\"}]},{\"@type\":\"WebSite\",\"@id\":\"https:\/\/demoweb.info\/sexshop001\/#website\",\"url\":\"https:\/\/demoweb.info\/sexshop001\/\",\"name\":\"Tienda Er\u00f3tica\",\"description\":\"DEMOWEB SL\",\"potentialAction\":[{\"@type\":\"SearchAction\",\"target\":{\"@type\":\"EntryPoint\",\"urlTemplate\":\"https:\/\/demoweb.info\/sexshop001\/?s={search_term_string}\"},\"query-input\":\"required name=search_term_string\"}],\"inLanguage\":\"es\"}]}<\/script>\n<!-- \/ Yoast SEO plugin. -->","yoast_head_json":{"title":"MYSTIM VAGINA\u00a0DE BOLSILLO MASTURBATTIN SWIRL GIRL - Tienda Er\u00f3tica","robots":{"index":"noindex","follow":"follow","max-snippet":"max-snippet:-1","max-image-preview":"max-image-preview:large","max-video-preview":"max-video-preview:-1"},"og_locale":"es_ES","og_type":"article","og_title":"MYSTIM VAGINA\u00a0DE BOLSILLO MASTURBATTIN SWIRL GIRL - Tienda Er\u00f3tica","og_description":"MYSTIM MASTURBATIN SWIRL GIRL MASTURBATIN SWIRL GIRL: un sue\u00f1o retorcido y jugoso Con su estilo retorcido, la MasturbatTIN Swirl Girl","og_url":"https:\/\/demoweb.info\/sexshop001\/producto\/mystim-vagina-de-bolsillo-masturbattin-swirl-girl\/","og_site_name":"Tienda Er\u00f3tica","article_modified_time":"2022-01-22T10:13:29+00:00","og_image":[{"width":550,"height":550,"url":"https:\/\/demoweb.info\/sexshop001\/wp-content\/uploads\/2022\/01\/MYSTIM-VAGINA-DE-BOLSILLO-MASTURBATTIN-SWIRL-GIRL.jpg","type":"image\/jpeg"}],"twitter_card":"summary_large_image","twitter_misc":{"Tiempo de lectura":"2 minutos"},"schema":{"@context":"https:\/\/schema.org","@graph":[{"@type":"WebPage","@id":"https:\/\/demoweb.info\/sexshop001\/producto\/mystim-vagina-de-bolsillo-masturbattin-swirl-girl\/","url":"https:\/\/demoweb.info\/sexshop001\/producto\/mystim-vagina-de-bolsillo-masturbattin-swirl-girl\/","name":"MYSTIM VAGINA\u00a0DE BOLSILLO MASTURBATTIN SWIRL GIRL - Tienda Er\u00f3tica","isPartOf":{"@id":"https:\/\/demoweb.info\/sexshop001\/#website"},"datePublished":"2022-01-22T10:13:26+00:00","dateModified":"2022-01-22T10:13:29+00:00","breadcrumb":{"@id":"https:\/\/demoweb.info\/sexshop001\/producto\/mystim-vagina-de-bolsillo-masturbattin-swirl-girl\/#breadcrumb"},"inLanguage":"es","potentialAction":[{"@type":"ReadAction","target":["https:\/\/demoweb.info\/sexshop001\/producto\/mystim-vagina-de-bolsillo-masturbattin-swirl-girl\/"]}]},{"@type":"BreadcrumbList","@id":"https:\/\/demoweb.info\/sexshop001\/producto\/mystim-vagina-de-bolsillo-masturbattin-swirl-girl\/#breadcrumb","itemListElement":[{"@type":"ListItem","position":1,"name":"Portada","item":"https:\/\/demoweb.info\/sexshop001\/"},{"@type":"ListItem","position":2,"name":"Tienda","item":"https:\/\/demoweb.info\/sexshop001\/tienda\/"},{"@type":"ListItem","position":3,"name":"MYSTIM VAGINA\u00a0DE BOLSILLO MASTURBATTIN SWIRL GIRL"}]},{"@type":"WebSite","@id":"https:\/\/demoweb.info\/sexshop001\/#website","url":"https:\/\/demoweb.info\/sexshop001\/","name":"Tienda Er\u00f3tica","description":"DEMOWEB SL","potentialAction":[{"@type":"SearchAction","target":{"@type":"EntryPoint","urlTemplate":"https:\/\/demoweb.info\/sexshop001\/?s={search_term_string}"},"query-input":"required name=search_term_string"}],"inLanguage":"es"}]}},"_links":{"self":[{"href":"https:\/\/demoweb.info\/sexshop001\/wp-json\/wp\/v3\/product\/20946","targetHints":{"allow":["GET"]}}],"collection":[{"href":"https:\/\/demoweb.info\/sexshop001\/wp-json\/wp\/v3\/product"}],"about":[{"href":"https:\/\/demoweb.info\/sexshop001\/wp-json\/wp\/v2\/types\/product"}],"replies":[{"embeddable":true,"href":"https:\/\/demoweb.info\/sexshop001\/wp-json\/wp\/v2\/comments?post=20946"}],"wp:featuredmedia":[{"embeddable":true,"href":"https:\/\/demoweb.info\/sexshop001\/wp-json\/wp\/v2\/media\/20947"}],"wp:attachment":[{"href":"https:\/\/demoweb.info\/sexshop001\/wp-json\/wp\/v2\/media?parent=20946"}],"wp:term":[{"taxonomy":"product_cat","embeddable":true,"href":"https:\/\/demoweb.info\/sexshop001\/wp-json\/wp\/v2\/product_cat?post=20946"},{"taxonomy":"product_tag","embeddable":true,"href":"https:\/\/demoweb.info\/sexshop001\/wp-json\/wp\/v2\/product_tag?post=20946"}],"curies":[{"name":"wp","href":"https:\/\/api.w.org\/{rel}","templated":true}]}}