{"id":20942,"date":"2022-01-22T11:13:26","date_gmt":"2022-01-22T10:13:26","guid":{"rendered":"https:\/\/demoweb.info\/sexshop001\/producto\/masturbador-vagina-mystim-masturbatin-ribbed-rita\/"},"modified":"2022-01-22T11:13:28","modified_gmt":"2022-01-22T10:13:28","slug":"masturbador-vagina-mystim-masturbatin-ribbed-rita","status":"publish","type":"product","link":"https:\/\/demoweb.info\/sexshop001\/producto\/masturbador-vagina-mystim-masturbatin-ribbed-rita\/","title":{"rendered":"MASTURBADOR VAGINA &#8211; MYSTIM MASTURBATIN RIBBED RITA"},"content":{"rendered":"<p><strong>MYSTIM MASTURBATIN RIBBED RITA<\/strong><\/p>\n<p>RITA ACANALADA DE MASTURBATINA: habr\u00e1 frotamientos y traqueteos.<br \/>\nEste masturbador con forma de vagina se burla con una fina estructura acanalada. Puede que no veas esas llamativas costillas suyas, pero las sentir\u00e1s a\u00fan m\u00e1s, cuando tu miembro se eleve por encima de s\u00ed mismo dentro de esta vagina s\u00faper suave.<\/p>\n<p>Se siente tan natural que te olvidar\u00e1s del mundo que te rodea. Honestamente, nuestra vagina de bolsillo MasturbatTIN Ribbed Rita y sus encantadoras hermanas Swirl Girl y Dotty Dora realmente pueden soportar bastante. A\u00fan as\u00ed, cuando saques tu vagina favorita de la caja, s\u00e9 amable, ya que est\u00e1 hecho de material TPE maravillosamente suave. A continuaci\u00f3n, saca el tap\u00f3n protector, que preestira maravillosamente MasturbatTIN Dotty Dora y lo mantiene listo en todo momento.<br \/>\nPrimero, vierte un poco del lubricante incluido para aflojarlo, se desliza mucho mejor .<br \/>\nLimpia y desinfectar con agua y jab\u00f3n suave y deja que se sequen.<\/p>\n<p>Sugerencia: si lo empolvas adecuadamente con nuestro nuevo polvo de cuidado Virgin Wonder, conservar\u00e1 su acabado aterciopelado virgen. Vuelve a colocar el tap\u00f3n protector, coloca la tapa y vuelve a colocarlo en el empaque divertido y elegante hasta la pr\u00f3xima vez.<br \/>\nPor cierto, MasturbatTIN Ribbed Rita es un regalo ideal. Despu\u00e9s de todo, un alegre MasturbatTIN coochie en lata es mucho mejor que la cerveza enlatada.<\/p>\n<p><strong>Longitud total <\/strong> 7 cm<br \/>\n<strong>Di\u00e1metro <\/strong>\u00d8 5,3 cm<\/p>\n","protected":false},"excerpt":{"rendered":"<p>MYSTIM MASTURBATIN RIBBED RITA RITA ACANALADA DE MASTURBATINA: habr\u00e1 frotamientos y traqueteos. Este masturbador con forma de vagina se burla<\/p>\n","protected":false},"featured_media":20943,"comment_status":"open","ping_status":"open","template":"","meta":[],"product_cat":[541],"product_tag":[1006],"class_list":["post-20942","product","type-product","status-publish","has-post-thumbnail","hentry","product_cat-vaginas","product_tag-mystim"],"bundled_by":[],"bundle_stock_status":"outofstock","bundle_stock_quantity":0,"bundle_virtual":false,"bundle_layout":"","bundle_add_to_cart_form_location":"","bundle_editable_in_cart":false,"bundle_sold_individually_context":"","bundle_item_grouping":"","bundle_min_size":"","bundle_max_size":"","bundled_items":[],"yoast_head":"<!-- This site is optimized with the Yoast SEO plugin v20.6 - https:\/\/yoast.com\/wordpress\/plugins\/seo\/ -->\n<title>MASTURBADOR VAGINA - MYSTIM MASTURBATIN RIBBED RITA - Tienda Er\u00f3tica<\/title>\n<meta name=\"robots\" content=\"noindex, follow, max-snippet:-1, max-image-preview:large, max-video-preview:-1\" \/>\n<meta property=\"og:locale\" content=\"es_ES\" \/>\n<meta property=\"og:type\" content=\"article\" \/>\n<meta property=\"og:title\" content=\"MASTURBADOR VAGINA - MYSTIM MASTURBATIN RIBBED RITA - Tienda Er\u00f3tica\" \/>\n<meta property=\"og:description\" content=\"MYSTIM MASTURBATIN RIBBED RITA RITA ACANALADA DE MASTURBATINA: habr\u00e1 frotamientos y traqueteos. Este masturbador con forma de vagina se burla\" \/>\n<meta property=\"og:url\" content=\"https:\/\/demoweb.info\/sexshop001\/producto\/masturbador-vagina-mystim-masturbatin-ribbed-rita\/\" \/>\n<meta property=\"og:site_name\" content=\"Tienda Er\u00f3tica\" \/>\n<meta property=\"article:modified_time\" content=\"2022-01-22T10:13:28+00:00\" \/>\n<meta property=\"og:image\" content=\"https:\/\/demoweb.info\/sexshop001\/wp-content\/uploads\/2022\/01\/MASTURBADOR-VAGINA-MYSTIM-MASTURBATIN-RIBBED-RITA.jpg\" \/>\n\t<meta property=\"og:image:width\" content=\"550\" \/>\n\t<meta property=\"og:image:height\" content=\"550\" \/>\n\t<meta property=\"og:image:type\" content=\"image\/jpeg\" \/>\n<meta name=\"twitter:card\" content=\"summary_large_image\" \/>\n<meta name=\"twitter:label1\" content=\"Tiempo de lectura\" \/>\n\t<meta name=\"twitter:data1\" content=\"1 minuto\" \/>\n<script type=\"application\/ld+json\" class=\"yoast-schema-graph\">{\"@context\":\"https:\/\/schema.org\",\"@graph\":[{\"@type\":\"WebPage\",\"@id\":\"https:\/\/demoweb.info\/sexshop001\/producto\/masturbador-vagina-mystim-masturbatin-ribbed-rita\/\",\"url\":\"https:\/\/demoweb.info\/sexshop001\/producto\/masturbador-vagina-mystim-masturbatin-ribbed-rita\/\",\"name\":\"MASTURBADOR VAGINA - MYSTIM MASTURBATIN RIBBED RITA - Tienda Er\u00f3tica\",\"isPartOf\":{\"@id\":\"https:\/\/demoweb.info\/sexshop001\/#website\"},\"datePublished\":\"2022-01-22T10:13:26+00:00\",\"dateModified\":\"2022-01-22T10:13:28+00:00\",\"breadcrumb\":{\"@id\":\"https:\/\/demoweb.info\/sexshop001\/producto\/masturbador-vagina-mystim-masturbatin-ribbed-rita\/#breadcrumb\"},\"inLanguage\":\"es\",\"potentialAction\":[{\"@type\":\"ReadAction\",\"target\":[\"https:\/\/demoweb.info\/sexshop001\/producto\/masturbador-vagina-mystim-masturbatin-ribbed-rita\/\"]}]},{\"@type\":\"BreadcrumbList\",\"@id\":\"https:\/\/demoweb.info\/sexshop001\/producto\/masturbador-vagina-mystim-masturbatin-ribbed-rita\/#breadcrumb\",\"itemListElement\":[{\"@type\":\"ListItem\",\"position\":1,\"name\":\"Portada\",\"item\":\"https:\/\/demoweb.info\/sexshop001\/\"},{\"@type\":\"ListItem\",\"position\":2,\"name\":\"Tienda\",\"item\":\"https:\/\/demoweb.info\/sexshop001\/tienda\/\"},{\"@type\":\"ListItem\",\"position\":3,\"name\":\"MASTURBADOR VAGINA &#8211; MYSTIM MASTURBATIN RIBBED RITA\"}]},{\"@type\":\"WebSite\",\"@id\":\"https:\/\/demoweb.info\/sexshop001\/#website\",\"url\":\"https:\/\/demoweb.info\/sexshop001\/\",\"name\":\"Tienda Er\u00f3tica\",\"description\":\"DEMOWEB SL\",\"potentialAction\":[{\"@type\":\"SearchAction\",\"target\":{\"@type\":\"EntryPoint\",\"urlTemplate\":\"https:\/\/demoweb.info\/sexshop001\/?s={search_term_string}\"},\"query-input\":\"required name=search_term_string\"}],\"inLanguage\":\"es\"}]}<\/script>\n<!-- \/ Yoast SEO plugin. -->","yoast_head_json":{"title":"MASTURBADOR VAGINA - MYSTIM MASTURBATIN RIBBED RITA - Tienda Er\u00f3tica","robots":{"index":"noindex","follow":"follow","max-snippet":"max-snippet:-1","max-image-preview":"max-image-preview:large","max-video-preview":"max-video-preview:-1"},"og_locale":"es_ES","og_type":"article","og_title":"MASTURBADOR VAGINA - MYSTIM MASTURBATIN RIBBED RITA - Tienda Er\u00f3tica","og_description":"MYSTIM MASTURBATIN RIBBED RITA RITA ACANALADA DE MASTURBATINA: habr\u00e1 frotamientos y traqueteos. Este masturbador con forma de vagina se burla","og_url":"https:\/\/demoweb.info\/sexshop001\/producto\/masturbador-vagina-mystim-masturbatin-ribbed-rita\/","og_site_name":"Tienda Er\u00f3tica","article_modified_time":"2022-01-22T10:13:28+00:00","og_image":[{"width":550,"height":550,"url":"https:\/\/demoweb.info\/sexshop001\/wp-content\/uploads\/2022\/01\/MASTURBADOR-VAGINA-MYSTIM-MASTURBATIN-RIBBED-RITA.jpg","type":"image\/jpeg"}],"twitter_card":"summary_large_image","twitter_misc":{"Tiempo de lectura":"1 minuto"},"schema":{"@context":"https:\/\/schema.org","@graph":[{"@type":"WebPage","@id":"https:\/\/demoweb.info\/sexshop001\/producto\/masturbador-vagina-mystim-masturbatin-ribbed-rita\/","url":"https:\/\/demoweb.info\/sexshop001\/producto\/masturbador-vagina-mystim-masturbatin-ribbed-rita\/","name":"MASTURBADOR VAGINA - MYSTIM MASTURBATIN RIBBED RITA - Tienda Er\u00f3tica","isPartOf":{"@id":"https:\/\/demoweb.info\/sexshop001\/#website"},"datePublished":"2022-01-22T10:13:26+00:00","dateModified":"2022-01-22T10:13:28+00:00","breadcrumb":{"@id":"https:\/\/demoweb.info\/sexshop001\/producto\/masturbador-vagina-mystim-masturbatin-ribbed-rita\/#breadcrumb"},"inLanguage":"es","potentialAction":[{"@type":"ReadAction","target":["https:\/\/demoweb.info\/sexshop001\/producto\/masturbador-vagina-mystim-masturbatin-ribbed-rita\/"]}]},{"@type":"BreadcrumbList","@id":"https:\/\/demoweb.info\/sexshop001\/producto\/masturbador-vagina-mystim-masturbatin-ribbed-rita\/#breadcrumb","itemListElement":[{"@type":"ListItem","position":1,"name":"Portada","item":"https:\/\/demoweb.info\/sexshop001\/"},{"@type":"ListItem","position":2,"name":"Tienda","item":"https:\/\/demoweb.info\/sexshop001\/tienda\/"},{"@type":"ListItem","position":3,"name":"MASTURBADOR VAGINA &#8211; MYSTIM MASTURBATIN RIBBED RITA"}]},{"@type":"WebSite","@id":"https:\/\/demoweb.info\/sexshop001\/#website","url":"https:\/\/demoweb.info\/sexshop001\/","name":"Tienda Er\u00f3tica","description":"DEMOWEB SL","potentialAction":[{"@type":"SearchAction","target":{"@type":"EntryPoint","urlTemplate":"https:\/\/demoweb.info\/sexshop001\/?s={search_term_string}"},"query-input":"required name=search_term_string"}],"inLanguage":"es"}]}},"_links":{"self":[{"href":"https:\/\/demoweb.info\/sexshop001\/wp-json\/wp\/v3\/product\/20942","targetHints":{"allow":["GET"]}}],"collection":[{"href":"https:\/\/demoweb.info\/sexshop001\/wp-json\/wp\/v3\/product"}],"about":[{"href":"https:\/\/demoweb.info\/sexshop001\/wp-json\/wp\/v2\/types\/product"}],"replies":[{"embeddable":true,"href":"https:\/\/demoweb.info\/sexshop001\/wp-json\/wp\/v2\/comments?post=20942"}],"wp:featuredmedia":[{"embeddable":true,"href":"https:\/\/demoweb.info\/sexshop001\/wp-json\/wp\/v2\/media\/20943"}],"wp:attachment":[{"href":"https:\/\/demoweb.info\/sexshop001\/wp-json\/wp\/v2\/media?parent=20942"}],"wp:term":[{"taxonomy":"product_cat","embeddable":true,"href":"https:\/\/demoweb.info\/sexshop001\/wp-json\/wp\/v2\/product_cat?post=20942"},{"taxonomy":"product_tag","embeddable":true,"href":"https:\/\/demoweb.info\/sexshop001\/wp-json\/wp\/v2\/product_tag?post=20942"}],"curies":[{"name":"wp","href":"https:\/\/api.w.org\/{rel}","templated":true}]}}