{"id":20911,"date":"2022-01-22T11:12:56","date_gmt":"2022-01-22T10:12:56","guid":{"rendered":"https:\/\/demoweb.info\/sexshop001\/producto\/anillo-para-el-glande-plunging-pete-corona-strap\/"},"modified":"2022-01-22T11:13:08","modified_gmt":"2022-01-22T10:13:08","slug":"anillo-para-el-glande-plunging-pete-corona-strap","status":"publish","type":"product","link":"https:\/\/demoweb.info\/sexshop001\/producto\/anillo-para-el-glande-plunging-pete-corona-strap\/","title":{"rendered":"ANILLO PARA EL GLANDE &#8211; PLUNGING PETE CORONA STRAP"},"content":{"rendered":"<p><strong>PLUNGING PETE CORONA STRAP<\/strong><\/p>\n<p>Plunging Pete de Mystim es un lazo bipolar para el glande con un dilatador dorado de 24 k (\u00d8 4 mm, 35 mm de longitud) anqueado por dos bolas doradas con el que se consiguen pulsaciones, hormigueos o sacudidas m\u00e1s concentrados.<\/p>\n<p>Esto se debe a que la estimulaci\u00f3n se condensa donde el oro toca la piel y se vuelve especialmente intensa. Plunging Pete est\u00e1 hecho \u00edntegramente de silicona platino para uso m\u00e9dico y su tama\u00f1o se ajusta progresivamente. Para activar los polos se necesita un aparato de corrientes de estimulaci\u00f3n. Cable incluido.<\/p>\n<p>&bull; 1 lazo para el glande Pure Pete de Mystim con dilatador dorado de 24 k y 2 bolas doradas<br \/>\n&bull; 1 cable para aparatos de corrientes de estimulaci\u00f3n de Mystim<br \/>\n&bull; 1 manual de instrucciones<br \/>\n&bull; 1 estuche de metal noble\n <\/p>\n","protected":false},"excerpt":{"rendered":"<p>PLUNGING PETE CORONA STRAP Plunging Pete de Mystim es un lazo bipolar para el glande con un dilatador dorado de<\/p>\n","protected":false},"featured_media":20912,"comment_status":"open","ping_status":"open","template":"","meta":[],"product_cat":[286],"product_tag":[1006],"class_list":["post-20911","product","type-product","status-publish","has-post-thumbnail","hentry","product_cat-metal","product_tag-mystim"],"bundled_by":[],"bundle_stock_status":"instock","bundle_stock_quantity":1,"bundle_virtual":false,"bundle_layout":"","bundle_add_to_cart_form_location":"","bundle_editable_in_cart":false,"bundle_sold_individually_context":"","bundle_item_grouping":"","bundle_min_size":"","bundle_max_size":"","bundled_items":[],"yoast_head":"<!-- This site is optimized with the Yoast SEO plugin v20.6 - https:\/\/yoast.com\/wordpress\/plugins\/seo\/ -->\n<title>ANILLO PARA EL GLANDE - PLUNGING PETE CORONA STRAP - Tienda Er\u00f3tica<\/title>\n<meta name=\"robots\" content=\"noindex, follow, max-snippet:-1, max-image-preview:large, max-video-preview:-1\" \/>\n<meta property=\"og:locale\" content=\"es_ES\" \/>\n<meta property=\"og:type\" content=\"article\" \/>\n<meta property=\"og:title\" content=\"ANILLO PARA EL GLANDE - PLUNGING PETE CORONA STRAP - Tienda Er\u00f3tica\" \/>\n<meta property=\"og:description\" content=\"PLUNGING PETE CORONA STRAP Plunging Pete de Mystim es un lazo bipolar para el glande con un dilatador dorado de\" \/>\n<meta property=\"og:url\" content=\"https:\/\/demoweb.info\/sexshop001\/producto\/anillo-para-el-glande-plunging-pete-corona-strap\/\" \/>\n<meta property=\"og:site_name\" content=\"Tienda Er\u00f3tica\" \/>\n<meta property=\"article:modified_time\" content=\"2022-01-22T10:13:08+00:00\" \/>\n<meta property=\"og:image\" content=\"https:\/\/demoweb.info\/sexshop001\/wp-content\/uploads\/2022\/01\/ANILLO-PARA-EL-GLANDE-PLUNGING-PETE-CORONA-STRAP.jpg\" \/>\n\t<meta property=\"og:image:width\" content=\"550\" \/>\n\t<meta property=\"og:image:height\" content=\"550\" \/>\n\t<meta property=\"og:image:type\" content=\"image\/jpeg\" \/>\n<meta name=\"twitter:card\" content=\"summary_large_image\" \/>\n<meta name=\"twitter:label1\" content=\"Tiempo de lectura\" \/>\n\t<meta name=\"twitter:data1\" content=\"1 minuto\" \/>\n<script type=\"application\/ld+json\" class=\"yoast-schema-graph\">{\"@context\":\"https:\/\/schema.org\",\"@graph\":[{\"@type\":\"WebPage\",\"@id\":\"https:\/\/demoweb.info\/sexshop001\/producto\/anillo-para-el-glande-plunging-pete-corona-strap\/\",\"url\":\"https:\/\/demoweb.info\/sexshop001\/producto\/anillo-para-el-glande-plunging-pete-corona-strap\/\",\"name\":\"ANILLO PARA EL GLANDE - PLUNGING PETE CORONA STRAP - Tienda Er\u00f3tica\",\"isPartOf\":{\"@id\":\"https:\/\/demoweb.info\/sexshop001\/#website\"},\"datePublished\":\"2022-01-22T10:12:56+00:00\",\"dateModified\":\"2022-01-22T10:13:08+00:00\",\"breadcrumb\":{\"@id\":\"https:\/\/demoweb.info\/sexshop001\/producto\/anillo-para-el-glande-plunging-pete-corona-strap\/#breadcrumb\"},\"inLanguage\":\"es\",\"potentialAction\":[{\"@type\":\"ReadAction\",\"target\":[\"https:\/\/demoweb.info\/sexshop001\/producto\/anillo-para-el-glande-plunging-pete-corona-strap\/\"]}]},{\"@type\":\"BreadcrumbList\",\"@id\":\"https:\/\/demoweb.info\/sexshop001\/producto\/anillo-para-el-glande-plunging-pete-corona-strap\/#breadcrumb\",\"itemListElement\":[{\"@type\":\"ListItem\",\"position\":1,\"name\":\"Portada\",\"item\":\"https:\/\/demoweb.info\/sexshop001\/\"},{\"@type\":\"ListItem\",\"position\":2,\"name\":\"Tienda\",\"item\":\"https:\/\/demoweb.info\/sexshop001\/tienda\/\"},{\"@type\":\"ListItem\",\"position\":3,\"name\":\"ANILLO PARA EL GLANDE &#8211; PLUNGING PETE CORONA STRAP\"}]},{\"@type\":\"WebSite\",\"@id\":\"https:\/\/demoweb.info\/sexshop001\/#website\",\"url\":\"https:\/\/demoweb.info\/sexshop001\/\",\"name\":\"Tienda Er\u00f3tica\",\"description\":\"DEMOWEB SL\",\"potentialAction\":[{\"@type\":\"SearchAction\",\"target\":{\"@type\":\"EntryPoint\",\"urlTemplate\":\"https:\/\/demoweb.info\/sexshop001\/?s={search_term_string}\"},\"query-input\":\"required name=search_term_string\"}],\"inLanguage\":\"es\"}]}<\/script>\n<!-- \/ Yoast SEO plugin. -->","yoast_head_json":{"title":"ANILLO PARA EL GLANDE - PLUNGING PETE CORONA STRAP - Tienda Er\u00f3tica","robots":{"index":"noindex","follow":"follow","max-snippet":"max-snippet:-1","max-image-preview":"max-image-preview:large","max-video-preview":"max-video-preview:-1"},"og_locale":"es_ES","og_type":"article","og_title":"ANILLO PARA EL GLANDE - PLUNGING PETE CORONA STRAP - Tienda Er\u00f3tica","og_description":"PLUNGING PETE CORONA STRAP Plunging Pete de Mystim es un lazo bipolar para el glande con un dilatador dorado de","og_url":"https:\/\/demoweb.info\/sexshop001\/producto\/anillo-para-el-glande-plunging-pete-corona-strap\/","og_site_name":"Tienda Er\u00f3tica","article_modified_time":"2022-01-22T10:13:08+00:00","og_image":[{"width":550,"height":550,"url":"https:\/\/demoweb.info\/sexshop001\/wp-content\/uploads\/2022\/01\/ANILLO-PARA-EL-GLANDE-PLUNGING-PETE-CORONA-STRAP.jpg","type":"image\/jpeg"}],"twitter_card":"summary_large_image","twitter_misc":{"Tiempo de lectura":"1 minuto"},"schema":{"@context":"https:\/\/schema.org","@graph":[{"@type":"WebPage","@id":"https:\/\/demoweb.info\/sexshop001\/producto\/anillo-para-el-glande-plunging-pete-corona-strap\/","url":"https:\/\/demoweb.info\/sexshop001\/producto\/anillo-para-el-glande-plunging-pete-corona-strap\/","name":"ANILLO PARA EL GLANDE - PLUNGING PETE CORONA STRAP - Tienda Er\u00f3tica","isPartOf":{"@id":"https:\/\/demoweb.info\/sexshop001\/#website"},"datePublished":"2022-01-22T10:12:56+00:00","dateModified":"2022-01-22T10:13:08+00:00","breadcrumb":{"@id":"https:\/\/demoweb.info\/sexshop001\/producto\/anillo-para-el-glande-plunging-pete-corona-strap\/#breadcrumb"},"inLanguage":"es","potentialAction":[{"@type":"ReadAction","target":["https:\/\/demoweb.info\/sexshop001\/producto\/anillo-para-el-glande-plunging-pete-corona-strap\/"]}]},{"@type":"BreadcrumbList","@id":"https:\/\/demoweb.info\/sexshop001\/producto\/anillo-para-el-glande-plunging-pete-corona-strap\/#breadcrumb","itemListElement":[{"@type":"ListItem","position":1,"name":"Portada","item":"https:\/\/demoweb.info\/sexshop001\/"},{"@type":"ListItem","position":2,"name":"Tienda","item":"https:\/\/demoweb.info\/sexshop001\/tienda\/"},{"@type":"ListItem","position":3,"name":"ANILLO PARA EL GLANDE &#8211; PLUNGING PETE CORONA STRAP"}]},{"@type":"WebSite","@id":"https:\/\/demoweb.info\/sexshop001\/#website","url":"https:\/\/demoweb.info\/sexshop001\/","name":"Tienda Er\u00f3tica","description":"DEMOWEB SL","potentialAction":[{"@type":"SearchAction","target":{"@type":"EntryPoint","urlTemplate":"https:\/\/demoweb.info\/sexshop001\/?s={search_term_string}"},"query-input":"required name=search_term_string"}],"inLanguage":"es"}]}},"_links":{"self":[{"href":"https:\/\/demoweb.info\/sexshop001\/wp-json\/wp\/v3\/product\/20911","targetHints":{"allow":["GET"]}}],"collection":[{"href":"https:\/\/demoweb.info\/sexshop001\/wp-json\/wp\/v3\/product"}],"about":[{"href":"https:\/\/demoweb.info\/sexshop001\/wp-json\/wp\/v2\/types\/product"}],"replies":[{"embeddable":true,"href":"https:\/\/demoweb.info\/sexshop001\/wp-json\/wp\/v2\/comments?post=20911"}],"wp:featuredmedia":[{"embeddable":true,"href":"https:\/\/demoweb.info\/sexshop001\/wp-json\/wp\/v2\/media\/20912"}],"wp:attachment":[{"href":"https:\/\/demoweb.info\/sexshop001\/wp-json\/wp\/v2\/media?parent=20911"}],"wp:term":[{"taxonomy":"product_cat","embeddable":true,"href":"https:\/\/demoweb.info\/sexshop001\/wp-json\/wp\/v2\/product_cat?post=20911"},{"taxonomy":"product_tag","embeddable":true,"href":"https:\/\/demoweb.info\/sexshop001\/wp-json\/wp\/v2\/product_tag?post=20911"}],"curies":[{"name":"wp","href":"https:\/\/api.w.org\/{rel}","templated":true}]}}