{"id":20908,"date":"2022-01-22T11:12:56","date_gmt":"2022-01-22T10:12:56","guid":{"rendered":"https:\/\/demoweb.info\/sexshop001\/producto\/dildo-charging-chester-e-stim-negro\/"},"modified":"2022-01-22T11:13:07","modified_gmt":"2022-01-22T10:13:07","slug":"dildo-charging-chester-e-stim-negro","status":"publish","type":"product","link":"https:\/\/demoweb.info\/sexshop001\/producto\/dildo-charging-chester-e-stim-negro\/","title":{"rendered":"DILDO CHARGING CHESTER E-STIM &#8211; NEGRO"},"content":{"rendered":"<p><strong>CHARGING CHESTER E-STIM DILDO<\/strong><\/p>\n<p>Charging Chester es un amigo sencillo con un \u00abalgo\u00bb especial: su cuerpo anat\u00f3mico con superficies conductoras en los laterales es perfecto para estimular la vagina o el ano intensamente y de manera uniforme.<br \/>\nCharging Chester est\u00e1 hecho \u00edntegramente de silicona platino para uso m\u00e9dico y tiene una elegante asa cromada sin n\u00edquel. Por eso, no solo es muy flexible y totalmente higi\u00e9nico, sino que adem\u00e1s su superficie suave y aterciopelada se adapta perfectamente a la piel. Para activar los polos de Charging Chester se necesita un aparato de corrientes de estimulaci\u00f3n.<\/p>\n<p>&bull; Juguete sexual el\u00e9ctrico bipolar<br \/>\n&bull; Silicona platino 100% medicinal<\/p>\n<p><strong>Longitud total <\/strong> 27 cm<br \/>\n<strong>Di\u00e1metro <\/strong>\u00d8 3.8 cm<br \/>\n<strong>Material<\/strong> Silicona y Nickel<br \/>\n<strong>Bater\u00edas requeridas<\/strong> USB<\/p>\n","protected":false},"excerpt":{"rendered":"<p>CHARGING CHESTER E-STIM DILDO Charging Chester es un amigo sencillo con un \u00abalgo\u00bb especial: su cuerpo anat\u00f3mico con superficies conductoras<\/p>\n","protected":false},"featured_media":20909,"comment_status":"open","ping_status":"open","template":"","meta":[],"product_cat":[315],"product_tag":[1006],"class_list":["post-20908","product","type-product","status-publish","has-post-thumbnail","hentry","product_cat-silicona-vibradores-juguetes-xxx","product_tag-mystim"],"bundled_by":[],"bundle_stock_status":"instock","bundle_stock_quantity":1,"bundle_virtual":false,"bundle_layout":"","bundle_add_to_cart_form_location":"","bundle_editable_in_cart":false,"bundle_sold_individually_context":"","bundle_item_grouping":"","bundle_min_size":"","bundle_max_size":"","bundled_items":[],"yoast_head":"<!-- This site is optimized with the Yoast SEO plugin v20.6 - https:\/\/yoast.com\/wordpress\/plugins\/seo\/ -->\n<title>DILDO CHARGING CHESTER E-STIM - NEGRO - Tienda Er\u00f3tica<\/title>\n<meta name=\"robots\" content=\"noindex, follow, max-snippet:-1, max-image-preview:large, max-video-preview:-1\" \/>\n<meta property=\"og:locale\" content=\"es_ES\" \/>\n<meta property=\"og:type\" content=\"article\" \/>\n<meta property=\"og:title\" content=\"DILDO CHARGING CHESTER E-STIM - NEGRO - Tienda Er\u00f3tica\" \/>\n<meta property=\"og:description\" content=\"CHARGING CHESTER E-STIM DILDO Charging Chester es un amigo sencillo con un \u00abalgo\u00bb especial: su cuerpo anat\u00f3mico con superficies conductoras\" \/>\n<meta property=\"og:url\" content=\"https:\/\/demoweb.info\/sexshop001\/producto\/dildo-charging-chester-e-stim-negro\/\" \/>\n<meta property=\"og:site_name\" content=\"Tienda Er\u00f3tica\" \/>\n<meta property=\"article:modified_time\" content=\"2022-01-22T10:13:07+00:00\" \/>\n<meta property=\"og:image\" content=\"https:\/\/demoweb.info\/sexshop001\/wp-content\/uploads\/2022\/01\/DILDO-CHARGING-CHESTER-E-STIM-NEGRO.jpg\" \/>\n\t<meta property=\"og:image:width\" content=\"550\" \/>\n\t<meta property=\"og:image:height\" content=\"550\" \/>\n\t<meta property=\"og:image:type\" content=\"image\/jpeg\" \/>\n<meta name=\"twitter:card\" content=\"summary_large_image\" \/>\n<meta name=\"twitter:label1\" content=\"Tiempo de lectura\" \/>\n\t<meta name=\"twitter:data1\" content=\"1 minuto\" \/>\n<script type=\"application\/ld+json\" class=\"yoast-schema-graph\">{\"@context\":\"https:\/\/schema.org\",\"@graph\":[{\"@type\":\"WebPage\",\"@id\":\"https:\/\/demoweb.info\/sexshop001\/producto\/dildo-charging-chester-e-stim-negro\/\",\"url\":\"https:\/\/demoweb.info\/sexshop001\/producto\/dildo-charging-chester-e-stim-negro\/\",\"name\":\"DILDO CHARGING CHESTER E-STIM - NEGRO - Tienda Er\u00f3tica\",\"isPartOf\":{\"@id\":\"https:\/\/demoweb.info\/sexshop001\/#website\"},\"datePublished\":\"2022-01-22T10:12:56+00:00\",\"dateModified\":\"2022-01-22T10:13:07+00:00\",\"breadcrumb\":{\"@id\":\"https:\/\/demoweb.info\/sexshop001\/producto\/dildo-charging-chester-e-stim-negro\/#breadcrumb\"},\"inLanguage\":\"es\",\"potentialAction\":[{\"@type\":\"ReadAction\",\"target\":[\"https:\/\/demoweb.info\/sexshop001\/producto\/dildo-charging-chester-e-stim-negro\/\"]}]},{\"@type\":\"BreadcrumbList\",\"@id\":\"https:\/\/demoweb.info\/sexshop001\/producto\/dildo-charging-chester-e-stim-negro\/#breadcrumb\",\"itemListElement\":[{\"@type\":\"ListItem\",\"position\":1,\"name\":\"Portada\",\"item\":\"https:\/\/demoweb.info\/sexshop001\/\"},{\"@type\":\"ListItem\",\"position\":2,\"name\":\"Tienda\",\"item\":\"https:\/\/demoweb.info\/sexshop001\/tienda\/\"},{\"@type\":\"ListItem\",\"position\":3,\"name\":\"DILDO CHARGING CHESTER E-STIM &#8211; NEGRO\"}]},{\"@type\":\"WebSite\",\"@id\":\"https:\/\/demoweb.info\/sexshop001\/#website\",\"url\":\"https:\/\/demoweb.info\/sexshop001\/\",\"name\":\"Tienda Er\u00f3tica\",\"description\":\"DEMOWEB SL\",\"potentialAction\":[{\"@type\":\"SearchAction\",\"target\":{\"@type\":\"EntryPoint\",\"urlTemplate\":\"https:\/\/demoweb.info\/sexshop001\/?s={search_term_string}\"},\"query-input\":\"required name=search_term_string\"}],\"inLanguage\":\"es\"}]}<\/script>\n<!-- \/ Yoast SEO plugin. -->","yoast_head_json":{"title":"DILDO CHARGING CHESTER E-STIM - NEGRO - Tienda Er\u00f3tica","robots":{"index":"noindex","follow":"follow","max-snippet":"max-snippet:-1","max-image-preview":"max-image-preview:large","max-video-preview":"max-video-preview:-1"},"og_locale":"es_ES","og_type":"article","og_title":"DILDO CHARGING CHESTER E-STIM - NEGRO - Tienda Er\u00f3tica","og_description":"CHARGING CHESTER E-STIM DILDO Charging Chester es un amigo sencillo con un \u00abalgo\u00bb especial: su cuerpo anat\u00f3mico con superficies conductoras","og_url":"https:\/\/demoweb.info\/sexshop001\/producto\/dildo-charging-chester-e-stim-negro\/","og_site_name":"Tienda Er\u00f3tica","article_modified_time":"2022-01-22T10:13:07+00:00","og_image":[{"width":550,"height":550,"url":"https:\/\/demoweb.info\/sexshop001\/wp-content\/uploads\/2022\/01\/DILDO-CHARGING-CHESTER-E-STIM-NEGRO.jpg","type":"image\/jpeg"}],"twitter_card":"summary_large_image","twitter_misc":{"Tiempo de lectura":"1 minuto"},"schema":{"@context":"https:\/\/schema.org","@graph":[{"@type":"WebPage","@id":"https:\/\/demoweb.info\/sexshop001\/producto\/dildo-charging-chester-e-stim-negro\/","url":"https:\/\/demoweb.info\/sexshop001\/producto\/dildo-charging-chester-e-stim-negro\/","name":"DILDO CHARGING CHESTER E-STIM - NEGRO - Tienda Er\u00f3tica","isPartOf":{"@id":"https:\/\/demoweb.info\/sexshop001\/#website"},"datePublished":"2022-01-22T10:12:56+00:00","dateModified":"2022-01-22T10:13:07+00:00","breadcrumb":{"@id":"https:\/\/demoweb.info\/sexshop001\/producto\/dildo-charging-chester-e-stim-negro\/#breadcrumb"},"inLanguage":"es","potentialAction":[{"@type":"ReadAction","target":["https:\/\/demoweb.info\/sexshop001\/producto\/dildo-charging-chester-e-stim-negro\/"]}]},{"@type":"BreadcrumbList","@id":"https:\/\/demoweb.info\/sexshop001\/producto\/dildo-charging-chester-e-stim-negro\/#breadcrumb","itemListElement":[{"@type":"ListItem","position":1,"name":"Portada","item":"https:\/\/demoweb.info\/sexshop001\/"},{"@type":"ListItem","position":2,"name":"Tienda","item":"https:\/\/demoweb.info\/sexshop001\/tienda\/"},{"@type":"ListItem","position":3,"name":"DILDO CHARGING CHESTER E-STIM &#8211; NEGRO"}]},{"@type":"WebSite","@id":"https:\/\/demoweb.info\/sexshop001\/#website","url":"https:\/\/demoweb.info\/sexshop001\/","name":"Tienda Er\u00f3tica","description":"DEMOWEB SL","potentialAction":[{"@type":"SearchAction","target":{"@type":"EntryPoint","urlTemplate":"https:\/\/demoweb.info\/sexshop001\/?s={search_term_string}"},"query-input":"required name=search_term_string"}],"inLanguage":"es"}]}},"_links":{"self":[{"href":"https:\/\/demoweb.info\/sexshop001\/wp-json\/wp\/v3\/product\/20908","targetHints":{"allow":["GET"]}}],"collection":[{"href":"https:\/\/demoweb.info\/sexshop001\/wp-json\/wp\/v3\/product"}],"about":[{"href":"https:\/\/demoweb.info\/sexshop001\/wp-json\/wp\/v2\/types\/product"}],"replies":[{"embeddable":true,"href":"https:\/\/demoweb.info\/sexshop001\/wp-json\/wp\/v2\/comments?post=20908"}],"wp:featuredmedia":[{"embeddable":true,"href":"https:\/\/demoweb.info\/sexshop001\/wp-json\/wp\/v2\/media\/20909"}],"wp:attachment":[{"href":"https:\/\/demoweb.info\/sexshop001\/wp-json\/wp\/v2\/media?parent=20908"}],"wp:term":[{"taxonomy":"product_cat","embeddable":true,"href":"https:\/\/demoweb.info\/sexshop001\/wp-json\/wp\/v2\/product_cat?post=20908"},{"taxonomy":"product_tag","embeddable":true,"href":"https:\/\/demoweb.info\/sexshop001\/wp-json\/wp\/v2\/product_tag?post=20908"}],"curies":[{"name":"wp","href":"https:\/\/api.w.org\/{rel}","templated":true}]}}