{"id":20905,"date":"2022-01-22T11:12:56","date_gmt":"2022-01-22T10:12:56","guid":{"rendered":"https:\/\/demoweb.info\/sexshop001\/producto\/dildo-current-conrad-e-stim-negro\/"},"modified":"2022-01-22T11:13:06","modified_gmt":"2022-01-22T10:13:06","slug":"dildo-current-conrad-e-stim-negro","status":"publish","type":"product","link":"https:\/\/demoweb.info\/sexshop001\/producto\/dildo-current-conrad-e-stim-negro\/","title":{"rendered":"DILDO CURRENT CONRAD E-STIM &#8211; NEGRO"},"content":{"rendered":"<p><strong>CURRENT CONRAD E-STIM DILDO<\/strong><\/p>\n<pre>\n<span style=&quot;font-family:tahoma,geneva,sans-serif&quot;>Siempre en plena forma para tu  placer.\nCurrent Conrad. Con su cuerpo cl\u00e1sico, ligeramente curvado, el consolador de silicona te ofrece una excitante curva de tensi\u00f3n en una longitud de 27 cm. \n\nSi luego se adhiere fuertemente a tu piel, estimula tu vagina o ano de manera particularmente intensa y uniforme a trav\u00e9s de las superficies de gu\u00eda en los lados. Ah, s\u00ed, Current Conrad acaba de acostumbrarse a mimarte de adelante hacia atr\u00e1s.\n\nDetalles t\u00e9cnicos: \nTipo: consolador de silicona e-stim \nPolos 2 (bipolares)\nDispositivo el\u00e9ctrico necesario \nConexi\u00f3n a trav\u00e9s de Mystim Plug \nInstrucciones en GER, ENG, FRA, ITA, ESP, NL y RUS.\n\n<strong>Longitud total <\/strong>   27 cm\n<strong>Di\u00e1metro    <\/strong>\u00d8 3.7 cm\n<strong>Material    <\/strong>Silicona y Nickel <\/span>\n<\/pre>\n","protected":false},"excerpt":{"rendered":"<p>CURRENT CONRAD E-STIM DILDO Siempre en plena forma para tu placer. Current Conrad. Con su cuerpo cl\u00e1sico, ligeramente curvado, el<\/p>\n","protected":false},"featured_media":20906,"comment_status":"open","ping_status":"open","template":"","meta":[],"product_cat":[340],"product_tag":[1006],"class_list":["post-20905","product","type-product","status-publish","has-post-thumbnail","hentry","product_cat-silicona-dildos","product_tag-mystim"],"bundled_by":[],"bundle_stock_status":"instock","bundle_stock_quantity":1,"bundle_virtual":false,"bundle_layout":"","bundle_add_to_cart_form_location":"","bundle_editable_in_cart":false,"bundle_sold_individually_context":"","bundle_item_grouping":"","bundle_min_size":"","bundle_max_size":"","bundled_items":[],"yoast_head":"<!-- This site is optimized with the Yoast SEO plugin v20.6 - https:\/\/yoast.com\/wordpress\/plugins\/seo\/ -->\n<title>DILDO CURRENT CONRAD E-STIM - NEGRO - Tienda Er\u00f3tica<\/title>\n<meta name=\"robots\" content=\"noindex, follow, max-snippet:-1, max-image-preview:large, max-video-preview:-1\" \/>\n<meta property=\"og:locale\" content=\"es_ES\" \/>\n<meta property=\"og:type\" content=\"article\" \/>\n<meta property=\"og:title\" content=\"DILDO CURRENT CONRAD E-STIM - NEGRO - Tienda Er\u00f3tica\" \/>\n<meta property=\"og:description\" content=\"CURRENT CONRAD E-STIM DILDO Siempre en plena forma para tu placer. Current Conrad. Con su cuerpo cl\u00e1sico, ligeramente curvado, el\" \/>\n<meta property=\"og:url\" content=\"https:\/\/demoweb.info\/sexshop001\/producto\/dildo-current-conrad-e-stim-negro\/\" \/>\n<meta property=\"og:site_name\" content=\"Tienda Er\u00f3tica\" \/>\n<meta property=\"article:modified_time\" content=\"2022-01-22T10:13:06+00:00\" \/>\n<meta property=\"og:image\" content=\"https:\/\/demoweb.info\/sexshop001\/wp-content\/uploads\/2022\/01\/DILDO-CURRENT-CONRAD-E-STIM-NEGRO.jpg\" \/>\n\t<meta property=\"og:image:width\" content=\"550\" \/>\n\t<meta property=\"og:image:height\" content=\"550\" \/>\n\t<meta property=\"og:image:type\" content=\"image\/jpeg\" \/>\n<meta name=\"twitter:card\" content=\"summary_large_image\" \/>\n<meta name=\"twitter:label1\" content=\"Tiempo de lectura\" \/>\n\t<meta name=\"twitter:data1\" content=\"1 minuto\" \/>\n<script type=\"application\/ld+json\" class=\"yoast-schema-graph\">{\"@context\":\"https:\/\/schema.org\",\"@graph\":[{\"@type\":\"WebPage\",\"@id\":\"https:\/\/demoweb.info\/sexshop001\/producto\/dildo-current-conrad-e-stim-negro\/\",\"url\":\"https:\/\/demoweb.info\/sexshop001\/producto\/dildo-current-conrad-e-stim-negro\/\",\"name\":\"DILDO CURRENT CONRAD E-STIM - NEGRO - Tienda Er\u00f3tica\",\"isPartOf\":{\"@id\":\"https:\/\/demoweb.info\/sexshop001\/#website\"},\"datePublished\":\"2022-01-22T10:12:56+00:00\",\"dateModified\":\"2022-01-22T10:13:06+00:00\",\"breadcrumb\":{\"@id\":\"https:\/\/demoweb.info\/sexshop001\/producto\/dildo-current-conrad-e-stim-negro\/#breadcrumb\"},\"inLanguage\":\"es\",\"potentialAction\":[{\"@type\":\"ReadAction\",\"target\":[\"https:\/\/demoweb.info\/sexshop001\/producto\/dildo-current-conrad-e-stim-negro\/\"]}]},{\"@type\":\"BreadcrumbList\",\"@id\":\"https:\/\/demoweb.info\/sexshop001\/producto\/dildo-current-conrad-e-stim-negro\/#breadcrumb\",\"itemListElement\":[{\"@type\":\"ListItem\",\"position\":1,\"name\":\"Portada\",\"item\":\"https:\/\/demoweb.info\/sexshop001\/\"},{\"@type\":\"ListItem\",\"position\":2,\"name\":\"Tienda\",\"item\":\"https:\/\/demoweb.info\/sexshop001\/tienda\/\"},{\"@type\":\"ListItem\",\"position\":3,\"name\":\"DILDO CURRENT CONRAD E-STIM &#8211; NEGRO\"}]},{\"@type\":\"WebSite\",\"@id\":\"https:\/\/demoweb.info\/sexshop001\/#website\",\"url\":\"https:\/\/demoweb.info\/sexshop001\/\",\"name\":\"Tienda Er\u00f3tica\",\"description\":\"DEMOWEB SL\",\"potentialAction\":[{\"@type\":\"SearchAction\",\"target\":{\"@type\":\"EntryPoint\",\"urlTemplate\":\"https:\/\/demoweb.info\/sexshop001\/?s={search_term_string}\"},\"query-input\":\"required name=search_term_string\"}],\"inLanguage\":\"es\"}]}<\/script>\n<!-- \/ Yoast SEO plugin. -->","yoast_head_json":{"title":"DILDO CURRENT CONRAD E-STIM - NEGRO - Tienda Er\u00f3tica","robots":{"index":"noindex","follow":"follow","max-snippet":"max-snippet:-1","max-image-preview":"max-image-preview:large","max-video-preview":"max-video-preview:-1"},"og_locale":"es_ES","og_type":"article","og_title":"DILDO CURRENT CONRAD E-STIM - NEGRO - Tienda Er\u00f3tica","og_description":"CURRENT CONRAD E-STIM DILDO Siempre en plena forma para tu placer. Current Conrad. Con su cuerpo cl\u00e1sico, ligeramente curvado, el","og_url":"https:\/\/demoweb.info\/sexshop001\/producto\/dildo-current-conrad-e-stim-negro\/","og_site_name":"Tienda Er\u00f3tica","article_modified_time":"2022-01-22T10:13:06+00:00","og_image":[{"width":550,"height":550,"url":"https:\/\/demoweb.info\/sexshop001\/wp-content\/uploads\/2022\/01\/DILDO-CURRENT-CONRAD-E-STIM-NEGRO.jpg","type":"image\/jpeg"}],"twitter_card":"summary_large_image","twitter_misc":{"Tiempo de lectura":"1 minuto"},"schema":{"@context":"https:\/\/schema.org","@graph":[{"@type":"WebPage","@id":"https:\/\/demoweb.info\/sexshop001\/producto\/dildo-current-conrad-e-stim-negro\/","url":"https:\/\/demoweb.info\/sexshop001\/producto\/dildo-current-conrad-e-stim-negro\/","name":"DILDO CURRENT CONRAD E-STIM - NEGRO - Tienda Er\u00f3tica","isPartOf":{"@id":"https:\/\/demoweb.info\/sexshop001\/#website"},"datePublished":"2022-01-22T10:12:56+00:00","dateModified":"2022-01-22T10:13:06+00:00","breadcrumb":{"@id":"https:\/\/demoweb.info\/sexshop001\/producto\/dildo-current-conrad-e-stim-negro\/#breadcrumb"},"inLanguage":"es","potentialAction":[{"@type":"ReadAction","target":["https:\/\/demoweb.info\/sexshop001\/producto\/dildo-current-conrad-e-stim-negro\/"]}]},{"@type":"BreadcrumbList","@id":"https:\/\/demoweb.info\/sexshop001\/producto\/dildo-current-conrad-e-stim-negro\/#breadcrumb","itemListElement":[{"@type":"ListItem","position":1,"name":"Portada","item":"https:\/\/demoweb.info\/sexshop001\/"},{"@type":"ListItem","position":2,"name":"Tienda","item":"https:\/\/demoweb.info\/sexshop001\/tienda\/"},{"@type":"ListItem","position":3,"name":"DILDO CURRENT CONRAD E-STIM &#8211; NEGRO"}]},{"@type":"WebSite","@id":"https:\/\/demoweb.info\/sexshop001\/#website","url":"https:\/\/demoweb.info\/sexshop001\/","name":"Tienda Er\u00f3tica","description":"DEMOWEB SL","potentialAction":[{"@type":"SearchAction","target":{"@type":"EntryPoint","urlTemplate":"https:\/\/demoweb.info\/sexshop001\/?s={search_term_string}"},"query-input":"required name=search_term_string"}],"inLanguage":"es"}]}},"_links":{"self":[{"href":"https:\/\/demoweb.info\/sexshop001\/wp-json\/wp\/v3\/product\/20905","targetHints":{"allow":["GET"]}}],"collection":[{"href":"https:\/\/demoweb.info\/sexshop001\/wp-json\/wp\/v3\/product"}],"about":[{"href":"https:\/\/demoweb.info\/sexshop001\/wp-json\/wp\/v2\/types\/product"}],"replies":[{"embeddable":true,"href":"https:\/\/demoweb.info\/sexshop001\/wp-json\/wp\/v2\/comments?post=20905"}],"wp:featuredmedia":[{"embeddable":true,"href":"https:\/\/demoweb.info\/sexshop001\/wp-json\/wp\/v2\/media\/20906"}],"wp:attachment":[{"href":"https:\/\/demoweb.info\/sexshop001\/wp-json\/wp\/v2\/media?parent=20905"}],"wp:term":[{"taxonomy":"product_cat","embeddable":true,"href":"https:\/\/demoweb.info\/sexshop001\/wp-json\/wp\/v2\/product_cat?post=20905"},{"taxonomy":"product_tag","embeddable":true,"href":"https:\/\/demoweb.info\/sexshop001\/wp-json\/wp\/v2\/product_tag?post=20905"}],"curies":[{"name":"wp","href":"https:\/\/api.w.org\/{rel}","templated":true}]}}