{"id":20882,"date":"2022-01-22T11:12:56","date_gmt":"2022-01-22T10:12:56","guid":{"rendered":"https:\/\/demoweb.info\/sexshop001\/producto\/vibrador-punto-g-pulse-two-negro\/"},"modified":"2022-01-22T11:12:56","modified_gmt":"2022-01-22T10:12:56","slug":"vibrador-punto-g-pulse-two-negro","status":"publish","type":"product","link":"https:\/\/demoweb.info\/sexshop001\/producto\/vibrador-punto-g-pulse-two-negro\/","title":{"rendered":"VIBRADOR PUNTO G PULSE TWO &#8211; NEGRO"},"content":{"rendered":"<p><strong>PULSE TWO<\/strong><\/p>\n<pre>\n<span style=&quot;font-family:tahoma,geneva,sans-serif&quot;>El Pulse Two de primera calidad de Mae B es la opci\u00f3n m\u00e1s lujosa para convertir sus puntos calientes en puro placer placentero. Este elegante estilo de conejo ofrece el doble de diversi\u00f3n. Cuenta con un movimiento \u00fanico de empuje y pulsaci\u00f3n, meci\u00e9ndote hacia adelante y hacia atr\u00e1s hacia un cl\u00edmax sensacional. El dise\u00f1o tambi\u00e9n viene con un estimulador de cl\u00edtoris vibrante, lo que permite una satisfacci\u00f3n puntual justo donde la desea. Su elegante silueta negra se ve reforzada por los refinados detalles en oro rosa, lo que la hace lucir tan fant\u00e1stica como esta belleza. \n\n\u25cf Tecnolog\u00eda \u00fanica de inducci\u00f3n magn\u00e9tica \n\u25cf Estimulador del cl\u00edtoris vibrante \n\u25cf Silueta ergon\u00f3mica \n\u25cf Discreto y silencioso \n\u25cf M\u00faltiples velocidades y ritmos \n\u25cf Silicona hipoalerg\u00e9nica \n\u25cf Controles de botones intuitivos \n\u25cf Acentos lujosos en oro rosa\n\n<strong>Longitud total : <\/strong>26 cm \n<strong>Di\u00e1metro:  <\/strong>\u00d8 4 cm \n<strong>Modos de vibraci\u00f3n: <\/strong>4\n<strong>Modos de velocidad<\/strong>    3\n<strong>Bodysafe<\/strong>    Si \n<strong>Material <\/strong>Silicona,  ABS \n<strong>Motores    <\/strong>2\n<strong>Bater\u00edas requeridas<\/strong>    USB <\/span>\n<\/pre>\n","protected":false},"excerpt":{"rendered":"<p>PULSE TWO El Pulse Two de primera calidad de Mae B es la opci\u00f3n m\u00e1s lujosa para convertir sus puntos<\/p>\n","protected":false},"featured_media":20883,"comment_status":"open","ping_status":"open","template":"","meta":[],"product_cat":[502],"product_tag":[1005],"class_list":["post-20882","product","type-product","status-publish","has-post-thumbnail","hentry","product_cat-luxury","product_tag-mae-b"],"bundled_by":[],"bundle_stock_status":"instock","bundle_stock_quantity":1,"bundle_virtual":false,"bundle_layout":"","bundle_add_to_cart_form_location":"","bundle_editable_in_cart":false,"bundle_sold_individually_context":"","bundle_item_grouping":"","bundle_min_size":"","bundle_max_size":"","bundled_items":[],"yoast_head":"<!-- This site is optimized with the Yoast SEO plugin v20.6 - https:\/\/yoast.com\/wordpress\/plugins\/seo\/ -->\n<title>VIBRADOR PUNTO G PULSE TWO - NEGRO - Tienda Er\u00f3tica<\/title>\n<meta name=\"robots\" content=\"noindex, follow, max-snippet:-1, max-image-preview:large, max-video-preview:-1\" \/>\n<meta property=\"og:locale\" content=\"es_ES\" \/>\n<meta property=\"og:type\" content=\"article\" \/>\n<meta property=\"og:title\" content=\"VIBRADOR PUNTO G PULSE TWO - NEGRO - Tienda Er\u00f3tica\" \/>\n<meta property=\"og:description\" content=\"PULSE TWO El Pulse Two de primera calidad de Mae B es la opci\u00f3n m\u00e1s lujosa para convertir sus puntos\" \/>\n<meta property=\"og:url\" content=\"https:\/\/demoweb.info\/sexshop001\/producto\/vibrador-punto-g-pulse-two-negro\/\" \/>\n<meta property=\"og:site_name\" content=\"Tienda Er\u00f3tica\" \/>\n<meta property=\"og:image\" content=\"https:\/\/demoweb.info\/sexshop001\/wp-content\/uploads\/2022\/01\/VIBRADOR-PUNTO-G-PULSE-TWO-NEGRO.jpg\" \/>\n\t<meta property=\"og:image:width\" content=\"550\" \/>\n\t<meta property=\"og:image:height\" content=\"550\" \/>\n\t<meta property=\"og:image:type\" content=\"image\/jpeg\" \/>\n<meta name=\"twitter:card\" content=\"summary_large_image\" \/>\n<meta name=\"twitter:label1\" content=\"Tiempo de lectura\" \/>\n\t<meta name=\"twitter:data1\" content=\"1 minuto\" \/>\n<script type=\"application\/ld+json\" class=\"yoast-schema-graph\">{\"@context\":\"https:\/\/schema.org\",\"@graph\":[{\"@type\":\"WebPage\",\"@id\":\"https:\/\/demoweb.info\/sexshop001\/producto\/vibrador-punto-g-pulse-two-negro\/\",\"url\":\"https:\/\/demoweb.info\/sexshop001\/producto\/vibrador-punto-g-pulse-two-negro\/\",\"name\":\"VIBRADOR PUNTO G PULSE TWO - NEGRO - Tienda Er\u00f3tica\",\"isPartOf\":{\"@id\":\"https:\/\/demoweb.info\/sexshop001\/#website\"},\"datePublished\":\"2022-01-22T10:12:56+00:00\",\"dateModified\":\"2022-01-22T10:12:56+00:00\",\"breadcrumb\":{\"@id\":\"https:\/\/demoweb.info\/sexshop001\/producto\/vibrador-punto-g-pulse-two-negro\/#breadcrumb\"},\"inLanguage\":\"es\",\"potentialAction\":[{\"@type\":\"ReadAction\",\"target\":[\"https:\/\/demoweb.info\/sexshop001\/producto\/vibrador-punto-g-pulse-two-negro\/\"]}]},{\"@type\":\"BreadcrumbList\",\"@id\":\"https:\/\/demoweb.info\/sexshop001\/producto\/vibrador-punto-g-pulse-two-negro\/#breadcrumb\",\"itemListElement\":[{\"@type\":\"ListItem\",\"position\":1,\"name\":\"Portada\",\"item\":\"https:\/\/demoweb.info\/sexshop001\/\"},{\"@type\":\"ListItem\",\"position\":2,\"name\":\"Tienda\",\"item\":\"https:\/\/demoweb.info\/sexshop001\/tienda\/\"},{\"@type\":\"ListItem\",\"position\":3,\"name\":\"VIBRADOR PUNTO G PULSE TWO &#8211; NEGRO\"}]},{\"@type\":\"WebSite\",\"@id\":\"https:\/\/demoweb.info\/sexshop001\/#website\",\"url\":\"https:\/\/demoweb.info\/sexshop001\/\",\"name\":\"Tienda Er\u00f3tica\",\"description\":\"DEMOWEB SL\",\"potentialAction\":[{\"@type\":\"SearchAction\",\"target\":{\"@type\":\"EntryPoint\",\"urlTemplate\":\"https:\/\/demoweb.info\/sexshop001\/?s={search_term_string}\"},\"query-input\":\"required name=search_term_string\"}],\"inLanguage\":\"es\"}]}<\/script>\n<!-- \/ Yoast SEO plugin. -->","yoast_head_json":{"title":"VIBRADOR PUNTO G PULSE TWO - NEGRO - Tienda Er\u00f3tica","robots":{"index":"noindex","follow":"follow","max-snippet":"max-snippet:-1","max-image-preview":"max-image-preview:large","max-video-preview":"max-video-preview:-1"},"og_locale":"es_ES","og_type":"article","og_title":"VIBRADOR PUNTO G PULSE TWO - NEGRO - Tienda Er\u00f3tica","og_description":"PULSE TWO El Pulse Two de primera calidad de Mae B es la opci\u00f3n m\u00e1s lujosa para convertir sus puntos","og_url":"https:\/\/demoweb.info\/sexshop001\/producto\/vibrador-punto-g-pulse-two-negro\/","og_site_name":"Tienda Er\u00f3tica","og_image":[{"width":550,"height":550,"url":"https:\/\/demoweb.info\/sexshop001\/wp-content\/uploads\/2022\/01\/VIBRADOR-PUNTO-G-PULSE-TWO-NEGRO.jpg","type":"image\/jpeg"}],"twitter_card":"summary_large_image","twitter_misc":{"Tiempo de lectura":"1 minuto"},"schema":{"@context":"https:\/\/schema.org","@graph":[{"@type":"WebPage","@id":"https:\/\/demoweb.info\/sexshop001\/producto\/vibrador-punto-g-pulse-two-negro\/","url":"https:\/\/demoweb.info\/sexshop001\/producto\/vibrador-punto-g-pulse-two-negro\/","name":"VIBRADOR PUNTO G PULSE TWO - NEGRO - Tienda Er\u00f3tica","isPartOf":{"@id":"https:\/\/demoweb.info\/sexshop001\/#website"},"datePublished":"2022-01-22T10:12:56+00:00","dateModified":"2022-01-22T10:12:56+00:00","breadcrumb":{"@id":"https:\/\/demoweb.info\/sexshop001\/producto\/vibrador-punto-g-pulse-two-negro\/#breadcrumb"},"inLanguage":"es","potentialAction":[{"@type":"ReadAction","target":["https:\/\/demoweb.info\/sexshop001\/producto\/vibrador-punto-g-pulse-two-negro\/"]}]},{"@type":"BreadcrumbList","@id":"https:\/\/demoweb.info\/sexshop001\/producto\/vibrador-punto-g-pulse-two-negro\/#breadcrumb","itemListElement":[{"@type":"ListItem","position":1,"name":"Portada","item":"https:\/\/demoweb.info\/sexshop001\/"},{"@type":"ListItem","position":2,"name":"Tienda","item":"https:\/\/demoweb.info\/sexshop001\/tienda\/"},{"@type":"ListItem","position":3,"name":"VIBRADOR PUNTO G PULSE TWO &#8211; NEGRO"}]},{"@type":"WebSite","@id":"https:\/\/demoweb.info\/sexshop001\/#website","url":"https:\/\/demoweb.info\/sexshop001\/","name":"Tienda Er\u00f3tica","description":"DEMOWEB SL","potentialAction":[{"@type":"SearchAction","target":{"@type":"EntryPoint","urlTemplate":"https:\/\/demoweb.info\/sexshop001\/?s={search_term_string}"},"query-input":"required name=search_term_string"}],"inLanguage":"es"}]}},"_links":{"self":[{"href":"https:\/\/demoweb.info\/sexshop001\/wp-json\/wp\/v3\/product\/20882","targetHints":{"allow":["GET"]}}],"collection":[{"href":"https:\/\/demoweb.info\/sexshop001\/wp-json\/wp\/v3\/product"}],"about":[{"href":"https:\/\/demoweb.info\/sexshop001\/wp-json\/wp\/v2\/types\/product"}],"replies":[{"embeddable":true,"href":"https:\/\/demoweb.info\/sexshop001\/wp-json\/wp\/v2\/comments?post=20882"}],"wp:featuredmedia":[{"embeddable":true,"href":"https:\/\/demoweb.info\/sexshop001\/wp-json\/wp\/v2\/media\/20883"}],"wp:attachment":[{"href":"https:\/\/demoweb.info\/sexshop001\/wp-json\/wp\/v2\/media?parent=20882"}],"wp:term":[{"taxonomy":"product_cat","embeddable":true,"href":"https:\/\/demoweb.info\/sexshop001\/wp-json\/wp\/v2\/product_cat?post=20882"},{"taxonomy":"product_tag","embeddable":true,"href":"https:\/\/demoweb.info\/sexshop001\/wp-json\/wp\/v2\/product_tag?post=20882"}],"curies":[{"name":"wp","href":"https:\/\/api.w.org\/{rel}","templated":true}]}}