{"id":20838,"date":"2022-01-22T11:12:24","date_gmt":"2022-01-22T10:12:24","guid":{"rendered":"https:\/\/demoweb.info\/sexshop001\/producto\/estimulador-clitoris-rosa-palmpower-extreme\/"},"modified":"2022-01-22T11:12:34","modified_gmt":"2022-01-22T10:12:34","slug":"estimulador-clitoris-rosa-palmpower-extreme","status":"publish","type":"product","link":"https:\/\/demoweb.info\/sexshop001\/producto\/estimulador-clitoris-rosa-palmpower-extreme\/","title":{"rendered":"ESTIMULADOR CLITORIS ROSA &#8211; PALMPOWER EXTREME"},"content":{"rendered":"<p><strong>PALMPOWE EXTREME <\/strong><\/p>\n<p>\u00a1El poder lo es todo! Lleva tu placer al siguiente nivel con Palmpower Extreme. Esta potente varita recargable de silicona ofrece una curva ergon\u00f3mica en su forma para mayor comodidad y facilidad de uso. Desarrollado por Powerbullet, este es el modelo m\u00e1s fuerte de la colecci\u00f3n Palmpower.<\/p>\n<p><strong>Material <\/strong>Silicona<br \/>\n<strong>Recargable<\/strong> USB<\/p>\n","protected":false},"excerpt":{"rendered":"<p>PALMPOWE EXTREME \u00a1El poder lo es todo! Lleva tu placer al siguiente nivel con Palmpower Extreme. Esta potente varita recargable<\/p>\n","protected":false},"featured_media":20839,"comment_status":"open","ping_status":"open","template":"","meta":[],"product_cat":[370],"product_tag":[1003],"class_list":["post-20838","product","type-product","status-publish","has-post-thumbnail","hentry","product_cat-clitoris","product_tag-palmpower"],"bundled_by":[],"bundle_stock_status":"outofstock","bundle_stock_quantity":0,"bundle_virtual":false,"bundle_layout":"","bundle_add_to_cart_form_location":"","bundle_editable_in_cart":false,"bundle_sold_individually_context":"","bundle_item_grouping":"","bundle_min_size":"","bundle_max_size":"","bundled_items":[],"yoast_head":"<!-- This site is optimized with the Yoast SEO plugin v20.6 - https:\/\/yoast.com\/wordpress\/plugins\/seo\/ -->\n<title>ESTIMULADOR CLITORIS ROSA - PALMPOWER EXTREME - Tienda Er\u00f3tica<\/title>\n<meta name=\"robots\" content=\"noindex, follow, max-snippet:-1, max-image-preview:large, max-video-preview:-1\" \/>\n<meta property=\"og:locale\" content=\"es_ES\" \/>\n<meta property=\"og:type\" content=\"article\" \/>\n<meta property=\"og:title\" content=\"ESTIMULADOR CLITORIS ROSA - PALMPOWER EXTREME - Tienda Er\u00f3tica\" \/>\n<meta property=\"og:description\" content=\"PALMPOWE EXTREME \u00a1El poder lo es todo! Lleva tu placer al siguiente nivel con Palmpower Extreme. Esta potente varita recargable\" \/>\n<meta property=\"og:url\" content=\"https:\/\/demoweb.info\/sexshop001\/producto\/estimulador-clitoris-rosa-palmpower-extreme\/\" \/>\n<meta property=\"og:site_name\" content=\"Tienda Er\u00f3tica\" \/>\n<meta property=\"article:modified_time\" content=\"2022-01-22T10:12:34+00:00\" \/>\n<meta property=\"og:image\" content=\"https:\/\/demoweb.info\/sexshop001\/wp-content\/uploads\/2022\/01\/ESTIMULADOR-CLITORIS-ROSA-PALMPOWER-EXTREME.jpg\" \/>\n\t<meta property=\"og:image:width\" content=\"550\" \/>\n\t<meta property=\"og:image:height\" content=\"550\" \/>\n\t<meta property=\"og:image:type\" content=\"image\/jpeg\" \/>\n<meta name=\"twitter:card\" content=\"summary_large_image\" \/>\n<script type=\"application\/ld+json\" class=\"yoast-schema-graph\">{\"@context\":\"https:\/\/schema.org\",\"@graph\":[{\"@type\":\"WebPage\",\"@id\":\"https:\/\/demoweb.info\/sexshop001\/producto\/estimulador-clitoris-rosa-palmpower-extreme\/\",\"url\":\"https:\/\/demoweb.info\/sexshop001\/producto\/estimulador-clitoris-rosa-palmpower-extreme\/\",\"name\":\"ESTIMULADOR CLITORIS ROSA - PALMPOWER EXTREME - Tienda Er\u00f3tica\",\"isPartOf\":{\"@id\":\"https:\/\/demoweb.info\/sexshop001\/#website\"},\"datePublished\":\"2022-01-22T10:12:24+00:00\",\"dateModified\":\"2022-01-22T10:12:34+00:00\",\"breadcrumb\":{\"@id\":\"https:\/\/demoweb.info\/sexshop001\/producto\/estimulador-clitoris-rosa-palmpower-extreme\/#breadcrumb\"},\"inLanguage\":\"es\",\"potentialAction\":[{\"@type\":\"ReadAction\",\"target\":[\"https:\/\/demoweb.info\/sexshop001\/producto\/estimulador-clitoris-rosa-palmpower-extreme\/\"]}]},{\"@type\":\"BreadcrumbList\",\"@id\":\"https:\/\/demoweb.info\/sexshop001\/producto\/estimulador-clitoris-rosa-palmpower-extreme\/#breadcrumb\",\"itemListElement\":[{\"@type\":\"ListItem\",\"position\":1,\"name\":\"Portada\",\"item\":\"https:\/\/demoweb.info\/sexshop001\/\"},{\"@type\":\"ListItem\",\"position\":2,\"name\":\"Tienda\",\"item\":\"https:\/\/demoweb.info\/sexshop001\/tienda\/\"},{\"@type\":\"ListItem\",\"position\":3,\"name\":\"ESTIMULADOR CLITORIS ROSA &#8211; PALMPOWER EXTREME\"}]},{\"@type\":\"WebSite\",\"@id\":\"https:\/\/demoweb.info\/sexshop001\/#website\",\"url\":\"https:\/\/demoweb.info\/sexshop001\/\",\"name\":\"Tienda Er\u00f3tica\",\"description\":\"DEMOWEB SL\",\"potentialAction\":[{\"@type\":\"SearchAction\",\"target\":{\"@type\":\"EntryPoint\",\"urlTemplate\":\"https:\/\/demoweb.info\/sexshop001\/?s={search_term_string}\"},\"query-input\":\"required name=search_term_string\"}],\"inLanguage\":\"es\"}]}<\/script>\n<!-- \/ Yoast SEO plugin. -->","yoast_head_json":{"title":"ESTIMULADOR CLITORIS ROSA - PALMPOWER EXTREME - Tienda Er\u00f3tica","robots":{"index":"noindex","follow":"follow","max-snippet":"max-snippet:-1","max-image-preview":"max-image-preview:large","max-video-preview":"max-video-preview:-1"},"og_locale":"es_ES","og_type":"article","og_title":"ESTIMULADOR CLITORIS ROSA - PALMPOWER EXTREME - Tienda Er\u00f3tica","og_description":"PALMPOWE EXTREME \u00a1El poder lo es todo! Lleva tu placer al siguiente nivel con Palmpower Extreme. Esta potente varita recargable","og_url":"https:\/\/demoweb.info\/sexshop001\/producto\/estimulador-clitoris-rosa-palmpower-extreme\/","og_site_name":"Tienda Er\u00f3tica","article_modified_time":"2022-01-22T10:12:34+00:00","og_image":[{"width":550,"height":550,"url":"https:\/\/demoweb.info\/sexshop001\/wp-content\/uploads\/2022\/01\/ESTIMULADOR-CLITORIS-ROSA-PALMPOWER-EXTREME.jpg","type":"image\/jpeg"}],"twitter_card":"summary_large_image","schema":{"@context":"https:\/\/schema.org","@graph":[{"@type":"WebPage","@id":"https:\/\/demoweb.info\/sexshop001\/producto\/estimulador-clitoris-rosa-palmpower-extreme\/","url":"https:\/\/demoweb.info\/sexshop001\/producto\/estimulador-clitoris-rosa-palmpower-extreme\/","name":"ESTIMULADOR CLITORIS ROSA - PALMPOWER EXTREME - Tienda Er\u00f3tica","isPartOf":{"@id":"https:\/\/demoweb.info\/sexshop001\/#website"},"datePublished":"2022-01-22T10:12:24+00:00","dateModified":"2022-01-22T10:12:34+00:00","breadcrumb":{"@id":"https:\/\/demoweb.info\/sexshop001\/producto\/estimulador-clitoris-rosa-palmpower-extreme\/#breadcrumb"},"inLanguage":"es","potentialAction":[{"@type":"ReadAction","target":["https:\/\/demoweb.info\/sexshop001\/producto\/estimulador-clitoris-rosa-palmpower-extreme\/"]}]},{"@type":"BreadcrumbList","@id":"https:\/\/demoweb.info\/sexshop001\/producto\/estimulador-clitoris-rosa-palmpower-extreme\/#breadcrumb","itemListElement":[{"@type":"ListItem","position":1,"name":"Portada","item":"https:\/\/demoweb.info\/sexshop001\/"},{"@type":"ListItem","position":2,"name":"Tienda","item":"https:\/\/demoweb.info\/sexshop001\/tienda\/"},{"@type":"ListItem","position":3,"name":"ESTIMULADOR CLITORIS ROSA &#8211; PALMPOWER EXTREME"}]},{"@type":"WebSite","@id":"https:\/\/demoweb.info\/sexshop001\/#website","url":"https:\/\/demoweb.info\/sexshop001\/","name":"Tienda Er\u00f3tica","description":"DEMOWEB SL","potentialAction":[{"@type":"SearchAction","target":{"@type":"EntryPoint","urlTemplate":"https:\/\/demoweb.info\/sexshop001\/?s={search_term_string}"},"query-input":"required name=search_term_string"}],"inLanguage":"es"}]}},"_links":{"self":[{"href":"https:\/\/demoweb.info\/sexshop001\/wp-json\/wp\/v3\/product\/20838","targetHints":{"allow":["GET"]}}],"collection":[{"href":"https:\/\/demoweb.info\/sexshop001\/wp-json\/wp\/v3\/product"}],"about":[{"href":"https:\/\/demoweb.info\/sexshop001\/wp-json\/wp\/v2\/types\/product"}],"replies":[{"embeddable":true,"href":"https:\/\/demoweb.info\/sexshop001\/wp-json\/wp\/v2\/comments?post=20838"}],"wp:featuredmedia":[{"embeddable":true,"href":"https:\/\/demoweb.info\/sexshop001\/wp-json\/wp\/v2\/media\/20839"}],"wp:attachment":[{"href":"https:\/\/demoweb.info\/sexshop001\/wp-json\/wp\/v2\/media?parent=20838"}],"wp:term":[{"taxonomy":"product_cat","embeddable":true,"href":"https:\/\/demoweb.info\/sexshop001\/wp-json\/wp\/v2\/product_cat?post=20838"},{"taxonomy":"product_tag","embeddable":true,"href":"https:\/\/demoweb.info\/sexshop001\/wp-json\/wp\/v2\/product_tag?post=20838"}],"curies":[{"name":"wp","href":"https:\/\/api.w.org\/{rel}","templated":true}]}}