{"id":20826,"date":"2022-01-22T11:12:24","date_gmt":"2022-01-22T10:12:24","guid":{"rendered":"https:\/\/demoweb.info\/sexshop001\/producto\/palm-caps-cabezal-estimulador-para-masajeador-palmpower-rosa\/"},"modified":"2022-01-22T11:12:30","modified_gmt":"2022-01-22T10:12:30","slug":"palm-caps-cabezal-estimulador-para-masajeador-palmpower-rosa","status":"publish","type":"product","link":"https:\/\/demoweb.info\/sexshop001\/producto\/palm-caps-cabezal-estimulador-para-masajeador-palmpower-rosa\/","title":{"rendered":"PALM CAPS CABEZAL ESTIMULADOR PARA MASAJEADOR PALMPOWER &#8211; ROSA"},"content":{"rendered":"<p><strong>PALM CAPS <\/strong><\/p>\n<p>Estos accesorios 100% de silicona agregan m\u00e1s versatilidad y opciones a su masajeador PalmPower. PalmCaps est\u00e1 disponible para usted como cabezales de repuesto en caso de que los originales se pierdan, se da\u00f1en o si solo necesita m\u00e1s por otros motivos. Hecho de 100% de silicona que es suave, seguro y puro.<\/p>\n<p><strong>Longitud total: <\/strong>3 cm<br \/>\n<strong>Di\u00e1metro: <\/strong>4 cm<br \/>\n<strong>Impermeable: <\/strong>Si<br \/>\n<strong>Bodysafe: <\/strong>Si<br \/>\n<strong>Material: <\/strong>Silicona<\/p>\n","protected":false},"excerpt":{"rendered":"<p>PALM CAPS Estos accesorios 100% de silicona agregan m\u00e1s versatilidad y opciones a su masajeador PalmPower. PalmCaps est\u00e1 disponible para<\/p>\n","protected":false},"featured_media":20827,"comment_status":"open","ping_status":"open","template":"","meta":[],"product_cat":[954],"product_tag":[1003],"class_list":["post-20826","product","type-product","status-publish","has-post-thumbnail","hentry","product_cat-accesorios-vibradores-juguetes-xxx","product_tag-palmpower"],"bundled_by":[],"bundle_stock_status":"instock","bundle_stock_quantity":1,"bundle_virtual":false,"bundle_layout":"","bundle_add_to_cart_form_location":"","bundle_editable_in_cart":false,"bundle_sold_individually_context":"","bundle_item_grouping":"","bundle_min_size":"","bundle_max_size":"","bundled_items":[],"yoast_head":"<!-- This site is optimized with the Yoast SEO plugin v20.6 - https:\/\/yoast.com\/wordpress\/plugins\/seo\/ -->\n<title>PALM CAPS CABEZAL ESTIMULADOR PARA MASAJEADOR PALMPOWER - ROSA - Tienda Er\u00f3tica<\/title>\n<meta name=\"robots\" content=\"noindex, follow, max-snippet:-1, max-image-preview:large, max-video-preview:-1\" \/>\n<meta property=\"og:locale\" content=\"es_ES\" \/>\n<meta property=\"og:type\" content=\"article\" \/>\n<meta property=\"og:title\" content=\"PALM CAPS CABEZAL ESTIMULADOR PARA MASAJEADOR PALMPOWER - ROSA - Tienda Er\u00f3tica\" \/>\n<meta property=\"og:description\" content=\"PALM CAPS Estos accesorios 100% de silicona agregan m\u00e1s versatilidad y opciones a su masajeador PalmPower. PalmCaps est\u00e1 disponible para\" \/>\n<meta property=\"og:url\" content=\"https:\/\/demoweb.info\/sexshop001\/producto\/palm-caps-cabezal-estimulador-para-masajeador-palmpower-rosa\/\" \/>\n<meta property=\"og:site_name\" content=\"Tienda Er\u00f3tica\" \/>\n<meta property=\"article:modified_time\" content=\"2022-01-22T10:12:30+00:00\" \/>\n<meta property=\"og:image\" content=\"https:\/\/demoweb.info\/sexshop001\/wp-content\/uploads\/2022\/01\/PALM-CAPS-CABEZAL-ESTIMULADOR-PARA-MASAJEADOR-PALMPOWER-ROSA.jpg\" \/>\n\t<meta property=\"og:image:width\" content=\"550\" \/>\n\t<meta property=\"og:image:height\" content=\"550\" \/>\n\t<meta property=\"og:image:type\" content=\"image\/jpeg\" \/>\n<meta name=\"twitter:card\" content=\"summary_large_image\" \/>\n<script type=\"application\/ld+json\" class=\"yoast-schema-graph\">{\"@context\":\"https:\/\/schema.org\",\"@graph\":[{\"@type\":\"WebPage\",\"@id\":\"https:\/\/demoweb.info\/sexshop001\/producto\/palm-caps-cabezal-estimulador-para-masajeador-palmpower-rosa\/\",\"url\":\"https:\/\/demoweb.info\/sexshop001\/producto\/palm-caps-cabezal-estimulador-para-masajeador-palmpower-rosa\/\",\"name\":\"PALM CAPS CABEZAL ESTIMULADOR PARA MASAJEADOR PALMPOWER - ROSA - Tienda Er\u00f3tica\",\"isPartOf\":{\"@id\":\"https:\/\/demoweb.info\/sexshop001\/#website\"},\"datePublished\":\"2022-01-22T10:12:24+00:00\",\"dateModified\":\"2022-01-22T10:12:30+00:00\",\"breadcrumb\":{\"@id\":\"https:\/\/demoweb.info\/sexshop001\/producto\/palm-caps-cabezal-estimulador-para-masajeador-palmpower-rosa\/#breadcrumb\"},\"inLanguage\":\"es\",\"potentialAction\":[{\"@type\":\"ReadAction\",\"target\":[\"https:\/\/demoweb.info\/sexshop001\/producto\/palm-caps-cabezal-estimulador-para-masajeador-palmpower-rosa\/\"]}]},{\"@type\":\"BreadcrumbList\",\"@id\":\"https:\/\/demoweb.info\/sexshop001\/producto\/palm-caps-cabezal-estimulador-para-masajeador-palmpower-rosa\/#breadcrumb\",\"itemListElement\":[{\"@type\":\"ListItem\",\"position\":1,\"name\":\"Portada\",\"item\":\"https:\/\/demoweb.info\/sexshop001\/\"},{\"@type\":\"ListItem\",\"position\":2,\"name\":\"Tienda\",\"item\":\"https:\/\/demoweb.info\/sexshop001\/tienda\/\"},{\"@type\":\"ListItem\",\"position\":3,\"name\":\"PALM CAPS CABEZAL ESTIMULADOR PARA MASAJEADOR PALMPOWER &#8211; ROSA\"}]},{\"@type\":\"WebSite\",\"@id\":\"https:\/\/demoweb.info\/sexshop001\/#website\",\"url\":\"https:\/\/demoweb.info\/sexshop001\/\",\"name\":\"Tienda Er\u00f3tica\",\"description\":\"DEMOWEB SL\",\"potentialAction\":[{\"@type\":\"SearchAction\",\"target\":{\"@type\":\"EntryPoint\",\"urlTemplate\":\"https:\/\/demoweb.info\/sexshop001\/?s={search_term_string}\"},\"query-input\":\"required name=search_term_string\"}],\"inLanguage\":\"es\"}]}<\/script>\n<!-- \/ Yoast SEO plugin. -->","yoast_head_json":{"title":"PALM CAPS CABEZAL ESTIMULADOR PARA MASAJEADOR PALMPOWER - ROSA - Tienda Er\u00f3tica","robots":{"index":"noindex","follow":"follow","max-snippet":"max-snippet:-1","max-image-preview":"max-image-preview:large","max-video-preview":"max-video-preview:-1"},"og_locale":"es_ES","og_type":"article","og_title":"PALM CAPS CABEZAL ESTIMULADOR PARA MASAJEADOR PALMPOWER - ROSA - Tienda Er\u00f3tica","og_description":"PALM CAPS Estos accesorios 100% de silicona agregan m\u00e1s versatilidad y opciones a su masajeador PalmPower. PalmCaps est\u00e1 disponible para","og_url":"https:\/\/demoweb.info\/sexshop001\/producto\/palm-caps-cabezal-estimulador-para-masajeador-palmpower-rosa\/","og_site_name":"Tienda Er\u00f3tica","article_modified_time":"2022-01-22T10:12:30+00:00","og_image":[{"width":550,"height":550,"url":"https:\/\/demoweb.info\/sexshop001\/wp-content\/uploads\/2022\/01\/PALM-CAPS-CABEZAL-ESTIMULADOR-PARA-MASAJEADOR-PALMPOWER-ROSA.jpg","type":"image\/jpeg"}],"twitter_card":"summary_large_image","schema":{"@context":"https:\/\/schema.org","@graph":[{"@type":"WebPage","@id":"https:\/\/demoweb.info\/sexshop001\/producto\/palm-caps-cabezal-estimulador-para-masajeador-palmpower-rosa\/","url":"https:\/\/demoweb.info\/sexshop001\/producto\/palm-caps-cabezal-estimulador-para-masajeador-palmpower-rosa\/","name":"PALM CAPS CABEZAL ESTIMULADOR PARA MASAJEADOR PALMPOWER - ROSA - Tienda Er\u00f3tica","isPartOf":{"@id":"https:\/\/demoweb.info\/sexshop001\/#website"},"datePublished":"2022-01-22T10:12:24+00:00","dateModified":"2022-01-22T10:12:30+00:00","breadcrumb":{"@id":"https:\/\/demoweb.info\/sexshop001\/producto\/palm-caps-cabezal-estimulador-para-masajeador-palmpower-rosa\/#breadcrumb"},"inLanguage":"es","potentialAction":[{"@type":"ReadAction","target":["https:\/\/demoweb.info\/sexshop001\/producto\/palm-caps-cabezal-estimulador-para-masajeador-palmpower-rosa\/"]}]},{"@type":"BreadcrumbList","@id":"https:\/\/demoweb.info\/sexshop001\/producto\/palm-caps-cabezal-estimulador-para-masajeador-palmpower-rosa\/#breadcrumb","itemListElement":[{"@type":"ListItem","position":1,"name":"Portada","item":"https:\/\/demoweb.info\/sexshop001\/"},{"@type":"ListItem","position":2,"name":"Tienda","item":"https:\/\/demoweb.info\/sexshop001\/tienda\/"},{"@type":"ListItem","position":3,"name":"PALM CAPS CABEZAL ESTIMULADOR PARA MASAJEADOR PALMPOWER &#8211; ROSA"}]},{"@type":"WebSite","@id":"https:\/\/demoweb.info\/sexshop001\/#website","url":"https:\/\/demoweb.info\/sexshop001\/","name":"Tienda Er\u00f3tica","description":"DEMOWEB SL","potentialAction":[{"@type":"SearchAction","target":{"@type":"EntryPoint","urlTemplate":"https:\/\/demoweb.info\/sexshop001\/?s={search_term_string}"},"query-input":"required name=search_term_string"}],"inLanguage":"es"}]}},"_links":{"self":[{"href":"https:\/\/demoweb.info\/sexshop001\/wp-json\/wp\/v3\/product\/20826","targetHints":{"allow":["GET"]}}],"collection":[{"href":"https:\/\/demoweb.info\/sexshop001\/wp-json\/wp\/v3\/product"}],"about":[{"href":"https:\/\/demoweb.info\/sexshop001\/wp-json\/wp\/v2\/types\/product"}],"replies":[{"embeddable":true,"href":"https:\/\/demoweb.info\/sexshop001\/wp-json\/wp\/v2\/comments?post=20826"}],"wp:featuredmedia":[{"embeddable":true,"href":"https:\/\/demoweb.info\/sexshop001\/wp-json\/wp\/v2\/media\/20827"}],"wp:attachment":[{"href":"https:\/\/demoweb.info\/sexshop001\/wp-json\/wp\/v2\/media?parent=20826"}],"wp:term":[{"taxonomy":"product_cat","embeddable":true,"href":"https:\/\/demoweb.info\/sexshop001\/wp-json\/wp\/v2\/product_cat?post=20826"},{"taxonomy":"product_tag","embeddable":true,"href":"https:\/\/demoweb.info\/sexshop001\/wp-json\/wp\/v2\/product_tag?post=20826"}],"curies":[{"name":"wp","href":"https:\/\/api.w.org\/{rel}","templated":true}]}}