{"id":20812,"date":"2022-01-22T11:12:24","date_gmt":"2022-01-22T10:12:24","guid":{"rendered":"https:\/\/demoweb.info\/sexshop001\/producto\/sultry-warming-masajeador-verde\/"},"modified":"2022-01-22T11:12:24","modified_gmt":"2022-01-22T10:12:24","slug":"sultry-warming-masajeador-verde","status":"publish","type":"product","link":"https:\/\/demoweb.info\/sexshop001\/producto\/sultry-warming-masajeador-verde\/","title":{"rendered":"SULTRY WARMING MASAJEADOR &#8211; VERDE"},"content":{"rendered":"<p><strong>SULTRY WARMING MASSAGER<\/strong><\/p>\n<p>Sultry de Pillow Talk tiene una cabeza suave y redondeada y proporciona vibraciones potentes.<\/p>\n<p>Tiene un mango insertable c\u00f3nico que gira 360 grados para una incre\u00edble estimulaci\u00f3n del punto G.<\/p>\n<p>El eje giratorio de Sultry tambi\u00e9n ofrece una caracter\u00edstica de calentamiento premium para mayor comodidad y realismo.<\/p>\n<p><strong>Caracter\u00edsticas principales: <\/strong><\/p>\n<ul>\n<li>Dos motores independientes: vibraci\u00f3n y rotaci\u00f3n<\/li>\n<li>Deslumbra con cristal de Swarovski<\/li>\n<li>Vibraciones profundas y retumbantes de PowerBullet<\/li>\n<li>Dise\u00f1ado con elegancia simple para su placer<\/li>\n<li>Eje de calentamiento para mayor realismo<\/li>\n<li>Eje giratorio con movimiento de 360 grados<\/li>\n<li>Recargable para juegos inal\u00e1mbricos<\/li>\n<li>Cuello flexible<\/li>\n<li>Tiempo de ejecuci\u00f3n: hasta 1,5 hora<\/li>\n<li>Tiempo de carga: 2.5 horas<\/li>\n<\/ul>\n<p>Se incluye un cepillo blanco especial de cerdas peque\u00f1as dentro de la caja para limpiar eficazmente las ranuras de este juguete sexual.<\/p>\n<ul>\n<li>Longitud: 20,5 cm<\/li>\n<li>Di\u00e1metro: 5 cm<\/li>\n<li>Material: Silicona.<\/li>\n<li>Baterias: USB<\/li>\n<\/ul>\n","protected":false},"excerpt":{"rendered":"<p>SULTRY WARMING MASSAGER Sultry de Pillow Talk tiene una cabeza suave y redondeada y proporciona vibraciones potentes. Tiene un mango<\/p>\n","protected":false},"featured_media":20813,"comment_status":"open","ping_status":"open","template":"","meta":[],"product_cat":[370],"product_tag":[1002],"class_list":["post-20812","product","type-product","status-publish","has-post-thumbnail","hentry","product_cat-clitoris","product_tag-pillow-talk"],"bundled_by":[],"bundle_stock_status":"instock","bundle_stock_quantity":2,"bundle_virtual":false,"bundle_layout":"","bundle_add_to_cart_form_location":"","bundle_editable_in_cart":false,"bundle_sold_individually_context":"","bundle_item_grouping":"","bundle_min_size":"","bundle_max_size":"","bundled_items":[],"yoast_head":"<!-- This site is optimized with the Yoast SEO plugin v20.6 - https:\/\/yoast.com\/wordpress\/plugins\/seo\/ -->\n<title>SULTRY WARMING MASAJEADOR - VERDE - Tienda Er\u00f3tica<\/title>\n<meta name=\"robots\" content=\"noindex, follow, max-snippet:-1, max-image-preview:large, max-video-preview:-1\" \/>\n<meta property=\"og:locale\" content=\"es_ES\" \/>\n<meta property=\"og:type\" content=\"article\" \/>\n<meta property=\"og:title\" content=\"SULTRY WARMING MASAJEADOR - VERDE - Tienda Er\u00f3tica\" \/>\n<meta property=\"og:description\" content=\"SULTRY WARMING MASSAGER Sultry de Pillow Talk tiene una cabeza suave y redondeada y proporciona vibraciones potentes. Tiene un mango\" \/>\n<meta property=\"og:url\" content=\"https:\/\/demoweb.info\/sexshop001\/producto\/sultry-warming-masajeador-verde\/\" \/>\n<meta property=\"og:site_name\" content=\"Tienda Er\u00f3tica\" \/>\n<meta property=\"og:image\" content=\"https:\/\/demoweb.info\/sexshop001\/wp-content\/uploads\/2022\/01\/SULTRY-WARMING-MASAJEADOR-VERDE.jpg\" \/>\n\t<meta property=\"og:image:width\" content=\"550\" \/>\n\t<meta property=\"og:image:height\" content=\"550\" \/>\n\t<meta property=\"og:image:type\" content=\"image\/jpeg\" \/>\n<meta name=\"twitter:card\" content=\"summary_large_image\" \/>\n<meta name=\"twitter:label1\" content=\"Tiempo de lectura\" \/>\n\t<meta name=\"twitter:data1\" content=\"1 minuto\" \/>\n<script type=\"application\/ld+json\" class=\"yoast-schema-graph\">{\"@context\":\"https:\/\/schema.org\",\"@graph\":[{\"@type\":\"WebPage\",\"@id\":\"https:\/\/demoweb.info\/sexshop001\/producto\/sultry-warming-masajeador-verde\/\",\"url\":\"https:\/\/demoweb.info\/sexshop001\/producto\/sultry-warming-masajeador-verde\/\",\"name\":\"SULTRY WARMING MASAJEADOR - VERDE - Tienda Er\u00f3tica\",\"isPartOf\":{\"@id\":\"https:\/\/demoweb.info\/sexshop001\/#website\"},\"datePublished\":\"2022-01-22T10:12:24+00:00\",\"dateModified\":\"2022-01-22T10:12:24+00:00\",\"breadcrumb\":{\"@id\":\"https:\/\/demoweb.info\/sexshop001\/producto\/sultry-warming-masajeador-verde\/#breadcrumb\"},\"inLanguage\":\"es\",\"potentialAction\":[{\"@type\":\"ReadAction\",\"target\":[\"https:\/\/demoweb.info\/sexshop001\/producto\/sultry-warming-masajeador-verde\/\"]}]},{\"@type\":\"BreadcrumbList\",\"@id\":\"https:\/\/demoweb.info\/sexshop001\/producto\/sultry-warming-masajeador-verde\/#breadcrumb\",\"itemListElement\":[{\"@type\":\"ListItem\",\"position\":1,\"name\":\"Portada\",\"item\":\"https:\/\/demoweb.info\/sexshop001\/\"},{\"@type\":\"ListItem\",\"position\":2,\"name\":\"Tienda\",\"item\":\"https:\/\/demoweb.info\/sexshop001\/tienda\/\"},{\"@type\":\"ListItem\",\"position\":3,\"name\":\"SULTRY WARMING MASAJEADOR &#8211; VERDE\"}]},{\"@type\":\"WebSite\",\"@id\":\"https:\/\/demoweb.info\/sexshop001\/#website\",\"url\":\"https:\/\/demoweb.info\/sexshop001\/\",\"name\":\"Tienda Er\u00f3tica\",\"description\":\"DEMOWEB SL\",\"potentialAction\":[{\"@type\":\"SearchAction\",\"target\":{\"@type\":\"EntryPoint\",\"urlTemplate\":\"https:\/\/demoweb.info\/sexshop001\/?s={search_term_string}\"},\"query-input\":\"required name=search_term_string\"}],\"inLanguage\":\"es\"}]}<\/script>\n<!-- \/ Yoast SEO plugin. -->","yoast_head_json":{"title":"SULTRY WARMING MASAJEADOR - VERDE - Tienda Er\u00f3tica","robots":{"index":"noindex","follow":"follow","max-snippet":"max-snippet:-1","max-image-preview":"max-image-preview:large","max-video-preview":"max-video-preview:-1"},"og_locale":"es_ES","og_type":"article","og_title":"SULTRY WARMING MASAJEADOR - VERDE - Tienda Er\u00f3tica","og_description":"SULTRY WARMING MASSAGER Sultry de Pillow Talk tiene una cabeza suave y redondeada y proporciona vibraciones potentes. Tiene un mango","og_url":"https:\/\/demoweb.info\/sexshop001\/producto\/sultry-warming-masajeador-verde\/","og_site_name":"Tienda Er\u00f3tica","og_image":[{"width":550,"height":550,"url":"https:\/\/demoweb.info\/sexshop001\/wp-content\/uploads\/2022\/01\/SULTRY-WARMING-MASAJEADOR-VERDE.jpg","type":"image\/jpeg"}],"twitter_card":"summary_large_image","twitter_misc":{"Tiempo de lectura":"1 minuto"},"schema":{"@context":"https:\/\/schema.org","@graph":[{"@type":"WebPage","@id":"https:\/\/demoweb.info\/sexshop001\/producto\/sultry-warming-masajeador-verde\/","url":"https:\/\/demoweb.info\/sexshop001\/producto\/sultry-warming-masajeador-verde\/","name":"SULTRY WARMING MASAJEADOR - VERDE - Tienda Er\u00f3tica","isPartOf":{"@id":"https:\/\/demoweb.info\/sexshop001\/#website"},"datePublished":"2022-01-22T10:12:24+00:00","dateModified":"2022-01-22T10:12:24+00:00","breadcrumb":{"@id":"https:\/\/demoweb.info\/sexshop001\/producto\/sultry-warming-masajeador-verde\/#breadcrumb"},"inLanguage":"es","potentialAction":[{"@type":"ReadAction","target":["https:\/\/demoweb.info\/sexshop001\/producto\/sultry-warming-masajeador-verde\/"]}]},{"@type":"BreadcrumbList","@id":"https:\/\/demoweb.info\/sexshop001\/producto\/sultry-warming-masajeador-verde\/#breadcrumb","itemListElement":[{"@type":"ListItem","position":1,"name":"Portada","item":"https:\/\/demoweb.info\/sexshop001\/"},{"@type":"ListItem","position":2,"name":"Tienda","item":"https:\/\/demoweb.info\/sexshop001\/tienda\/"},{"@type":"ListItem","position":3,"name":"SULTRY WARMING MASAJEADOR &#8211; VERDE"}]},{"@type":"WebSite","@id":"https:\/\/demoweb.info\/sexshop001\/#website","url":"https:\/\/demoweb.info\/sexshop001\/","name":"Tienda Er\u00f3tica","description":"DEMOWEB SL","potentialAction":[{"@type":"SearchAction","target":{"@type":"EntryPoint","urlTemplate":"https:\/\/demoweb.info\/sexshop001\/?s={search_term_string}"},"query-input":"required name=search_term_string"}],"inLanguage":"es"}]}},"_links":{"self":[{"href":"https:\/\/demoweb.info\/sexshop001\/wp-json\/wp\/v3\/product\/20812","targetHints":{"allow":["GET"]}}],"collection":[{"href":"https:\/\/demoweb.info\/sexshop001\/wp-json\/wp\/v3\/product"}],"about":[{"href":"https:\/\/demoweb.info\/sexshop001\/wp-json\/wp\/v2\/types\/product"}],"replies":[{"embeddable":true,"href":"https:\/\/demoweb.info\/sexshop001\/wp-json\/wp\/v2\/comments?post=20812"}],"wp:featuredmedia":[{"embeddable":true,"href":"https:\/\/demoweb.info\/sexshop001\/wp-json\/wp\/v2\/media\/20813"}],"wp:attachment":[{"href":"https:\/\/demoweb.info\/sexshop001\/wp-json\/wp\/v2\/media?parent=20812"}],"wp:term":[{"taxonomy":"product_cat","embeddable":true,"href":"https:\/\/demoweb.info\/sexshop001\/wp-json\/wp\/v2\/product_cat?post=20812"},{"taxonomy":"product_tag","embeddable":true,"href":"https:\/\/demoweb.info\/sexshop001\/wp-json\/wp\/v2\/product_tag?post=20812"}],"curies":[{"name":"wp","href":"https:\/\/api.w.org\/{rel}","templated":true}]}}