{"id":20805,"date":"2022-01-22T11:12:00","date_gmt":"2022-01-22T10:12:00","guid":{"rendered":"https:\/\/demoweb.info\/sexshop001\/producto\/masajeador-azul-doxy-die-cast-3r\/"},"modified":"2022-01-22T11:12:19","modified_gmt":"2022-01-22T10:12:19","slug":"masajeador-azul-doxy-die-cast-3r","status":"publish","type":"product","link":"https:\/\/demoweb.info\/sexshop001\/producto\/masajeador-azul-doxy-die-cast-3r\/","title":{"rendered":"MASAJEADOR AZUL &#8211; DOXY DIE CAST 3R"},"content":{"rendered":"<p><strong>DOXY DIE CAST 3R<\/strong><\/p>\n<\/p>\n<p>Doxy Die Cast 3 Rechargeable te permite hacer cosas m\u00e1s r\u00e1pida y c\u00f3modas. Toda la potencia del plug-in sin el cable.<\/p>\n<\/p>\n<p>Especificaciones:<\/p>\n<p>-60 minutos a plena potencia<\/p>\n<p>-90 minutos de tiempo de carga<\/p>\n<p>-Velocidad variable<\/p>\n<p>-Modo de pulso variable<\/p>\n<p>-Bloqueo de viaje<\/p>\n<p>-Tubo de almacenamiento de aluminio de lujo.<\/p>\n<\/p>\n<p>Longitud total : 28cm<\/p>\n<p>Di\u00e1metro : 4.5cm<\/p>\n<p>Impermeable: No<\/p>\n<p>Bater\u00edas requeridas : USB Rechargeable<\/p>\n","protected":false},"excerpt":{"rendered":"<p>DOXY DIE CAST 3R Doxy Die Cast 3 Rechargeable te permite hacer cosas m\u00e1s r\u00e1pida y c\u00f3modas. Toda la potencia<\/p>\n","protected":false},"featured_media":20806,"comment_status":"open","ping_status":"open","template":"","meta":[],"product_cat":[370],"product_tag":[1001],"class_list":["post-20805","product","type-product","status-publish","has-post-thumbnail","hentry","product_cat-clitoris","product_tag-doxy"],"bundled_by":[],"bundle_stock_status":"instock","bundle_stock_quantity":5,"bundle_virtual":false,"bundle_layout":"","bundle_add_to_cart_form_location":"","bundle_editable_in_cart":false,"bundle_sold_individually_context":"","bundle_item_grouping":"","bundle_min_size":"","bundle_max_size":"","bundled_items":[],"yoast_head":"<!-- This site is optimized with the Yoast SEO plugin v20.6 - https:\/\/yoast.com\/wordpress\/plugins\/seo\/ -->\n<title>MASAJEADOR AZUL - DOXY DIE CAST 3R - Tienda Er\u00f3tica<\/title>\n<meta name=\"robots\" content=\"noindex, follow, max-snippet:-1, max-image-preview:large, max-video-preview:-1\" \/>\n<meta property=\"og:locale\" content=\"es_ES\" \/>\n<meta property=\"og:type\" content=\"article\" \/>\n<meta property=\"og:title\" content=\"MASAJEADOR AZUL - DOXY DIE CAST 3R - Tienda Er\u00f3tica\" \/>\n<meta property=\"og:description\" content=\"DOXY DIE CAST 3R Doxy Die Cast 3 Rechargeable te permite hacer cosas m\u00e1s r\u00e1pida y c\u00f3modas. Toda la potencia\" \/>\n<meta property=\"og:url\" content=\"https:\/\/demoweb.info\/sexshop001\/producto\/masajeador-azul-doxy-die-cast-3r\/\" \/>\n<meta property=\"og:site_name\" content=\"Tienda Er\u00f3tica\" \/>\n<meta property=\"article:modified_time\" content=\"2022-01-22T10:12:19+00:00\" \/>\n<meta property=\"og:image\" content=\"https:\/\/demoweb.info\/sexshop001\/wp-content\/uploads\/2022\/01\/MASAJEADOR-AZUL-DOXY-DIE-CAST-3R.jpg\" \/>\n\t<meta property=\"og:image:width\" content=\"550\" \/>\n\t<meta property=\"og:image:height\" content=\"550\" \/>\n\t<meta property=\"og:image:type\" content=\"image\/jpeg\" \/>\n<meta name=\"twitter:card\" content=\"summary_large_image\" \/>\n<script type=\"application\/ld+json\" class=\"yoast-schema-graph\">{\"@context\":\"https:\/\/schema.org\",\"@graph\":[{\"@type\":\"WebPage\",\"@id\":\"https:\/\/demoweb.info\/sexshop001\/producto\/masajeador-azul-doxy-die-cast-3r\/\",\"url\":\"https:\/\/demoweb.info\/sexshop001\/producto\/masajeador-azul-doxy-die-cast-3r\/\",\"name\":\"MASAJEADOR AZUL - DOXY DIE CAST 3R - Tienda Er\u00f3tica\",\"isPartOf\":{\"@id\":\"https:\/\/demoweb.info\/sexshop001\/#website\"},\"datePublished\":\"2022-01-22T10:12:00+00:00\",\"dateModified\":\"2022-01-22T10:12:19+00:00\",\"breadcrumb\":{\"@id\":\"https:\/\/demoweb.info\/sexshop001\/producto\/masajeador-azul-doxy-die-cast-3r\/#breadcrumb\"},\"inLanguage\":\"es\",\"potentialAction\":[{\"@type\":\"ReadAction\",\"target\":[\"https:\/\/demoweb.info\/sexshop001\/producto\/masajeador-azul-doxy-die-cast-3r\/\"]}]},{\"@type\":\"BreadcrumbList\",\"@id\":\"https:\/\/demoweb.info\/sexshop001\/producto\/masajeador-azul-doxy-die-cast-3r\/#breadcrumb\",\"itemListElement\":[{\"@type\":\"ListItem\",\"position\":1,\"name\":\"Portada\",\"item\":\"https:\/\/demoweb.info\/sexshop001\/\"},{\"@type\":\"ListItem\",\"position\":2,\"name\":\"Tienda\",\"item\":\"https:\/\/demoweb.info\/sexshop001\/tienda\/\"},{\"@type\":\"ListItem\",\"position\":3,\"name\":\"MASAJEADOR AZUL &#8211; DOXY DIE CAST 3R\"}]},{\"@type\":\"WebSite\",\"@id\":\"https:\/\/demoweb.info\/sexshop001\/#website\",\"url\":\"https:\/\/demoweb.info\/sexshop001\/\",\"name\":\"Tienda Er\u00f3tica\",\"description\":\"DEMOWEB SL\",\"potentialAction\":[{\"@type\":\"SearchAction\",\"target\":{\"@type\":\"EntryPoint\",\"urlTemplate\":\"https:\/\/demoweb.info\/sexshop001\/?s={search_term_string}\"},\"query-input\":\"required name=search_term_string\"}],\"inLanguage\":\"es\"}]}<\/script>\n<!-- \/ Yoast SEO plugin. -->","yoast_head_json":{"title":"MASAJEADOR AZUL - DOXY DIE CAST 3R - Tienda Er\u00f3tica","robots":{"index":"noindex","follow":"follow","max-snippet":"max-snippet:-1","max-image-preview":"max-image-preview:large","max-video-preview":"max-video-preview:-1"},"og_locale":"es_ES","og_type":"article","og_title":"MASAJEADOR AZUL - DOXY DIE CAST 3R - Tienda Er\u00f3tica","og_description":"DOXY DIE CAST 3R Doxy Die Cast 3 Rechargeable te permite hacer cosas m\u00e1s r\u00e1pida y c\u00f3modas. Toda la potencia","og_url":"https:\/\/demoweb.info\/sexshop001\/producto\/masajeador-azul-doxy-die-cast-3r\/","og_site_name":"Tienda Er\u00f3tica","article_modified_time":"2022-01-22T10:12:19+00:00","og_image":[{"width":550,"height":550,"url":"https:\/\/demoweb.info\/sexshop001\/wp-content\/uploads\/2022\/01\/MASAJEADOR-AZUL-DOXY-DIE-CAST-3R.jpg","type":"image\/jpeg"}],"twitter_card":"summary_large_image","schema":{"@context":"https:\/\/schema.org","@graph":[{"@type":"WebPage","@id":"https:\/\/demoweb.info\/sexshop001\/producto\/masajeador-azul-doxy-die-cast-3r\/","url":"https:\/\/demoweb.info\/sexshop001\/producto\/masajeador-azul-doxy-die-cast-3r\/","name":"MASAJEADOR AZUL - DOXY DIE CAST 3R - Tienda Er\u00f3tica","isPartOf":{"@id":"https:\/\/demoweb.info\/sexshop001\/#website"},"datePublished":"2022-01-22T10:12:00+00:00","dateModified":"2022-01-22T10:12:19+00:00","breadcrumb":{"@id":"https:\/\/demoweb.info\/sexshop001\/producto\/masajeador-azul-doxy-die-cast-3r\/#breadcrumb"},"inLanguage":"es","potentialAction":[{"@type":"ReadAction","target":["https:\/\/demoweb.info\/sexshop001\/producto\/masajeador-azul-doxy-die-cast-3r\/"]}]},{"@type":"BreadcrumbList","@id":"https:\/\/demoweb.info\/sexshop001\/producto\/masajeador-azul-doxy-die-cast-3r\/#breadcrumb","itemListElement":[{"@type":"ListItem","position":1,"name":"Portada","item":"https:\/\/demoweb.info\/sexshop001\/"},{"@type":"ListItem","position":2,"name":"Tienda","item":"https:\/\/demoweb.info\/sexshop001\/tienda\/"},{"@type":"ListItem","position":3,"name":"MASAJEADOR AZUL &#8211; DOXY DIE CAST 3R"}]},{"@type":"WebSite","@id":"https:\/\/demoweb.info\/sexshop001\/#website","url":"https:\/\/demoweb.info\/sexshop001\/","name":"Tienda Er\u00f3tica","description":"DEMOWEB SL","potentialAction":[{"@type":"SearchAction","target":{"@type":"EntryPoint","urlTemplate":"https:\/\/demoweb.info\/sexshop001\/?s={search_term_string}"},"query-input":"required name=search_term_string"}],"inLanguage":"es"}]}},"_links":{"self":[{"href":"https:\/\/demoweb.info\/sexshop001\/wp-json\/wp\/v3\/product\/20805","targetHints":{"allow":["GET"]}}],"collection":[{"href":"https:\/\/demoweb.info\/sexshop001\/wp-json\/wp\/v3\/product"}],"about":[{"href":"https:\/\/demoweb.info\/sexshop001\/wp-json\/wp\/v2\/types\/product"}],"replies":[{"embeddable":true,"href":"https:\/\/demoweb.info\/sexshop001\/wp-json\/wp\/v2\/comments?post=20805"}],"wp:featuredmedia":[{"embeddable":true,"href":"https:\/\/demoweb.info\/sexshop001\/wp-json\/wp\/v2\/media\/20806"}],"wp:attachment":[{"href":"https:\/\/demoweb.info\/sexshop001\/wp-json\/wp\/v2\/media?parent=20805"}],"wp:term":[{"taxonomy":"product_cat","embeddable":true,"href":"https:\/\/demoweb.info\/sexshop001\/wp-json\/wp\/v2\/product_cat?post=20805"},{"taxonomy":"product_tag","embeddable":true,"href":"https:\/\/demoweb.info\/sexshop001\/wp-json\/wp\/v2\/product_tag?post=20805"}],"curies":[{"name":"wp","href":"https:\/\/api.w.org\/{rel}","templated":true}]}}