{"id":20790,"date":"2022-01-22T11:12:00","date_gmt":"2022-01-22T10:12:00","guid":{"rendered":"https:\/\/demoweb.info\/sexshop001\/producto\/plug-silicona-rosa-cola-blanca-y-negra\/"},"modified":"2022-01-22T11:12:13","modified_gmt":"2022-01-22T10:12:13","slug":"plug-silicona-rosa-cola-blanca-y-negra","status":"publish","type":"product","link":"https:\/\/demoweb.info\/sexshop001\/producto\/plug-silicona-rosa-cola-blanca-y-negra\/","title":{"rendered":"PLUG SILICONA ROSA &#8211; COLA BLANCA  Y NEGRA"},"content":{"rendered":"<p><strong>JEWELLERY SILICONE TAIL<\/strong><\/p>\n<p>Plug anal con la cola esponjosa, hecho de silicona.<br \/>\n\u00a1Ahora tambi\u00e9n tiene una cola larga y esponjosa! El plug est\u00e1 hecho de silicona hipoalerg\u00e9nica.<br \/>\nEs completamente inodoro, no se pega, es muy f\u00e1cil de limpiar con agua ordinaria, se comporta bien con lubricantes a base de agua.<\/p>\n<p>La punta es redonda por lo que el juguete es completamente seguro. Este juguete es bueno en el sexo y en los juegos previos. Y a ambos socios les gusta. Estar\u00e1s encantado con ese plug, porque es brillante, tierno, juguet\u00f3n y pr\u00e1ctico.<\/p>\n<p>\n<strong>Longitud total <\/strong> <strong>Plug<\/strong>: 7.5 cm | <strong>Cola <\/strong>: 30 cm<br \/>\n<strong>Di\u00e1metro <\/strong>\u00d8 3 cm<br \/>\n<strong>Bodysafe <\/strong>Yes<br \/>\n<strong>Material <\/strong>Silicona<\/p>\n","protected":false},"excerpt":{"rendered":"<p>JEWELLERY SILICONE TAIL Plug anal con la cola esponjosa, hecho de silicona. \u00a1Ahora tambi\u00e9n tiene una cola larga y esponjosa!<\/p>\n","protected":false},"featured_media":20791,"comment_status":"open","ping_status":"open","template":"","meta":[],"product_cat":[338],"product_tag":[999],"class_list":["post-20790","product","type-product","status-publish","has-post-thumbnail","hentry","product_cat-silicona-plugs","product_tag-dolce-piccante"],"bundled_by":[],"bundle_stock_status":"instock","bundle_stock_quantity":2,"bundle_virtual":false,"bundle_layout":"","bundle_add_to_cart_form_location":"","bundle_editable_in_cart":false,"bundle_sold_individually_context":"","bundle_item_grouping":"","bundle_min_size":"","bundle_max_size":"","bundled_items":[],"yoast_head":"<!-- This site is optimized with the Yoast SEO plugin v20.6 - https:\/\/yoast.com\/wordpress\/plugins\/seo\/ -->\n<title>PLUG SILICONA ROSA - COLA BLANCA Y NEGRA - Tienda Er\u00f3tica<\/title>\n<meta name=\"robots\" content=\"noindex, follow, max-snippet:-1, max-image-preview:large, max-video-preview:-1\" \/>\n<meta property=\"og:locale\" content=\"es_ES\" \/>\n<meta property=\"og:type\" content=\"article\" \/>\n<meta property=\"og:title\" content=\"PLUG SILICONA ROSA - COLA BLANCA Y NEGRA - Tienda Er\u00f3tica\" \/>\n<meta property=\"og:description\" content=\"JEWELLERY SILICONE TAIL Plug anal con la cola esponjosa, hecho de silicona. \u00a1Ahora tambi\u00e9n tiene una cola larga y esponjosa!\" \/>\n<meta property=\"og:url\" content=\"https:\/\/demoweb.info\/sexshop001\/producto\/plug-silicona-rosa-cola-blanca-y-negra\/\" \/>\n<meta property=\"og:site_name\" content=\"Tienda Er\u00f3tica\" \/>\n<meta property=\"article:modified_time\" content=\"2022-01-22T10:12:13+00:00\" \/>\n<meta property=\"og:image\" content=\"https:\/\/demoweb.info\/sexshop001\/wp-content\/uploads\/2022\/01\/PLUG-SILICONA-ROSA-COLA-BLANCA-Y-NEGRA.jpg\" \/>\n\t<meta property=\"og:image:width\" content=\"550\" \/>\n\t<meta property=\"og:image:height\" content=\"550\" \/>\n\t<meta property=\"og:image:type\" content=\"image\/jpeg\" \/>\n<meta name=\"twitter:card\" content=\"summary_large_image\" \/>\n<meta name=\"twitter:label1\" content=\"Tiempo de lectura\" \/>\n\t<meta name=\"twitter:data1\" content=\"1 minuto\" \/>\n<script type=\"application\/ld+json\" class=\"yoast-schema-graph\">{\"@context\":\"https:\/\/schema.org\",\"@graph\":[{\"@type\":\"WebPage\",\"@id\":\"https:\/\/demoweb.info\/sexshop001\/producto\/plug-silicona-rosa-cola-blanca-y-negra\/\",\"url\":\"https:\/\/demoweb.info\/sexshop001\/producto\/plug-silicona-rosa-cola-blanca-y-negra\/\",\"name\":\"PLUG SILICONA ROSA - COLA BLANCA Y NEGRA - Tienda Er\u00f3tica\",\"isPartOf\":{\"@id\":\"https:\/\/demoweb.info\/sexshop001\/#website\"},\"datePublished\":\"2022-01-22T10:12:00+00:00\",\"dateModified\":\"2022-01-22T10:12:13+00:00\",\"breadcrumb\":{\"@id\":\"https:\/\/demoweb.info\/sexshop001\/producto\/plug-silicona-rosa-cola-blanca-y-negra\/#breadcrumb\"},\"inLanguage\":\"es\",\"potentialAction\":[{\"@type\":\"ReadAction\",\"target\":[\"https:\/\/demoweb.info\/sexshop001\/producto\/plug-silicona-rosa-cola-blanca-y-negra\/\"]}]},{\"@type\":\"BreadcrumbList\",\"@id\":\"https:\/\/demoweb.info\/sexshop001\/producto\/plug-silicona-rosa-cola-blanca-y-negra\/#breadcrumb\",\"itemListElement\":[{\"@type\":\"ListItem\",\"position\":1,\"name\":\"Portada\",\"item\":\"https:\/\/demoweb.info\/sexshop001\/\"},{\"@type\":\"ListItem\",\"position\":2,\"name\":\"Tienda\",\"item\":\"https:\/\/demoweb.info\/sexshop001\/tienda\/\"},{\"@type\":\"ListItem\",\"position\":3,\"name\":\"PLUG SILICONA ROSA &#8211; COLA BLANCA Y NEGRA\"}]},{\"@type\":\"WebSite\",\"@id\":\"https:\/\/demoweb.info\/sexshop001\/#website\",\"url\":\"https:\/\/demoweb.info\/sexshop001\/\",\"name\":\"Tienda Er\u00f3tica\",\"description\":\"DEMOWEB SL\",\"potentialAction\":[{\"@type\":\"SearchAction\",\"target\":{\"@type\":\"EntryPoint\",\"urlTemplate\":\"https:\/\/demoweb.info\/sexshop001\/?s={search_term_string}\"},\"query-input\":\"required name=search_term_string\"}],\"inLanguage\":\"es\"}]}<\/script>\n<!-- \/ Yoast SEO plugin. -->","yoast_head_json":{"title":"PLUG SILICONA ROSA - COLA BLANCA Y NEGRA - Tienda Er\u00f3tica","robots":{"index":"noindex","follow":"follow","max-snippet":"max-snippet:-1","max-image-preview":"max-image-preview:large","max-video-preview":"max-video-preview:-1"},"og_locale":"es_ES","og_type":"article","og_title":"PLUG SILICONA ROSA - COLA BLANCA Y NEGRA - Tienda Er\u00f3tica","og_description":"JEWELLERY SILICONE TAIL Plug anal con la cola esponjosa, hecho de silicona. \u00a1Ahora tambi\u00e9n tiene una cola larga y esponjosa!","og_url":"https:\/\/demoweb.info\/sexshop001\/producto\/plug-silicona-rosa-cola-blanca-y-negra\/","og_site_name":"Tienda Er\u00f3tica","article_modified_time":"2022-01-22T10:12:13+00:00","og_image":[{"width":550,"height":550,"url":"https:\/\/demoweb.info\/sexshop001\/wp-content\/uploads\/2022\/01\/PLUG-SILICONA-ROSA-COLA-BLANCA-Y-NEGRA.jpg","type":"image\/jpeg"}],"twitter_card":"summary_large_image","twitter_misc":{"Tiempo de lectura":"1 minuto"},"schema":{"@context":"https:\/\/schema.org","@graph":[{"@type":"WebPage","@id":"https:\/\/demoweb.info\/sexshop001\/producto\/plug-silicona-rosa-cola-blanca-y-negra\/","url":"https:\/\/demoweb.info\/sexshop001\/producto\/plug-silicona-rosa-cola-blanca-y-negra\/","name":"PLUG SILICONA ROSA - COLA BLANCA Y NEGRA - Tienda Er\u00f3tica","isPartOf":{"@id":"https:\/\/demoweb.info\/sexshop001\/#website"},"datePublished":"2022-01-22T10:12:00+00:00","dateModified":"2022-01-22T10:12:13+00:00","breadcrumb":{"@id":"https:\/\/demoweb.info\/sexshop001\/producto\/plug-silicona-rosa-cola-blanca-y-negra\/#breadcrumb"},"inLanguage":"es","potentialAction":[{"@type":"ReadAction","target":["https:\/\/demoweb.info\/sexshop001\/producto\/plug-silicona-rosa-cola-blanca-y-negra\/"]}]},{"@type":"BreadcrumbList","@id":"https:\/\/demoweb.info\/sexshop001\/producto\/plug-silicona-rosa-cola-blanca-y-negra\/#breadcrumb","itemListElement":[{"@type":"ListItem","position":1,"name":"Portada","item":"https:\/\/demoweb.info\/sexshop001\/"},{"@type":"ListItem","position":2,"name":"Tienda","item":"https:\/\/demoweb.info\/sexshop001\/tienda\/"},{"@type":"ListItem","position":3,"name":"PLUG SILICONA ROSA &#8211; COLA BLANCA Y NEGRA"}]},{"@type":"WebSite","@id":"https:\/\/demoweb.info\/sexshop001\/#website","url":"https:\/\/demoweb.info\/sexshop001\/","name":"Tienda Er\u00f3tica","description":"DEMOWEB SL","potentialAction":[{"@type":"SearchAction","target":{"@type":"EntryPoint","urlTemplate":"https:\/\/demoweb.info\/sexshop001\/?s={search_term_string}"},"query-input":"required name=search_term_string"}],"inLanguage":"es"}]}},"_links":{"self":[{"href":"https:\/\/demoweb.info\/sexshop001\/wp-json\/wp\/v3\/product\/20790","targetHints":{"allow":["GET"]}}],"collection":[{"href":"https:\/\/demoweb.info\/sexshop001\/wp-json\/wp\/v3\/product"}],"about":[{"href":"https:\/\/demoweb.info\/sexshop001\/wp-json\/wp\/v2\/types\/product"}],"replies":[{"embeddable":true,"href":"https:\/\/demoweb.info\/sexshop001\/wp-json\/wp\/v2\/comments?post=20790"}],"wp:featuredmedia":[{"embeddable":true,"href":"https:\/\/demoweb.info\/sexshop001\/wp-json\/wp\/v2\/media\/20791"}],"wp:attachment":[{"href":"https:\/\/demoweb.info\/sexshop001\/wp-json\/wp\/v2\/media?parent=20790"}],"wp:term":[{"taxonomy":"product_cat","embeddable":true,"href":"https:\/\/demoweb.info\/sexshop001\/wp-json\/wp\/v2\/product_cat?post=20790"},{"taxonomy":"product_tag","embeddable":true,"href":"https:\/\/demoweb.info\/sexshop001\/wp-json\/wp\/v2\/product_tag?post=20790"}],"curies":[{"name":"wp","href":"https:\/\/api.w.org\/{rel}","templated":true}]}}