{"id":20787,"date":"2022-01-22T11:12:00","date_gmt":"2022-01-22T10:12:00","guid":{"rendered":"https:\/\/demoweb.info\/sexshop001\/producto\/plug-plata-con-cola-rosa\/"},"modified":"2022-01-22T11:12:11","modified_gmt":"2022-01-22T10:12:11","slug":"plug-plata-con-cola-rosa","status":"publish","type":"product","link":"https:\/\/demoweb.info\/sexshop001\/producto\/plug-plata-con-cola-rosa\/","title":{"rendered":"PLUG PLATA CON COLA &#8211; ROSA"},"content":{"rendered":"<p><strong>JEWELLERY SILVER TAIL <\/strong><\/p>\n<p>Plug anal plateado con la cola. Un juguete ideal para quienes solo est\u00e1n descubriendo el mundo de los placeres anales. Puede que no te guste el sexo anal, \u00a1pero esta cola brillante se ver\u00e1 realmente realista en tu figura! Reg\u00e1late amor verdadero.<\/p>\n<p>El metal hace que el juguete sea absolutamente seguro para la piel. El material hipoalerg\u00e9nico no causar\u00e1 irritaci\u00f3n y se adherir\u00e1 al cuerpo. El plug no atrae olores, es f\u00e1cil de lavar e incluso desinfectar. Con \u00e9l, puede usar lubricantes sobre cualquier base. La forma anat\u00f3mica hace que usar el juguete sea lo m\u00e1s c\u00f3modo posible. La punta estrecha y redondeada no solo penetra f\u00e1cilmente en los lugares m\u00e1s el\u00e1sticos del cuerpo, sino que tambi\u00e9n se ajusta lo m\u00e1s c\u00f3modamente posible dentro.<\/p>\n<p>Con este tap\u00f3n puedes hacer cualquier movimiento y tomar cualquier pose , \u00a1es absolutamente suave, no tiene esquinas puntiagudas y en cualquier posici\u00f3n se siente natural! El juguete dar\u00e1 una agradable sensaci\u00f3n de plenitud, sin causar molestias. Algo bueno para un preludio apasionado o incluso para un juego de rol.<br \/>\nLa cola brillante y esponjosa hace que el corcho sea una verdadera obra de arte,  es una decoraci\u00f3n que solo es digna de ver. <\/p>\n<p><strong>Longitud total <\/strong>   <strong>Plug<\/strong>: 7.5 cm | <strong>Cola<\/strong>: 30 cm<br \/>\n<strong>Di\u00e1metro    <\/strong>\u00d8 3 cm<br \/>\n<strong>Bodysafe    <\/strong>Si <br \/>\n<strong>Material    <\/strong>Metal<\/p>\n","protected":false},"excerpt":{"rendered":"<p>JEWELLERY SILVER TAIL Plug anal plateado con la cola. Un juguete ideal para quienes solo est\u00e1n descubriendo el mundo de<\/p>\n","protected":false},"featured_media":20788,"comment_status":"open","ping_status":"open","template":"","meta":[],"product_cat":[1000],"product_tag":[999],"class_list":["post-20787","product","type-product","status-publish","has-post-thumbnail","hentry","product_cat-colas","product_tag-dolce-piccante"],"bundled_by":[],"bundle_stock_status":"instock","bundle_stock_quantity":1,"bundle_virtual":false,"bundle_layout":"","bundle_add_to_cart_form_location":"","bundle_editable_in_cart":false,"bundle_sold_individually_context":"","bundle_item_grouping":"","bundle_min_size":"","bundle_max_size":"","bundled_items":[],"yoast_head":"<!-- This site is optimized with the Yoast SEO plugin v20.6 - https:\/\/yoast.com\/wordpress\/plugins\/seo\/ -->\n<title>PLUG PLATA CON COLA - ROSA - Tienda Er\u00f3tica<\/title>\n<meta name=\"robots\" content=\"noindex, follow, max-snippet:-1, max-image-preview:large, max-video-preview:-1\" \/>\n<meta property=\"og:locale\" content=\"es_ES\" \/>\n<meta property=\"og:type\" content=\"article\" \/>\n<meta property=\"og:title\" content=\"PLUG PLATA CON COLA - ROSA - Tienda Er\u00f3tica\" \/>\n<meta property=\"og:description\" content=\"JEWELLERY SILVER TAIL Plug anal plateado con la cola. Un juguete ideal para quienes solo est\u00e1n descubriendo el mundo de\" \/>\n<meta property=\"og:url\" content=\"https:\/\/demoweb.info\/sexshop001\/producto\/plug-plata-con-cola-rosa\/\" \/>\n<meta property=\"og:site_name\" content=\"Tienda Er\u00f3tica\" \/>\n<meta property=\"article:modified_time\" content=\"2022-01-22T10:12:11+00:00\" \/>\n<meta property=\"og:image\" content=\"https:\/\/demoweb.info\/sexshop001\/wp-content\/uploads\/2022\/01\/PLUG-PLATA-CON-COLA-ROSA.jpg\" \/>\n\t<meta property=\"og:image:width\" content=\"550\" \/>\n\t<meta property=\"og:image:height\" content=\"550\" \/>\n\t<meta property=\"og:image:type\" content=\"image\/jpeg\" \/>\n<meta name=\"twitter:card\" content=\"summary_large_image\" \/>\n<meta name=\"twitter:label1\" content=\"Tiempo de lectura\" \/>\n\t<meta name=\"twitter:data1\" content=\"1 minuto\" \/>\n<script type=\"application\/ld+json\" class=\"yoast-schema-graph\">{\"@context\":\"https:\/\/schema.org\",\"@graph\":[{\"@type\":\"WebPage\",\"@id\":\"https:\/\/demoweb.info\/sexshop001\/producto\/plug-plata-con-cola-rosa\/\",\"url\":\"https:\/\/demoweb.info\/sexshop001\/producto\/plug-plata-con-cola-rosa\/\",\"name\":\"PLUG PLATA CON COLA - ROSA - Tienda Er\u00f3tica\",\"isPartOf\":{\"@id\":\"https:\/\/demoweb.info\/sexshop001\/#website\"},\"datePublished\":\"2022-01-22T10:12:00+00:00\",\"dateModified\":\"2022-01-22T10:12:11+00:00\",\"breadcrumb\":{\"@id\":\"https:\/\/demoweb.info\/sexshop001\/producto\/plug-plata-con-cola-rosa\/#breadcrumb\"},\"inLanguage\":\"es\",\"potentialAction\":[{\"@type\":\"ReadAction\",\"target\":[\"https:\/\/demoweb.info\/sexshop001\/producto\/plug-plata-con-cola-rosa\/\"]}]},{\"@type\":\"BreadcrumbList\",\"@id\":\"https:\/\/demoweb.info\/sexshop001\/producto\/plug-plata-con-cola-rosa\/#breadcrumb\",\"itemListElement\":[{\"@type\":\"ListItem\",\"position\":1,\"name\":\"Portada\",\"item\":\"https:\/\/demoweb.info\/sexshop001\/\"},{\"@type\":\"ListItem\",\"position\":2,\"name\":\"Tienda\",\"item\":\"https:\/\/demoweb.info\/sexshop001\/tienda\/\"},{\"@type\":\"ListItem\",\"position\":3,\"name\":\"PLUG PLATA CON COLA &#8211; ROSA\"}]},{\"@type\":\"WebSite\",\"@id\":\"https:\/\/demoweb.info\/sexshop001\/#website\",\"url\":\"https:\/\/demoweb.info\/sexshop001\/\",\"name\":\"Tienda Er\u00f3tica\",\"description\":\"DEMOWEB SL\",\"potentialAction\":[{\"@type\":\"SearchAction\",\"target\":{\"@type\":\"EntryPoint\",\"urlTemplate\":\"https:\/\/demoweb.info\/sexshop001\/?s={search_term_string}\"},\"query-input\":\"required name=search_term_string\"}],\"inLanguage\":\"es\"}]}<\/script>\n<!-- \/ Yoast SEO plugin. -->","yoast_head_json":{"title":"PLUG PLATA CON COLA - ROSA - Tienda Er\u00f3tica","robots":{"index":"noindex","follow":"follow","max-snippet":"max-snippet:-1","max-image-preview":"max-image-preview:large","max-video-preview":"max-video-preview:-1"},"og_locale":"es_ES","og_type":"article","og_title":"PLUG PLATA CON COLA - ROSA - Tienda Er\u00f3tica","og_description":"JEWELLERY SILVER TAIL Plug anal plateado con la cola. Un juguete ideal para quienes solo est\u00e1n descubriendo el mundo de","og_url":"https:\/\/demoweb.info\/sexshop001\/producto\/plug-plata-con-cola-rosa\/","og_site_name":"Tienda Er\u00f3tica","article_modified_time":"2022-01-22T10:12:11+00:00","og_image":[{"width":550,"height":550,"url":"https:\/\/demoweb.info\/sexshop001\/wp-content\/uploads\/2022\/01\/PLUG-PLATA-CON-COLA-ROSA.jpg","type":"image\/jpeg"}],"twitter_card":"summary_large_image","twitter_misc":{"Tiempo de lectura":"1 minuto"},"schema":{"@context":"https:\/\/schema.org","@graph":[{"@type":"WebPage","@id":"https:\/\/demoweb.info\/sexshop001\/producto\/plug-plata-con-cola-rosa\/","url":"https:\/\/demoweb.info\/sexshop001\/producto\/plug-plata-con-cola-rosa\/","name":"PLUG PLATA CON COLA - ROSA - Tienda Er\u00f3tica","isPartOf":{"@id":"https:\/\/demoweb.info\/sexshop001\/#website"},"datePublished":"2022-01-22T10:12:00+00:00","dateModified":"2022-01-22T10:12:11+00:00","breadcrumb":{"@id":"https:\/\/demoweb.info\/sexshop001\/producto\/plug-plata-con-cola-rosa\/#breadcrumb"},"inLanguage":"es","potentialAction":[{"@type":"ReadAction","target":["https:\/\/demoweb.info\/sexshop001\/producto\/plug-plata-con-cola-rosa\/"]}]},{"@type":"BreadcrumbList","@id":"https:\/\/demoweb.info\/sexshop001\/producto\/plug-plata-con-cola-rosa\/#breadcrumb","itemListElement":[{"@type":"ListItem","position":1,"name":"Portada","item":"https:\/\/demoweb.info\/sexshop001\/"},{"@type":"ListItem","position":2,"name":"Tienda","item":"https:\/\/demoweb.info\/sexshop001\/tienda\/"},{"@type":"ListItem","position":3,"name":"PLUG PLATA CON COLA &#8211; ROSA"}]},{"@type":"WebSite","@id":"https:\/\/demoweb.info\/sexshop001\/#website","url":"https:\/\/demoweb.info\/sexshop001\/","name":"Tienda Er\u00f3tica","description":"DEMOWEB SL","potentialAction":[{"@type":"SearchAction","target":{"@type":"EntryPoint","urlTemplate":"https:\/\/demoweb.info\/sexshop001\/?s={search_term_string}"},"query-input":"required name=search_term_string"}],"inLanguage":"es"}]}},"_links":{"self":[{"href":"https:\/\/demoweb.info\/sexshop001\/wp-json\/wp\/v3\/product\/20787","targetHints":{"allow":["GET"]}}],"collection":[{"href":"https:\/\/demoweb.info\/sexshop001\/wp-json\/wp\/v3\/product"}],"about":[{"href":"https:\/\/demoweb.info\/sexshop001\/wp-json\/wp\/v2\/types\/product"}],"replies":[{"embeddable":true,"href":"https:\/\/demoweb.info\/sexshop001\/wp-json\/wp\/v2\/comments?post=20787"}],"wp:featuredmedia":[{"embeddable":true,"href":"https:\/\/demoweb.info\/sexshop001\/wp-json\/wp\/v2\/media\/20788"}],"wp:attachment":[{"href":"https:\/\/demoweb.info\/sexshop001\/wp-json\/wp\/v2\/media?parent=20787"}],"wp:term":[{"taxonomy":"product_cat","embeddable":true,"href":"https:\/\/demoweb.info\/sexshop001\/wp-json\/wp\/v2\/product_cat?post=20787"},{"taxonomy":"product_tag","embeddable":true,"href":"https:\/\/demoweb.info\/sexshop001\/wp-json\/wp\/v2\/product_tag?post=20787"}],"curies":[{"name":"wp","href":"https:\/\/api.w.org\/{rel}","templated":true}]}}