{"id":20778,"date":"2022-01-22T11:12:00","date_gmt":"2022-01-22T10:12:00","guid":{"rendered":"https:\/\/demoweb.info\/sexshop001\/producto\/plug-metal-corazon-verde-s\/"},"modified":"2022-01-22T11:12:08","modified_gmt":"2022-01-22T10:12:08","slug":"plug-metal-corazon-verde-s","status":"publish","type":"product","link":"https:\/\/demoweb.info\/sexshop001\/producto\/plug-metal-corazon-verde-s\/","title":{"rendered":"PLUG METAL CORAZON VERDE &#8211; S"},"content":{"rendered":"<p><strong>JEWELLERY GRAPHITE HEARTH S<\/strong><\/p>\n<p>Peque\u00f1o plug anal con cristal en forma de coraz\u00f3n &#8211; \u00a1Una gran opci\u00f3n para principiantes en el sexo anal! <br \/>\nSe puede usar durante los juegos previos o incluso dejarse adentro durante el sexo vaginal &#8211; estimular\u00e1 suave y agradablemente las zonas er\u00f3genas sin interferir con la introducci\u00f3n del pene.<\/p>\n<p>Adem\u00e1s, este plug de grafito tiene el dise\u00f1o \u00fanico, en primer lugar, un color negro brillante, y en segundo lugar, sobre la base de un cristal brillante en forma de coraz\u00f3n. Puede elegir el color del cristal, por lo que existe la oportunidad de elegir un plug que sea ideal para ti. Simple, c\u00f3modo, seguro. La punta estrecha de este juguete no solo penetra f\u00e1cilmente en los lugares necesarios de tu cuerpo, sino que tambi\u00e9n se ajusta lo m\u00e1s c\u00f3modamente posible dentro.<\/p>\n<p>Con este plug puedes hacer cualquier movimiento y tomar cualquier pose &#8211; \u00a1es absolutamente suave, no tiene esquinas puntiagudas y en cualquier posici\u00f3n se siente natural! El juguete te dar\u00e1 una sensaci\u00f3n de plenitud. No causa molestias, no da\u00f1a la delicada piel de las zonas er\u00f3genas. Gracias a la conveniente base, no se pierde en el interior, y ser\u00e1 muy f\u00e1cil quitarlo. Hecho de uno de los materiales m\u00e1s seguros para la piel &#8211; el metal. El tama\u00f1o es ideal para principiantes, pero los amantes anales experimentados lo apreciar\u00e1n. No causa alergias, no se adhiere a la piel, CUALQUIER lubricante puede usarse . No atrae olores, es f\u00e1cil de lavar e incluso desinfectar.<\/p>\n<p><strong>Longitud total <\/strong>   7.5 cm<br \/>\n<strong>Di\u00e1metro    <\/strong>\u00d8 3 cm<br \/>\n<strong>Bodysafe    <\/strong>Si<br \/>\n<strong>Material    <\/strong>Metal\n <\/p>\n","protected":false},"excerpt":{"rendered":"<p>JEWELLERY GRAPHITE HEARTH S Peque\u00f1o plug anal con cristal en forma de coraz\u00f3n &#8211; \u00a1Una gran opci\u00f3n para principiantes en<\/p>\n","protected":false},"featured_media":20779,"comment_status":"open","ping_status":"open","template":"","meta":[],"product_cat":[464],"product_tag":[999],"class_list":["post-20778","product","type-product","status-publish","has-post-thumbnail","hentry","product_cat-metal-plugs","product_tag-dolce-piccante"],"bundled_by":[],"bundle_stock_status":"instock","bundle_stock_quantity":2,"bundle_virtual":false,"bundle_layout":"","bundle_add_to_cart_form_location":"","bundle_editable_in_cart":false,"bundle_sold_individually_context":"","bundle_item_grouping":"","bundle_min_size":"","bundle_max_size":"","bundled_items":[],"yoast_head":"<!-- This site is optimized with the Yoast SEO plugin v20.6 - https:\/\/yoast.com\/wordpress\/plugins\/seo\/ -->\n<title>PLUG METAL CORAZON VERDE - S - Tienda Er\u00f3tica<\/title>\n<meta name=\"robots\" content=\"noindex, follow, max-snippet:-1, max-image-preview:large, max-video-preview:-1\" \/>\n<meta property=\"og:locale\" content=\"es_ES\" \/>\n<meta property=\"og:type\" content=\"article\" \/>\n<meta property=\"og:title\" content=\"PLUG METAL CORAZON VERDE - S - Tienda Er\u00f3tica\" \/>\n<meta property=\"og:description\" content=\"JEWELLERY GRAPHITE HEARTH S Peque\u00f1o plug anal con cristal en forma de coraz\u00f3n &#8211; \u00a1Una gran opci\u00f3n para principiantes en\" \/>\n<meta property=\"og:url\" content=\"https:\/\/demoweb.info\/sexshop001\/producto\/plug-metal-corazon-verde-s\/\" \/>\n<meta property=\"og:site_name\" content=\"Tienda Er\u00f3tica\" \/>\n<meta property=\"article:modified_time\" content=\"2022-01-22T10:12:08+00:00\" \/>\n<meta property=\"og:image\" content=\"https:\/\/demoweb.info\/sexshop001\/wp-content\/uploads\/2022\/01\/PLUG-METAL-CORAZON-VERDE-S.jpg\" \/>\n\t<meta property=\"og:image:width\" content=\"550\" \/>\n\t<meta property=\"og:image:height\" content=\"550\" \/>\n\t<meta property=\"og:image:type\" content=\"image\/jpeg\" \/>\n<meta name=\"twitter:card\" content=\"summary_large_image\" \/>\n<meta name=\"twitter:label1\" content=\"Tiempo de lectura\" \/>\n\t<meta name=\"twitter:data1\" content=\"1 minuto\" \/>\n<script type=\"application\/ld+json\" class=\"yoast-schema-graph\">{\"@context\":\"https:\/\/schema.org\",\"@graph\":[{\"@type\":\"WebPage\",\"@id\":\"https:\/\/demoweb.info\/sexshop001\/producto\/plug-metal-corazon-verde-s\/\",\"url\":\"https:\/\/demoweb.info\/sexshop001\/producto\/plug-metal-corazon-verde-s\/\",\"name\":\"PLUG METAL CORAZON VERDE - S - Tienda Er\u00f3tica\",\"isPartOf\":{\"@id\":\"https:\/\/demoweb.info\/sexshop001\/#website\"},\"datePublished\":\"2022-01-22T10:12:00+00:00\",\"dateModified\":\"2022-01-22T10:12:08+00:00\",\"breadcrumb\":{\"@id\":\"https:\/\/demoweb.info\/sexshop001\/producto\/plug-metal-corazon-verde-s\/#breadcrumb\"},\"inLanguage\":\"es\",\"potentialAction\":[{\"@type\":\"ReadAction\",\"target\":[\"https:\/\/demoweb.info\/sexshop001\/producto\/plug-metal-corazon-verde-s\/\"]}]},{\"@type\":\"BreadcrumbList\",\"@id\":\"https:\/\/demoweb.info\/sexshop001\/producto\/plug-metal-corazon-verde-s\/#breadcrumb\",\"itemListElement\":[{\"@type\":\"ListItem\",\"position\":1,\"name\":\"Portada\",\"item\":\"https:\/\/demoweb.info\/sexshop001\/\"},{\"@type\":\"ListItem\",\"position\":2,\"name\":\"Tienda\",\"item\":\"https:\/\/demoweb.info\/sexshop001\/tienda\/\"},{\"@type\":\"ListItem\",\"position\":3,\"name\":\"PLUG METAL CORAZON VERDE &#8211; S\"}]},{\"@type\":\"WebSite\",\"@id\":\"https:\/\/demoweb.info\/sexshop001\/#website\",\"url\":\"https:\/\/demoweb.info\/sexshop001\/\",\"name\":\"Tienda Er\u00f3tica\",\"description\":\"DEMOWEB SL\",\"potentialAction\":[{\"@type\":\"SearchAction\",\"target\":{\"@type\":\"EntryPoint\",\"urlTemplate\":\"https:\/\/demoweb.info\/sexshop001\/?s={search_term_string}\"},\"query-input\":\"required name=search_term_string\"}],\"inLanguage\":\"es\"}]}<\/script>\n<!-- \/ Yoast SEO plugin. -->","yoast_head_json":{"title":"PLUG METAL CORAZON VERDE - S - Tienda Er\u00f3tica","robots":{"index":"noindex","follow":"follow","max-snippet":"max-snippet:-1","max-image-preview":"max-image-preview:large","max-video-preview":"max-video-preview:-1"},"og_locale":"es_ES","og_type":"article","og_title":"PLUG METAL CORAZON VERDE - S - Tienda Er\u00f3tica","og_description":"JEWELLERY GRAPHITE HEARTH S Peque\u00f1o plug anal con cristal en forma de coraz\u00f3n &#8211; \u00a1Una gran opci\u00f3n para principiantes en","og_url":"https:\/\/demoweb.info\/sexshop001\/producto\/plug-metal-corazon-verde-s\/","og_site_name":"Tienda Er\u00f3tica","article_modified_time":"2022-01-22T10:12:08+00:00","og_image":[{"width":550,"height":550,"url":"https:\/\/demoweb.info\/sexshop001\/wp-content\/uploads\/2022\/01\/PLUG-METAL-CORAZON-VERDE-S.jpg","type":"image\/jpeg"}],"twitter_card":"summary_large_image","twitter_misc":{"Tiempo de lectura":"1 minuto"},"schema":{"@context":"https:\/\/schema.org","@graph":[{"@type":"WebPage","@id":"https:\/\/demoweb.info\/sexshop001\/producto\/plug-metal-corazon-verde-s\/","url":"https:\/\/demoweb.info\/sexshop001\/producto\/plug-metal-corazon-verde-s\/","name":"PLUG METAL CORAZON VERDE - S - Tienda Er\u00f3tica","isPartOf":{"@id":"https:\/\/demoweb.info\/sexshop001\/#website"},"datePublished":"2022-01-22T10:12:00+00:00","dateModified":"2022-01-22T10:12:08+00:00","breadcrumb":{"@id":"https:\/\/demoweb.info\/sexshop001\/producto\/plug-metal-corazon-verde-s\/#breadcrumb"},"inLanguage":"es","potentialAction":[{"@type":"ReadAction","target":["https:\/\/demoweb.info\/sexshop001\/producto\/plug-metal-corazon-verde-s\/"]}]},{"@type":"BreadcrumbList","@id":"https:\/\/demoweb.info\/sexshop001\/producto\/plug-metal-corazon-verde-s\/#breadcrumb","itemListElement":[{"@type":"ListItem","position":1,"name":"Portada","item":"https:\/\/demoweb.info\/sexshop001\/"},{"@type":"ListItem","position":2,"name":"Tienda","item":"https:\/\/demoweb.info\/sexshop001\/tienda\/"},{"@type":"ListItem","position":3,"name":"PLUG METAL CORAZON VERDE &#8211; S"}]},{"@type":"WebSite","@id":"https:\/\/demoweb.info\/sexshop001\/#website","url":"https:\/\/demoweb.info\/sexshop001\/","name":"Tienda Er\u00f3tica","description":"DEMOWEB SL","potentialAction":[{"@type":"SearchAction","target":{"@type":"EntryPoint","urlTemplate":"https:\/\/demoweb.info\/sexshop001\/?s={search_term_string}"},"query-input":"required name=search_term_string"}],"inLanguage":"es"}]}},"_links":{"self":[{"href":"https:\/\/demoweb.info\/sexshop001\/wp-json\/wp\/v3\/product\/20778","targetHints":{"allow":["GET"]}}],"collection":[{"href":"https:\/\/demoweb.info\/sexshop001\/wp-json\/wp\/v3\/product"}],"about":[{"href":"https:\/\/demoweb.info\/sexshop001\/wp-json\/wp\/v2\/types\/product"}],"replies":[{"embeddable":true,"href":"https:\/\/demoweb.info\/sexshop001\/wp-json\/wp\/v2\/comments?post=20778"}],"wp:featuredmedia":[{"embeddable":true,"href":"https:\/\/demoweb.info\/sexshop001\/wp-json\/wp\/v2\/media\/20779"}],"wp:attachment":[{"href":"https:\/\/demoweb.info\/sexshop001\/wp-json\/wp\/v2\/media?parent=20778"}],"wp:term":[{"taxonomy":"product_cat","embeddable":true,"href":"https:\/\/demoweb.info\/sexshop001\/wp-json\/wp\/v2\/product_cat?post=20778"},{"taxonomy":"product_tag","embeddable":true,"href":"https:\/\/demoweb.info\/sexshop001\/wp-json\/wp\/v2\/product_tag?post=20778"}],"curies":[{"name":"wp","href":"https:\/\/api.w.org\/{rel}","templated":true}]}}