{"id":20760,"date":"2022-01-22T11:12:00","date_gmt":"2022-01-22T10:12:00","guid":{"rendered":"https:\/\/demoweb.info\/sexshop001\/producto\/plug-metal-gema-rojo-s\/"},"modified":"2022-01-22T11:12:01","modified_gmt":"2022-01-22T10:12:01","slug":"plug-metal-gema-rojo-s","status":"publish","type":"product","link":"https:\/\/demoweb.info\/sexshop001\/producto\/plug-metal-gema-rojo-s\/","title":{"rendered":"PLUG METAL GEMA ROJO &#8211; S"},"content":{"rendered":"<p><strong>JEWELLERY GAPHITE SMALL<\/strong><\/p>\n<p>Plug anal con un cristal.<br \/>\nLa punta estrecha pero no afilada del juguete no solo penetra f\u00e1cilmente en los lugares m\u00e1s estrechos, sino que tambi\u00e9n se ajusta lo m\u00e1s c\u00f3modamente posible en el interior. Con el juguete puedes hacer cualquier movimiento y tomar poses, te dar\u00e1 una sensaci\u00f3n agradable de plenitud sin da\u00f1ar los lugares sensibles.<\/p>\n<p>Trata de usarlo durante los juegos previos: la parte inferior ancha del juguete desarrollar\u00e1 un esf\u00ednter que prepararte para el sexo anal. O incluso d\u00e9jalo adentro durante el sexo vaginal &#8211; estimular\u00e1 suave y agradablemente las zonas er\u00f3genas, sin interferir absolutamente con las parejas.<\/p>\n<p>Debido a la forma anat\u00f3mica, el juguete est\u00e1 perfectamente sujeto por los m\u00fasculos durante el sexo. Adem\u00e1s, este tap\u00f3n de grafito es simplemente hermoso &#8211; un revestimiento brillante y un cristal brillante en la base. Est\u00e1 hecho de material agradable para la piel &#8211; metal. No atrae olores, es f\u00e1cil de lavar e incluso desinfectar. Cualquier lubricante se puede usar con \u00e9l.<\/p>\n<p><strong>Longitud total <\/strong>   7.5 cm<br \/>\n<strong>Di\u00e1metro    <\/strong>\u00d8 3 cm<br \/>\n<strong>Bodysafe    <\/strong>Si<br \/>\n<strong>Material    <\/strong>Metal<\/p>\n","protected":false},"excerpt":{"rendered":"<p>JEWELLERY GAPHITE SMALL Plug anal con un cristal. La punta estrecha pero no afilada del juguete no solo penetra f\u00e1cilmente<\/p>\n","protected":false},"featured_media":20761,"comment_status":"open","ping_status":"open","template":"","meta":[],"product_cat":[464],"product_tag":[999],"class_list":["post-20760","product","type-product","status-publish","has-post-thumbnail","hentry","product_cat-metal-plugs","product_tag-dolce-piccante"],"bundled_by":[],"bundle_stock_status":"instock","bundle_stock_quantity":1,"bundle_virtual":false,"bundle_layout":"","bundle_add_to_cart_form_location":"","bundle_editable_in_cart":false,"bundle_sold_individually_context":"","bundle_item_grouping":"","bundle_min_size":"","bundle_max_size":"","bundled_items":[],"yoast_head":"<!-- This site is optimized with the Yoast SEO plugin v20.6 - https:\/\/yoast.com\/wordpress\/plugins\/seo\/ -->\n<title>PLUG METAL GEMA ROJO - S - Tienda Er\u00f3tica<\/title>\n<meta name=\"robots\" content=\"noindex, follow, max-snippet:-1, max-image-preview:large, max-video-preview:-1\" \/>\n<meta property=\"og:locale\" content=\"es_ES\" \/>\n<meta property=\"og:type\" content=\"article\" \/>\n<meta property=\"og:title\" content=\"PLUG METAL GEMA ROJO - S - Tienda Er\u00f3tica\" \/>\n<meta property=\"og:description\" content=\"JEWELLERY GAPHITE SMALL Plug anal con un cristal. La punta estrecha pero no afilada del juguete no solo penetra f\u00e1cilmente\" \/>\n<meta property=\"og:url\" content=\"https:\/\/demoweb.info\/sexshop001\/producto\/plug-metal-gema-rojo-s\/\" \/>\n<meta property=\"og:site_name\" content=\"Tienda Er\u00f3tica\" \/>\n<meta property=\"article:modified_time\" content=\"2022-01-22T10:12:01+00:00\" \/>\n<meta property=\"og:image\" content=\"https:\/\/demoweb.info\/sexshop001\/wp-content\/uploads\/2022\/01\/PLUG-METAL-GEMA-ROJO-S.jpg\" \/>\n\t<meta property=\"og:image:width\" content=\"550\" \/>\n\t<meta property=\"og:image:height\" content=\"550\" \/>\n\t<meta property=\"og:image:type\" content=\"image\/jpeg\" \/>\n<meta name=\"twitter:card\" content=\"summary_large_image\" \/>\n<meta name=\"twitter:label1\" content=\"Tiempo de lectura\" \/>\n\t<meta name=\"twitter:data1\" content=\"1 minuto\" \/>\n<script type=\"application\/ld+json\" class=\"yoast-schema-graph\">{\"@context\":\"https:\/\/schema.org\",\"@graph\":[{\"@type\":\"WebPage\",\"@id\":\"https:\/\/demoweb.info\/sexshop001\/producto\/plug-metal-gema-rojo-s\/\",\"url\":\"https:\/\/demoweb.info\/sexshop001\/producto\/plug-metal-gema-rojo-s\/\",\"name\":\"PLUG METAL GEMA ROJO - S - Tienda Er\u00f3tica\",\"isPartOf\":{\"@id\":\"https:\/\/demoweb.info\/sexshop001\/#website\"},\"datePublished\":\"2022-01-22T10:12:00+00:00\",\"dateModified\":\"2022-01-22T10:12:01+00:00\",\"breadcrumb\":{\"@id\":\"https:\/\/demoweb.info\/sexshop001\/producto\/plug-metal-gema-rojo-s\/#breadcrumb\"},\"inLanguage\":\"es\",\"potentialAction\":[{\"@type\":\"ReadAction\",\"target\":[\"https:\/\/demoweb.info\/sexshop001\/producto\/plug-metal-gema-rojo-s\/\"]}]},{\"@type\":\"BreadcrumbList\",\"@id\":\"https:\/\/demoweb.info\/sexshop001\/producto\/plug-metal-gema-rojo-s\/#breadcrumb\",\"itemListElement\":[{\"@type\":\"ListItem\",\"position\":1,\"name\":\"Portada\",\"item\":\"https:\/\/demoweb.info\/sexshop001\/\"},{\"@type\":\"ListItem\",\"position\":2,\"name\":\"Tienda\",\"item\":\"https:\/\/demoweb.info\/sexshop001\/tienda\/\"},{\"@type\":\"ListItem\",\"position\":3,\"name\":\"PLUG METAL GEMA ROJO &#8211; S\"}]},{\"@type\":\"WebSite\",\"@id\":\"https:\/\/demoweb.info\/sexshop001\/#website\",\"url\":\"https:\/\/demoweb.info\/sexshop001\/\",\"name\":\"Tienda Er\u00f3tica\",\"description\":\"DEMOWEB SL\",\"potentialAction\":[{\"@type\":\"SearchAction\",\"target\":{\"@type\":\"EntryPoint\",\"urlTemplate\":\"https:\/\/demoweb.info\/sexshop001\/?s={search_term_string}\"},\"query-input\":\"required name=search_term_string\"}],\"inLanguage\":\"es\"}]}<\/script>\n<!-- \/ Yoast SEO plugin. -->","yoast_head_json":{"title":"PLUG METAL GEMA ROJO - S - Tienda Er\u00f3tica","robots":{"index":"noindex","follow":"follow","max-snippet":"max-snippet:-1","max-image-preview":"max-image-preview:large","max-video-preview":"max-video-preview:-1"},"og_locale":"es_ES","og_type":"article","og_title":"PLUG METAL GEMA ROJO - S - Tienda Er\u00f3tica","og_description":"JEWELLERY GAPHITE SMALL Plug anal con un cristal. La punta estrecha pero no afilada del juguete no solo penetra f\u00e1cilmente","og_url":"https:\/\/demoweb.info\/sexshop001\/producto\/plug-metal-gema-rojo-s\/","og_site_name":"Tienda Er\u00f3tica","article_modified_time":"2022-01-22T10:12:01+00:00","og_image":[{"width":550,"height":550,"url":"https:\/\/demoweb.info\/sexshop001\/wp-content\/uploads\/2022\/01\/PLUG-METAL-GEMA-ROJO-S.jpg","type":"image\/jpeg"}],"twitter_card":"summary_large_image","twitter_misc":{"Tiempo de lectura":"1 minuto"},"schema":{"@context":"https:\/\/schema.org","@graph":[{"@type":"WebPage","@id":"https:\/\/demoweb.info\/sexshop001\/producto\/plug-metal-gema-rojo-s\/","url":"https:\/\/demoweb.info\/sexshop001\/producto\/plug-metal-gema-rojo-s\/","name":"PLUG METAL GEMA ROJO - S - Tienda Er\u00f3tica","isPartOf":{"@id":"https:\/\/demoweb.info\/sexshop001\/#website"},"datePublished":"2022-01-22T10:12:00+00:00","dateModified":"2022-01-22T10:12:01+00:00","breadcrumb":{"@id":"https:\/\/demoweb.info\/sexshop001\/producto\/plug-metal-gema-rojo-s\/#breadcrumb"},"inLanguage":"es","potentialAction":[{"@type":"ReadAction","target":["https:\/\/demoweb.info\/sexshop001\/producto\/plug-metal-gema-rojo-s\/"]}]},{"@type":"BreadcrumbList","@id":"https:\/\/demoweb.info\/sexshop001\/producto\/plug-metal-gema-rojo-s\/#breadcrumb","itemListElement":[{"@type":"ListItem","position":1,"name":"Portada","item":"https:\/\/demoweb.info\/sexshop001\/"},{"@type":"ListItem","position":2,"name":"Tienda","item":"https:\/\/demoweb.info\/sexshop001\/tienda\/"},{"@type":"ListItem","position":3,"name":"PLUG METAL GEMA ROJO &#8211; S"}]},{"@type":"WebSite","@id":"https:\/\/demoweb.info\/sexshop001\/#website","url":"https:\/\/demoweb.info\/sexshop001\/","name":"Tienda Er\u00f3tica","description":"DEMOWEB SL","potentialAction":[{"@type":"SearchAction","target":{"@type":"EntryPoint","urlTemplate":"https:\/\/demoweb.info\/sexshop001\/?s={search_term_string}"},"query-input":"required name=search_term_string"}],"inLanguage":"es"}]}},"_links":{"self":[{"href":"https:\/\/demoweb.info\/sexshop001\/wp-json\/wp\/v3\/product\/20760","targetHints":{"allow":["GET"]}}],"collection":[{"href":"https:\/\/demoweb.info\/sexshop001\/wp-json\/wp\/v3\/product"}],"about":[{"href":"https:\/\/demoweb.info\/sexshop001\/wp-json\/wp\/v2\/types\/product"}],"replies":[{"embeddable":true,"href":"https:\/\/demoweb.info\/sexshop001\/wp-json\/wp\/v2\/comments?post=20760"}],"wp:featuredmedia":[{"embeddable":true,"href":"https:\/\/demoweb.info\/sexshop001\/wp-json\/wp\/v2\/media\/20761"}],"wp:attachment":[{"href":"https:\/\/demoweb.info\/sexshop001\/wp-json\/wp\/v2\/media?parent=20760"}],"wp:term":[{"taxonomy":"product_cat","embeddable":true,"href":"https:\/\/demoweb.info\/sexshop001\/wp-json\/wp\/v2\/product_cat?post=20760"},{"taxonomy":"product_tag","embeddable":true,"href":"https:\/\/demoweb.info\/sexshop001\/wp-json\/wp\/v2\/product_tag?post=20760"}],"curies":[{"name":"wp","href":"https:\/\/api.w.org\/{rel}","templated":true}]}}