{"id":20748,"date":"2022-01-22T11:11:34","date_gmt":"2022-01-22T10:11:34","guid":{"rendered":"https:\/\/demoweb.info\/sexshop001\/producto\/plug-silicona-rosa-con-cola-s\/"},"modified":"2022-01-22T11:11:54","modified_gmt":"2022-01-22T10:11:54","slug":"plug-silicona-rosa-con-cola-s","status":"publish","type":"product","link":"https:\/\/demoweb.info\/sexshop001\/producto\/plug-silicona-rosa-con-cola-s\/","title":{"rendered":"PLUG SILICONA ROSA CON COLA &#8211; S"},"content":{"rendered":"<p><strong>JEWELLERY SILIC STRIPED TAIL S<\/strong><\/p>\n<p>Plug anal de silicona con cola de mapache &#8211; El inusual plug anal decorado con cola de mapache es un juguete picante que gustar\u00e1 a los fan\u00e1ticos del sexo anal.<br \/>\nPor primera vez, el plug anal con cola est\u00e1 hecho de silicona. Y esto permite disfrutar de sensaciones m\u00e1s sensuales en un juego er\u00f3tico.<\/p>\n<p>El plug anal ligero, incre\u00edblemente suave al tacto tiene una forma cl\u00e1sica de gota. La superficie del juguete es absolutamente lisa y la punta es lisa. Ingrese adentro y podr\u00e1 disfrutar de la agradable presi\u00f3n en las paredes del ano y una sensaci\u00f3n de plenitud.<\/p>\n<p>Tendr\u00e1s la oportunidad de disfrutar de una doble penetraci\u00f3n y sensaciones incre\u00edblemente picantes de sacudir ligeramente el juguete por la cola. El plug es de tama\u00f1o peque\u00f1o, lo que lo hace adecuado tanto para usuarios principiantes como experimentados. Recomendamos el uso de lubricantes anales a base de agua junto con el plug.<\/p>\n<p><strong>Longitud total    Plug<\/strong>: 7.5 cm | <strong>Cola<\/strong>: 27 cm<br \/>\n<strong>Di\u00e1metro:   <\/strong>\u00d8 3 cm<br \/>\n<strong>Bodysafe:  <\/strong>Si<br \/>\n<strong>Material:  <\/strong>Silicona<\/p>\n","protected":false},"excerpt":{"rendered":"<p>JEWELLERY SILIC STRIPED TAIL S Plug anal de silicona con cola de mapache &#8211; El inusual plug anal decorado con<\/p>\n","protected":false},"featured_media":20749,"comment_status":"open","ping_status":"open","template":"","meta":[],"product_cat":[338],"product_tag":[999],"class_list":["post-20748","product","type-product","status-publish","has-post-thumbnail","hentry","product_cat-silicona-plugs","product_tag-dolce-piccante"],"bundled_by":[],"bundle_stock_status":"instock","bundle_stock_quantity":4,"bundle_virtual":false,"bundle_layout":"","bundle_add_to_cart_form_location":"","bundle_editable_in_cart":false,"bundle_sold_individually_context":"","bundle_item_grouping":"","bundle_min_size":"","bundle_max_size":"","bundled_items":[],"yoast_head":"<!-- This site is optimized with the Yoast SEO plugin v20.6 - https:\/\/yoast.com\/wordpress\/plugins\/seo\/ -->\n<title>PLUG SILICONA ROSA CON COLA - S - Tienda Er\u00f3tica<\/title>\n<meta name=\"robots\" content=\"noindex, follow, max-snippet:-1, max-image-preview:large, max-video-preview:-1\" \/>\n<meta property=\"og:locale\" content=\"es_ES\" \/>\n<meta property=\"og:type\" content=\"article\" \/>\n<meta property=\"og:title\" content=\"PLUG SILICONA ROSA CON COLA - S - Tienda Er\u00f3tica\" \/>\n<meta property=\"og:description\" content=\"JEWELLERY SILIC STRIPED TAIL S Plug anal de silicona con cola de mapache &#8211; El inusual plug anal decorado con\" \/>\n<meta property=\"og:url\" content=\"https:\/\/demoweb.info\/sexshop001\/producto\/plug-silicona-rosa-con-cola-s\/\" \/>\n<meta property=\"og:site_name\" content=\"Tienda Er\u00f3tica\" \/>\n<meta property=\"article:modified_time\" content=\"2022-01-22T10:11:54+00:00\" \/>\n<meta property=\"og:image\" content=\"https:\/\/demoweb.info\/sexshop001\/wp-content\/uploads\/2022\/01\/PLUG-SILICONA-ROSA-CON-COLA-S.jpg\" \/>\n\t<meta property=\"og:image:width\" content=\"550\" \/>\n\t<meta property=\"og:image:height\" content=\"550\" \/>\n\t<meta property=\"og:image:type\" content=\"image\/jpeg\" \/>\n<meta name=\"twitter:card\" content=\"summary_large_image\" \/>\n<meta name=\"twitter:label1\" content=\"Tiempo de lectura\" \/>\n\t<meta name=\"twitter:data1\" content=\"1 minuto\" \/>\n<script type=\"application\/ld+json\" class=\"yoast-schema-graph\">{\"@context\":\"https:\/\/schema.org\",\"@graph\":[{\"@type\":\"WebPage\",\"@id\":\"https:\/\/demoweb.info\/sexshop001\/producto\/plug-silicona-rosa-con-cola-s\/\",\"url\":\"https:\/\/demoweb.info\/sexshop001\/producto\/plug-silicona-rosa-con-cola-s\/\",\"name\":\"PLUG SILICONA ROSA CON COLA - S - Tienda Er\u00f3tica\",\"isPartOf\":{\"@id\":\"https:\/\/demoweb.info\/sexshop001\/#website\"},\"datePublished\":\"2022-01-22T10:11:34+00:00\",\"dateModified\":\"2022-01-22T10:11:54+00:00\",\"breadcrumb\":{\"@id\":\"https:\/\/demoweb.info\/sexshop001\/producto\/plug-silicona-rosa-con-cola-s\/#breadcrumb\"},\"inLanguage\":\"es\",\"potentialAction\":[{\"@type\":\"ReadAction\",\"target\":[\"https:\/\/demoweb.info\/sexshop001\/producto\/plug-silicona-rosa-con-cola-s\/\"]}]},{\"@type\":\"BreadcrumbList\",\"@id\":\"https:\/\/demoweb.info\/sexshop001\/producto\/plug-silicona-rosa-con-cola-s\/#breadcrumb\",\"itemListElement\":[{\"@type\":\"ListItem\",\"position\":1,\"name\":\"Portada\",\"item\":\"https:\/\/demoweb.info\/sexshop001\/\"},{\"@type\":\"ListItem\",\"position\":2,\"name\":\"Tienda\",\"item\":\"https:\/\/demoweb.info\/sexshop001\/tienda\/\"},{\"@type\":\"ListItem\",\"position\":3,\"name\":\"PLUG SILICONA ROSA CON COLA &#8211; S\"}]},{\"@type\":\"WebSite\",\"@id\":\"https:\/\/demoweb.info\/sexshop001\/#website\",\"url\":\"https:\/\/demoweb.info\/sexshop001\/\",\"name\":\"Tienda Er\u00f3tica\",\"description\":\"DEMOWEB SL\",\"potentialAction\":[{\"@type\":\"SearchAction\",\"target\":{\"@type\":\"EntryPoint\",\"urlTemplate\":\"https:\/\/demoweb.info\/sexshop001\/?s={search_term_string}\"},\"query-input\":\"required name=search_term_string\"}],\"inLanguage\":\"es\"}]}<\/script>\n<!-- \/ Yoast SEO plugin. -->","yoast_head_json":{"title":"PLUG SILICONA ROSA CON COLA - S - Tienda Er\u00f3tica","robots":{"index":"noindex","follow":"follow","max-snippet":"max-snippet:-1","max-image-preview":"max-image-preview:large","max-video-preview":"max-video-preview:-1"},"og_locale":"es_ES","og_type":"article","og_title":"PLUG SILICONA ROSA CON COLA - S - Tienda Er\u00f3tica","og_description":"JEWELLERY SILIC STRIPED TAIL S Plug anal de silicona con cola de mapache &#8211; El inusual plug anal decorado con","og_url":"https:\/\/demoweb.info\/sexshop001\/producto\/plug-silicona-rosa-con-cola-s\/","og_site_name":"Tienda Er\u00f3tica","article_modified_time":"2022-01-22T10:11:54+00:00","og_image":[{"width":550,"height":550,"url":"https:\/\/demoweb.info\/sexshop001\/wp-content\/uploads\/2022\/01\/PLUG-SILICONA-ROSA-CON-COLA-S.jpg","type":"image\/jpeg"}],"twitter_card":"summary_large_image","twitter_misc":{"Tiempo de lectura":"1 minuto"},"schema":{"@context":"https:\/\/schema.org","@graph":[{"@type":"WebPage","@id":"https:\/\/demoweb.info\/sexshop001\/producto\/plug-silicona-rosa-con-cola-s\/","url":"https:\/\/demoweb.info\/sexshop001\/producto\/plug-silicona-rosa-con-cola-s\/","name":"PLUG SILICONA ROSA CON COLA - S - Tienda Er\u00f3tica","isPartOf":{"@id":"https:\/\/demoweb.info\/sexshop001\/#website"},"datePublished":"2022-01-22T10:11:34+00:00","dateModified":"2022-01-22T10:11:54+00:00","breadcrumb":{"@id":"https:\/\/demoweb.info\/sexshop001\/producto\/plug-silicona-rosa-con-cola-s\/#breadcrumb"},"inLanguage":"es","potentialAction":[{"@type":"ReadAction","target":["https:\/\/demoweb.info\/sexshop001\/producto\/plug-silicona-rosa-con-cola-s\/"]}]},{"@type":"BreadcrumbList","@id":"https:\/\/demoweb.info\/sexshop001\/producto\/plug-silicona-rosa-con-cola-s\/#breadcrumb","itemListElement":[{"@type":"ListItem","position":1,"name":"Portada","item":"https:\/\/demoweb.info\/sexshop001\/"},{"@type":"ListItem","position":2,"name":"Tienda","item":"https:\/\/demoweb.info\/sexshop001\/tienda\/"},{"@type":"ListItem","position":3,"name":"PLUG SILICONA ROSA CON COLA &#8211; S"}]},{"@type":"WebSite","@id":"https:\/\/demoweb.info\/sexshop001\/#website","url":"https:\/\/demoweb.info\/sexshop001\/","name":"Tienda Er\u00f3tica","description":"DEMOWEB SL","potentialAction":[{"@type":"SearchAction","target":{"@type":"EntryPoint","urlTemplate":"https:\/\/demoweb.info\/sexshop001\/?s={search_term_string}"},"query-input":"required name=search_term_string"}],"inLanguage":"es"}]}},"_links":{"self":[{"href":"https:\/\/demoweb.info\/sexshop001\/wp-json\/wp\/v3\/product\/20748","targetHints":{"allow":["GET"]}}],"collection":[{"href":"https:\/\/demoweb.info\/sexshop001\/wp-json\/wp\/v3\/product"}],"about":[{"href":"https:\/\/demoweb.info\/sexshop001\/wp-json\/wp\/v2\/types\/product"}],"replies":[{"embeddable":true,"href":"https:\/\/demoweb.info\/sexshop001\/wp-json\/wp\/v2\/comments?post=20748"}],"wp:featuredmedia":[{"embeddable":true,"href":"https:\/\/demoweb.info\/sexshop001\/wp-json\/wp\/v2\/media\/20749"}],"wp:attachment":[{"href":"https:\/\/demoweb.info\/sexshop001\/wp-json\/wp\/v2\/media?parent=20748"}],"wp:term":[{"taxonomy":"product_cat","embeddable":true,"href":"https:\/\/demoweb.info\/sexshop001\/wp-json\/wp\/v2\/product_cat?post=20748"},{"taxonomy":"product_tag","embeddable":true,"href":"https:\/\/demoweb.info\/sexshop001\/wp-json\/wp\/v2\/product_tag?post=20748"}],"curies":[{"name":"wp","href":"https:\/\/api.w.org\/{rel}","templated":true}]}}