{"id":20721,"date":"2022-01-22T11:11:34","date_gmt":"2022-01-22T10:11:34","guid":{"rendered":"https:\/\/demoweb.info\/sexshop001\/producto\/plug-metal-plaetado-largo-gema-naranja\/"},"modified":"2022-01-22T11:11:42","modified_gmt":"2022-01-22T10:11:42","slug":"plug-metal-plaetado-largo-gema-naranja","status":"publish","type":"product","link":"https:\/\/demoweb.info\/sexshop001\/producto\/plug-metal-plaetado-largo-gema-naranja\/","title":{"rendered":"PLUG METAL PLAETADO LARGO &#8211; GEMA NARANJA"},"content":{"rendered":"<p><strong>JEWELLERY IN SILVER &#8211; LARGE<\/strong><\/p>\n<p>Jewellery Anal Plug Silver Large \u043e\u0442 Dolce Piccante \u2013 es un plug anal premium que instant\u00e1neamente agrega color a tu vida \u00edntima. El plug tiene una superficie met\u00e1lica perfectamente lisa y una punta puntiaguda para una inserci\u00f3n c\u00f3moda.<\/p>\n<p>La base del plug plateado tambi\u00e9n est\u00e1 decorado con un elegante diamante brillante. Este fuente de placer de gran tama\u00f1o es ideal para compradores que tienen la experiencia del sexo anal, que desean llevar los juegos sexuales a un nuevo nivel con un producto premium. Hecho en Italia y pensado hasta el m\u00e1s m\u00ednimo detalle, este elegante tap\u00f3n de Dolce &#038; Piccante nunca pasar\u00e1 de moda.<\/p>\n<p><strong>Longitud total :<\/strong> 9 cm<br \/>\n<strong>Di\u00e1metro<\/strong>: 4 cm<br \/>\n<strong>Bodysafe : <\/strong>Si<br \/>\n<strong>Material : <\/strong>Acero<\/p>\n","protected":false},"excerpt":{"rendered":"<p>JEWELLERY IN SILVER &#8211; LARGE Jewellery Anal Plug Silver Large \u043e\u0442 Dolce Piccante \u2013 es un plug anal premium que<\/p>\n","protected":false},"featured_media":20722,"comment_status":"open","ping_status":"open","template":"","meta":[],"product_cat":[464],"product_tag":[999],"class_list":["post-20721","product","type-product","status-publish","has-post-thumbnail","hentry","product_cat-metal-plugs","product_tag-dolce-piccante"],"bundled_by":[],"bundle_stock_status":"instock","bundle_stock_quantity":1,"bundle_virtual":false,"bundle_layout":"","bundle_add_to_cart_form_location":"","bundle_editable_in_cart":false,"bundle_sold_individually_context":"","bundle_item_grouping":"","bundle_min_size":"","bundle_max_size":"","bundled_items":[],"yoast_head":"<!-- This site is optimized with the Yoast SEO plugin v20.6 - https:\/\/yoast.com\/wordpress\/plugins\/seo\/ -->\n<title>PLUG METAL PLAETADO LARGO - GEMA NARANJA - Tienda Er\u00f3tica<\/title>\n<meta name=\"robots\" content=\"noindex, follow, max-snippet:-1, max-image-preview:large, max-video-preview:-1\" \/>\n<meta property=\"og:locale\" content=\"es_ES\" \/>\n<meta property=\"og:type\" content=\"article\" \/>\n<meta property=\"og:title\" content=\"PLUG METAL PLAETADO LARGO - GEMA NARANJA - Tienda Er\u00f3tica\" \/>\n<meta property=\"og:description\" content=\"JEWELLERY IN SILVER &#8211; LARGE Jewellery Anal Plug Silver Large \u043e\u0442 Dolce Piccante \u2013 es un plug anal premium que\" \/>\n<meta property=\"og:url\" content=\"https:\/\/demoweb.info\/sexshop001\/producto\/plug-metal-plaetado-largo-gema-naranja\/\" \/>\n<meta property=\"og:site_name\" content=\"Tienda Er\u00f3tica\" \/>\n<meta property=\"article:modified_time\" content=\"2022-01-22T10:11:42+00:00\" \/>\n<meta property=\"og:image\" content=\"https:\/\/demoweb.info\/sexshop001\/wp-content\/uploads\/2022\/01\/PLUG-METAL-PLAETADO-LARGO-GEMA-NARANJA.jpg\" \/>\n\t<meta property=\"og:image:width\" content=\"550\" \/>\n\t<meta property=\"og:image:height\" content=\"550\" \/>\n\t<meta property=\"og:image:type\" content=\"image\/jpeg\" \/>\n<meta name=\"twitter:card\" content=\"summary_large_image\" \/>\n<meta name=\"twitter:label1\" content=\"Tiempo de lectura\" \/>\n\t<meta name=\"twitter:data1\" content=\"1 minuto\" \/>\n<script type=\"application\/ld+json\" class=\"yoast-schema-graph\">{\"@context\":\"https:\/\/schema.org\",\"@graph\":[{\"@type\":\"WebPage\",\"@id\":\"https:\/\/demoweb.info\/sexshop001\/producto\/plug-metal-plaetado-largo-gema-naranja\/\",\"url\":\"https:\/\/demoweb.info\/sexshop001\/producto\/plug-metal-plaetado-largo-gema-naranja\/\",\"name\":\"PLUG METAL PLAETADO LARGO - GEMA NARANJA - Tienda Er\u00f3tica\",\"isPartOf\":{\"@id\":\"https:\/\/demoweb.info\/sexshop001\/#website\"},\"datePublished\":\"2022-01-22T10:11:34+00:00\",\"dateModified\":\"2022-01-22T10:11:42+00:00\",\"breadcrumb\":{\"@id\":\"https:\/\/demoweb.info\/sexshop001\/producto\/plug-metal-plaetado-largo-gema-naranja\/#breadcrumb\"},\"inLanguage\":\"es\",\"potentialAction\":[{\"@type\":\"ReadAction\",\"target\":[\"https:\/\/demoweb.info\/sexshop001\/producto\/plug-metal-plaetado-largo-gema-naranja\/\"]}]},{\"@type\":\"BreadcrumbList\",\"@id\":\"https:\/\/demoweb.info\/sexshop001\/producto\/plug-metal-plaetado-largo-gema-naranja\/#breadcrumb\",\"itemListElement\":[{\"@type\":\"ListItem\",\"position\":1,\"name\":\"Portada\",\"item\":\"https:\/\/demoweb.info\/sexshop001\/\"},{\"@type\":\"ListItem\",\"position\":2,\"name\":\"Tienda\",\"item\":\"https:\/\/demoweb.info\/sexshop001\/tienda\/\"},{\"@type\":\"ListItem\",\"position\":3,\"name\":\"PLUG METAL PLAETADO LARGO &#8211; GEMA NARANJA\"}]},{\"@type\":\"WebSite\",\"@id\":\"https:\/\/demoweb.info\/sexshop001\/#website\",\"url\":\"https:\/\/demoweb.info\/sexshop001\/\",\"name\":\"Tienda Er\u00f3tica\",\"description\":\"DEMOWEB SL\",\"potentialAction\":[{\"@type\":\"SearchAction\",\"target\":{\"@type\":\"EntryPoint\",\"urlTemplate\":\"https:\/\/demoweb.info\/sexshop001\/?s={search_term_string}\"},\"query-input\":\"required name=search_term_string\"}],\"inLanguage\":\"es\"}]}<\/script>\n<!-- \/ Yoast SEO plugin. -->","yoast_head_json":{"title":"PLUG METAL PLAETADO LARGO - GEMA NARANJA - Tienda Er\u00f3tica","robots":{"index":"noindex","follow":"follow","max-snippet":"max-snippet:-1","max-image-preview":"max-image-preview:large","max-video-preview":"max-video-preview:-1"},"og_locale":"es_ES","og_type":"article","og_title":"PLUG METAL PLAETADO LARGO - GEMA NARANJA - Tienda Er\u00f3tica","og_description":"JEWELLERY IN SILVER &#8211; LARGE Jewellery Anal Plug Silver Large \u043e\u0442 Dolce Piccante \u2013 es un plug anal premium que","og_url":"https:\/\/demoweb.info\/sexshop001\/producto\/plug-metal-plaetado-largo-gema-naranja\/","og_site_name":"Tienda Er\u00f3tica","article_modified_time":"2022-01-22T10:11:42+00:00","og_image":[{"width":550,"height":550,"url":"https:\/\/demoweb.info\/sexshop001\/wp-content\/uploads\/2022\/01\/PLUG-METAL-PLAETADO-LARGO-GEMA-NARANJA.jpg","type":"image\/jpeg"}],"twitter_card":"summary_large_image","twitter_misc":{"Tiempo de lectura":"1 minuto"},"schema":{"@context":"https:\/\/schema.org","@graph":[{"@type":"WebPage","@id":"https:\/\/demoweb.info\/sexshop001\/producto\/plug-metal-plaetado-largo-gema-naranja\/","url":"https:\/\/demoweb.info\/sexshop001\/producto\/plug-metal-plaetado-largo-gema-naranja\/","name":"PLUG METAL PLAETADO LARGO - GEMA NARANJA - Tienda Er\u00f3tica","isPartOf":{"@id":"https:\/\/demoweb.info\/sexshop001\/#website"},"datePublished":"2022-01-22T10:11:34+00:00","dateModified":"2022-01-22T10:11:42+00:00","breadcrumb":{"@id":"https:\/\/demoweb.info\/sexshop001\/producto\/plug-metal-plaetado-largo-gema-naranja\/#breadcrumb"},"inLanguage":"es","potentialAction":[{"@type":"ReadAction","target":["https:\/\/demoweb.info\/sexshop001\/producto\/plug-metal-plaetado-largo-gema-naranja\/"]}]},{"@type":"BreadcrumbList","@id":"https:\/\/demoweb.info\/sexshop001\/producto\/plug-metal-plaetado-largo-gema-naranja\/#breadcrumb","itemListElement":[{"@type":"ListItem","position":1,"name":"Portada","item":"https:\/\/demoweb.info\/sexshop001\/"},{"@type":"ListItem","position":2,"name":"Tienda","item":"https:\/\/demoweb.info\/sexshop001\/tienda\/"},{"@type":"ListItem","position":3,"name":"PLUG METAL PLAETADO LARGO &#8211; GEMA NARANJA"}]},{"@type":"WebSite","@id":"https:\/\/demoweb.info\/sexshop001\/#website","url":"https:\/\/demoweb.info\/sexshop001\/","name":"Tienda Er\u00f3tica","description":"DEMOWEB SL","potentialAction":[{"@type":"SearchAction","target":{"@type":"EntryPoint","urlTemplate":"https:\/\/demoweb.info\/sexshop001\/?s={search_term_string}"},"query-input":"required name=search_term_string"}],"inLanguage":"es"}]}},"_links":{"self":[{"href":"https:\/\/demoweb.info\/sexshop001\/wp-json\/wp\/v3\/product\/20721","targetHints":{"allow":["GET"]}}],"collection":[{"href":"https:\/\/demoweb.info\/sexshop001\/wp-json\/wp\/v3\/product"}],"about":[{"href":"https:\/\/demoweb.info\/sexshop001\/wp-json\/wp\/v2\/types\/product"}],"replies":[{"embeddable":true,"href":"https:\/\/demoweb.info\/sexshop001\/wp-json\/wp\/v2\/comments?post=20721"}],"wp:featuredmedia":[{"embeddable":true,"href":"https:\/\/demoweb.info\/sexshop001\/wp-json\/wp\/v2\/media\/20722"}],"wp:attachment":[{"href":"https:\/\/demoweb.info\/sexshop001\/wp-json\/wp\/v2\/media?parent=20721"}],"wp:term":[{"taxonomy":"product_cat","embeddable":true,"href":"https:\/\/demoweb.info\/sexshop001\/wp-json\/wp\/v2\/product_cat?post=20721"},{"taxonomy":"product_tag","embeddable":true,"href":"https:\/\/demoweb.info\/sexshop001\/wp-json\/wp\/v2\/product_tag?post=20721"}],"curies":[{"name":"wp","href":"https:\/\/api.w.org\/{rel}","templated":true}]}}