{"id":20712,"date":"2022-01-22T11:11:34","date_gmt":"2022-01-22T10:11:34","guid":{"rendered":"https:\/\/demoweb.info\/sexshop001\/producto\/patito-vibrador-rosa-i-rub-my-duckie-paris-classic\/"},"modified":"2022-01-22T11:11:38","modified_gmt":"2022-01-22T10:11:38","slug":"patito-vibrador-rosa-i-rub-my-duckie-paris-classic","status":"publish","type":"product","link":"https:\/\/demoweb.info\/sexshop001\/producto\/patito-vibrador-rosa-i-rub-my-duckie-paris-classic\/","title":{"rendered":"PATITO VIBRADOR ROSA &#8211; I RUB MY DUCKIE PARIS CLASSIC"},"content":{"rendered":"<p><strong>I RUB MY DUCKIE PARIS CLASSIC<\/strong><\/p>\n<p>I Rub My Duckie Paris Classic: la colecci\u00f3n I Rub My Duckie 2.0 Paris te lleva a la ciudad del amor. Su hermosa boa desmontable se siente suave y cosquillea en tu piel. El verdadero cristal de Svarovski le da glamour a este encantador<br \/>\npatito de goma.<\/p>\n<p>Las potentes vibraciones de este masajeador son un placer para tu cuerpo y te dan una sensaci\u00f3n de relajaci\u00f3n. Incluso en la ducha o en el ba\u00f1o, porque con este vibrador resistente al agua puedes ir en todas direcciones. El pato de masaje se puede utilizar en todo el cuerpo. Relajar y suavizar los m\u00fasculos r\u00edgidos. Para sentarse y sentir un suave cosquilleo en la piel. Y si te apetece hacer cosas traviesas, deja que este pato descienda a tus lugares m\u00e1s \u00edntimos para disfrutar de las fuertes vibraciones.<\/p>\n<p>Debido a los diferentes patrones de vibraci\u00f3n, puedes hacer vibrar tu patito de goma tanto como quieras. El I Rub My Duckie 2.0 tiene un motor m\u00e1s fuerte y silencioso, est\u00e1 equipado con 7 patrones de vibraci\u00f3n y es completamente impermeable. El regalo ideal para ti o para regalar.<\/p>\n<p>&#8211; El vibrador m\u00e1s lindo<br \/>\n&#8211; Proporciona vibraciones de masaje profundas<br \/>\n&#8211; 7 modos de vibraci\u00f3n e intensidad<br \/>\n&#8211; Motor potente y silencioso<br \/>\n&#8211; 100% Totalmente impermeable<br \/>\n&#8211; Libre de ftalatos &#8211; F\u00e1cil de limpiar<br \/>\n&#8211; Requiere una bater\u00eda AAA<br \/>\n&#8211; Boa de plumas extra\u00edble<br \/>\n&#8211; Genuino cristal Swarovski en el pico Rel\u00e1jese &#8230; y si\u00e9ntete bien<\/p>\n","protected":false},"excerpt":{"rendered":"<p>I RUB MY DUCKIE PARIS CLASSIC I Rub My Duckie Paris Classic: la colecci\u00f3n I Rub My Duckie 2.0 Paris<\/p>\n","protected":false},"featured_media":20713,"comment_status":"open","ping_status":"open","template":"","meta":[],"product_cat":[370],"product_tag":[390],"class_list":["post-20712","product","type-product","status-publish","has-post-thumbnail","hentry","product_cat-clitoris","product_tag-big-teaze-toys"],"bundled_by":[],"bundle_stock_status":"instock","bundle_stock_quantity":1,"bundle_virtual":false,"bundle_layout":"","bundle_add_to_cart_form_location":"","bundle_editable_in_cart":false,"bundle_sold_individually_context":"","bundle_item_grouping":"","bundle_min_size":"","bundle_max_size":"","bundled_items":[],"yoast_head":"<!-- This site is optimized with the Yoast SEO plugin v20.6 - https:\/\/yoast.com\/wordpress\/plugins\/seo\/ -->\n<title>PATITO VIBRADOR ROSA - I RUB MY DUCKIE PARIS CLASSIC - Tienda Er\u00f3tica<\/title>\n<meta name=\"robots\" content=\"noindex, follow, max-snippet:-1, max-image-preview:large, max-video-preview:-1\" \/>\n<meta property=\"og:locale\" content=\"es_ES\" \/>\n<meta property=\"og:type\" content=\"article\" \/>\n<meta property=\"og:title\" content=\"PATITO VIBRADOR ROSA - I RUB MY DUCKIE PARIS CLASSIC - Tienda Er\u00f3tica\" \/>\n<meta property=\"og:description\" content=\"I RUB MY DUCKIE PARIS CLASSIC I Rub My Duckie Paris Classic: la colecci\u00f3n I Rub My Duckie 2.0 Paris\" \/>\n<meta property=\"og:url\" content=\"https:\/\/demoweb.info\/sexshop001\/producto\/patito-vibrador-rosa-i-rub-my-duckie-paris-classic\/\" \/>\n<meta property=\"og:site_name\" content=\"Tienda Er\u00f3tica\" \/>\n<meta property=\"article:modified_time\" content=\"2022-01-22T10:11:38+00:00\" \/>\n<meta property=\"og:image\" content=\"https:\/\/demoweb.info\/sexshop001\/wp-content\/uploads\/2022\/01\/PATITO-VIBRADOR-ROSA-I-RUB-MY-DUCKIE-PARIS-CLASSIC.jpg\" \/>\n\t<meta property=\"og:image:width\" content=\"550\" \/>\n\t<meta property=\"og:image:height\" content=\"550\" \/>\n\t<meta property=\"og:image:type\" content=\"image\/jpeg\" \/>\n<meta name=\"twitter:card\" content=\"summary_large_image\" \/>\n<meta name=\"twitter:label1\" content=\"Tiempo de lectura\" \/>\n\t<meta name=\"twitter:data1\" content=\"1 minuto\" \/>\n<script type=\"application\/ld+json\" class=\"yoast-schema-graph\">{\"@context\":\"https:\/\/schema.org\",\"@graph\":[{\"@type\":\"WebPage\",\"@id\":\"https:\/\/demoweb.info\/sexshop001\/producto\/patito-vibrador-rosa-i-rub-my-duckie-paris-classic\/\",\"url\":\"https:\/\/demoweb.info\/sexshop001\/producto\/patito-vibrador-rosa-i-rub-my-duckie-paris-classic\/\",\"name\":\"PATITO VIBRADOR ROSA - I RUB MY DUCKIE PARIS CLASSIC - Tienda Er\u00f3tica\",\"isPartOf\":{\"@id\":\"https:\/\/demoweb.info\/sexshop001\/#website\"},\"datePublished\":\"2022-01-22T10:11:34+00:00\",\"dateModified\":\"2022-01-22T10:11:38+00:00\",\"breadcrumb\":{\"@id\":\"https:\/\/demoweb.info\/sexshop001\/producto\/patito-vibrador-rosa-i-rub-my-duckie-paris-classic\/#breadcrumb\"},\"inLanguage\":\"es\",\"potentialAction\":[{\"@type\":\"ReadAction\",\"target\":[\"https:\/\/demoweb.info\/sexshop001\/producto\/patito-vibrador-rosa-i-rub-my-duckie-paris-classic\/\"]}]},{\"@type\":\"BreadcrumbList\",\"@id\":\"https:\/\/demoweb.info\/sexshop001\/producto\/patito-vibrador-rosa-i-rub-my-duckie-paris-classic\/#breadcrumb\",\"itemListElement\":[{\"@type\":\"ListItem\",\"position\":1,\"name\":\"Portada\",\"item\":\"https:\/\/demoweb.info\/sexshop001\/\"},{\"@type\":\"ListItem\",\"position\":2,\"name\":\"Tienda\",\"item\":\"https:\/\/demoweb.info\/sexshop001\/tienda\/\"},{\"@type\":\"ListItem\",\"position\":3,\"name\":\"PATITO VIBRADOR ROSA &#8211; I RUB MY DUCKIE PARIS CLASSIC\"}]},{\"@type\":\"WebSite\",\"@id\":\"https:\/\/demoweb.info\/sexshop001\/#website\",\"url\":\"https:\/\/demoweb.info\/sexshop001\/\",\"name\":\"Tienda Er\u00f3tica\",\"description\":\"DEMOWEB SL\",\"potentialAction\":[{\"@type\":\"SearchAction\",\"target\":{\"@type\":\"EntryPoint\",\"urlTemplate\":\"https:\/\/demoweb.info\/sexshop001\/?s={search_term_string}\"},\"query-input\":\"required name=search_term_string\"}],\"inLanguage\":\"es\"}]}<\/script>\n<!-- \/ Yoast SEO plugin. -->","yoast_head_json":{"title":"PATITO VIBRADOR ROSA - I RUB MY DUCKIE PARIS CLASSIC - Tienda Er\u00f3tica","robots":{"index":"noindex","follow":"follow","max-snippet":"max-snippet:-1","max-image-preview":"max-image-preview:large","max-video-preview":"max-video-preview:-1"},"og_locale":"es_ES","og_type":"article","og_title":"PATITO VIBRADOR ROSA - I RUB MY DUCKIE PARIS CLASSIC - Tienda Er\u00f3tica","og_description":"I RUB MY DUCKIE PARIS CLASSIC I Rub My Duckie Paris Classic: la colecci\u00f3n I Rub My Duckie 2.0 Paris","og_url":"https:\/\/demoweb.info\/sexshop001\/producto\/patito-vibrador-rosa-i-rub-my-duckie-paris-classic\/","og_site_name":"Tienda Er\u00f3tica","article_modified_time":"2022-01-22T10:11:38+00:00","og_image":[{"width":550,"height":550,"url":"https:\/\/demoweb.info\/sexshop001\/wp-content\/uploads\/2022\/01\/PATITO-VIBRADOR-ROSA-I-RUB-MY-DUCKIE-PARIS-CLASSIC.jpg","type":"image\/jpeg"}],"twitter_card":"summary_large_image","twitter_misc":{"Tiempo de lectura":"1 minuto"},"schema":{"@context":"https:\/\/schema.org","@graph":[{"@type":"WebPage","@id":"https:\/\/demoweb.info\/sexshop001\/producto\/patito-vibrador-rosa-i-rub-my-duckie-paris-classic\/","url":"https:\/\/demoweb.info\/sexshop001\/producto\/patito-vibrador-rosa-i-rub-my-duckie-paris-classic\/","name":"PATITO VIBRADOR ROSA - I RUB MY DUCKIE PARIS CLASSIC - Tienda Er\u00f3tica","isPartOf":{"@id":"https:\/\/demoweb.info\/sexshop001\/#website"},"datePublished":"2022-01-22T10:11:34+00:00","dateModified":"2022-01-22T10:11:38+00:00","breadcrumb":{"@id":"https:\/\/demoweb.info\/sexshop001\/producto\/patito-vibrador-rosa-i-rub-my-duckie-paris-classic\/#breadcrumb"},"inLanguage":"es","potentialAction":[{"@type":"ReadAction","target":["https:\/\/demoweb.info\/sexshop001\/producto\/patito-vibrador-rosa-i-rub-my-duckie-paris-classic\/"]}]},{"@type":"BreadcrumbList","@id":"https:\/\/demoweb.info\/sexshop001\/producto\/patito-vibrador-rosa-i-rub-my-duckie-paris-classic\/#breadcrumb","itemListElement":[{"@type":"ListItem","position":1,"name":"Portada","item":"https:\/\/demoweb.info\/sexshop001\/"},{"@type":"ListItem","position":2,"name":"Tienda","item":"https:\/\/demoweb.info\/sexshop001\/tienda\/"},{"@type":"ListItem","position":3,"name":"PATITO VIBRADOR ROSA &#8211; I RUB MY DUCKIE PARIS CLASSIC"}]},{"@type":"WebSite","@id":"https:\/\/demoweb.info\/sexshop001\/#website","url":"https:\/\/demoweb.info\/sexshop001\/","name":"Tienda Er\u00f3tica","description":"DEMOWEB SL","potentialAction":[{"@type":"SearchAction","target":{"@type":"EntryPoint","urlTemplate":"https:\/\/demoweb.info\/sexshop001\/?s={search_term_string}"},"query-input":"required name=search_term_string"}],"inLanguage":"es"}]}},"_links":{"self":[{"href":"https:\/\/demoweb.info\/sexshop001\/wp-json\/wp\/v3\/product\/20712","targetHints":{"allow":["GET"]}}],"collection":[{"href":"https:\/\/demoweb.info\/sexshop001\/wp-json\/wp\/v3\/product"}],"about":[{"href":"https:\/\/demoweb.info\/sexshop001\/wp-json\/wp\/v2\/types\/product"}],"replies":[{"embeddable":true,"href":"https:\/\/demoweb.info\/sexshop001\/wp-json\/wp\/v2\/comments?post=20712"}],"wp:featuredmedia":[{"embeddable":true,"href":"https:\/\/demoweb.info\/sexshop001\/wp-json\/wp\/v2\/media\/20713"}],"wp:attachment":[{"href":"https:\/\/demoweb.info\/sexshop001\/wp-json\/wp\/v2\/media?parent=20712"}],"wp:term":[{"taxonomy":"product_cat","embeddable":true,"href":"https:\/\/demoweb.info\/sexshop001\/wp-json\/wp\/v2\/product_cat?post=20712"},{"taxonomy":"product_tag","embeddable":true,"href":"https:\/\/demoweb.info\/sexshop001\/wp-json\/wp\/v2\/product_tag?post=20712"}],"curies":[{"name":"wp","href":"https:\/\/api.w.org\/{rel}","templated":true}]}}