{"id":20709,"date":"2022-01-22T11:11:34","date_gmt":"2022-01-22T10:11:34","guid":{"rendered":"https:\/\/demoweb.info\/sexshop001\/producto\/clit-pump-succionador-clitoris-rosa\/"},"modified":"2022-01-22T11:11:37","modified_gmt":"2022-01-22T10:11:37","slug":"clit-pump-succionador-clitoris-rosa","status":"publish","type":"product","link":"https:\/\/demoweb.info\/sexshop001\/producto\/clit-pump-succionador-clitoris-rosa\/","title":{"rendered":"CLIT PUMP SUCCIONADOR CLITORIS &#8211; ROSA"},"content":{"rendered":"<p><strong>CLIT PUMP <\/strong><\/p>\n<pre>\n<span style=&quot;font-family:tahoma,geneva,sans-serif&quot;>Bomba de cl\u00edtoris - M\u00e1ximo placer.\nColoca la copa sobre el cl\u00edtoris. Presiona el bot\u00f3n de liberaci\u00f3n de aire para dejar salir el aire y cuando termie retira la taza. Apriete la bomba con la mano a la presi\u00f3n que deseas.\n\n<strong>Longitud total : <\/strong> Copa: 6.5 cm\n<strong>Impermeable<\/strong> : Si \n<strong>Material:   <\/strong>Silicona, ABS Plastic<\/span>\n<\/pre>\n","protected":false},"excerpt":{"rendered":"<p>CLIT PUMP Bomba de cl\u00edtoris &#8211; M\u00e1ximo placer. Coloca la copa sobre el cl\u00edtoris. Presiona el bot\u00f3n de liberaci\u00f3n de<\/p>\n","protected":false},"featured_media":20710,"comment_status":"open","ping_status":"open","template":"","meta":[],"product_cat":[405],"product_tag":[650],"class_list":["post-20709","product","type-product","status-publish","has-post-thumbnail","hentry","product_cat-succionadores","product_tag-seven-creations"],"bundled_by":[],"bundle_stock_status":"instock","bundle_stock_quantity":1,"bundle_virtual":false,"bundle_layout":"","bundle_add_to_cart_form_location":"","bundle_editable_in_cart":false,"bundle_sold_individually_context":"","bundle_item_grouping":"","bundle_min_size":"","bundle_max_size":"","bundled_items":[],"yoast_head":"<!-- This site is optimized with the Yoast SEO plugin v20.6 - https:\/\/yoast.com\/wordpress\/plugins\/seo\/ -->\n<title>CLIT PUMP SUCCIONADOR CLITORIS - ROSA - Tienda Er\u00f3tica<\/title>\n<meta name=\"robots\" content=\"noindex, follow, max-snippet:-1, max-image-preview:large, max-video-preview:-1\" \/>\n<meta property=\"og:locale\" content=\"es_ES\" \/>\n<meta property=\"og:type\" content=\"article\" \/>\n<meta property=\"og:title\" content=\"CLIT PUMP SUCCIONADOR CLITORIS - ROSA - Tienda Er\u00f3tica\" \/>\n<meta property=\"og:description\" content=\"CLIT PUMP Bomba de cl\u00edtoris - M\u00e1ximo placer. Coloca la copa sobre el cl\u00edtoris. Presiona el bot\u00f3n de liberaci\u00f3n de\" \/>\n<meta property=\"og:url\" content=\"https:\/\/demoweb.info\/sexshop001\/producto\/clit-pump-succionador-clitoris-rosa\/\" \/>\n<meta property=\"og:site_name\" content=\"Tienda Er\u00f3tica\" \/>\n<meta property=\"article:modified_time\" content=\"2022-01-22T10:11:37+00:00\" \/>\n<meta property=\"og:image\" content=\"https:\/\/demoweb.info\/sexshop001\/wp-content\/uploads\/2022\/01\/CLIT-PUMP-SUCCIONADOR-CLITORIS-ROSA.jpg\" \/>\n\t<meta property=\"og:image:width\" content=\"550\" \/>\n\t<meta property=\"og:image:height\" content=\"550\" \/>\n\t<meta property=\"og:image:type\" content=\"image\/jpeg\" \/>\n<meta name=\"twitter:card\" content=\"summary_large_image\" \/>\n<script type=\"application\/ld+json\" class=\"yoast-schema-graph\">{\"@context\":\"https:\/\/schema.org\",\"@graph\":[{\"@type\":\"WebPage\",\"@id\":\"https:\/\/demoweb.info\/sexshop001\/producto\/clit-pump-succionador-clitoris-rosa\/\",\"url\":\"https:\/\/demoweb.info\/sexshop001\/producto\/clit-pump-succionador-clitoris-rosa\/\",\"name\":\"CLIT PUMP SUCCIONADOR CLITORIS - ROSA - Tienda Er\u00f3tica\",\"isPartOf\":{\"@id\":\"https:\/\/demoweb.info\/sexshop001\/#website\"},\"datePublished\":\"2022-01-22T10:11:34+00:00\",\"dateModified\":\"2022-01-22T10:11:37+00:00\",\"breadcrumb\":{\"@id\":\"https:\/\/demoweb.info\/sexshop001\/producto\/clit-pump-succionador-clitoris-rosa\/#breadcrumb\"},\"inLanguage\":\"es\",\"potentialAction\":[{\"@type\":\"ReadAction\",\"target\":[\"https:\/\/demoweb.info\/sexshop001\/producto\/clit-pump-succionador-clitoris-rosa\/\"]}]},{\"@type\":\"BreadcrumbList\",\"@id\":\"https:\/\/demoweb.info\/sexshop001\/producto\/clit-pump-succionador-clitoris-rosa\/#breadcrumb\",\"itemListElement\":[{\"@type\":\"ListItem\",\"position\":1,\"name\":\"Portada\",\"item\":\"https:\/\/demoweb.info\/sexshop001\/\"},{\"@type\":\"ListItem\",\"position\":2,\"name\":\"Tienda\",\"item\":\"https:\/\/demoweb.info\/sexshop001\/tienda\/\"},{\"@type\":\"ListItem\",\"position\":3,\"name\":\"CLIT PUMP SUCCIONADOR CLITORIS &#8211; ROSA\"}]},{\"@type\":\"WebSite\",\"@id\":\"https:\/\/demoweb.info\/sexshop001\/#website\",\"url\":\"https:\/\/demoweb.info\/sexshop001\/\",\"name\":\"Tienda Er\u00f3tica\",\"description\":\"DEMOWEB SL\",\"potentialAction\":[{\"@type\":\"SearchAction\",\"target\":{\"@type\":\"EntryPoint\",\"urlTemplate\":\"https:\/\/demoweb.info\/sexshop001\/?s={search_term_string}\"},\"query-input\":\"required name=search_term_string\"}],\"inLanguage\":\"es\"}]}<\/script>\n<!-- \/ Yoast SEO plugin. -->","yoast_head_json":{"title":"CLIT PUMP SUCCIONADOR CLITORIS - ROSA - Tienda Er\u00f3tica","robots":{"index":"noindex","follow":"follow","max-snippet":"max-snippet:-1","max-image-preview":"max-image-preview:large","max-video-preview":"max-video-preview:-1"},"og_locale":"es_ES","og_type":"article","og_title":"CLIT PUMP SUCCIONADOR CLITORIS - ROSA - Tienda Er\u00f3tica","og_description":"CLIT PUMP Bomba de cl\u00edtoris - M\u00e1ximo placer. Coloca la copa sobre el cl\u00edtoris. Presiona el bot\u00f3n de liberaci\u00f3n de","og_url":"https:\/\/demoweb.info\/sexshop001\/producto\/clit-pump-succionador-clitoris-rosa\/","og_site_name":"Tienda Er\u00f3tica","article_modified_time":"2022-01-22T10:11:37+00:00","og_image":[{"width":550,"height":550,"url":"https:\/\/demoweb.info\/sexshop001\/wp-content\/uploads\/2022\/01\/CLIT-PUMP-SUCCIONADOR-CLITORIS-ROSA.jpg","type":"image\/jpeg"}],"twitter_card":"summary_large_image","schema":{"@context":"https:\/\/schema.org","@graph":[{"@type":"WebPage","@id":"https:\/\/demoweb.info\/sexshop001\/producto\/clit-pump-succionador-clitoris-rosa\/","url":"https:\/\/demoweb.info\/sexshop001\/producto\/clit-pump-succionador-clitoris-rosa\/","name":"CLIT PUMP SUCCIONADOR CLITORIS - ROSA - Tienda Er\u00f3tica","isPartOf":{"@id":"https:\/\/demoweb.info\/sexshop001\/#website"},"datePublished":"2022-01-22T10:11:34+00:00","dateModified":"2022-01-22T10:11:37+00:00","breadcrumb":{"@id":"https:\/\/demoweb.info\/sexshop001\/producto\/clit-pump-succionador-clitoris-rosa\/#breadcrumb"},"inLanguage":"es","potentialAction":[{"@type":"ReadAction","target":["https:\/\/demoweb.info\/sexshop001\/producto\/clit-pump-succionador-clitoris-rosa\/"]}]},{"@type":"BreadcrumbList","@id":"https:\/\/demoweb.info\/sexshop001\/producto\/clit-pump-succionador-clitoris-rosa\/#breadcrumb","itemListElement":[{"@type":"ListItem","position":1,"name":"Portada","item":"https:\/\/demoweb.info\/sexshop001\/"},{"@type":"ListItem","position":2,"name":"Tienda","item":"https:\/\/demoweb.info\/sexshop001\/tienda\/"},{"@type":"ListItem","position":3,"name":"CLIT PUMP SUCCIONADOR CLITORIS &#8211; ROSA"}]},{"@type":"WebSite","@id":"https:\/\/demoweb.info\/sexshop001\/#website","url":"https:\/\/demoweb.info\/sexshop001\/","name":"Tienda Er\u00f3tica","description":"DEMOWEB SL","potentialAction":[{"@type":"SearchAction","target":{"@type":"EntryPoint","urlTemplate":"https:\/\/demoweb.info\/sexshop001\/?s={search_term_string}"},"query-input":"required name=search_term_string"}],"inLanguage":"es"}]}},"_links":{"self":[{"href":"https:\/\/demoweb.info\/sexshop001\/wp-json\/wp\/v3\/product\/20709","targetHints":{"allow":["GET"]}}],"collection":[{"href":"https:\/\/demoweb.info\/sexshop001\/wp-json\/wp\/v3\/product"}],"about":[{"href":"https:\/\/demoweb.info\/sexshop001\/wp-json\/wp\/v2\/types\/product"}],"replies":[{"embeddable":true,"href":"https:\/\/demoweb.info\/sexshop001\/wp-json\/wp\/v2\/comments?post=20709"}],"wp:featuredmedia":[{"embeddable":true,"href":"https:\/\/demoweb.info\/sexshop001\/wp-json\/wp\/v2\/media\/20710"}],"wp:attachment":[{"href":"https:\/\/demoweb.info\/sexshop001\/wp-json\/wp\/v2\/media?parent=20709"}],"wp:term":[{"taxonomy":"product_cat","embeddable":true,"href":"https:\/\/demoweb.info\/sexshop001\/wp-json\/wp\/v2\/product_cat?post=20709"},{"taxonomy":"product_tag","embeddable":true,"href":"https:\/\/demoweb.info\/sexshop001\/wp-json\/wp\/v2\/product_tag?post=20709"}],"curies":[{"name":"wp","href":"https:\/\/api.w.org\/{rel}","templated":true}]}}