{"id":20623,"date":"2022-01-22T11:10:51","date_gmt":"2022-01-22T10:10:51","guid":{"rendered":"https:\/\/demoweb.info\/sexshop001\/producto\/plug-vibrador-thrust-experienced-aqua\/"},"modified":"2022-01-22T11:10:58","modified_gmt":"2022-01-22T10:10:58","slug":"plug-vibrador-thrust-experienced-aqua","status":"publish","type":"product","link":"https:\/\/demoweb.info\/sexshop001\/producto\/plug-vibrador-thrust-experienced-aqua\/","title":{"rendered":"PLUG VIBRADOR THRUST EXPERIENCED &#8211; AQUA"},"content":{"rendered":"<p><strong>THRUST EXPERIENCED PLUG<\/strong><\/p>\n<p>Thrust contiene un peso motorizado que golpea y empuja dentro del exterior de silicona firme en 7 ritmos \u00fanicos para una sensaci\u00f3n \u00fanica y estimulante, convenientemente controlado directamente en el producto o mediante el control remoto inal\u00e1mbrico incluido.<\/p>\n<p>A-Play es la l\u00ednea de plug anales de alto rendimiento de Doc Johnson, creada con una variedad de tama\u00f1os y caracter\u00edsticas especiales para promover el placer anal y la exploraci\u00f3n para usuarios de todos los niveles de experiencia. Cada producto de la colecci\u00f3n A-Play es recargable por USB, resistente al agua e incluye un cable de carga y una bolsa de tela para guardar cosas.<\/p>\n<p><strong>Longitud total: <\/strong>14.6 cm<br \/>\n<strong>Di\u00e1metro : <\/strong>\u00d8 1.5 cm<br \/>\n<strong>Longitud insertable: <\/strong> 11.68 cm<br \/>\n<strong>Vibrando: <\/strong>Si<br \/>\n<strong>Modos de vibraci\u00f3n :<\/strong> 7<br \/>\n<strong>Bodysafe: <\/strong>Si<br \/>\n<strong>Material: <\/strong>Silicona \/ ABS<br \/>\n<strong>Recargable: <\/strong>Si<br \/>\n<strong>Bater\u00edas requeridas: <\/strong> USB | Remote: AAA<\/p>\n","protected":false},"excerpt":{"rendered":"<p>THRUST EXPERIENCED PLUG Thrust contiene un peso motorizado que golpea y empuja dentro del exterior de silicona firme en 7<\/p>\n","protected":false},"featured_media":20624,"comment_status":"open","ping_status":"open","template":"","meta":[],"product_cat":[295],"product_tag":[647,460],"class_list":["post-20623","product","type-product","status-publish","has-post-thumbnail","hentry","product_cat-vibradores-plugs","product_tag-a-play","product_tag-doc-johnson"],"bundled_by":[],"bundle_stock_status":"instock","bundle_stock_quantity":1,"bundle_virtual":false,"bundle_layout":"","bundle_add_to_cart_form_location":"","bundle_editable_in_cart":false,"bundle_sold_individually_context":"","bundle_item_grouping":"","bundle_min_size":"","bundle_max_size":"","bundled_items":[],"yoast_head":"<!-- This site is optimized with the Yoast SEO plugin v20.6 - https:\/\/yoast.com\/wordpress\/plugins\/seo\/ -->\n<title>PLUG VIBRADOR THRUST EXPERIENCED - AQUA - Tienda Er\u00f3tica<\/title>\n<meta name=\"robots\" content=\"noindex, follow, max-snippet:-1, max-image-preview:large, max-video-preview:-1\" \/>\n<meta property=\"og:locale\" content=\"es_ES\" \/>\n<meta property=\"og:type\" content=\"article\" \/>\n<meta property=\"og:title\" content=\"PLUG VIBRADOR THRUST EXPERIENCED - AQUA - Tienda Er\u00f3tica\" \/>\n<meta property=\"og:description\" content=\"THRUST EXPERIENCED PLUG Thrust contiene un peso motorizado que golpea y empuja dentro del exterior de silicona firme en 7\" \/>\n<meta property=\"og:url\" content=\"https:\/\/demoweb.info\/sexshop001\/producto\/plug-vibrador-thrust-experienced-aqua\/\" \/>\n<meta property=\"og:site_name\" content=\"Tienda Er\u00f3tica\" \/>\n<meta property=\"article:modified_time\" content=\"2022-01-22T10:10:58+00:00\" \/>\n<meta property=\"og:image\" content=\"https:\/\/demoweb.info\/sexshop001\/wp-content\/uploads\/2022\/01\/PLUG-VIBRADOR-THRUST-EXPERIENCED-AQUA.jpg\" \/>\n\t<meta property=\"og:image:width\" content=\"550\" \/>\n\t<meta property=\"og:image:height\" content=\"550\" \/>\n\t<meta property=\"og:image:type\" content=\"image\/jpeg\" \/>\n<meta name=\"twitter:card\" content=\"summary_large_image\" \/>\n<meta name=\"twitter:label1\" content=\"Tiempo de lectura\" \/>\n\t<meta name=\"twitter:data1\" content=\"1 minuto\" \/>\n<script type=\"application\/ld+json\" class=\"yoast-schema-graph\">{\"@context\":\"https:\/\/schema.org\",\"@graph\":[{\"@type\":\"WebPage\",\"@id\":\"https:\/\/demoweb.info\/sexshop001\/producto\/plug-vibrador-thrust-experienced-aqua\/\",\"url\":\"https:\/\/demoweb.info\/sexshop001\/producto\/plug-vibrador-thrust-experienced-aqua\/\",\"name\":\"PLUG VIBRADOR THRUST EXPERIENCED - AQUA - Tienda Er\u00f3tica\",\"isPartOf\":{\"@id\":\"https:\/\/demoweb.info\/sexshop001\/#website\"},\"datePublished\":\"2022-01-22T10:10:51+00:00\",\"dateModified\":\"2022-01-22T10:10:58+00:00\",\"breadcrumb\":{\"@id\":\"https:\/\/demoweb.info\/sexshop001\/producto\/plug-vibrador-thrust-experienced-aqua\/#breadcrumb\"},\"inLanguage\":\"es\",\"potentialAction\":[{\"@type\":\"ReadAction\",\"target\":[\"https:\/\/demoweb.info\/sexshop001\/producto\/plug-vibrador-thrust-experienced-aqua\/\"]}]},{\"@type\":\"BreadcrumbList\",\"@id\":\"https:\/\/demoweb.info\/sexshop001\/producto\/plug-vibrador-thrust-experienced-aqua\/#breadcrumb\",\"itemListElement\":[{\"@type\":\"ListItem\",\"position\":1,\"name\":\"Portada\",\"item\":\"https:\/\/demoweb.info\/sexshop001\/\"},{\"@type\":\"ListItem\",\"position\":2,\"name\":\"Tienda\",\"item\":\"https:\/\/demoweb.info\/sexshop001\/tienda\/\"},{\"@type\":\"ListItem\",\"position\":3,\"name\":\"PLUG VIBRADOR THRUST EXPERIENCED &#8211; AQUA\"}]},{\"@type\":\"WebSite\",\"@id\":\"https:\/\/demoweb.info\/sexshop001\/#website\",\"url\":\"https:\/\/demoweb.info\/sexshop001\/\",\"name\":\"Tienda Er\u00f3tica\",\"description\":\"DEMOWEB SL\",\"potentialAction\":[{\"@type\":\"SearchAction\",\"target\":{\"@type\":\"EntryPoint\",\"urlTemplate\":\"https:\/\/demoweb.info\/sexshop001\/?s={search_term_string}\"},\"query-input\":\"required name=search_term_string\"}],\"inLanguage\":\"es\"}]}<\/script>\n<!-- \/ Yoast SEO plugin. -->","yoast_head_json":{"title":"PLUG VIBRADOR THRUST EXPERIENCED - AQUA - Tienda Er\u00f3tica","robots":{"index":"noindex","follow":"follow","max-snippet":"max-snippet:-1","max-image-preview":"max-image-preview:large","max-video-preview":"max-video-preview:-1"},"og_locale":"es_ES","og_type":"article","og_title":"PLUG VIBRADOR THRUST EXPERIENCED - AQUA - Tienda Er\u00f3tica","og_description":"THRUST EXPERIENCED PLUG Thrust contiene un peso motorizado que golpea y empuja dentro del exterior de silicona firme en 7","og_url":"https:\/\/demoweb.info\/sexshop001\/producto\/plug-vibrador-thrust-experienced-aqua\/","og_site_name":"Tienda Er\u00f3tica","article_modified_time":"2022-01-22T10:10:58+00:00","og_image":[{"width":550,"height":550,"url":"https:\/\/demoweb.info\/sexshop001\/wp-content\/uploads\/2022\/01\/PLUG-VIBRADOR-THRUST-EXPERIENCED-AQUA.jpg","type":"image\/jpeg"}],"twitter_card":"summary_large_image","twitter_misc":{"Tiempo de lectura":"1 minuto"},"schema":{"@context":"https:\/\/schema.org","@graph":[{"@type":"WebPage","@id":"https:\/\/demoweb.info\/sexshop001\/producto\/plug-vibrador-thrust-experienced-aqua\/","url":"https:\/\/demoweb.info\/sexshop001\/producto\/plug-vibrador-thrust-experienced-aqua\/","name":"PLUG VIBRADOR THRUST EXPERIENCED - AQUA - Tienda Er\u00f3tica","isPartOf":{"@id":"https:\/\/demoweb.info\/sexshop001\/#website"},"datePublished":"2022-01-22T10:10:51+00:00","dateModified":"2022-01-22T10:10:58+00:00","breadcrumb":{"@id":"https:\/\/demoweb.info\/sexshop001\/producto\/plug-vibrador-thrust-experienced-aqua\/#breadcrumb"},"inLanguage":"es","potentialAction":[{"@type":"ReadAction","target":["https:\/\/demoweb.info\/sexshop001\/producto\/plug-vibrador-thrust-experienced-aqua\/"]}]},{"@type":"BreadcrumbList","@id":"https:\/\/demoweb.info\/sexshop001\/producto\/plug-vibrador-thrust-experienced-aqua\/#breadcrumb","itemListElement":[{"@type":"ListItem","position":1,"name":"Portada","item":"https:\/\/demoweb.info\/sexshop001\/"},{"@type":"ListItem","position":2,"name":"Tienda","item":"https:\/\/demoweb.info\/sexshop001\/tienda\/"},{"@type":"ListItem","position":3,"name":"PLUG VIBRADOR THRUST EXPERIENCED &#8211; AQUA"}]},{"@type":"WebSite","@id":"https:\/\/demoweb.info\/sexshop001\/#website","url":"https:\/\/demoweb.info\/sexshop001\/","name":"Tienda Er\u00f3tica","description":"DEMOWEB SL","potentialAction":[{"@type":"SearchAction","target":{"@type":"EntryPoint","urlTemplate":"https:\/\/demoweb.info\/sexshop001\/?s={search_term_string}"},"query-input":"required name=search_term_string"}],"inLanguage":"es"}]}},"_links":{"self":[{"href":"https:\/\/demoweb.info\/sexshop001\/wp-json\/wp\/v3\/product\/20623","targetHints":{"allow":["GET"]}}],"collection":[{"href":"https:\/\/demoweb.info\/sexshop001\/wp-json\/wp\/v3\/product"}],"about":[{"href":"https:\/\/demoweb.info\/sexshop001\/wp-json\/wp\/v2\/types\/product"}],"replies":[{"embeddable":true,"href":"https:\/\/demoweb.info\/sexshop001\/wp-json\/wp\/v2\/comments?post=20623"}],"wp:featuredmedia":[{"embeddable":true,"href":"https:\/\/demoweb.info\/sexshop001\/wp-json\/wp\/v2\/media\/20624"}],"wp:attachment":[{"href":"https:\/\/demoweb.info\/sexshop001\/wp-json\/wp\/v2\/media?parent=20623"}],"wp:term":[{"taxonomy":"product_cat","embeddable":true,"href":"https:\/\/demoweb.info\/sexshop001\/wp-json\/wp\/v2\/product_cat?post=20623"},{"taxonomy":"product_tag","embeddable":true,"href":"https:\/\/demoweb.info\/sexshop001\/wp-json\/wp\/v2\/product_tag?post=20623"}],"curies":[{"name":"wp","href":"https:\/\/api.w.org\/{rel}","templated":true}]}}