{"id":20585,"date":"2022-01-22T11:10:29","date_gmt":"2022-01-22T10:10:29","guid":{"rendered":"https:\/\/demoweb.info\/sexshop001\/producto\/perfect-pene-realistico-firmskyn-20-32-cm-negro\/"},"modified":"2022-01-22T11:10:41","modified_gmt":"2022-01-22T10:10:41","slug":"perfect-pene-realistico-firmskyn-20-32-cm-negro","status":"publish","type":"product","link":"https:\/\/demoweb.info\/sexshop001\/producto\/perfect-pene-realistico-firmskyn-20-32-cm-negro\/","title":{"rendered":"PERFECT PENE REALISTICO FIRMSKYN 20.32 CM &#8211; NEGRO"},"content":{"rendered":"<p><strong>PERFECT D 8 INCH FIRMSKYN<\/strong><\/p>\n<p><span style=&quot;font-family:tahoma,geneva,sans-serif&quot;>El D \u2122 &#8211; Perfect D &#8211; FIRMSKYN \u2122 20.32 CM &#8211; Ahora disponible en FIRMSKYN \u2122, el Perfect D est\u00e1 moldeado directamente de un pene erecto real para una apariencia incre\u00edblemente realista con una nueva sensaci\u00f3n m\u00e1s firme. Venas realistas y testiculos suaves y flexibles.<\/p>\n<p>&bull; Material m\u00e1s firme para una mayor intensidad<br \/>\n&bull; PVC cl\u00e1sico de Doc Johnson<br \/>\n&bull; Base con ventosa para mayor estabilidad<br \/>\n&bull; Compatible con arn\u00e9s de juntas t\u00f3ricas<br \/>\n&bull; Sin ftalatos, seguro para el cuerpo<br \/>\n&bull; Fabricado con orgullo en Estados Unidos<\/p>\n<p><strong>Longitud total<\/strong> : 20.32 cm<br \/>\n<strong>Di\u00e1metro : <\/strong>\u00d8 5 cm<br \/>\n<strong>Longitud insertable : <\/strong>19.05 cm<br \/>\n<strong>Bodysafe<\/strong> : SI<br \/>\n<strong>Material : <\/strong>PVC<br \/>\n<strong>Ventosa<\/strong> : SI<\/span><\/p>\n","protected":false},"excerpt":{"rendered":"<p>PERFECT D 8 INCH FIRMSKYN El D \u2122 &#8211; Perfect D &#8211; FIRMSKYN \u2122 20.32 CM &#8211; Ahora disponible en<\/p>\n","protected":false},"featured_media":20586,"comment_status":"open","ping_status":"open","template":"","meta":[],"product_cat":[386],"product_tag":[460,848],"class_list":["post-20585","product","type-product","status-publish","has-post-thumbnail","hentry","product_cat-realisticos","product_tag-doc-johnson","product_tag-the-d"],"bundled_by":[],"bundle_stock_status":"outofstock","bundle_stock_quantity":0,"bundle_virtual":false,"bundle_layout":"","bundle_add_to_cart_form_location":"","bundle_editable_in_cart":false,"bundle_sold_individually_context":"","bundle_item_grouping":"","bundle_min_size":"","bundle_max_size":"","bundled_items":[],"yoast_head":"<!-- This site is optimized with the Yoast SEO plugin v20.6 - https:\/\/yoast.com\/wordpress\/plugins\/seo\/ -->\n<title>PERFECT PENE REALISTICO FIRMSKYN 20.32 CM - NEGRO - Tienda Er\u00f3tica<\/title>\n<meta name=\"robots\" content=\"noindex, follow, max-snippet:-1, max-image-preview:large, max-video-preview:-1\" \/>\n<meta property=\"og:locale\" content=\"es_ES\" \/>\n<meta property=\"og:type\" content=\"article\" \/>\n<meta property=\"og:title\" content=\"PERFECT PENE REALISTICO FIRMSKYN 20.32 CM - NEGRO - Tienda Er\u00f3tica\" \/>\n<meta property=\"og:description\" content=\"PERFECT D 8 INCH FIRMSKYN El D \u2122 &#8211; Perfect D &#8211; FIRMSKYN \u2122 20.32 CM &#8211; Ahora disponible en\" \/>\n<meta property=\"og:url\" content=\"https:\/\/demoweb.info\/sexshop001\/producto\/perfect-pene-realistico-firmskyn-20-32-cm-negro\/\" \/>\n<meta property=\"og:site_name\" content=\"Tienda Er\u00f3tica\" \/>\n<meta property=\"article:modified_time\" content=\"2022-01-22T10:10:41+00:00\" \/>\n<meta property=\"og:image\" content=\"https:\/\/demoweb.info\/sexshop001\/wp-content\/uploads\/2022\/01\/PERFECT-PENE-REALISTICO-FIRMSKYN-20.32-CM-NEGRO.jpg\" \/>\n\t<meta property=\"og:image:width\" content=\"550\" \/>\n\t<meta property=\"og:image:height\" content=\"550\" \/>\n\t<meta property=\"og:image:type\" content=\"image\/jpeg\" \/>\n<meta name=\"twitter:card\" content=\"summary_large_image\" \/>\n<meta name=\"twitter:label1\" content=\"Tiempo de lectura\" \/>\n\t<meta name=\"twitter:data1\" content=\"1 minuto\" \/>\n<script type=\"application\/ld+json\" class=\"yoast-schema-graph\">{\"@context\":\"https:\/\/schema.org\",\"@graph\":[{\"@type\":\"WebPage\",\"@id\":\"https:\/\/demoweb.info\/sexshop001\/producto\/perfect-pene-realistico-firmskyn-20-32-cm-negro\/\",\"url\":\"https:\/\/demoweb.info\/sexshop001\/producto\/perfect-pene-realistico-firmskyn-20-32-cm-negro\/\",\"name\":\"PERFECT PENE REALISTICO FIRMSKYN 20.32 CM - NEGRO - Tienda Er\u00f3tica\",\"isPartOf\":{\"@id\":\"https:\/\/demoweb.info\/sexshop001\/#website\"},\"datePublished\":\"2022-01-22T10:10:29+00:00\",\"dateModified\":\"2022-01-22T10:10:41+00:00\",\"breadcrumb\":{\"@id\":\"https:\/\/demoweb.info\/sexshop001\/producto\/perfect-pene-realistico-firmskyn-20-32-cm-negro\/#breadcrumb\"},\"inLanguage\":\"es\",\"potentialAction\":[{\"@type\":\"ReadAction\",\"target\":[\"https:\/\/demoweb.info\/sexshop001\/producto\/perfect-pene-realistico-firmskyn-20-32-cm-negro\/\"]}]},{\"@type\":\"BreadcrumbList\",\"@id\":\"https:\/\/demoweb.info\/sexshop001\/producto\/perfect-pene-realistico-firmskyn-20-32-cm-negro\/#breadcrumb\",\"itemListElement\":[{\"@type\":\"ListItem\",\"position\":1,\"name\":\"Portada\",\"item\":\"https:\/\/demoweb.info\/sexshop001\/\"},{\"@type\":\"ListItem\",\"position\":2,\"name\":\"Tienda\",\"item\":\"https:\/\/demoweb.info\/sexshop001\/tienda\/\"},{\"@type\":\"ListItem\",\"position\":3,\"name\":\"PERFECT PENE REALISTICO FIRMSKYN 20.32 CM &#8211; NEGRO\"}]},{\"@type\":\"WebSite\",\"@id\":\"https:\/\/demoweb.info\/sexshop001\/#website\",\"url\":\"https:\/\/demoweb.info\/sexshop001\/\",\"name\":\"Tienda Er\u00f3tica\",\"description\":\"DEMOWEB SL\",\"potentialAction\":[{\"@type\":\"SearchAction\",\"target\":{\"@type\":\"EntryPoint\",\"urlTemplate\":\"https:\/\/demoweb.info\/sexshop001\/?s={search_term_string}\"},\"query-input\":\"required name=search_term_string\"}],\"inLanguage\":\"es\"}]}<\/script>\n<!-- \/ Yoast SEO plugin. -->","yoast_head_json":{"title":"PERFECT PENE REALISTICO FIRMSKYN 20.32 CM - NEGRO - Tienda Er\u00f3tica","robots":{"index":"noindex","follow":"follow","max-snippet":"max-snippet:-1","max-image-preview":"max-image-preview:large","max-video-preview":"max-video-preview:-1"},"og_locale":"es_ES","og_type":"article","og_title":"PERFECT PENE REALISTICO FIRMSKYN 20.32 CM - NEGRO - Tienda Er\u00f3tica","og_description":"PERFECT D 8 INCH FIRMSKYN El D \u2122 &#8211; Perfect D &#8211; FIRMSKYN \u2122 20.32 CM &#8211; Ahora disponible en","og_url":"https:\/\/demoweb.info\/sexshop001\/producto\/perfect-pene-realistico-firmskyn-20-32-cm-negro\/","og_site_name":"Tienda Er\u00f3tica","article_modified_time":"2022-01-22T10:10:41+00:00","og_image":[{"width":550,"height":550,"url":"https:\/\/demoweb.info\/sexshop001\/wp-content\/uploads\/2022\/01\/PERFECT-PENE-REALISTICO-FIRMSKYN-20.32-CM-NEGRO.jpg","type":"image\/jpeg"}],"twitter_card":"summary_large_image","twitter_misc":{"Tiempo de lectura":"1 minuto"},"schema":{"@context":"https:\/\/schema.org","@graph":[{"@type":"WebPage","@id":"https:\/\/demoweb.info\/sexshop001\/producto\/perfect-pene-realistico-firmskyn-20-32-cm-negro\/","url":"https:\/\/demoweb.info\/sexshop001\/producto\/perfect-pene-realistico-firmskyn-20-32-cm-negro\/","name":"PERFECT PENE REALISTICO FIRMSKYN 20.32 CM - NEGRO - Tienda Er\u00f3tica","isPartOf":{"@id":"https:\/\/demoweb.info\/sexshop001\/#website"},"datePublished":"2022-01-22T10:10:29+00:00","dateModified":"2022-01-22T10:10:41+00:00","breadcrumb":{"@id":"https:\/\/demoweb.info\/sexshop001\/producto\/perfect-pene-realistico-firmskyn-20-32-cm-negro\/#breadcrumb"},"inLanguage":"es","potentialAction":[{"@type":"ReadAction","target":["https:\/\/demoweb.info\/sexshop001\/producto\/perfect-pene-realistico-firmskyn-20-32-cm-negro\/"]}]},{"@type":"BreadcrumbList","@id":"https:\/\/demoweb.info\/sexshop001\/producto\/perfect-pene-realistico-firmskyn-20-32-cm-negro\/#breadcrumb","itemListElement":[{"@type":"ListItem","position":1,"name":"Portada","item":"https:\/\/demoweb.info\/sexshop001\/"},{"@type":"ListItem","position":2,"name":"Tienda","item":"https:\/\/demoweb.info\/sexshop001\/tienda\/"},{"@type":"ListItem","position":3,"name":"PERFECT PENE REALISTICO FIRMSKYN 20.32 CM &#8211; NEGRO"}]},{"@type":"WebSite","@id":"https:\/\/demoweb.info\/sexshop001\/#website","url":"https:\/\/demoweb.info\/sexshop001\/","name":"Tienda Er\u00f3tica","description":"DEMOWEB SL","potentialAction":[{"@type":"SearchAction","target":{"@type":"EntryPoint","urlTemplate":"https:\/\/demoweb.info\/sexshop001\/?s={search_term_string}"},"query-input":"required name=search_term_string"}],"inLanguage":"es"}]}},"_links":{"self":[{"href":"https:\/\/demoweb.info\/sexshop001\/wp-json\/wp\/v3\/product\/20585","targetHints":{"allow":["GET"]}}],"collection":[{"href":"https:\/\/demoweb.info\/sexshop001\/wp-json\/wp\/v3\/product"}],"about":[{"href":"https:\/\/demoweb.info\/sexshop001\/wp-json\/wp\/v2\/types\/product"}],"replies":[{"embeddable":true,"href":"https:\/\/demoweb.info\/sexshop001\/wp-json\/wp\/v2\/comments?post=20585"}],"wp:featuredmedia":[{"embeddable":true,"href":"https:\/\/demoweb.info\/sexshop001\/wp-json\/wp\/v2\/media\/20586"}],"wp:attachment":[{"href":"https:\/\/demoweb.info\/sexshop001\/wp-json\/wp\/v2\/media?parent=20585"}],"wp:term":[{"taxonomy":"product_cat","embeddable":true,"href":"https:\/\/demoweb.info\/sexshop001\/wp-json\/wp\/v2\/product_cat?post=20585"},{"taxonomy":"product_tag","embeddable":true,"href":"https:\/\/demoweb.info\/sexshop001\/wp-json\/wp\/v2\/product_tag?post=20585"}],"curies":[{"name":"wp","href":"https:\/\/api.w.org\/{rel}","templated":true}]}}