{"id":20558,"date":"2022-01-22T11:10:29","date_gmt":"2022-01-22T10:10:29","guid":{"rendered":"https:\/\/demoweb.info\/sexshop001\/producto\/doble-dildo-dippin-d-firmskyn-negro\/"},"modified":"2022-01-22T11:10:29","modified_gmt":"2022-01-22T10:10:29","slug":"doble-dildo-dippin-d-firmskyn-negro","status":"publish","type":"product","link":"https:\/\/demoweb.info\/sexshop001\/producto\/doble-dildo-dippin-d-firmskyn-negro\/","title":{"rendered":"DOBLE DILDO DIPPIN D FIRMSKYN &#8211; NEGRO"},"content":{"rendered":"<p><strong>DOUBLE DIPPIN D FIRMSKYN<\/strong><\/p>\n<p>El D \u2122 &#8211; Double Dippin &#39;D &#8211; FIRMSKYN \u2122 &#8211; El Double Dippin&#39; D en FIRMSKYN \u2122 presenta un dise\u00f1o de dos puntas ideal para juegos de doble penetraci\u00f3n, con una polla delgada y realista con bolas para la inserci\u00f3n anal y una polla m\u00e1s gruesa sin bolas para penetraci\u00f3n vaginal simult\u00e1nea.<\/p>\n<p>&bull; Ejes delgados y medios realistas para una doble penetraci\u00f3n <br \/>\n&bull; Material m\u00e1s firme para una mayor intensidad <br \/>\n&bull; PVC cl\u00e1sico de Doc Johnson <br \/>\n&bull; Sin ftalatos, seguro para el cuerpo <br \/>\n&bull; Fabricado con orgullo en Estados Unidos<\/p>\n<p>Longitud total  : 15.88 cm<br \/>\nDi\u00e1metro    GRUESA : \u00d8 3.8 cm | DELGADA : \u00d8  2.54 cm<br \/>\nLongitud insertable : 12.7 cm<br \/>\nBodysafe : SI <br \/>\nMaterial  :  PVC<br \/>\nVentosa :  Si <\/p>\n","protected":false},"excerpt":{"rendered":"<p>DOUBLE DIPPIN D FIRMSKYN El D \u2122 &#8211; Double Dippin &#39;D &#8211; FIRMSKYN \u2122 &#8211; El Double Dippin&#39; D en<\/p>\n","protected":false},"featured_media":20559,"comment_status":"open","ping_status":"open","template":"","meta":[],"product_cat":[437],"product_tag":[460,848],"class_list":["post-20558","product","type-product","status-publish","has-post-thumbnail","hentry","product_cat-dobles","product_tag-doc-johnson","product_tag-the-d"],"bundled_by":[],"bundle_stock_status":"instock","bundle_stock_quantity":1,"bundle_virtual":false,"bundle_layout":"","bundle_add_to_cart_form_location":"","bundle_editable_in_cart":false,"bundle_sold_individually_context":"","bundle_item_grouping":"","bundle_min_size":"","bundle_max_size":"","bundled_items":[],"yoast_head":"<!-- This site is optimized with the Yoast SEO plugin v20.6 - https:\/\/yoast.com\/wordpress\/plugins\/seo\/ -->\n<title>DOBLE DILDO DIPPIN D FIRMSKYN - NEGRO - Tienda Er\u00f3tica<\/title>\n<meta name=\"robots\" content=\"noindex, follow, max-snippet:-1, max-image-preview:large, max-video-preview:-1\" \/>\n<meta property=\"og:locale\" content=\"es_ES\" \/>\n<meta property=\"og:type\" content=\"article\" \/>\n<meta property=\"og:title\" content=\"DOBLE DILDO DIPPIN D FIRMSKYN - NEGRO - Tienda Er\u00f3tica\" \/>\n<meta property=\"og:description\" content=\"DOUBLE DIPPIN D FIRMSKYN El D \u2122 &#8211; Double Dippin &#039;D &#8211; FIRMSKYN \u2122 &#8211; El Double Dippin&#039; D en\" \/>\n<meta property=\"og:url\" content=\"https:\/\/demoweb.info\/sexshop001\/producto\/doble-dildo-dippin-d-firmskyn-negro\/\" \/>\n<meta property=\"og:site_name\" content=\"Tienda Er\u00f3tica\" \/>\n<meta property=\"og:image\" content=\"https:\/\/demoweb.info\/sexshop001\/wp-content\/uploads\/2022\/01\/DOBLE-DILDO-DIPPIN-D-FIRMSKYN-NEGRO.jpg\" \/>\n\t<meta property=\"og:image:width\" content=\"550\" \/>\n\t<meta property=\"og:image:height\" content=\"550\" \/>\n\t<meta property=\"og:image:type\" content=\"image\/jpeg\" \/>\n<meta name=\"twitter:card\" content=\"summary_large_image\" \/>\n<meta name=\"twitter:label1\" content=\"Tiempo de lectura\" \/>\n\t<meta name=\"twitter:data1\" content=\"1 minuto\" \/>\n<script type=\"application\/ld+json\" class=\"yoast-schema-graph\">{\"@context\":\"https:\/\/schema.org\",\"@graph\":[{\"@type\":\"WebPage\",\"@id\":\"https:\/\/demoweb.info\/sexshop001\/producto\/doble-dildo-dippin-d-firmskyn-negro\/\",\"url\":\"https:\/\/demoweb.info\/sexshop001\/producto\/doble-dildo-dippin-d-firmskyn-negro\/\",\"name\":\"DOBLE DILDO DIPPIN D FIRMSKYN - NEGRO - Tienda Er\u00f3tica\",\"isPartOf\":{\"@id\":\"https:\/\/demoweb.info\/sexshop001\/#website\"},\"datePublished\":\"2022-01-22T10:10:29+00:00\",\"dateModified\":\"2022-01-22T10:10:29+00:00\",\"breadcrumb\":{\"@id\":\"https:\/\/demoweb.info\/sexshop001\/producto\/doble-dildo-dippin-d-firmskyn-negro\/#breadcrumb\"},\"inLanguage\":\"es\",\"potentialAction\":[{\"@type\":\"ReadAction\",\"target\":[\"https:\/\/demoweb.info\/sexshop001\/producto\/doble-dildo-dippin-d-firmskyn-negro\/\"]}]},{\"@type\":\"BreadcrumbList\",\"@id\":\"https:\/\/demoweb.info\/sexshop001\/producto\/doble-dildo-dippin-d-firmskyn-negro\/#breadcrumb\",\"itemListElement\":[{\"@type\":\"ListItem\",\"position\":1,\"name\":\"Portada\",\"item\":\"https:\/\/demoweb.info\/sexshop001\/\"},{\"@type\":\"ListItem\",\"position\":2,\"name\":\"Tienda\",\"item\":\"https:\/\/demoweb.info\/sexshop001\/tienda\/\"},{\"@type\":\"ListItem\",\"position\":3,\"name\":\"DOBLE DILDO DIPPIN D FIRMSKYN &#8211; NEGRO\"}]},{\"@type\":\"WebSite\",\"@id\":\"https:\/\/demoweb.info\/sexshop001\/#website\",\"url\":\"https:\/\/demoweb.info\/sexshop001\/\",\"name\":\"Tienda Er\u00f3tica\",\"description\":\"DEMOWEB SL\",\"potentialAction\":[{\"@type\":\"SearchAction\",\"target\":{\"@type\":\"EntryPoint\",\"urlTemplate\":\"https:\/\/demoweb.info\/sexshop001\/?s={search_term_string}\"},\"query-input\":\"required name=search_term_string\"}],\"inLanguage\":\"es\"}]}<\/script>\n<!-- \/ Yoast SEO plugin. -->","yoast_head_json":{"title":"DOBLE DILDO DIPPIN D FIRMSKYN - NEGRO - Tienda Er\u00f3tica","robots":{"index":"noindex","follow":"follow","max-snippet":"max-snippet:-1","max-image-preview":"max-image-preview:large","max-video-preview":"max-video-preview:-1"},"og_locale":"es_ES","og_type":"article","og_title":"DOBLE DILDO DIPPIN D FIRMSKYN - NEGRO - Tienda Er\u00f3tica","og_description":"DOUBLE DIPPIN D FIRMSKYN El D \u2122 &#8211; Double Dippin &#39;D &#8211; FIRMSKYN \u2122 &#8211; El Double Dippin&#39; D en","og_url":"https:\/\/demoweb.info\/sexshop001\/producto\/doble-dildo-dippin-d-firmskyn-negro\/","og_site_name":"Tienda Er\u00f3tica","og_image":[{"width":550,"height":550,"url":"https:\/\/demoweb.info\/sexshop001\/wp-content\/uploads\/2022\/01\/DOBLE-DILDO-DIPPIN-D-FIRMSKYN-NEGRO.jpg","type":"image\/jpeg"}],"twitter_card":"summary_large_image","twitter_misc":{"Tiempo de lectura":"1 minuto"},"schema":{"@context":"https:\/\/schema.org","@graph":[{"@type":"WebPage","@id":"https:\/\/demoweb.info\/sexshop001\/producto\/doble-dildo-dippin-d-firmskyn-negro\/","url":"https:\/\/demoweb.info\/sexshop001\/producto\/doble-dildo-dippin-d-firmskyn-negro\/","name":"DOBLE DILDO DIPPIN D FIRMSKYN - NEGRO - Tienda Er\u00f3tica","isPartOf":{"@id":"https:\/\/demoweb.info\/sexshop001\/#website"},"datePublished":"2022-01-22T10:10:29+00:00","dateModified":"2022-01-22T10:10:29+00:00","breadcrumb":{"@id":"https:\/\/demoweb.info\/sexshop001\/producto\/doble-dildo-dippin-d-firmskyn-negro\/#breadcrumb"},"inLanguage":"es","potentialAction":[{"@type":"ReadAction","target":["https:\/\/demoweb.info\/sexshop001\/producto\/doble-dildo-dippin-d-firmskyn-negro\/"]}]},{"@type":"BreadcrumbList","@id":"https:\/\/demoweb.info\/sexshop001\/producto\/doble-dildo-dippin-d-firmskyn-negro\/#breadcrumb","itemListElement":[{"@type":"ListItem","position":1,"name":"Portada","item":"https:\/\/demoweb.info\/sexshop001\/"},{"@type":"ListItem","position":2,"name":"Tienda","item":"https:\/\/demoweb.info\/sexshop001\/tienda\/"},{"@type":"ListItem","position":3,"name":"DOBLE DILDO DIPPIN D FIRMSKYN &#8211; NEGRO"}]},{"@type":"WebSite","@id":"https:\/\/demoweb.info\/sexshop001\/#website","url":"https:\/\/demoweb.info\/sexshop001\/","name":"Tienda Er\u00f3tica","description":"DEMOWEB SL","potentialAction":[{"@type":"SearchAction","target":{"@type":"EntryPoint","urlTemplate":"https:\/\/demoweb.info\/sexshop001\/?s={search_term_string}"},"query-input":"required name=search_term_string"}],"inLanguage":"es"}]}},"_links":{"self":[{"href":"https:\/\/demoweb.info\/sexshop001\/wp-json\/wp\/v3\/product\/20558","targetHints":{"allow":["GET"]}}],"collection":[{"href":"https:\/\/demoweb.info\/sexshop001\/wp-json\/wp\/v3\/product"}],"about":[{"href":"https:\/\/demoweb.info\/sexshop001\/wp-json\/wp\/v2\/types\/product"}],"replies":[{"embeddable":true,"href":"https:\/\/demoweb.info\/sexshop001\/wp-json\/wp\/v2\/comments?post=20558"}],"wp:featuredmedia":[{"embeddable":true,"href":"https:\/\/demoweb.info\/sexshop001\/wp-json\/wp\/v2\/media\/20559"}],"wp:attachment":[{"href":"https:\/\/demoweb.info\/sexshop001\/wp-json\/wp\/v2\/media?parent=20558"}],"wp:term":[{"taxonomy":"product_cat","embeddable":true,"href":"https:\/\/demoweb.info\/sexshop001\/wp-json\/wp\/v2\/product_cat?post=20558"},{"taxonomy":"product_tag","embeddable":true,"href":"https:\/\/demoweb.info\/sexshop001\/wp-json\/wp\/v2\/product_tag?post=20558"}],"curies":[{"name":"wp","href":"https:\/\/api.w.org\/{rel}","templated":true}]}}