{"id":20511,"date":"2022-01-22T11:09:50","date_gmt":"2022-01-22T10:09:50","guid":{"rendered":"https:\/\/demoweb.info\/sexshop001\/producto\/estimulador-clitoris-tremble-kiss\/"},"modified":"2022-01-22T11:10:08","modified_gmt":"2022-01-22T10:10:08","slug":"estimulador-clitoris-tremble-kiss","status":"publish","type":"product","link":"https:\/\/demoweb.info\/sexshop001\/producto\/estimulador-clitoris-tremble-kiss\/","title":{"rendered":"ESTIMULADOR CLITORIS TREMBLE KISS"},"content":{"rendered":"<p><strong>TREMBLE KISS <\/strong><\/p>\n<p>Siente la energ\u00eda y pon el placer s\u00edsmico en la palma de tu mano. Con vibraciones retumbantes y un cuerpo de cobertura total, el Tremble \u2122 Kiss est\u00e1 hecho para una excitaci\u00f3n total. El motor resonante del cuerpo, la silicona de doble densidad Ultra-Soft \u2122 y las 10 funciones de vibraci\u00f3n s\u00edsmica brindan una estimulaci\u00f3n trascendental.<\/p>\n<p>Divi\u00e9rtete mientras recorres sus 10 funciones de vibraci\u00f3n, pulsaci\u00f3n y escalamiento con el bot\u00f3n de control. Controla sin esfuerzo el puro placer con un bot\u00f3n de silicona de f\u00e1cil toque y mant\u00e9nlo presionado durante 3 segundos para encenderlo o apagarlo.<\/p>\n<p>Utiliza el control suave de un solo bot\u00f3n para disfrutar de 70 minutos de placer vibratorio a baja velocidad y 30 minutos a alta velocidad. Carga tu pasi\u00f3n en solo 1,5 horas conectando el cable USB provisto en el puerto de carga en la parte posterior del masajeador. El discreto masajeador delgado de 12 cm lo convierte en el compa\u00f1ero de viaje perfecto, permiti\u00e9ndote abrazar el placer donde sea que te lleven tus fantas\u00edas.<\/p>\n<p><strong>Longitud total <\/strong> 12 x 6.25 cm<br \/>\n<strong>Modos de vibraci\u00f3n <\/strong> 10<br \/>\n<strong>Impermeable <\/strong>Si<br \/>\n<strong>Bodysafe<\/strong> Si<br \/>\n<strong>Material <\/strong>Silicona, Ultra-Soft<br \/>\n<strong>Motores <\/strong>1<br \/>\n<strong>Bater\u00edas requeridas <\/strong> USB Recargable<\/p>\n","protected":false},"excerpt":{"rendered":"<p>TREMBLE KISS Siente la energ\u00eda y pon el placer s\u00edsmico en la palma de tu mano. Con vibraciones retumbantes y<\/p>\n","protected":false},"featured_media":20512,"comment_status":"open","ping_status":"open","template":"","meta":[],"product_cat":[370],"product_tag":[660,997],"class_list":["post-20511","product","type-product","status-publish","has-post-thumbnail","hentry","product_cat-clitoris","product_tag-calexotics","product_tag-tremble"],"bundled_by":[],"bundle_stock_status":"instock","bundle_stock_quantity":1,"bundle_virtual":false,"bundle_layout":"","bundle_add_to_cart_form_location":"","bundle_editable_in_cart":false,"bundle_sold_individually_context":"","bundle_item_grouping":"","bundle_min_size":"","bundle_max_size":"","bundled_items":[],"yoast_head":"<!-- This site is optimized with the Yoast SEO plugin v20.6 - https:\/\/yoast.com\/wordpress\/plugins\/seo\/ -->\n<title>ESTIMULADOR CLITORIS TREMBLE KISS - Tienda Er\u00f3tica<\/title>\n<meta name=\"robots\" content=\"noindex, follow, max-snippet:-1, max-image-preview:large, max-video-preview:-1\" \/>\n<meta property=\"og:locale\" content=\"es_ES\" \/>\n<meta property=\"og:type\" content=\"article\" \/>\n<meta property=\"og:title\" content=\"ESTIMULADOR CLITORIS TREMBLE KISS - Tienda Er\u00f3tica\" \/>\n<meta property=\"og:description\" content=\"TREMBLE KISS Siente la energ\u00eda y pon el placer s\u00edsmico en la palma de tu mano. Con vibraciones retumbantes y\" \/>\n<meta property=\"og:url\" content=\"https:\/\/demoweb.info\/sexshop001\/producto\/estimulador-clitoris-tremble-kiss\/\" \/>\n<meta property=\"og:site_name\" content=\"Tienda Er\u00f3tica\" \/>\n<meta property=\"article:modified_time\" content=\"2022-01-22T10:10:08+00:00\" \/>\n<meta property=\"og:image\" content=\"https:\/\/demoweb.info\/sexshop001\/wp-content\/uploads\/2022\/01\/ESTIMULADOR-CLITORIS-TREMBLE-KISS.jpg\" \/>\n\t<meta property=\"og:image:width\" content=\"550\" \/>\n\t<meta property=\"og:image:height\" content=\"550\" \/>\n\t<meta property=\"og:image:type\" content=\"image\/jpeg\" \/>\n<meta name=\"twitter:card\" content=\"summary_large_image\" \/>\n<meta name=\"twitter:label1\" content=\"Tiempo de lectura\" \/>\n\t<meta name=\"twitter:data1\" content=\"1 minuto\" \/>\n<script type=\"application\/ld+json\" class=\"yoast-schema-graph\">{\"@context\":\"https:\/\/schema.org\",\"@graph\":[{\"@type\":\"WebPage\",\"@id\":\"https:\/\/demoweb.info\/sexshop001\/producto\/estimulador-clitoris-tremble-kiss\/\",\"url\":\"https:\/\/demoweb.info\/sexshop001\/producto\/estimulador-clitoris-tremble-kiss\/\",\"name\":\"ESTIMULADOR CLITORIS TREMBLE KISS - Tienda Er\u00f3tica\",\"isPartOf\":{\"@id\":\"https:\/\/demoweb.info\/sexshop001\/#website\"},\"datePublished\":\"2022-01-22T10:09:50+00:00\",\"dateModified\":\"2022-01-22T10:10:08+00:00\",\"breadcrumb\":{\"@id\":\"https:\/\/demoweb.info\/sexshop001\/producto\/estimulador-clitoris-tremble-kiss\/#breadcrumb\"},\"inLanguage\":\"es\",\"potentialAction\":[{\"@type\":\"ReadAction\",\"target\":[\"https:\/\/demoweb.info\/sexshop001\/producto\/estimulador-clitoris-tremble-kiss\/\"]}]},{\"@type\":\"BreadcrumbList\",\"@id\":\"https:\/\/demoweb.info\/sexshop001\/producto\/estimulador-clitoris-tremble-kiss\/#breadcrumb\",\"itemListElement\":[{\"@type\":\"ListItem\",\"position\":1,\"name\":\"Portada\",\"item\":\"https:\/\/demoweb.info\/sexshop001\/\"},{\"@type\":\"ListItem\",\"position\":2,\"name\":\"Tienda\",\"item\":\"https:\/\/demoweb.info\/sexshop001\/tienda\/\"},{\"@type\":\"ListItem\",\"position\":3,\"name\":\"ESTIMULADOR CLITORIS TREMBLE KISS\"}]},{\"@type\":\"WebSite\",\"@id\":\"https:\/\/demoweb.info\/sexshop001\/#website\",\"url\":\"https:\/\/demoweb.info\/sexshop001\/\",\"name\":\"Tienda Er\u00f3tica\",\"description\":\"DEMOWEB SL\",\"potentialAction\":[{\"@type\":\"SearchAction\",\"target\":{\"@type\":\"EntryPoint\",\"urlTemplate\":\"https:\/\/demoweb.info\/sexshop001\/?s={search_term_string}\"},\"query-input\":\"required name=search_term_string\"}],\"inLanguage\":\"es\"}]}<\/script>\n<!-- \/ Yoast SEO plugin. -->","yoast_head_json":{"title":"ESTIMULADOR CLITORIS TREMBLE KISS - Tienda Er\u00f3tica","robots":{"index":"noindex","follow":"follow","max-snippet":"max-snippet:-1","max-image-preview":"max-image-preview:large","max-video-preview":"max-video-preview:-1"},"og_locale":"es_ES","og_type":"article","og_title":"ESTIMULADOR CLITORIS TREMBLE KISS - Tienda Er\u00f3tica","og_description":"TREMBLE KISS Siente la energ\u00eda y pon el placer s\u00edsmico en la palma de tu mano. Con vibraciones retumbantes y","og_url":"https:\/\/demoweb.info\/sexshop001\/producto\/estimulador-clitoris-tremble-kiss\/","og_site_name":"Tienda Er\u00f3tica","article_modified_time":"2022-01-22T10:10:08+00:00","og_image":[{"width":550,"height":550,"url":"https:\/\/demoweb.info\/sexshop001\/wp-content\/uploads\/2022\/01\/ESTIMULADOR-CLITORIS-TREMBLE-KISS.jpg","type":"image\/jpeg"}],"twitter_card":"summary_large_image","twitter_misc":{"Tiempo de lectura":"1 minuto"},"schema":{"@context":"https:\/\/schema.org","@graph":[{"@type":"WebPage","@id":"https:\/\/demoweb.info\/sexshop001\/producto\/estimulador-clitoris-tremble-kiss\/","url":"https:\/\/demoweb.info\/sexshop001\/producto\/estimulador-clitoris-tremble-kiss\/","name":"ESTIMULADOR CLITORIS TREMBLE KISS - Tienda Er\u00f3tica","isPartOf":{"@id":"https:\/\/demoweb.info\/sexshop001\/#website"},"datePublished":"2022-01-22T10:09:50+00:00","dateModified":"2022-01-22T10:10:08+00:00","breadcrumb":{"@id":"https:\/\/demoweb.info\/sexshop001\/producto\/estimulador-clitoris-tremble-kiss\/#breadcrumb"},"inLanguage":"es","potentialAction":[{"@type":"ReadAction","target":["https:\/\/demoweb.info\/sexshop001\/producto\/estimulador-clitoris-tremble-kiss\/"]}]},{"@type":"BreadcrumbList","@id":"https:\/\/demoweb.info\/sexshop001\/producto\/estimulador-clitoris-tremble-kiss\/#breadcrumb","itemListElement":[{"@type":"ListItem","position":1,"name":"Portada","item":"https:\/\/demoweb.info\/sexshop001\/"},{"@type":"ListItem","position":2,"name":"Tienda","item":"https:\/\/demoweb.info\/sexshop001\/tienda\/"},{"@type":"ListItem","position":3,"name":"ESTIMULADOR CLITORIS TREMBLE KISS"}]},{"@type":"WebSite","@id":"https:\/\/demoweb.info\/sexshop001\/#website","url":"https:\/\/demoweb.info\/sexshop001\/","name":"Tienda Er\u00f3tica","description":"DEMOWEB SL","potentialAction":[{"@type":"SearchAction","target":{"@type":"EntryPoint","urlTemplate":"https:\/\/demoweb.info\/sexshop001\/?s={search_term_string}"},"query-input":"required name=search_term_string"}],"inLanguage":"es"}]}},"_links":{"self":[{"href":"https:\/\/demoweb.info\/sexshop001\/wp-json\/wp\/v3\/product\/20511","targetHints":{"allow":["GET"]}}],"collection":[{"href":"https:\/\/demoweb.info\/sexshop001\/wp-json\/wp\/v3\/product"}],"about":[{"href":"https:\/\/demoweb.info\/sexshop001\/wp-json\/wp\/v2\/types\/product"}],"replies":[{"embeddable":true,"href":"https:\/\/demoweb.info\/sexshop001\/wp-json\/wp\/v2\/comments?post=20511"}],"wp:featuredmedia":[{"embeddable":true,"href":"https:\/\/demoweb.info\/sexshop001\/wp-json\/wp\/v2\/media\/20512"}],"wp:attachment":[{"href":"https:\/\/demoweb.info\/sexshop001\/wp-json\/wp\/v2\/media?parent=20511"}],"wp:term":[{"taxonomy":"product_cat","embeddable":true,"href":"https:\/\/demoweb.info\/sexshop001\/wp-json\/wp\/v2\/product_cat?post=20511"},{"taxonomy":"product_tag","embeddable":true,"href":"https:\/\/demoweb.info\/sexshop001\/wp-json\/wp\/v2\/product_tag?post=20511"}],"curies":[{"name":"wp","href":"https:\/\/api.w.org\/{rel}","templated":true}]}}