{"id":20497,"date":"2022-01-22T11:09:50","date_gmt":"2022-01-22T10:09:50","guid":{"rendered":"https:\/\/demoweb.info\/sexshop001\/producto\/estimulador-clitoris-tremble-tease\/"},"modified":"2022-01-22T11:10:02","modified_gmt":"2022-01-22T10:10:02","slug":"estimulador-clitoris-tremble-tease","status":"publish","type":"product","link":"https:\/\/demoweb.info\/sexshop001\/producto\/estimulador-clitoris-tremble-tease\/","title":{"rendered":"ESTIMULADOR CLITORIS TREMBLE TEASE"},"content":{"rendered":"<p><strong>TREMBLE TEASE <\/strong><\/p>\n<p>Siente la energ\u00eda y pon el placer s\u00edsmico en la palma de tu mano. Con vibraciones profundas y retumbantes y una punta redonda en forma de bombilla, el Tremble \u2122 Tease est\u00e1 hecho para  el placer completo. El motor resonante del cuerpo, la silicona de doble densidad Ultra-Soft \u2122 y las 10 funciones de vibraci\u00f3n s\u00edsmica brindan una estimulaci\u00f3n trascendental.<\/p>\n<p>Divi\u00e9rtete mientras recorres 10  funciones de vibraci\u00f3n, pulsaci\u00f3n y escalamiento con el bot\u00f3n de control de f\u00e1cil.<br \/>\nControla sin esfuerzo el  placer con un bot\u00f3n de silicona de f\u00e1cil toque y mantenlo presionado durante 3 segundos para encenderlo y\/o apagarlo. La silicona de doble densidad Ultra-Soft \u2122 , el cuerpo suave y flexible son ideales para explorar los puntos sensuales  y los puntos de placer \u00edntimo.<\/p>\n<p>Con una forma suave y una superficie flexible, podr\u00e1s disfrutar de vibraciones emocionantes desde cualquier \u00e1ngulo que desees. Utiliza el control de un solo bot\u00f3n para disfrutar de 70 minutos de placer vibratorio a baja velocidad y 30 minutos a alta velocidad. Carga tu pasi\u00f3n en solo 1,5 horas conectando el cable USB proporcionado en el puerto de carga  en la parte posterior del masajeador. El discreto masajeador delgado de 12,7 cm lo convierte en el compa\u00f1ero de viaje perfecto, permiti\u00e9ndote abrazar el placer irradiado donde quiera que te lleven tus fantas\u00edas.<\/p>\n<p><strong>Longitud total: <\/strong>12 x 3.75 cm <br \/>\n<strong>Modos de vibraci\u00f3n:<\/strong> 10<br \/>\n<strong>Impermeable: <\/strong>SI <br \/>\n<strong>Bodysafe: SI <\/strong><br \/>\n<strong>Material : <\/strong>Silicona  Ultra-Soft <br \/>\n<strong>Motores    <\/strong>1<br \/>\n<strong>Bater\u00edas requeridas <\/strong>   USB Rechargeable<\/p>\n","protected":false},"excerpt":{"rendered":"<p>TREMBLE TEASE Siente la energ\u00eda y pon el placer s\u00edsmico en la palma de tu mano. Con vibraciones profundas y<\/p>\n","protected":false},"featured_media":20498,"comment_status":"open","ping_status":"open","template":"","meta":[],"product_cat":[370],"product_tag":[660,997],"class_list":["post-20497","product","type-product","status-publish","has-post-thumbnail","hentry","product_cat-clitoris","product_tag-calexotics","product_tag-tremble"],"bundled_by":[],"bundle_stock_status":"instock","bundle_stock_quantity":1,"bundle_virtual":false,"bundle_layout":"","bundle_add_to_cart_form_location":"","bundle_editable_in_cart":false,"bundle_sold_individually_context":"","bundle_item_grouping":"","bundle_min_size":"","bundle_max_size":"","bundled_items":[],"yoast_head":"<!-- This site is optimized with the Yoast SEO plugin v20.6 - https:\/\/yoast.com\/wordpress\/plugins\/seo\/ -->\n<title>ESTIMULADOR CLITORIS TREMBLE TEASE - Tienda Er\u00f3tica<\/title>\n<meta name=\"robots\" content=\"noindex, follow, max-snippet:-1, max-image-preview:large, max-video-preview:-1\" \/>\n<meta property=\"og:locale\" content=\"es_ES\" \/>\n<meta property=\"og:type\" content=\"article\" \/>\n<meta property=\"og:title\" content=\"ESTIMULADOR CLITORIS TREMBLE TEASE - Tienda Er\u00f3tica\" \/>\n<meta property=\"og:description\" content=\"TREMBLE TEASE Siente la energ\u00eda y pon el placer s\u00edsmico en la palma de tu mano. Con vibraciones profundas y\" \/>\n<meta property=\"og:url\" content=\"https:\/\/demoweb.info\/sexshop001\/producto\/estimulador-clitoris-tremble-tease\/\" \/>\n<meta property=\"og:site_name\" content=\"Tienda Er\u00f3tica\" \/>\n<meta property=\"article:modified_time\" content=\"2022-01-22T10:10:02+00:00\" \/>\n<meta property=\"og:image\" content=\"https:\/\/demoweb.info\/sexshop001\/wp-content\/uploads\/2022\/01\/ESTIMULADOR-CLITORIS-TREMBLE-TEASE.jpg\" \/>\n\t<meta property=\"og:image:width\" content=\"550\" \/>\n\t<meta property=\"og:image:height\" content=\"550\" \/>\n\t<meta property=\"og:image:type\" content=\"image\/jpeg\" \/>\n<meta name=\"twitter:card\" content=\"summary_large_image\" \/>\n<meta name=\"twitter:label1\" content=\"Tiempo de lectura\" \/>\n\t<meta name=\"twitter:data1\" content=\"1 minuto\" \/>\n<script type=\"application\/ld+json\" class=\"yoast-schema-graph\">{\"@context\":\"https:\/\/schema.org\",\"@graph\":[{\"@type\":\"WebPage\",\"@id\":\"https:\/\/demoweb.info\/sexshop001\/producto\/estimulador-clitoris-tremble-tease\/\",\"url\":\"https:\/\/demoweb.info\/sexshop001\/producto\/estimulador-clitoris-tremble-tease\/\",\"name\":\"ESTIMULADOR CLITORIS TREMBLE TEASE - Tienda Er\u00f3tica\",\"isPartOf\":{\"@id\":\"https:\/\/demoweb.info\/sexshop001\/#website\"},\"datePublished\":\"2022-01-22T10:09:50+00:00\",\"dateModified\":\"2022-01-22T10:10:02+00:00\",\"breadcrumb\":{\"@id\":\"https:\/\/demoweb.info\/sexshop001\/producto\/estimulador-clitoris-tremble-tease\/#breadcrumb\"},\"inLanguage\":\"es\",\"potentialAction\":[{\"@type\":\"ReadAction\",\"target\":[\"https:\/\/demoweb.info\/sexshop001\/producto\/estimulador-clitoris-tremble-tease\/\"]}]},{\"@type\":\"BreadcrumbList\",\"@id\":\"https:\/\/demoweb.info\/sexshop001\/producto\/estimulador-clitoris-tremble-tease\/#breadcrumb\",\"itemListElement\":[{\"@type\":\"ListItem\",\"position\":1,\"name\":\"Portada\",\"item\":\"https:\/\/demoweb.info\/sexshop001\/\"},{\"@type\":\"ListItem\",\"position\":2,\"name\":\"Tienda\",\"item\":\"https:\/\/demoweb.info\/sexshop001\/tienda\/\"},{\"@type\":\"ListItem\",\"position\":3,\"name\":\"ESTIMULADOR CLITORIS TREMBLE TEASE\"}]},{\"@type\":\"WebSite\",\"@id\":\"https:\/\/demoweb.info\/sexshop001\/#website\",\"url\":\"https:\/\/demoweb.info\/sexshop001\/\",\"name\":\"Tienda Er\u00f3tica\",\"description\":\"DEMOWEB SL\",\"potentialAction\":[{\"@type\":\"SearchAction\",\"target\":{\"@type\":\"EntryPoint\",\"urlTemplate\":\"https:\/\/demoweb.info\/sexshop001\/?s={search_term_string}\"},\"query-input\":\"required name=search_term_string\"}],\"inLanguage\":\"es\"}]}<\/script>\n<!-- \/ Yoast SEO plugin. -->","yoast_head_json":{"title":"ESTIMULADOR CLITORIS TREMBLE TEASE - Tienda Er\u00f3tica","robots":{"index":"noindex","follow":"follow","max-snippet":"max-snippet:-1","max-image-preview":"max-image-preview:large","max-video-preview":"max-video-preview:-1"},"og_locale":"es_ES","og_type":"article","og_title":"ESTIMULADOR CLITORIS TREMBLE TEASE - Tienda Er\u00f3tica","og_description":"TREMBLE TEASE Siente la energ\u00eda y pon el placer s\u00edsmico en la palma de tu mano. Con vibraciones profundas y","og_url":"https:\/\/demoweb.info\/sexshop001\/producto\/estimulador-clitoris-tremble-tease\/","og_site_name":"Tienda Er\u00f3tica","article_modified_time":"2022-01-22T10:10:02+00:00","og_image":[{"width":550,"height":550,"url":"https:\/\/demoweb.info\/sexshop001\/wp-content\/uploads\/2022\/01\/ESTIMULADOR-CLITORIS-TREMBLE-TEASE.jpg","type":"image\/jpeg"}],"twitter_card":"summary_large_image","twitter_misc":{"Tiempo de lectura":"1 minuto"},"schema":{"@context":"https:\/\/schema.org","@graph":[{"@type":"WebPage","@id":"https:\/\/demoweb.info\/sexshop001\/producto\/estimulador-clitoris-tremble-tease\/","url":"https:\/\/demoweb.info\/sexshop001\/producto\/estimulador-clitoris-tremble-tease\/","name":"ESTIMULADOR CLITORIS TREMBLE TEASE - Tienda Er\u00f3tica","isPartOf":{"@id":"https:\/\/demoweb.info\/sexshop001\/#website"},"datePublished":"2022-01-22T10:09:50+00:00","dateModified":"2022-01-22T10:10:02+00:00","breadcrumb":{"@id":"https:\/\/demoweb.info\/sexshop001\/producto\/estimulador-clitoris-tremble-tease\/#breadcrumb"},"inLanguage":"es","potentialAction":[{"@type":"ReadAction","target":["https:\/\/demoweb.info\/sexshop001\/producto\/estimulador-clitoris-tremble-tease\/"]}]},{"@type":"BreadcrumbList","@id":"https:\/\/demoweb.info\/sexshop001\/producto\/estimulador-clitoris-tremble-tease\/#breadcrumb","itemListElement":[{"@type":"ListItem","position":1,"name":"Portada","item":"https:\/\/demoweb.info\/sexshop001\/"},{"@type":"ListItem","position":2,"name":"Tienda","item":"https:\/\/demoweb.info\/sexshop001\/tienda\/"},{"@type":"ListItem","position":3,"name":"ESTIMULADOR CLITORIS TREMBLE TEASE"}]},{"@type":"WebSite","@id":"https:\/\/demoweb.info\/sexshop001\/#website","url":"https:\/\/demoweb.info\/sexshop001\/","name":"Tienda Er\u00f3tica","description":"DEMOWEB SL","potentialAction":[{"@type":"SearchAction","target":{"@type":"EntryPoint","urlTemplate":"https:\/\/demoweb.info\/sexshop001\/?s={search_term_string}"},"query-input":"required name=search_term_string"}],"inLanguage":"es"}]}},"_links":{"self":[{"href":"https:\/\/demoweb.info\/sexshop001\/wp-json\/wp\/v3\/product\/20497","targetHints":{"allow":["GET"]}}],"collection":[{"href":"https:\/\/demoweb.info\/sexshop001\/wp-json\/wp\/v3\/product"}],"about":[{"href":"https:\/\/demoweb.info\/sexshop001\/wp-json\/wp\/v2\/types\/product"}],"replies":[{"embeddable":true,"href":"https:\/\/demoweb.info\/sexshop001\/wp-json\/wp\/v2\/comments?post=20497"}],"wp:featuredmedia":[{"embeddable":true,"href":"https:\/\/demoweb.info\/sexshop001\/wp-json\/wp\/v2\/media\/20498"}],"wp:attachment":[{"href":"https:\/\/demoweb.info\/sexshop001\/wp-json\/wp\/v2\/media?parent=20497"}],"wp:term":[{"taxonomy":"product_cat","embeddable":true,"href":"https:\/\/demoweb.info\/sexshop001\/wp-json\/wp\/v2\/product_cat?post=20497"},{"taxonomy":"product_tag","embeddable":true,"href":"https:\/\/demoweb.info\/sexshop001\/wp-json\/wp\/v2\/product_tag?post=20497"}],"curies":[{"name":"wp","href":"https:\/\/api.w.org\/{rel}","templated":true}]}}