{"id":20490,"date":"2022-01-22T11:09:50","date_gmt":"2022-01-22T10:09:50","guid":{"rendered":"https:\/\/demoweb.info\/sexshop001\/producto\/anillo-vibrador-horny-af\/"},"modified":"2022-01-22T11:09:59","modified_gmt":"2022-01-22T10:09:59","slug":"anillo-vibrador-horny-af","status":"publish","type":"product","link":"https:\/\/demoweb.info\/sexshop001\/producto\/anillo-vibrador-horny-af\/","title":{"rendered":"ANILLO VIBRADOR HORNY AF"},"content":{"rendered":"<p><strong>HORNY AF VIBRATING COCK RING<\/strong><\/p>\n<p>\u00a1Ponte de humor con el anillo vibrador para el pene de Naughty Bits \u2122! Este anillo potenciador vibratorio el\u00e1stico y c\u00f3modo est\u00e1 hecho para emocionar con 10 funciones de vibraci\u00f3n. El poderoso anillo de placer es perfecto para principiantes ruborizados o expertos en er\u00f3tica que buscan encender el calor.<\/p>\n<p>El lujoso anillo de silicona hace maravillas para maximizar la resistencia y aumentar la circunferencia para hacer que su amante gima. El aumento del flujo sangu\u00edneo significa que la sensibilidad en todo el pene tambi\u00e9n aumenta, lo que permite a los hombres disfrutar de un placer m\u00e1s prolongado y poderoso. Este anillo vibrante siempre dejar\u00e1 a su dama en un estado sin aliento.<\/p>\n<p>Damas, mientras su placer aumenta, \u00a1tambi\u00e9n lo har\u00e1 el tuyo! . Utiliza el bot\u00f3n de control t\u00e1ctil f\u00e1cil para aumentar la intensidad sin esfuerzo y disfrutar de un momento org\u00e1smicamente bueno. Toma este anillo impermeable para darte un chapuz\u00f3n y abraza esas poderosas vibraciones en el ba\u00f1o, la ducha o el jacuzzi. Este asombroso anillo sabe exactamente lo que quieres mediante el uso de un chip de memoria de \u00faltima generaci\u00f3n para captar la \u00faltima funci\u00f3n utilizada.<\/p>\n<p>Utiliza los botones de silicona para controlar el placer sin esfuerzo. Acepta hasta 80 minutos de vibraciones a baja velocidad y 50 minutos a alta velocidad.<\/p>\n<p><strong>Longitud total : <\/strong>7.5 x 6.25 cm<br \/>\n<strong>Di\u00e1metro : <\/strong>2.5 cm \/ 1 inch<br \/>\n<strong>Modos de vibraci\u00f3n : <\/strong> 10<br \/>\n<strong>Impermeable<\/strong> : Si<br \/>\n<strong>Bodysafe: <\/strong>Si<br \/>\n<strong>Material: <\/strong> Silicona<br \/>\n<strong>Motores <\/strong>1<br \/>\n<strong>Bater\u00edas requeridas: <\/strong>USB Recargable<\/p>\n","protected":false},"excerpt":{"rendered":"<p>HORNY AF VIBRATING COCK RING \u00a1Ponte de humor con el anillo vibrador para el pene de Naughty Bits \u2122! Este<\/p>\n","protected":false},"featured_media":20491,"comment_status":"open","ping_status":"open","template":"","meta":[],"product_cat":[438],"product_tag":[660,887],"class_list":["post-20490","product","type-product","status-publish","has-post-thumbnail","hentry","product_cat-con-vibrador-anillos","product_tag-calexotics","product_tag-naughty-bits"],"bundled_by":[],"bundle_stock_status":"instock","bundle_stock_quantity":2,"bundle_virtual":false,"bundle_layout":"","bundle_add_to_cart_form_location":"","bundle_editable_in_cart":false,"bundle_sold_individually_context":"","bundle_item_grouping":"","bundle_min_size":"","bundle_max_size":"","bundled_items":[],"yoast_head":"<!-- This site is optimized with the Yoast SEO plugin v20.6 - https:\/\/yoast.com\/wordpress\/plugins\/seo\/ -->\n<title>ANILLO VIBRADOR HORNY AF - Tienda Er\u00f3tica<\/title>\n<meta name=\"robots\" content=\"noindex, follow, max-snippet:-1, max-image-preview:large, max-video-preview:-1\" \/>\n<meta property=\"og:locale\" content=\"es_ES\" \/>\n<meta property=\"og:type\" content=\"article\" \/>\n<meta property=\"og:title\" content=\"ANILLO VIBRADOR HORNY AF - Tienda Er\u00f3tica\" \/>\n<meta property=\"og:description\" content=\"HORNY AF VIBRATING COCK RING \u00a1Ponte de humor con el anillo vibrador para el pene de Naughty Bits \u2122! Este\" \/>\n<meta property=\"og:url\" content=\"https:\/\/demoweb.info\/sexshop001\/producto\/anillo-vibrador-horny-af\/\" \/>\n<meta property=\"og:site_name\" content=\"Tienda Er\u00f3tica\" \/>\n<meta property=\"article:modified_time\" content=\"2022-01-22T10:09:59+00:00\" \/>\n<meta property=\"og:image\" content=\"https:\/\/demoweb.info\/sexshop001\/wp-content\/uploads\/2022\/01\/ANILLO-VIBRADOR-HORNY-AF.jpg\" \/>\n\t<meta property=\"og:image:width\" content=\"550\" \/>\n\t<meta property=\"og:image:height\" content=\"550\" \/>\n\t<meta property=\"og:image:type\" content=\"image\/jpeg\" \/>\n<meta name=\"twitter:card\" content=\"summary_large_image\" \/>\n<meta name=\"twitter:label1\" content=\"Tiempo de lectura\" \/>\n\t<meta name=\"twitter:data1\" content=\"1 minuto\" \/>\n<script type=\"application\/ld+json\" class=\"yoast-schema-graph\">{\"@context\":\"https:\/\/schema.org\",\"@graph\":[{\"@type\":\"WebPage\",\"@id\":\"https:\/\/demoweb.info\/sexshop001\/producto\/anillo-vibrador-horny-af\/\",\"url\":\"https:\/\/demoweb.info\/sexshop001\/producto\/anillo-vibrador-horny-af\/\",\"name\":\"ANILLO VIBRADOR HORNY AF - Tienda Er\u00f3tica\",\"isPartOf\":{\"@id\":\"https:\/\/demoweb.info\/sexshop001\/#website\"},\"datePublished\":\"2022-01-22T10:09:50+00:00\",\"dateModified\":\"2022-01-22T10:09:59+00:00\",\"breadcrumb\":{\"@id\":\"https:\/\/demoweb.info\/sexshop001\/producto\/anillo-vibrador-horny-af\/#breadcrumb\"},\"inLanguage\":\"es\",\"potentialAction\":[{\"@type\":\"ReadAction\",\"target\":[\"https:\/\/demoweb.info\/sexshop001\/producto\/anillo-vibrador-horny-af\/\"]}]},{\"@type\":\"BreadcrumbList\",\"@id\":\"https:\/\/demoweb.info\/sexshop001\/producto\/anillo-vibrador-horny-af\/#breadcrumb\",\"itemListElement\":[{\"@type\":\"ListItem\",\"position\":1,\"name\":\"Portada\",\"item\":\"https:\/\/demoweb.info\/sexshop001\/\"},{\"@type\":\"ListItem\",\"position\":2,\"name\":\"Tienda\",\"item\":\"https:\/\/demoweb.info\/sexshop001\/tienda\/\"},{\"@type\":\"ListItem\",\"position\":3,\"name\":\"ANILLO VIBRADOR HORNY AF\"}]},{\"@type\":\"WebSite\",\"@id\":\"https:\/\/demoweb.info\/sexshop001\/#website\",\"url\":\"https:\/\/demoweb.info\/sexshop001\/\",\"name\":\"Tienda Er\u00f3tica\",\"description\":\"DEMOWEB SL\",\"potentialAction\":[{\"@type\":\"SearchAction\",\"target\":{\"@type\":\"EntryPoint\",\"urlTemplate\":\"https:\/\/demoweb.info\/sexshop001\/?s={search_term_string}\"},\"query-input\":\"required name=search_term_string\"}],\"inLanguage\":\"es\"}]}<\/script>\n<!-- \/ Yoast SEO plugin. -->","yoast_head_json":{"title":"ANILLO VIBRADOR HORNY AF - Tienda Er\u00f3tica","robots":{"index":"noindex","follow":"follow","max-snippet":"max-snippet:-1","max-image-preview":"max-image-preview:large","max-video-preview":"max-video-preview:-1"},"og_locale":"es_ES","og_type":"article","og_title":"ANILLO VIBRADOR HORNY AF - Tienda Er\u00f3tica","og_description":"HORNY AF VIBRATING COCK RING \u00a1Ponte de humor con el anillo vibrador para el pene de Naughty Bits \u2122! Este","og_url":"https:\/\/demoweb.info\/sexshop001\/producto\/anillo-vibrador-horny-af\/","og_site_name":"Tienda Er\u00f3tica","article_modified_time":"2022-01-22T10:09:59+00:00","og_image":[{"width":550,"height":550,"url":"https:\/\/demoweb.info\/sexshop001\/wp-content\/uploads\/2022\/01\/ANILLO-VIBRADOR-HORNY-AF.jpg","type":"image\/jpeg"}],"twitter_card":"summary_large_image","twitter_misc":{"Tiempo de lectura":"1 minuto"},"schema":{"@context":"https:\/\/schema.org","@graph":[{"@type":"WebPage","@id":"https:\/\/demoweb.info\/sexshop001\/producto\/anillo-vibrador-horny-af\/","url":"https:\/\/demoweb.info\/sexshop001\/producto\/anillo-vibrador-horny-af\/","name":"ANILLO VIBRADOR HORNY AF - Tienda Er\u00f3tica","isPartOf":{"@id":"https:\/\/demoweb.info\/sexshop001\/#website"},"datePublished":"2022-01-22T10:09:50+00:00","dateModified":"2022-01-22T10:09:59+00:00","breadcrumb":{"@id":"https:\/\/demoweb.info\/sexshop001\/producto\/anillo-vibrador-horny-af\/#breadcrumb"},"inLanguage":"es","potentialAction":[{"@type":"ReadAction","target":["https:\/\/demoweb.info\/sexshop001\/producto\/anillo-vibrador-horny-af\/"]}]},{"@type":"BreadcrumbList","@id":"https:\/\/demoweb.info\/sexshop001\/producto\/anillo-vibrador-horny-af\/#breadcrumb","itemListElement":[{"@type":"ListItem","position":1,"name":"Portada","item":"https:\/\/demoweb.info\/sexshop001\/"},{"@type":"ListItem","position":2,"name":"Tienda","item":"https:\/\/demoweb.info\/sexshop001\/tienda\/"},{"@type":"ListItem","position":3,"name":"ANILLO VIBRADOR HORNY AF"}]},{"@type":"WebSite","@id":"https:\/\/demoweb.info\/sexshop001\/#website","url":"https:\/\/demoweb.info\/sexshop001\/","name":"Tienda Er\u00f3tica","description":"DEMOWEB SL","potentialAction":[{"@type":"SearchAction","target":{"@type":"EntryPoint","urlTemplate":"https:\/\/demoweb.info\/sexshop001\/?s={search_term_string}"},"query-input":"required name=search_term_string"}],"inLanguage":"es"}]}},"_links":{"self":[{"href":"https:\/\/demoweb.info\/sexshop001\/wp-json\/wp\/v3\/product\/20490","targetHints":{"allow":["GET"]}}],"collection":[{"href":"https:\/\/demoweb.info\/sexshop001\/wp-json\/wp\/v3\/product"}],"about":[{"href":"https:\/\/demoweb.info\/sexshop001\/wp-json\/wp\/v2\/types\/product"}],"replies":[{"embeddable":true,"href":"https:\/\/demoweb.info\/sexshop001\/wp-json\/wp\/v2\/comments?post=20490"}],"wp:featuredmedia":[{"embeddable":true,"href":"https:\/\/demoweb.info\/sexshop001\/wp-json\/wp\/v2\/media\/20491"}],"wp:attachment":[{"href":"https:\/\/demoweb.info\/sexshop001\/wp-json\/wp\/v2\/media?parent=20490"}],"wp:term":[{"taxonomy":"product_cat","embeddable":true,"href":"https:\/\/demoweb.info\/sexshop001\/wp-json\/wp\/v2\/product_cat?post=20490"},{"taxonomy":"product_tag","embeddable":true,"href":"https:\/\/demoweb.info\/sexshop001\/wp-json\/wp\/v2\/product_tag?post=20490"}],"curies":[{"name":"wp","href":"https:\/\/api.w.org\/{rel}","templated":true}]}}