{"id":20476,"date":"2022-01-22T11:09:50","date_gmt":"2022-01-22T10:09:50","guid":{"rendered":"https:\/\/demoweb.info\/sexshop001\/producto\/bolas-anales-naughty-bits\/"},"modified":"2022-01-22T11:09:53","modified_gmt":"2022-01-22T10:09:53","slug":"bolas-anales-naughty-bits","status":"publish","type":"product","link":"https:\/\/demoweb.info\/sexshop001\/producto\/bolas-anales-naughty-bits\/","title":{"rendered":"BOLAS ANALES NAUGHTY BITS"},"content":{"rendered":"<p><strong>BUTT BALLS BOOTY BEADS<\/strong><\/p>\n<pre>\n<span style=&quot;font-family:tahoma,geneva,sans-serif&quot;>Las perlas de silicona  de Naughty Bits \u2122 Butt Balls \u2122 est\u00e1n hechas para todas sus necesidades anales.\nEl tap\u00f3n peque\u00f1o tiene un robusto lazo de recuperaci\u00f3n en forma de O para una inserci\u00f3n c\u00f3moda, una estimulaci\u00f3n emocionante y una extracci\u00f3n suave y segura. \n\nPerfecto para principiantes y expertos  por igual, el eje c\u00f3nico intensifica el placer. La colecci\u00f3n Naughty Bits \u2122 est\u00e1 hecha para destacar en cualquier mesita de noche con dise\u00f1os llamativos y caracter\u00edsticas org\u00e1smicas. La silicona ultra lujosa y el patr\u00f3n de m\u00e1rmol dorado de esta hermosa sonda anal har\u00e1n que incluso el amante m\u00e1s elegante sonr\u00eda.\n\n<strong>Longitud total  <\/strong>  11.5 x 3.25 cm \n<strong>Impermeable    <\/strong>Yes\n<strong>Bodysafe    <\/strong>Si \n<strong>Material    <\/strong>Silicone<\/span>\n<\/pre><\/p>\n","protected":false},"excerpt":{"rendered":"<p>BUTT BALLS BOOTY BEADS Las perlas de silicona de Naughty Bits \u2122 Butt Balls \u2122 est\u00e1n hechas para todas sus<\/p>\n","protected":false},"featured_media":20477,"comment_status":"open","ping_status":"open","template":"","meta":[],"product_cat":[440],"product_tag":[660,887],"class_list":["post-20476","product","type-product","status-publish","has-post-thumbnail","hentry","product_cat-anales","product_tag-calexotics","product_tag-naughty-bits"],"bundled_by":[],"bundle_stock_status":"instock","bundle_stock_quantity":1,"bundle_virtual":false,"bundle_layout":"","bundle_add_to_cart_form_location":"","bundle_editable_in_cart":false,"bundle_sold_individually_context":"","bundle_item_grouping":"","bundle_min_size":"","bundle_max_size":"","bundled_items":[],"yoast_head":"<!-- This site is optimized with the Yoast SEO plugin v20.6 - https:\/\/yoast.com\/wordpress\/plugins\/seo\/ -->\n<title>BOLAS ANALES NAUGHTY BITS - Tienda Er\u00f3tica<\/title>\n<meta name=\"robots\" content=\"noindex, follow, max-snippet:-1, max-image-preview:large, max-video-preview:-1\" \/>\n<meta property=\"og:locale\" content=\"es_ES\" \/>\n<meta property=\"og:type\" content=\"article\" \/>\n<meta property=\"og:title\" content=\"BOLAS ANALES NAUGHTY BITS - Tienda Er\u00f3tica\" \/>\n<meta property=\"og:description\" content=\"BUTT BALLS BOOTY BEADS Las perlas de silicona de Naughty Bits \u2122 Butt Balls \u2122 est\u00e1n hechas para todas sus\" \/>\n<meta property=\"og:url\" content=\"https:\/\/demoweb.info\/sexshop001\/producto\/bolas-anales-naughty-bits\/\" \/>\n<meta property=\"og:site_name\" content=\"Tienda Er\u00f3tica\" \/>\n<meta property=\"article:modified_time\" content=\"2022-01-22T10:09:53+00:00\" \/>\n<meta property=\"og:image\" content=\"https:\/\/demoweb.info\/sexshop001\/wp-content\/uploads\/2022\/01\/BOLAS-ANALES-NAUGHTY-BITS.jpg\" \/>\n\t<meta property=\"og:image:width\" content=\"550\" \/>\n\t<meta property=\"og:image:height\" content=\"550\" \/>\n\t<meta property=\"og:image:type\" content=\"image\/jpeg\" \/>\n<meta name=\"twitter:card\" content=\"summary_large_image\" \/>\n<meta name=\"twitter:label1\" content=\"Tiempo de lectura\" \/>\n\t<meta name=\"twitter:data1\" content=\"1 minuto\" \/>\n<script type=\"application\/ld+json\" class=\"yoast-schema-graph\">{\"@context\":\"https:\/\/schema.org\",\"@graph\":[{\"@type\":\"WebPage\",\"@id\":\"https:\/\/demoweb.info\/sexshop001\/producto\/bolas-anales-naughty-bits\/\",\"url\":\"https:\/\/demoweb.info\/sexshop001\/producto\/bolas-anales-naughty-bits\/\",\"name\":\"BOLAS ANALES NAUGHTY BITS - Tienda Er\u00f3tica\",\"isPartOf\":{\"@id\":\"https:\/\/demoweb.info\/sexshop001\/#website\"},\"datePublished\":\"2022-01-22T10:09:50+00:00\",\"dateModified\":\"2022-01-22T10:09:53+00:00\",\"breadcrumb\":{\"@id\":\"https:\/\/demoweb.info\/sexshop001\/producto\/bolas-anales-naughty-bits\/#breadcrumb\"},\"inLanguage\":\"es\",\"potentialAction\":[{\"@type\":\"ReadAction\",\"target\":[\"https:\/\/demoweb.info\/sexshop001\/producto\/bolas-anales-naughty-bits\/\"]}]},{\"@type\":\"BreadcrumbList\",\"@id\":\"https:\/\/demoweb.info\/sexshop001\/producto\/bolas-anales-naughty-bits\/#breadcrumb\",\"itemListElement\":[{\"@type\":\"ListItem\",\"position\":1,\"name\":\"Portada\",\"item\":\"https:\/\/demoweb.info\/sexshop001\/\"},{\"@type\":\"ListItem\",\"position\":2,\"name\":\"Tienda\",\"item\":\"https:\/\/demoweb.info\/sexshop001\/tienda\/\"},{\"@type\":\"ListItem\",\"position\":3,\"name\":\"BOLAS ANALES NAUGHTY BITS\"}]},{\"@type\":\"WebSite\",\"@id\":\"https:\/\/demoweb.info\/sexshop001\/#website\",\"url\":\"https:\/\/demoweb.info\/sexshop001\/\",\"name\":\"Tienda Er\u00f3tica\",\"description\":\"DEMOWEB SL\",\"potentialAction\":[{\"@type\":\"SearchAction\",\"target\":{\"@type\":\"EntryPoint\",\"urlTemplate\":\"https:\/\/demoweb.info\/sexshop001\/?s={search_term_string}\"},\"query-input\":\"required name=search_term_string\"}],\"inLanguage\":\"es\"}]}<\/script>\n<!-- \/ Yoast SEO plugin. -->","yoast_head_json":{"title":"BOLAS ANALES NAUGHTY BITS - Tienda Er\u00f3tica","robots":{"index":"noindex","follow":"follow","max-snippet":"max-snippet:-1","max-image-preview":"max-image-preview:large","max-video-preview":"max-video-preview:-1"},"og_locale":"es_ES","og_type":"article","og_title":"BOLAS ANALES NAUGHTY BITS - Tienda Er\u00f3tica","og_description":"BUTT BALLS BOOTY BEADS Las perlas de silicona de Naughty Bits \u2122 Butt Balls \u2122 est\u00e1n hechas para todas sus","og_url":"https:\/\/demoweb.info\/sexshop001\/producto\/bolas-anales-naughty-bits\/","og_site_name":"Tienda Er\u00f3tica","article_modified_time":"2022-01-22T10:09:53+00:00","og_image":[{"width":550,"height":550,"url":"https:\/\/demoweb.info\/sexshop001\/wp-content\/uploads\/2022\/01\/BOLAS-ANALES-NAUGHTY-BITS.jpg","type":"image\/jpeg"}],"twitter_card":"summary_large_image","twitter_misc":{"Tiempo de lectura":"1 minuto"},"schema":{"@context":"https:\/\/schema.org","@graph":[{"@type":"WebPage","@id":"https:\/\/demoweb.info\/sexshop001\/producto\/bolas-anales-naughty-bits\/","url":"https:\/\/demoweb.info\/sexshop001\/producto\/bolas-anales-naughty-bits\/","name":"BOLAS ANALES NAUGHTY BITS - Tienda Er\u00f3tica","isPartOf":{"@id":"https:\/\/demoweb.info\/sexshop001\/#website"},"datePublished":"2022-01-22T10:09:50+00:00","dateModified":"2022-01-22T10:09:53+00:00","breadcrumb":{"@id":"https:\/\/demoweb.info\/sexshop001\/producto\/bolas-anales-naughty-bits\/#breadcrumb"},"inLanguage":"es","potentialAction":[{"@type":"ReadAction","target":["https:\/\/demoweb.info\/sexshop001\/producto\/bolas-anales-naughty-bits\/"]}]},{"@type":"BreadcrumbList","@id":"https:\/\/demoweb.info\/sexshop001\/producto\/bolas-anales-naughty-bits\/#breadcrumb","itemListElement":[{"@type":"ListItem","position":1,"name":"Portada","item":"https:\/\/demoweb.info\/sexshop001\/"},{"@type":"ListItem","position":2,"name":"Tienda","item":"https:\/\/demoweb.info\/sexshop001\/tienda\/"},{"@type":"ListItem","position":3,"name":"BOLAS ANALES NAUGHTY BITS"}]},{"@type":"WebSite","@id":"https:\/\/demoweb.info\/sexshop001\/#website","url":"https:\/\/demoweb.info\/sexshop001\/","name":"Tienda Er\u00f3tica","description":"DEMOWEB SL","potentialAction":[{"@type":"SearchAction","target":{"@type":"EntryPoint","urlTemplate":"https:\/\/demoweb.info\/sexshop001\/?s={search_term_string}"},"query-input":"required name=search_term_string"}],"inLanguage":"es"}]}},"_links":{"self":[{"href":"https:\/\/demoweb.info\/sexshop001\/wp-json\/wp\/v3\/product\/20476","targetHints":{"allow":["GET"]}}],"collection":[{"href":"https:\/\/demoweb.info\/sexshop001\/wp-json\/wp\/v3\/product"}],"about":[{"href":"https:\/\/demoweb.info\/sexshop001\/wp-json\/wp\/v2\/types\/product"}],"replies":[{"embeddable":true,"href":"https:\/\/demoweb.info\/sexshop001\/wp-json\/wp\/v2\/comments?post=20476"}],"wp:featuredmedia":[{"embeddable":true,"href":"https:\/\/demoweb.info\/sexshop001\/wp-json\/wp\/v2\/media\/20477"}],"wp:attachment":[{"href":"https:\/\/demoweb.info\/sexshop001\/wp-json\/wp\/v2\/media?parent=20476"}],"wp:term":[{"taxonomy":"product_cat","embeddable":true,"href":"https:\/\/demoweb.info\/sexshop001\/wp-json\/wp\/v2\/product_cat?post=20476"},{"taxonomy":"product_tag","embeddable":true,"href":"https:\/\/demoweb.info\/sexshop001\/wp-json\/wp\/v2\/product_tag?post=20476"}],"curies":[{"name":"wp","href":"https:\/\/api.w.org\/{rel}","templated":true}]}}