{"id":20469,"date":"2022-01-22T11:09:50","date_gmt":"2022-01-22T10:09:50","guid":{"rendered":"https:\/\/demoweb.info\/sexshop001\/producto\/conejito-rampante-party-in-my-pants\/"},"modified":"2022-01-22T11:09:50","modified_gmt":"2022-01-22T10:09:50","slug":"conejito-rampante-party-in-my-pants","status":"publish","type":"product","link":"https:\/\/demoweb.info\/sexshop001\/producto\/conejito-rampante-party-in-my-pants\/","title":{"rendered":"CONEJITO RAMPANTE PARTY IN MY PANTS"},"content":{"rendered":"<p><strong>PARTY IN MY PANTS VIBRATOR<\/strong><\/p>\n<p>Empieza la fiesta con el vibrador extra Jack Rabbit\u00ae Party In My Pants \u2122 de Naughty Bits \u2122. Este deslumbrante vibrador Jack Rabbit\u00ae ofrece una estimulaci\u00f3n profunda con 4 velocidades de rotaci\u00f3n del eje, 10 funciones de vibraci\u00f3n y un teaser de conejo giratorio.<\/p>\n<p>El encantador conejo parpadea al ritmo de 10 emocionantes funciones de vibraci\u00f3n para provocar, complacer y tentar. Divi\u00e9rtete con las funciones de vibraci\u00f3n, escalada y pulsaci\u00f3n profundamente gratificantes utilizando el panel de control de luz LED para una experiencia de placer verdaderamente personalizada. S\u00fabete a las olas de estimulaci\u00f3n trascendental con 4 funciones de niveles de rotaci\u00f3n del eje.<\/p>\n<p>El eje sensualmente curvado y las 6 filas de cuentas giratorias sincronizadas te permiten sumergirse profundamente en la estimulaci\u00f3n sin esfuerzo. Enciende el placer con 3 pilas AA. La colecci\u00f3n Naughty Bits \u2122 est\u00e1 hecha para destacar en cualquier mesita de noche con dise\u00f1os llamativos y caracter\u00edsticas org\u00e1smicas. La brillante gelatina hologr\u00e1fica y la atrevida base met\u00e1lica de este magn\u00edfico masajeador de conejos har\u00e1n sonre\u00edr hasta al amante m\u00e1s elegante antes y despu\u00e9s.<\/p>\n<p>\n<strong>Longitud total : <\/strong>12.75 x 3.75 cm \/ 6.25 x 3.75 cm <br \/>\n<strong>Modos de vibraci\u00f3n : <\/strong>10<br \/>\n<strong>Modos de velocidad: <\/strong> 4<br \/>\n<strong>Impermeable: <\/strong>Si<br \/>\n<strong>Material : <\/strong>TPE (rabbit) ABS (controller)<br \/>\n<strong>Motores:  <\/strong>2<br \/>\n<strong>Bater\u00edas requeridas:  <\/strong>AA<br \/>\n<strong>Cantidad de la bater\u00eda: <\/strong>  3<br \/>\n<strong>Baterias incluidas : <\/strong>No<\/p>\n","protected":false},"excerpt":{"rendered":"<p>PARTY IN MY PANTS VIBRATOR Empieza la fiesta con el vibrador extra Jack Rabbit\u00ae Party In My Pants \u2122 de<\/p>\n","protected":false},"featured_media":20470,"comment_status":"open","ping_status":"open","template":"","meta":[],"product_cat":[434],"product_tag":[660,887],"class_list":["post-20469","product","type-product","status-publish","has-post-thumbnail","hentry","product_cat-doble-estimulacion-vibradores-juguetes-xxx","product_tag-calexotics","product_tag-naughty-bits"],"bundled_by":[],"bundle_stock_status":"instock","bundle_stock_quantity":1,"bundle_virtual":false,"bundle_layout":"","bundle_add_to_cart_form_location":"","bundle_editable_in_cart":false,"bundle_sold_individually_context":"","bundle_item_grouping":"","bundle_min_size":"","bundle_max_size":"","bundled_items":[],"yoast_head":"<!-- This site is optimized with the Yoast SEO plugin v20.6 - https:\/\/yoast.com\/wordpress\/plugins\/seo\/ -->\n<title>CONEJITO RAMPANTE PARTY IN MY PANTS - Tienda Er\u00f3tica<\/title>\n<meta name=\"robots\" content=\"noindex, follow, max-snippet:-1, max-image-preview:large, max-video-preview:-1\" \/>\n<meta property=\"og:locale\" content=\"es_ES\" \/>\n<meta property=\"og:type\" content=\"article\" \/>\n<meta property=\"og:title\" content=\"CONEJITO RAMPANTE PARTY IN MY PANTS - Tienda Er\u00f3tica\" \/>\n<meta property=\"og:description\" content=\"PARTY IN MY PANTS VIBRATOR Empieza la fiesta con el vibrador extra Jack Rabbit\u00ae Party In My Pants \u2122 de\" \/>\n<meta property=\"og:url\" content=\"https:\/\/demoweb.info\/sexshop001\/producto\/conejito-rampante-party-in-my-pants\/\" \/>\n<meta property=\"og:site_name\" content=\"Tienda Er\u00f3tica\" \/>\n<meta property=\"og:image\" content=\"https:\/\/demoweb.info\/sexshop001\/wp-content\/uploads\/2022\/01\/CONEJITO-RAMPANTE-PARTY-IN-MY-PANTS.jpg\" \/>\n\t<meta property=\"og:image:width\" content=\"550\" \/>\n\t<meta property=\"og:image:height\" content=\"550\" \/>\n\t<meta property=\"og:image:type\" content=\"image\/jpeg\" \/>\n<meta name=\"twitter:card\" content=\"summary_large_image\" \/>\n<meta name=\"twitter:label1\" content=\"Tiempo de lectura\" \/>\n\t<meta name=\"twitter:data1\" content=\"1 minuto\" \/>\n<script type=\"application\/ld+json\" class=\"yoast-schema-graph\">{\"@context\":\"https:\/\/schema.org\",\"@graph\":[{\"@type\":\"WebPage\",\"@id\":\"https:\/\/demoweb.info\/sexshop001\/producto\/conejito-rampante-party-in-my-pants\/\",\"url\":\"https:\/\/demoweb.info\/sexshop001\/producto\/conejito-rampante-party-in-my-pants\/\",\"name\":\"CONEJITO RAMPANTE PARTY IN MY PANTS - Tienda Er\u00f3tica\",\"isPartOf\":{\"@id\":\"https:\/\/demoweb.info\/sexshop001\/#website\"},\"datePublished\":\"2022-01-22T10:09:50+00:00\",\"dateModified\":\"2022-01-22T10:09:50+00:00\",\"breadcrumb\":{\"@id\":\"https:\/\/demoweb.info\/sexshop001\/producto\/conejito-rampante-party-in-my-pants\/#breadcrumb\"},\"inLanguage\":\"es\",\"potentialAction\":[{\"@type\":\"ReadAction\",\"target\":[\"https:\/\/demoweb.info\/sexshop001\/producto\/conejito-rampante-party-in-my-pants\/\"]}]},{\"@type\":\"BreadcrumbList\",\"@id\":\"https:\/\/demoweb.info\/sexshop001\/producto\/conejito-rampante-party-in-my-pants\/#breadcrumb\",\"itemListElement\":[{\"@type\":\"ListItem\",\"position\":1,\"name\":\"Portada\",\"item\":\"https:\/\/demoweb.info\/sexshop001\/\"},{\"@type\":\"ListItem\",\"position\":2,\"name\":\"Tienda\",\"item\":\"https:\/\/demoweb.info\/sexshop001\/tienda\/\"},{\"@type\":\"ListItem\",\"position\":3,\"name\":\"CONEJITO RAMPANTE PARTY IN MY PANTS\"}]},{\"@type\":\"WebSite\",\"@id\":\"https:\/\/demoweb.info\/sexshop001\/#website\",\"url\":\"https:\/\/demoweb.info\/sexshop001\/\",\"name\":\"Tienda Er\u00f3tica\",\"description\":\"DEMOWEB SL\",\"potentialAction\":[{\"@type\":\"SearchAction\",\"target\":{\"@type\":\"EntryPoint\",\"urlTemplate\":\"https:\/\/demoweb.info\/sexshop001\/?s={search_term_string}\"},\"query-input\":\"required name=search_term_string\"}],\"inLanguage\":\"es\"}]}<\/script>\n<!-- \/ Yoast SEO plugin. -->","yoast_head_json":{"title":"CONEJITO RAMPANTE PARTY IN MY PANTS - Tienda Er\u00f3tica","robots":{"index":"noindex","follow":"follow","max-snippet":"max-snippet:-1","max-image-preview":"max-image-preview:large","max-video-preview":"max-video-preview:-1"},"og_locale":"es_ES","og_type":"article","og_title":"CONEJITO RAMPANTE PARTY IN MY PANTS - Tienda Er\u00f3tica","og_description":"PARTY IN MY PANTS VIBRATOR Empieza la fiesta con el vibrador extra Jack Rabbit\u00ae Party In My Pants \u2122 de","og_url":"https:\/\/demoweb.info\/sexshop001\/producto\/conejito-rampante-party-in-my-pants\/","og_site_name":"Tienda Er\u00f3tica","og_image":[{"width":550,"height":550,"url":"https:\/\/demoweb.info\/sexshop001\/wp-content\/uploads\/2022\/01\/CONEJITO-RAMPANTE-PARTY-IN-MY-PANTS.jpg","type":"image\/jpeg"}],"twitter_card":"summary_large_image","twitter_misc":{"Tiempo de lectura":"1 minuto"},"schema":{"@context":"https:\/\/schema.org","@graph":[{"@type":"WebPage","@id":"https:\/\/demoweb.info\/sexshop001\/producto\/conejito-rampante-party-in-my-pants\/","url":"https:\/\/demoweb.info\/sexshop001\/producto\/conejito-rampante-party-in-my-pants\/","name":"CONEJITO RAMPANTE PARTY IN MY PANTS - Tienda Er\u00f3tica","isPartOf":{"@id":"https:\/\/demoweb.info\/sexshop001\/#website"},"datePublished":"2022-01-22T10:09:50+00:00","dateModified":"2022-01-22T10:09:50+00:00","breadcrumb":{"@id":"https:\/\/demoweb.info\/sexshop001\/producto\/conejito-rampante-party-in-my-pants\/#breadcrumb"},"inLanguage":"es","potentialAction":[{"@type":"ReadAction","target":["https:\/\/demoweb.info\/sexshop001\/producto\/conejito-rampante-party-in-my-pants\/"]}]},{"@type":"BreadcrumbList","@id":"https:\/\/demoweb.info\/sexshop001\/producto\/conejito-rampante-party-in-my-pants\/#breadcrumb","itemListElement":[{"@type":"ListItem","position":1,"name":"Portada","item":"https:\/\/demoweb.info\/sexshop001\/"},{"@type":"ListItem","position":2,"name":"Tienda","item":"https:\/\/demoweb.info\/sexshop001\/tienda\/"},{"@type":"ListItem","position":3,"name":"CONEJITO RAMPANTE PARTY IN MY PANTS"}]},{"@type":"WebSite","@id":"https:\/\/demoweb.info\/sexshop001\/#website","url":"https:\/\/demoweb.info\/sexshop001\/","name":"Tienda Er\u00f3tica","description":"DEMOWEB SL","potentialAction":[{"@type":"SearchAction","target":{"@type":"EntryPoint","urlTemplate":"https:\/\/demoweb.info\/sexshop001\/?s={search_term_string}"},"query-input":"required name=search_term_string"}],"inLanguage":"es"}]}},"_links":{"self":[{"href":"https:\/\/demoweb.info\/sexshop001\/wp-json\/wp\/v3\/product\/20469","targetHints":{"allow":["GET"]}}],"collection":[{"href":"https:\/\/demoweb.info\/sexshop001\/wp-json\/wp\/v3\/product"}],"about":[{"href":"https:\/\/demoweb.info\/sexshop001\/wp-json\/wp\/v2\/types\/product"}],"replies":[{"embeddable":true,"href":"https:\/\/demoweb.info\/sexshop001\/wp-json\/wp\/v2\/comments?post=20469"}],"wp:featuredmedia":[{"embeddable":true,"href":"https:\/\/demoweb.info\/sexshop001\/wp-json\/wp\/v2\/media\/20470"}],"wp:attachment":[{"href":"https:\/\/demoweb.info\/sexshop001\/wp-json\/wp\/v2\/media?parent=20469"}],"wp:term":[{"taxonomy":"product_cat","embeddable":true,"href":"https:\/\/demoweb.info\/sexshop001\/wp-json\/wp\/v2\/product_cat?post=20469"},{"taxonomy":"product_tag","embeddable":true,"href":"https:\/\/demoweb.info\/sexshop001\/wp-json\/wp\/v2\/product_tag?post=20469"}],"curies":[{"name":"wp","href":"https:\/\/api.w.org\/{rel}","templated":true}]}}