{"id":20434,"date":"2022-01-22T11:09:03","date_gmt":"2022-01-22T10:09:03","guid":{"rendered":"https:\/\/demoweb.info\/sexshop001\/producto\/vibrador-fuck-you\/"},"modified":"2022-01-22T11:09:33","modified_gmt":"2022-01-22T10:09:33","slug":"vibrador-fuck-you","status":"publish","type":"product","link":"https:\/\/demoweb.info\/sexshop001\/producto\/vibrador-fuck-you\/","title":{"rendered":"VIBRADOR FUCK YOU"},"content":{"rendered":"<p><strong>FUCK YOU PERSONAL VIBRATOR<\/strong><\/p>\n<p><span style=&quot;font-family:tahoma,geneva,sans-serif&quot;>El potente vibrador tiene un cuerpo suave y sin costuras repleto de 10 funciones de vibraci\u00f3n emocionante. Divi\u00e9rtete mientras recorre 10  funciones de vibraci\u00f3n, pulsaci\u00f3n y escalamiento con el bot\u00f3n de control de f\u00e1cil toque.<\/p>\n<p>Mientras que el cuerpo elegante y sin costuras inspira fantas\u00edas sucias, el dise\u00f1o floral femenino y el mensaje directo en el eje hacen que este juguete de placer se destaque en cualquier mesa de noche. Encienda su placer con 2 bater\u00edas C. La colecci\u00f3n Naughty Bits \u2122 est\u00e1 hecha para destacar en cualquier mesita de noche con dise\u00f1os llamativos y caracter\u00edsticas org\u00e1smicas. <\/p>\n<p><strong>Longitud total<\/strong>    16.5 x 3.25 cm <br \/>\n<strong>Modos de vibraci\u00f3n <\/strong>   10<br \/>\n<strong>Impermeable    <\/strong>Si <br \/>\n<strong>Material    <\/strong>ABS, Silicona<br \/>\n<strong>Motores    <\/strong>1<br \/>\n<strong>Bater\u00edas requeridas<\/strong>    C<br \/>\n<strong>Cantidad de la bater\u00eda<\/strong>    2<br \/>\n<strong>Baterias incluidas <\/strong>   No<\/span>\n <\/p>\n<p><strong> <\/strong><\/p>\n","protected":false},"excerpt":{"rendered":"<p>FUCK YOU PERSONAL VIBRATOR El potente vibrador tiene un cuerpo suave y sin costuras repleto de 10 funciones de vibraci\u00f3n<\/p>\n","protected":false},"featured_media":20435,"comment_status":"open","ping_status":"open","template":"","meta":[],"product_cat":[795],"product_tag":[660,887],"class_list":["post-20434","product","type-product","status-publish","has-post-thumbnail","hentry","product_cat-basicos-vibradores-juguetes-xxx","product_tag-calexotics","product_tag-naughty-bits"],"bundled_by":[],"bundle_stock_status":"instock","bundle_stock_quantity":1,"bundle_virtual":false,"bundle_layout":"","bundle_add_to_cart_form_location":"","bundle_editable_in_cart":false,"bundle_sold_individually_context":"","bundle_item_grouping":"","bundle_min_size":"","bundle_max_size":"","bundled_items":[],"yoast_head":"<!-- This site is optimized with the Yoast SEO plugin v20.6 - https:\/\/yoast.com\/wordpress\/plugins\/seo\/ -->\n<title>VIBRADOR FUCK YOU - Tienda Er\u00f3tica<\/title>\n<meta name=\"robots\" content=\"noindex, follow, max-snippet:-1, max-image-preview:large, max-video-preview:-1\" \/>\n<meta property=\"og:locale\" content=\"es_ES\" \/>\n<meta property=\"og:type\" content=\"article\" \/>\n<meta property=\"og:title\" content=\"VIBRADOR FUCK YOU - Tienda Er\u00f3tica\" \/>\n<meta property=\"og:description\" content=\"FUCK YOU PERSONAL VIBRATOR El potente vibrador tiene un cuerpo suave y sin costuras repleto de 10 funciones de vibraci\u00f3n\" \/>\n<meta property=\"og:url\" content=\"https:\/\/demoweb.info\/sexshop001\/producto\/vibrador-fuck-you\/\" \/>\n<meta property=\"og:site_name\" content=\"Tienda Er\u00f3tica\" \/>\n<meta property=\"article:modified_time\" content=\"2022-01-22T10:09:33+00:00\" \/>\n<meta property=\"og:image\" content=\"https:\/\/demoweb.info\/sexshop001\/wp-content\/uploads\/2022\/01\/VIBRADOR-FUCK-YOU.jpg\" \/>\n\t<meta property=\"og:image:width\" content=\"550\" \/>\n\t<meta property=\"og:image:height\" content=\"550\" \/>\n\t<meta property=\"og:image:type\" content=\"image\/jpeg\" \/>\n<meta name=\"twitter:card\" content=\"summary_large_image\" \/>\n<meta name=\"twitter:label1\" content=\"Tiempo de lectura\" \/>\n\t<meta name=\"twitter:data1\" content=\"1 minuto\" \/>\n<script type=\"application\/ld+json\" class=\"yoast-schema-graph\">{\"@context\":\"https:\/\/schema.org\",\"@graph\":[{\"@type\":\"WebPage\",\"@id\":\"https:\/\/demoweb.info\/sexshop001\/producto\/vibrador-fuck-you\/\",\"url\":\"https:\/\/demoweb.info\/sexshop001\/producto\/vibrador-fuck-you\/\",\"name\":\"VIBRADOR FUCK YOU - Tienda Er\u00f3tica\",\"isPartOf\":{\"@id\":\"https:\/\/demoweb.info\/sexshop001\/#website\"},\"datePublished\":\"2022-01-22T10:09:03+00:00\",\"dateModified\":\"2022-01-22T10:09:33+00:00\",\"breadcrumb\":{\"@id\":\"https:\/\/demoweb.info\/sexshop001\/producto\/vibrador-fuck-you\/#breadcrumb\"},\"inLanguage\":\"es\",\"potentialAction\":[{\"@type\":\"ReadAction\",\"target\":[\"https:\/\/demoweb.info\/sexshop001\/producto\/vibrador-fuck-you\/\"]}]},{\"@type\":\"BreadcrumbList\",\"@id\":\"https:\/\/demoweb.info\/sexshop001\/producto\/vibrador-fuck-you\/#breadcrumb\",\"itemListElement\":[{\"@type\":\"ListItem\",\"position\":1,\"name\":\"Portada\",\"item\":\"https:\/\/demoweb.info\/sexshop001\/\"},{\"@type\":\"ListItem\",\"position\":2,\"name\":\"Tienda\",\"item\":\"https:\/\/demoweb.info\/sexshop001\/tienda\/\"},{\"@type\":\"ListItem\",\"position\":3,\"name\":\"VIBRADOR FUCK YOU\"}]},{\"@type\":\"WebSite\",\"@id\":\"https:\/\/demoweb.info\/sexshop001\/#website\",\"url\":\"https:\/\/demoweb.info\/sexshop001\/\",\"name\":\"Tienda Er\u00f3tica\",\"description\":\"DEMOWEB SL\",\"potentialAction\":[{\"@type\":\"SearchAction\",\"target\":{\"@type\":\"EntryPoint\",\"urlTemplate\":\"https:\/\/demoweb.info\/sexshop001\/?s={search_term_string}\"},\"query-input\":\"required name=search_term_string\"}],\"inLanguage\":\"es\"}]}<\/script>\n<!-- \/ Yoast SEO plugin. -->","yoast_head_json":{"title":"VIBRADOR FUCK YOU - Tienda Er\u00f3tica","robots":{"index":"noindex","follow":"follow","max-snippet":"max-snippet:-1","max-image-preview":"max-image-preview:large","max-video-preview":"max-video-preview:-1"},"og_locale":"es_ES","og_type":"article","og_title":"VIBRADOR FUCK YOU - Tienda Er\u00f3tica","og_description":"FUCK YOU PERSONAL VIBRATOR El potente vibrador tiene un cuerpo suave y sin costuras repleto de 10 funciones de vibraci\u00f3n","og_url":"https:\/\/demoweb.info\/sexshop001\/producto\/vibrador-fuck-you\/","og_site_name":"Tienda Er\u00f3tica","article_modified_time":"2022-01-22T10:09:33+00:00","og_image":[{"width":550,"height":550,"url":"https:\/\/demoweb.info\/sexshop001\/wp-content\/uploads\/2022\/01\/VIBRADOR-FUCK-YOU.jpg","type":"image\/jpeg"}],"twitter_card":"summary_large_image","twitter_misc":{"Tiempo de lectura":"1 minuto"},"schema":{"@context":"https:\/\/schema.org","@graph":[{"@type":"WebPage","@id":"https:\/\/demoweb.info\/sexshop001\/producto\/vibrador-fuck-you\/","url":"https:\/\/demoweb.info\/sexshop001\/producto\/vibrador-fuck-you\/","name":"VIBRADOR FUCK YOU - Tienda Er\u00f3tica","isPartOf":{"@id":"https:\/\/demoweb.info\/sexshop001\/#website"},"datePublished":"2022-01-22T10:09:03+00:00","dateModified":"2022-01-22T10:09:33+00:00","breadcrumb":{"@id":"https:\/\/demoweb.info\/sexshop001\/producto\/vibrador-fuck-you\/#breadcrumb"},"inLanguage":"es","potentialAction":[{"@type":"ReadAction","target":["https:\/\/demoweb.info\/sexshop001\/producto\/vibrador-fuck-you\/"]}]},{"@type":"BreadcrumbList","@id":"https:\/\/demoweb.info\/sexshop001\/producto\/vibrador-fuck-you\/#breadcrumb","itemListElement":[{"@type":"ListItem","position":1,"name":"Portada","item":"https:\/\/demoweb.info\/sexshop001\/"},{"@type":"ListItem","position":2,"name":"Tienda","item":"https:\/\/demoweb.info\/sexshop001\/tienda\/"},{"@type":"ListItem","position":3,"name":"VIBRADOR FUCK YOU"}]},{"@type":"WebSite","@id":"https:\/\/demoweb.info\/sexshop001\/#website","url":"https:\/\/demoweb.info\/sexshop001\/","name":"Tienda Er\u00f3tica","description":"DEMOWEB SL","potentialAction":[{"@type":"SearchAction","target":{"@type":"EntryPoint","urlTemplate":"https:\/\/demoweb.info\/sexshop001\/?s={search_term_string}"},"query-input":"required name=search_term_string"}],"inLanguage":"es"}]}},"_links":{"self":[{"href":"https:\/\/demoweb.info\/sexshop001\/wp-json\/wp\/v3\/product\/20434","targetHints":{"allow":["GET"]}}],"collection":[{"href":"https:\/\/demoweb.info\/sexshop001\/wp-json\/wp\/v3\/product"}],"about":[{"href":"https:\/\/demoweb.info\/sexshop001\/wp-json\/wp\/v2\/types\/product"}],"replies":[{"embeddable":true,"href":"https:\/\/demoweb.info\/sexshop001\/wp-json\/wp\/v2\/comments?post=20434"}],"wp:featuredmedia":[{"embeddable":true,"href":"https:\/\/demoweb.info\/sexshop001\/wp-json\/wp\/v2\/media\/20435"}],"wp:attachment":[{"href":"https:\/\/demoweb.info\/sexshop001\/wp-json\/wp\/v2\/media?parent=20434"}],"wp:term":[{"taxonomy":"product_cat","embeddable":true,"href":"https:\/\/demoweb.info\/sexshop001\/wp-json\/wp\/v2\/product_cat?post=20434"},{"taxonomy":"product_tag","embeddable":true,"href":"https:\/\/demoweb.info\/sexshop001\/wp-json\/wp\/v2\/product_tag?post=20434"}],"curies":[{"name":"wp","href":"https:\/\/api.w.org\/{rel}","templated":true}]}}