{"id":20420,"date":"2022-01-22T11:09:03","date_gmt":"2022-01-22T10:09:03","guid":{"rendered":"https:\/\/demoweb.info\/sexshop001\/producto\/masajeador-clitoris-teeny-weenie-wand\/"},"modified":"2022-01-22T11:09:27","modified_gmt":"2022-01-22T10:09:27","slug":"masajeador-clitoris-teeny-weenie-wand","status":"publish","type":"product","link":"https:\/\/demoweb.info\/sexshop001\/producto\/masajeador-clitoris-teeny-weenie-wand\/","title":{"rendered":"MASAJEADOR CLITORIS TEENY WEENIE WAND"},"content":{"rendered":"<p><strong>LIT CLIT TEENY WEENIE WAND<\/strong><\/p>\n<p>Esta mini varita f\u00e1cil de operar est\u00e1 lista para ensuciarse donde sea que tus pasiones te lleven, con 10 funciones de vibraci\u00f3n, cuello flexible y dise\u00f1o compacto. El mini masajeador se ajusta entre los dedos para permitirte brindar una tentaci\u00f3n precisa y emoci\u00f3n con vibraciones flexibles.<\/p>\n<p>Diviertete mientras recorres 10 funciones de vibraci\u00f3n, pulsaci\u00f3n y escalamiento con el bot\u00f3n de control de f\u00e1cil toque. La silicona ultra suave y el cabezal ancho y flexible son ideales para explorar puntos dulces y puntos de placer \u00edntimo con facilidad.<\/p>\n<p>Disfruta de la funci\u00f3n de bloqueo manteniendo presionado el bot\u00f3n de encendido durante 3 segundos para encender \/ apagar. La colecci\u00f3n Naughty Bits \u2122 est\u00e1 hecha para destacar en cualquier mesita de noche con dise\u00f1os llamativos y caracter\u00edsticas org\u00e1smicas.<\/p>\n<p>Carga tu pasi\u00f3n en solo 2.5 horas conectando el cable USB provisto en el puerto de carga autosellante en la parte posterior del masajeador. Acepta hasta 1,5 horas de vibraciones a baja velocidad y 2 horas a alta velocidad. El discreto masajeador delgado de 4 pulgadas lo convierte en el compa\u00f1ero de viaje perfecto, permiti\u00e9ndote abrazar el placer donde quiera que te lleven tus fantas\u00edas.<\/p>\n<p><strong>Longitud total <\/strong> 3.25 x 3.25 cm (cabezal) \/ 19.5 x 3.25 cm (general)<br \/>\n<strong>Modos de vibraci\u00f3n<\/strong> : 10<br \/>\n<strong>Impermeable : <\/strong>Si<br \/>\n<strong>Material : <\/strong>Silicona, ABS.<br \/>\n<strong>Motores : <\/strong>1<br \/>\n<strong>Bater\u00edas requeridas : <\/strong>USB Rechargeable<\/p>\n","protected":false},"excerpt":{"rendered":"<p>LIT CLIT TEENY WEENIE WAND Esta mini varita f\u00e1cil de operar est\u00e1 lista para ensuciarse donde sea que tus pasiones<\/p>\n","protected":false},"featured_media":20421,"comment_status":"open","ping_status":"open","template":"","meta":[],"product_cat":[370],"product_tag":[660,887],"class_list":["post-20420","product","type-product","status-publish","has-post-thumbnail","hentry","product_cat-clitoris","product_tag-calexotics","product_tag-naughty-bits"],"bundled_by":[],"bundle_stock_status":"instock","bundle_stock_quantity":1,"bundle_virtual":false,"bundle_layout":"","bundle_add_to_cart_form_location":"","bundle_editable_in_cart":false,"bundle_sold_individually_context":"","bundle_item_grouping":"","bundle_min_size":"","bundle_max_size":"","bundled_items":[],"yoast_head":"<!-- This site is optimized with the Yoast SEO plugin v20.6 - https:\/\/yoast.com\/wordpress\/plugins\/seo\/ -->\n<title>MASAJEADOR CLITORIS TEENY WEENIE WAND - Tienda Er\u00f3tica<\/title>\n<meta name=\"robots\" content=\"noindex, follow, max-snippet:-1, max-image-preview:large, max-video-preview:-1\" \/>\n<meta property=\"og:locale\" content=\"es_ES\" \/>\n<meta property=\"og:type\" content=\"article\" \/>\n<meta property=\"og:title\" content=\"MASAJEADOR CLITORIS TEENY WEENIE WAND - Tienda Er\u00f3tica\" \/>\n<meta property=\"og:description\" content=\"LIT CLIT TEENY WEENIE WAND Esta mini varita f\u00e1cil de operar est\u00e1 lista para ensuciarse donde sea que tus pasiones\" \/>\n<meta property=\"og:url\" content=\"https:\/\/demoweb.info\/sexshop001\/producto\/masajeador-clitoris-teeny-weenie-wand\/\" \/>\n<meta property=\"og:site_name\" content=\"Tienda Er\u00f3tica\" \/>\n<meta property=\"article:modified_time\" content=\"2022-01-22T10:09:27+00:00\" \/>\n<meta property=\"og:image\" content=\"https:\/\/demoweb.info\/sexshop001\/wp-content\/uploads\/2022\/01\/MASAJEADOR-CLITORIS-TEENY-WEENIE-WAND.jpg\" \/>\n\t<meta property=\"og:image:width\" content=\"550\" \/>\n\t<meta property=\"og:image:height\" content=\"550\" \/>\n\t<meta property=\"og:image:type\" content=\"image\/jpeg\" \/>\n<meta name=\"twitter:card\" content=\"summary_large_image\" \/>\n<meta name=\"twitter:label1\" content=\"Tiempo de lectura\" \/>\n\t<meta name=\"twitter:data1\" content=\"1 minuto\" \/>\n<script type=\"application\/ld+json\" class=\"yoast-schema-graph\">{\"@context\":\"https:\/\/schema.org\",\"@graph\":[{\"@type\":\"WebPage\",\"@id\":\"https:\/\/demoweb.info\/sexshop001\/producto\/masajeador-clitoris-teeny-weenie-wand\/\",\"url\":\"https:\/\/demoweb.info\/sexshop001\/producto\/masajeador-clitoris-teeny-weenie-wand\/\",\"name\":\"MASAJEADOR CLITORIS TEENY WEENIE WAND - Tienda Er\u00f3tica\",\"isPartOf\":{\"@id\":\"https:\/\/demoweb.info\/sexshop001\/#website\"},\"datePublished\":\"2022-01-22T10:09:03+00:00\",\"dateModified\":\"2022-01-22T10:09:27+00:00\",\"breadcrumb\":{\"@id\":\"https:\/\/demoweb.info\/sexshop001\/producto\/masajeador-clitoris-teeny-weenie-wand\/#breadcrumb\"},\"inLanguage\":\"es\",\"potentialAction\":[{\"@type\":\"ReadAction\",\"target\":[\"https:\/\/demoweb.info\/sexshop001\/producto\/masajeador-clitoris-teeny-weenie-wand\/\"]}]},{\"@type\":\"BreadcrumbList\",\"@id\":\"https:\/\/demoweb.info\/sexshop001\/producto\/masajeador-clitoris-teeny-weenie-wand\/#breadcrumb\",\"itemListElement\":[{\"@type\":\"ListItem\",\"position\":1,\"name\":\"Portada\",\"item\":\"https:\/\/demoweb.info\/sexshop001\/\"},{\"@type\":\"ListItem\",\"position\":2,\"name\":\"Tienda\",\"item\":\"https:\/\/demoweb.info\/sexshop001\/tienda\/\"},{\"@type\":\"ListItem\",\"position\":3,\"name\":\"MASAJEADOR CLITORIS TEENY WEENIE WAND\"}]},{\"@type\":\"WebSite\",\"@id\":\"https:\/\/demoweb.info\/sexshop001\/#website\",\"url\":\"https:\/\/demoweb.info\/sexshop001\/\",\"name\":\"Tienda Er\u00f3tica\",\"description\":\"DEMOWEB SL\",\"potentialAction\":[{\"@type\":\"SearchAction\",\"target\":{\"@type\":\"EntryPoint\",\"urlTemplate\":\"https:\/\/demoweb.info\/sexshop001\/?s={search_term_string}\"},\"query-input\":\"required name=search_term_string\"}],\"inLanguage\":\"es\"}]}<\/script>\n<!-- \/ Yoast SEO plugin. -->","yoast_head_json":{"title":"MASAJEADOR CLITORIS TEENY WEENIE WAND - Tienda Er\u00f3tica","robots":{"index":"noindex","follow":"follow","max-snippet":"max-snippet:-1","max-image-preview":"max-image-preview:large","max-video-preview":"max-video-preview:-1"},"og_locale":"es_ES","og_type":"article","og_title":"MASAJEADOR CLITORIS TEENY WEENIE WAND - Tienda Er\u00f3tica","og_description":"LIT CLIT TEENY WEENIE WAND Esta mini varita f\u00e1cil de operar est\u00e1 lista para ensuciarse donde sea que tus pasiones","og_url":"https:\/\/demoweb.info\/sexshop001\/producto\/masajeador-clitoris-teeny-weenie-wand\/","og_site_name":"Tienda Er\u00f3tica","article_modified_time":"2022-01-22T10:09:27+00:00","og_image":[{"width":550,"height":550,"url":"https:\/\/demoweb.info\/sexshop001\/wp-content\/uploads\/2022\/01\/MASAJEADOR-CLITORIS-TEENY-WEENIE-WAND.jpg","type":"image\/jpeg"}],"twitter_card":"summary_large_image","twitter_misc":{"Tiempo de lectura":"1 minuto"},"schema":{"@context":"https:\/\/schema.org","@graph":[{"@type":"WebPage","@id":"https:\/\/demoweb.info\/sexshop001\/producto\/masajeador-clitoris-teeny-weenie-wand\/","url":"https:\/\/demoweb.info\/sexshop001\/producto\/masajeador-clitoris-teeny-weenie-wand\/","name":"MASAJEADOR CLITORIS TEENY WEENIE WAND - Tienda Er\u00f3tica","isPartOf":{"@id":"https:\/\/demoweb.info\/sexshop001\/#website"},"datePublished":"2022-01-22T10:09:03+00:00","dateModified":"2022-01-22T10:09:27+00:00","breadcrumb":{"@id":"https:\/\/demoweb.info\/sexshop001\/producto\/masajeador-clitoris-teeny-weenie-wand\/#breadcrumb"},"inLanguage":"es","potentialAction":[{"@type":"ReadAction","target":["https:\/\/demoweb.info\/sexshop001\/producto\/masajeador-clitoris-teeny-weenie-wand\/"]}]},{"@type":"BreadcrumbList","@id":"https:\/\/demoweb.info\/sexshop001\/producto\/masajeador-clitoris-teeny-weenie-wand\/#breadcrumb","itemListElement":[{"@type":"ListItem","position":1,"name":"Portada","item":"https:\/\/demoweb.info\/sexshop001\/"},{"@type":"ListItem","position":2,"name":"Tienda","item":"https:\/\/demoweb.info\/sexshop001\/tienda\/"},{"@type":"ListItem","position":3,"name":"MASAJEADOR CLITORIS TEENY WEENIE WAND"}]},{"@type":"WebSite","@id":"https:\/\/demoweb.info\/sexshop001\/#website","url":"https:\/\/demoweb.info\/sexshop001\/","name":"Tienda Er\u00f3tica","description":"DEMOWEB SL","potentialAction":[{"@type":"SearchAction","target":{"@type":"EntryPoint","urlTemplate":"https:\/\/demoweb.info\/sexshop001\/?s={search_term_string}"},"query-input":"required name=search_term_string"}],"inLanguage":"es"}]}},"_links":{"self":[{"href":"https:\/\/demoweb.info\/sexshop001\/wp-json\/wp\/v3\/product\/20420","targetHints":{"allow":["GET"]}}],"collection":[{"href":"https:\/\/demoweb.info\/sexshop001\/wp-json\/wp\/v3\/product"}],"about":[{"href":"https:\/\/demoweb.info\/sexshop001\/wp-json\/wp\/v2\/types\/product"}],"replies":[{"embeddable":true,"href":"https:\/\/demoweb.info\/sexshop001\/wp-json\/wp\/v2\/comments?post=20420"}],"wp:featuredmedia":[{"embeddable":true,"href":"https:\/\/demoweb.info\/sexshop001\/wp-json\/wp\/v2\/media\/20421"}],"wp:attachment":[{"href":"https:\/\/demoweb.info\/sexshop001\/wp-json\/wp\/v2\/media?parent=20420"}],"wp:term":[{"taxonomy":"product_cat","embeddable":true,"href":"https:\/\/demoweb.info\/sexshop001\/wp-json\/wp\/v2\/product_cat?post=20420"},{"taxonomy":"product_tag","embeddable":true,"href":"https:\/\/demoweb.info\/sexshop001\/wp-json\/wp\/v2\/product_tag?post=20420"}],"curies":[{"name":"wp","href":"https:\/\/api.w.org\/{rel}","templated":true}]}}