{"id":20399,"date":"2022-01-22T11:09:03","date_gmt":"2022-01-22T10:09:03","guid":{"rendered":"https:\/\/demoweb.info\/sexshop001\/producto\/anillo-link-up-max\/"},"modified":"2022-01-22T11:09:18","modified_gmt":"2022-01-22T10:09:18","slug":"anillo-link-up-max","status":"publish","type":"product","link":"https:\/\/demoweb.info\/sexshop001\/producto\/anillo-link-up-max\/","title":{"rendered":"ANILLO LINK UP MAX"},"content":{"rendered":"<p><strong>LINK UP MAX<\/strong><\/p>\n<p>Experimenta una conexi\u00f3n m\u00e1s profunda y satisfactoria para ti y tu pareja con el poderoso Link Up \u2122 Edge. El anillo de estimulaci\u00f3n dual brinda un placer intenso con 10 potentes funciones de vibraci\u00f3n, anillo de soporte Ultra-Soft \u2122 agregado y textura estriada.<\/p>\n<p>Disfruta del placer personalizado recorriendo cada una de las 10 potentes funciones de vibraci\u00f3n. El estimulador giratorio y el anillo apretado os enviar\u00e1n a ti y a tu amante a un \u00e9xtasis puro. El anillo para el pene de silicona Ultra-Soft \u2122 adicional est\u00e1 hecho para elevar el placer al aumentar la resistencia, la sensibilidad y la circunferencia.<\/p>\n<p>Abraza a tu amante en el dormitorio, el ba\u00f1o o junto a la piscina y espera hasta 1,5 horas de pulsaci\u00f3n impermeable a baja velocidad y 30 minutos a alta velocidad. Recarga el placer y vuelve al juego en solo 2,5 horas con el cable de carga proporcionado. Este asombroso anillo sabe exactamente lo que desea mediante el uso de un chip de memoria de \u00faltima generaci\u00f3n para detectar la \u00faltima funci\u00f3n utilizada.<\/p>\n<p><strong>Longitud total : <\/strong>9 x 5.75 cm<br \/>\n<strong>Di\u00e1metro: <\/strong>3.75 cm<br \/>\n<strong>Modos de vibraci\u00f3n<\/strong> : 10<br \/>\n<strong>Impermeable :<\/strong> SI<br \/>\n<strong>Bodysafe<\/strong> : Si<br \/>\n<strong>Motores<\/strong> 1<br \/>\n<strong>Bater\u00edas requeridas <\/strong> USB Recargable<\/p>\n","protected":false},"excerpt":{"rendered":"<p>LINK UP MAX Experimenta una conexi\u00f3n m\u00e1s profunda y satisfactoria para ti y tu pareja con el poderoso Link Up<\/p>\n","protected":false},"featured_media":20400,"comment_status":"open","ping_status":"open","template":"","meta":[],"product_cat":[438],"product_tag":[660,886],"class_list":["post-20399","product","type-product","status-publish","has-post-thumbnail","hentry","product_cat-con-vibrador-anillos","product_tag-calexotics","product_tag-link-up"],"bundled_by":[],"bundle_stock_status":"instock","bundle_stock_quantity":1,"bundle_virtual":false,"bundle_layout":"","bundle_add_to_cart_form_location":"","bundle_editable_in_cart":false,"bundle_sold_individually_context":"","bundle_item_grouping":"","bundle_min_size":"","bundle_max_size":"","bundled_items":[],"yoast_head":"<!-- This site is optimized with the Yoast SEO plugin v20.6 - https:\/\/yoast.com\/wordpress\/plugins\/seo\/ -->\n<title>ANILLO LINK UP MAX - Tienda Er\u00f3tica<\/title>\n<meta name=\"robots\" content=\"noindex, follow, max-snippet:-1, max-image-preview:large, max-video-preview:-1\" \/>\n<meta property=\"og:locale\" content=\"es_ES\" \/>\n<meta property=\"og:type\" content=\"article\" \/>\n<meta property=\"og:title\" content=\"ANILLO LINK UP MAX - Tienda Er\u00f3tica\" \/>\n<meta property=\"og:description\" content=\"LINK UP MAX Experimenta una conexi\u00f3n m\u00e1s profunda y satisfactoria para ti y tu pareja con el poderoso Link Up\" \/>\n<meta property=\"og:url\" content=\"https:\/\/demoweb.info\/sexshop001\/producto\/anillo-link-up-max\/\" \/>\n<meta property=\"og:site_name\" content=\"Tienda Er\u00f3tica\" \/>\n<meta property=\"article:modified_time\" content=\"2022-01-22T10:09:18+00:00\" \/>\n<meta property=\"og:image\" content=\"https:\/\/demoweb.info\/sexshop001\/wp-content\/uploads\/2022\/01\/ANILLO-LINK-UP-MAX.jpg\" \/>\n\t<meta property=\"og:image:width\" content=\"550\" \/>\n\t<meta property=\"og:image:height\" content=\"550\" \/>\n\t<meta property=\"og:image:type\" content=\"image\/jpeg\" \/>\n<meta name=\"twitter:card\" content=\"summary_large_image\" \/>\n<meta name=\"twitter:label1\" content=\"Tiempo de lectura\" \/>\n\t<meta name=\"twitter:data1\" content=\"1 minuto\" \/>\n<script type=\"application\/ld+json\" class=\"yoast-schema-graph\">{\"@context\":\"https:\/\/schema.org\",\"@graph\":[{\"@type\":\"WebPage\",\"@id\":\"https:\/\/demoweb.info\/sexshop001\/producto\/anillo-link-up-max\/\",\"url\":\"https:\/\/demoweb.info\/sexshop001\/producto\/anillo-link-up-max\/\",\"name\":\"ANILLO LINK UP MAX - Tienda Er\u00f3tica\",\"isPartOf\":{\"@id\":\"https:\/\/demoweb.info\/sexshop001\/#website\"},\"datePublished\":\"2022-01-22T10:09:03+00:00\",\"dateModified\":\"2022-01-22T10:09:18+00:00\",\"breadcrumb\":{\"@id\":\"https:\/\/demoweb.info\/sexshop001\/producto\/anillo-link-up-max\/#breadcrumb\"},\"inLanguage\":\"es\",\"potentialAction\":[{\"@type\":\"ReadAction\",\"target\":[\"https:\/\/demoweb.info\/sexshop001\/producto\/anillo-link-up-max\/\"]}]},{\"@type\":\"BreadcrumbList\",\"@id\":\"https:\/\/demoweb.info\/sexshop001\/producto\/anillo-link-up-max\/#breadcrumb\",\"itemListElement\":[{\"@type\":\"ListItem\",\"position\":1,\"name\":\"Portada\",\"item\":\"https:\/\/demoweb.info\/sexshop001\/\"},{\"@type\":\"ListItem\",\"position\":2,\"name\":\"Tienda\",\"item\":\"https:\/\/demoweb.info\/sexshop001\/tienda\/\"},{\"@type\":\"ListItem\",\"position\":3,\"name\":\"ANILLO LINK UP MAX\"}]},{\"@type\":\"WebSite\",\"@id\":\"https:\/\/demoweb.info\/sexshop001\/#website\",\"url\":\"https:\/\/demoweb.info\/sexshop001\/\",\"name\":\"Tienda Er\u00f3tica\",\"description\":\"DEMOWEB SL\",\"potentialAction\":[{\"@type\":\"SearchAction\",\"target\":{\"@type\":\"EntryPoint\",\"urlTemplate\":\"https:\/\/demoweb.info\/sexshop001\/?s={search_term_string}\"},\"query-input\":\"required name=search_term_string\"}],\"inLanguage\":\"es\"}]}<\/script>\n<!-- \/ Yoast SEO plugin. -->","yoast_head_json":{"title":"ANILLO LINK UP MAX - Tienda Er\u00f3tica","robots":{"index":"noindex","follow":"follow","max-snippet":"max-snippet:-1","max-image-preview":"max-image-preview:large","max-video-preview":"max-video-preview:-1"},"og_locale":"es_ES","og_type":"article","og_title":"ANILLO LINK UP MAX - Tienda Er\u00f3tica","og_description":"LINK UP MAX Experimenta una conexi\u00f3n m\u00e1s profunda y satisfactoria para ti y tu pareja con el poderoso Link Up","og_url":"https:\/\/demoweb.info\/sexshop001\/producto\/anillo-link-up-max\/","og_site_name":"Tienda Er\u00f3tica","article_modified_time":"2022-01-22T10:09:18+00:00","og_image":[{"width":550,"height":550,"url":"https:\/\/demoweb.info\/sexshop001\/wp-content\/uploads\/2022\/01\/ANILLO-LINK-UP-MAX.jpg","type":"image\/jpeg"}],"twitter_card":"summary_large_image","twitter_misc":{"Tiempo de lectura":"1 minuto"},"schema":{"@context":"https:\/\/schema.org","@graph":[{"@type":"WebPage","@id":"https:\/\/demoweb.info\/sexshop001\/producto\/anillo-link-up-max\/","url":"https:\/\/demoweb.info\/sexshop001\/producto\/anillo-link-up-max\/","name":"ANILLO LINK UP MAX - Tienda Er\u00f3tica","isPartOf":{"@id":"https:\/\/demoweb.info\/sexshop001\/#website"},"datePublished":"2022-01-22T10:09:03+00:00","dateModified":"2022-01-22T10:09:18+00:00","breadcrumb":{"@id":"https:\/\/demoweb.info\/sexshop001\/producto\/anillo-link-up-max\/#breadcrumb"},"inLanguage":"es","potentialAction":[{"@type":"ReadAction","target":["https:\/\/demoweb.info\/sexshop001\/producto\/anillo-link-up-max\/"]}]},{"@type":"BreadcrumbList","@id":"https:\/\/demoweb.info\/sexshop001\/producto\/anillo-link-up-max\/#breadcrumb","itemListElement":[{"@type":"ListItem","position":1,"name":"Portada","item":"https:\/\/demoweb.info\/sexshop001\/"},{"@type":"ListItem","position":2,"name":"Tienda","item":"https:\/\/demoweb.info\/sexshop001\/tienda\/"},{"@type":"ListItem","position":3,"name":"ANILLO LINK UP MAX"}]},{"@type":"WebSite","@id":"https:\/\/demoweb.info\/sexshop001\/#website","url":"https:\/\/demoweb.info\/sexshop001\/","name":"Tienda Er\u00f3tica","description":"DEMOWEB SL","potentialAction":[{"@type":"SearchAction","target":{"@type":"EntryPoint","urlTemplate":"https:\/\/demoweb.info\/sexshop001\/?s={search_term_string}"},"query-input":"required name=search_term_string"}],"inLanguage":"es"}]}},"_links":{"self":[{"href":"https:\/\/demoweb.info\/sexshop001\/wp-json\/wp\/v3\/product\/20399","targetHints":{"allow":["GET"]}}],"collection":[{"href":"https:\/\/demoweb.info\/sexshop001\/wp-json\/wp\/v3\/product"}],"about":[{"href":"https:\/\/demoweb.info\/sexshop001\/wp-json\/wp\/v2\/types\/product"}],"replies":[{"embeddable":true,"href":"https:\/\/demoweb.info\/sexshop001\/wp-json\/wp\/v2\/comments?post=20399"}],"wp:featuredmedia":[{"embeddable":true,"href":"https:\/\/demoweb.info\/sexshop001\/wp-json\/wp\/v2\/media\/20400"}],"wp:attachment":[{"href":"https:\/\/demoweb.info\/sexshop001\/wp-json\/wp\/v2\/media?parent=20399"}],"wp:term":[{"taxonomy":"product_cat","embeddable":true,"href":"https:\/\/demoweb.info\/sexshop001\/wp-json\/wp\/v2\/product_cat?post=20399"},{"taxonomy":"product_tag","embeddable":true,"href":"https:\/\/demoweb.info\/sexshop001\/wp-json\/wp\/v2\/product_tag?post=20399"}],"curies":[{"name":"wp","href":"https:\/\/api.w.org\/{rel}","templated":true}]}}