{"id":20378,"date":"2022-01-22T11:09:03","date_gmt":"2022-01-22T10:09:03","guid":{"rendered":"https:\/\/demoweb.info\/sexshop001\/producto\/bala-hideaway-recargable-oro\/"},"modified":"2022-01-22T11:09:10","modified_gmt":"2022-01-22T10:09:10","slug":"bala-hideaway-recargable-oro","status":"publish","type":"product","link":"https:\/\/demoweb.info\/sexshop001\/producto\/bala-hideaway-recargable-oro\/","title":{"rendered":"BALA HIDEAWAY RECARGABLE &#8211; ORO"},"content":{"rendered":"<p><strong>RECHARGEABLE HIDEAWAY BULLET <\/strong><\/p>\n<p><span style=&quot;font-family:tahoma,geneva,sans-serif&quot;>Ya sea que estes viviendo la vida de la jet-set o disfrutando de fantas\u00edas aventureras, la Bullet Hideaway \u2122 Recargable es la compa\u00f1era de viaje perfecta.<\/p>\n<p>Coloca el discreto estuche de viaje en tu bolso o bolsa de viaje para obtener estimulaci\u00f3n org\u00e1smica donde quiera que vayas. El mini masajeador se adapta perfectamente a la punta de tus dedos para permitirte controlar la estimulaci\u00f3n precisa y 10 emocionantes funciones de vibraci\u00f3n.<\/p>\n<p>Utiliza el control de un solo bot\u00f3n para recorrer las 10 funciones org\u00e1smicas de vibraci\u00f3n, pulsaci\u00f3n y escalada. Para encender \/ apagar, manten presionado el bot\u00f3n durante 3 segundos. Abraza hasta 1 hora de placer vibratorio a baja velocidad o 45 minutos de estimulaci\u00f3n de alta intensidad. Recarga tu placer en solo 2 horas con el cable de carga USB provisto.<\/span><\/p>\n<p><span style=&quot;font-family:tahoma,geneva,sans-serif&quot;><strong>Longitud total <\/strong> : 7.5 x 2 cm <br \/>\n<strong>Modos de vibraci\u00f3n : <\/strong> 10<br \/>\n<strong>Impermeable : <\/strong>SI <br \/>\n<strong>Material:  <\/strong>ABS, Silicona <br \/>\n<strong>Motores    <\/strong>1<br \/>\n<strong>Bater\u00edas<\/strong> <strong>requeridas    <\/strong>USB Recargable <\/span>\n <\/p>\n","protected":false},"excerpt":{"rendered":"<p>RECHARGEABLE HIDEAWAY BULLET Ya sea que estes viviendo la vida de la jet-set o disfrutando de fantas\u00edas aventureras, la Bullet<\/p>\n","protected":false},"featured_media":20379,"comment_status":"open","ping_status":"open","template":"","meta":[],"product_cat":[313],"product_tag":[977,660],"class_list":["post-20378","product","type-product","status-publish","has-post-thumbnail","hentry","product_cat-balas-y-huevos","product_tag-bullets","product_tag-calexotics"],"bundled_by":[],"bundle_stock_status":"outofstock","bundle_stock_quantity":0,"bundle_virtual":false,"bundle_layout":"","bundle_add_to_cart_form_location":"","bundle_editable_in_cart":false,"bundle_sold_individually_context":"","bundle_item_grouping":"","bundle_min_size":"","bundle_max_size":"","bundled_items":[],"yoast_head":"<!-- This site is optimized with the Yoast SEO plugin v20.6 - https:\/\/yoast.com\/wordpress\/plugins\/seo\/ -->\n<title>BALA HIDEAWAY RECARGABLE - ORO - Tienda Er\u00f3tica<\/title>\n<meta name=\"robots\" content=\"noindex, follow, max-snippet:-1, max-image-preview:large, max-video-preview:-1\" \/>\n<meta property=\"og:locale\" content=\"es_ES\" \/>\n<meta property=\"og:type\" content=\"article\" \/>\n<meta property=\"og:title\" content=\"BALA HIDEAWAY RECARGABLE - ORO - Tienda Er\u00f3tica\" \/>\n<meta property=\"og:description\" content=\"RECHARGEABLE HIDEAWAY BULLET Ya sea que estes viviendo la vida de la jet-set o disfrutando de fantas\u00edas aventureras, la Bullet\" \/>\n<meta property=\"og:url\" content=\"https:\/\/demoweb.info\/sexshop001\/producto\/bala-hideaway-recargable-oro\/\" \/>\n<meta property=\"og:site_name\" content=\"Tienda Er\u00f3tica\" \/>\n<meta property=\"article:modified_time\" content=\"2022-01-22T10:09:10+00:00\" \/>\n<meta property=\"og:image\" content=\"https:\/\/demoweb.info\/sexshop001\/wp-content\/uploads\/2022\/01\/BALA-HIDEAWAY-RECARGABLE-ORO.jpg\" \/>\n\t<meta property=\"og:image:width\" content=\"550\" \/>\n\t<meta property=\"og:image:height\" content=\"550\" \/>\n\t<meta property=\"og:image:type\" content=\"image\/jpeg\" \/>\n<meta name=\"twitter:card\" content=\"summary_large_image\" \/>\n<meta name=\"twitter:label1\" content=\"Tiempo de lectura\" \/>\n\t<meta name=\"twitter:data1\" content=\"1 minuto\" \/>\n<script type=\"application\/ld+json\" class=\"yoast-schema-graph\">{\"@context\":\"https:\/\/schema.org\",\"@graph\":[{\"@type\":\"WebPage\",\"@id\":\"https:\/\/demoweb.info\/sexshop001\/producto\/bala-hideaway-recargable-oro\/\",\"url\":\"https:\/\/demoweb.info\/sexshop001\/producto\/bala-hideaway-recargable-oro\/\",\"name\":\"BALA HIDEAWAY RECARGABLE - ORO - Tienda Er\u00f3tica\",\"isPartOf\":{\"@id\":\"https:\/\/demoweb.info\/sexshop001\/#website\"},\"datePublished\":\"2022-01-22T10:09:03+00:00\",\"dateModified\":\"2022-01-22T10:09:10+00:00\",\"breadcrumb\":{\"@id\":\"https:\/\/demoweb.info\/sexshop001\/producto\/bala-hideaway-recargable-oro\/#breadcrumb\"},\"inLanguage\":\"es\",\"potentialAction\":[{\"@type\":\"ReadAction\",\"target\":[\"https:\/\/demoweb.info\/sexshop001\/producto\/bala-hideaway-recargable-oro\/\"]}]},{\"@type\":\"BreadcrumbList\",\"@id\":\"https:\/\/demoweb.info\/sexshop001\/producto\/bala-hideaway-recargable-oro\/#breadcrumb\",\"itemListElement\":[{\"@type\":\"ListItem\",\"position\":1,\"name\":\"Portada\",\"item\":\"https:\/\/demoweb.info\/sexshop001\/\"},{\"@type\":\"ListItem\",\"position\":2,\"name\":\"Tienda\",\"item\":\"https:\/\/demoweb.info\/sexshop001\/tienda\/\"},{\"@type\":\"ListItem\",\"position\":3,\"name\":\"BALA HIDEAWAY RECARGABLE &#8211; ORO\"}]},{\"@type\":\"WebSite\",\"@id\":\"https:\/\/demoweb.info\/sexshop001\/#website\",\"url\":\"https:\/\/demoweb.info\/sexshop001\/\",\"name\":\"Tienda Er\u00f3tica\",\"description\":\"DEMOWEB SL\",\"potentialAction\":[{\"@type\":\"SearchAction\",\"target\":{\"@type\":\"EntryPoint\",\"urlTemplate\":\"https:\/\/demoweb.info\/sexshop001\/?s={search_term_string}\"},\"query-input\":\"required name=search_term_string\"}],\"inLanguage\":\"es\"}]}<\/script>\n<!-- \/ Yoast SEO plugin. -->","yoast_head_json":{"title":"BALA HIDEAWAY RECARGABLE - ORO - Tienda Er\u00f3tica","robots":{"index":"noindex","follow":"follow","max-snippet":"max-snippet:-1","max-image-preview":"max-image-preview:large","max-video-preview":"max-video-preview:-1"},"og_locale":"es_ES","og_type":"article","og_title":"BALA HIDEAWAY RECARGABLE - ORO - Tienda Er\u00f3tica","og_description":"RECHARGEABLE HIDEAWAY BULLET Ya sea que estes viviendo la vida de la jet-set o disfrutando de fantas\u00edas aventureras, la Bullet","og_url":"https:\/\/demoweb.info\/sexshop001\/producto\/bala-hideaway-recargable-oro\/","og_site_name":"Tienda Er\u00f3tica","article_modified_time":"2022-01-22T10:09:10+00:00","og_image":[{"width":550,"height":550,"url":"https:\/\/demoweb.info\/sexshop001\/wp-content\/uploads\/2022\/01\/BALA-HIDEAWAY-RECARGABLE-ORO.jpg","type":"image\/jpeg"}],"twitter_card":"summary_large_image","twitter_misc":{"Tiempo de lectura":"1 minuto"},"schema":{"@context":"https:\/\/schema.org","@graph":[{"@type":"WebPage","@id":"https:\/\/demoweb.info\/sexshop001\/producto\/bala-hideaway-recargable-oro\/","url":"https:\/\/demoweb.info\/sexshop001\/producto\/bala-hideaway-recargable-oro\/","name":"BALA HIDEAWAY RECARGABLE - ORO - Tienda Er\u00f3tica","isPartOf":{"@id":"https:\/\/demoweb.info\/sexshop001\/#website"},"datePublished":"2022-01-22T10:09:03+00:00","dateModified":"2022-01-22T10:09:10+00:00","breadcrumb":{"@id":"https:\/\/demoweb.info\/sexshop001\/producto\/bala-hideaway-recargable-oro\/#breadcrumb"},"inLanguage":"es","potentialAction":[{"@type":"ReadAction","target":["https:\/\/demoweb.info\/sexshop001\/producto\/bala-hideaway-recargable-oro\/"]}]},{"@type":"BreadcrumbList","@id":"https:\/\/demoweb.info\/sexshop001\/producto\/bala-hideaway-recargable-oro\/#breadcrumb","itemListElement":[{"@type":"ListItem","position":1,"name":"Portada","item":"https:\/\/demoweb.info\/sexshop001\/"},{"@type":"ListItem","position":2,"name":"Tienda","item":"https:\/\/demoweb.info\/sexshop001\/tienda\/"},{"@type":"ListItem","position":3,"name":"BALA HIDEAWAY RECARGABLE &#8211; ORO"}]},{"@type":"WebSite","@id":"https:\/\/demoweb.info\/sexshop001\/#website","url":"https:\/\/demoweb.info\/sexshop001\/","name":"Tienda Er\u00f3tica","description":"DEMOWEB SL","potentialAction":[{"@type":"SearchAction","target":{"@type":"EntryPoint","urlTemplate":"https:\/\/demoweb.info\/sexshop001\/?s={search_term_string}"},"query-input":"required name=search_term_string"}],"inLanguage":"es"}]}},"_links":{"self":[{"href":"https:\/\/demoweb.info\/sexshop001\/wp-json\/wp\/v3\/product\/20378","targetHints":{"allow":["GET"]}}],"collection":[{"href":"https:\/\/demoweb.info\/sexshop001\/wp-json\/wp\/v3\/product"}],"about":[{"href":"https:\/\/demoweb.info\/sexshop001\/wp-json\/wp\/v2\/types\/product"}],"replies":[{"embeddable":true,"href":"https:\/\/demoweb.info\/sexshop001\/wp-json\/wp\/v2\/comments?post=20378"}],"wp:featuredmedia":[{"embeddable":true,"href":"https:\/\/demoweb.info\/sexshop001\/wp-json\/wp\/v2\/media\/20379"}],"wp:attachment":[{"href":"https:\/\/demoweb.info\/sexshop001\/wp-json\/wp\/v2\/media?parent=20378"}],"wp:term":[{"taxonomy":"product_cat","embeddable":true,"href":"https:\/\/demoweb.info\/sexshop001\/wp-json\/wp\/v2\/product_cat?post=20378"},{"taxonomy":"product_tag","embeddable":true,"href":"https:\/\/demoweb.info\/sexshop001\/wp-json\/wp\/v2\/product_tag?post=20378"}],"curies":[{"name":"wp","href":"https:\/\/api.w.org\/{rel}","templated":true}]}}