{"id":20350,"date":"2022-01-22T11:08:20","date_gmt":"2022-01-22T10:08:20","guid":{"rendered":"https:\/\/demoweb.info\/sexshop001\/producto\/bala-pintalabios-recargable-hide-play-naranja\/"},"modified":"2022-01-22T11:08:54","modified_gmt":"2022-01-22T10:08:54","slug":"bala-pintalabios-recargable-hide-play-naranja","status":"publish","type":"product","link":"https:\/\/demoweb.info\/sexshop001\/producto\/bala-pintalabios-recargable-hide-play-naranja\/","title":{"rendered":"BALA PINTALABIOS RECARGABLE HIDE &#038; PLAY &#8211; NARANJA"},"content":{"rendered":"<p><strong>HIDE &#038; PLAY LIPSTICK RECHARGE <\/strong><\/p>\n<p>Delgado, elegante y listo para tu pr\u00f3xima aventura, el discreto l\u00e1piz labial recargable Hide &#038; Play \u2122 es la divertida bala de ambiente amante de los viajes. Disfruta del placer total deslizando el mini masajeador en su bolso y condimenta la noche cada vez que lo necesite.<\/p>\n<p>Esta vibrante barra de labios tiene 10 potentes funciones de vibraci\u00f3n controladas con un solo bot\u00f3n. Las vibraciones intensas se env\u00edan a trav\u00e9s de la bala compacta para una estimulaci\u00f3n externa. Esta bala vers\u00e1til es una opci\u00f3n discreta de tama\u00f1o viaje para principiantes t\u00edmidos o para expertos en er\u00f3tica.  La punta \u00fanica en forma de l\u00e1piz labial est\u00e1 dise\u00f1ada para brindar una poderosa estimulaci\u00f3n puntual o una acci\u00f3n burlona de contacto total.<\/p>\n<p>Ya sea que est\u00e9 tomando un ba\u00f1o con tu amante o disfrutando de una apasionante sesi\u00f3n en solitario, espera hasta 2 horas de vibraci\u00f3n impermeable. Recarga el placer y vuelve al tiempo de juego en solo 2 horas con el cable USB.<br \/>\nEl discreto l\u00e1piz labial lo convierte en el mini masajeador en el compa\u00f1ero de viaje ideal, permiti\u00e9ndote disfrutar irradiando placer donde quiera que te lleven tus fantas\u00edas.<\/p>\n<p><strong>Longitud total   <\/strong> 7.5 cm <br \/>\n<strong>Modos de vibraci\u00f3n  <\/strong>  10<br \/>\n<strong>Impermeable <\/strong>   Si<br \/>\n<strong>Bodysafe    <\/strong>Si <br \/>\n<strong>Material<\/strong>    Silicona,  ABS <br \/>\n<strong>Bater\u00edas requeridas  <\/strong>  USB Recargable<\/p>\n","protected":false},"excerpt":{"rendered":"<p>HIDE &#038; PLAY LIPSTICK RECHARGE Delgado, elegante y listo para tu pr\u00f3xima aventura, el discreto l\u00e1piz labial recargable Hide &#038;<\/p>\n","protected":false},"featured_media":20351,"comment_status":"open","ping_status":"open","template":"","meta":[],"product_cat":[995],"product_tag":[977,660],"class_list":["post-20350","product","type-product","status-publish","has-post-thumbnail","hentry","product_cat-pintalabios","product_tag-bullets","product_tag-calexotics"],"bundled_by":[],"bundle_stock_status":"instock","bundle_stock_quantity":1,"bundle_virtual":false,"bundle_layout":"","bundle_add_to_cart_form_location":"","bundle_editable_in_cart":false,"bundle_sold_individually_context":"","bundle_item_grouping":"","bundle_min_size":"","bundle_max_size":"","bundled_items":[],"yoast_head":"<!-- This site is optimized with the Yoast SEO plugin v20.6 - https:\/\/yoast.com\/wordpress\/plugins\/seo\/ -->\n<title>BALA PINTALABIOS RECARGABLE HIDE &amp; PLAY - NARANJA - Tienda Er\u00f3tica<\/title>\n<meta name=\"robots\" content=\"noindex, follow, max-snippet:-1, max-image-preview:large, max-video-preview:-1\" \/>\n<meta property=\"og:locale\" content=\"es_ES\" \/>\n<meta property=\"og:type\" content=\"article\" \/>\n<meta property=\"og:title\" content=\"BALA PINTALABIOS RECARGABLE HIDE &amp; PLAY - NARANJA - Tienda Er\u00f3tica\" \/>\n<meta property=\"og:description\" content=\"HIDE &#038; PLAY LIPSTICK RECHARGE Delgado, elegante y listo para tu pr\u00f3xima aventura, el discreto l\u00e1piz labial recargable Hide &#038;\" \/>\n<meta property=\"og:url\" content=\"https:\/\/demoweb.info\/sexshop001\/producto\/bala-pintalabios-recargable-hide-play-naranja\/\" \/>\n<meta property=\"og:site_name\" content=\"Tienda Er\u00f3tica\" \/>\n<meta property=\"article:modified_time\" content=\"2022-01-22T10:08:54+00:00\" \/>\n<meta property=\"og:image\" content=\"https:\/\/demoweb.info\/sexshop001\/wp-content\/uploads\/2022\/01\/BALA-PINTALABIOS-RECARGABLE-HIDE-PLAY-NARANJA.jpg\" \/>\n\t<meta property=\"og:image:width\" content=\"550\" \/>\n\t<meta property=\"og:image:height\" content=\"550\" \/>\n\t<meta property=\"og:image:type\" content=\"image\/jpeg\" \/>\n<meta name=\"twitter:card\" content=\"summary_large_image\" \/>\n<meta name=\"twitter:label1\" content=\"Tiempo de lectura\" \/>\n\t<meta name=\"twitter:data1\" content=\"1 minuto\" \/>\n<script type=\"application\/ld+json\" class=\"yoast-schema-graph\">{\"@context\":\"https:\/\/schema.org\",\"@graph\":[{\"@type\":\"WebPage\",\"@id\":\"https:\/\/demoweb.info\/sexshop001\/producto\/bala-pintalabios-recargable-hide-play-naranja\/\",\"url\":\"https:\/\/demoweb.info\/sexshop001\/producto\/bala-pintalabios-recargable-hide-play-naranja\/\",\"name\":\"BALA PINTALABIOS RECARGABLE HIDE & PLAY - NARANJA - Tienda Er\u00f3tica\",\"isPartOf\":{\"@id\":\"https:\/\/demoweb.info\/sexshop001\/#website\"},\"datePublished\":\"2022-01-22T10:08:20+00:00\",\"dateModified\":\"2022-01-22T10:08:54+00:00\",\"breadcrumb\":{\"@id\":\"https:\/\/demoweb.info\/sexshop001\/producto\/bala-pintalabios-recargable-hide-play-naranja\/#breadcrumb\"},\"inLanguage\":\"es\",\"potentialAction\":[{\"@type\":\"ReadAction\",\"target\":[\"https:\/\/demoweb.info\/sexshop001\/producto\/bala-pintalabios-recargable-hide-play-naranja\/\"]}]},{\"@type\":\"BreadcrumbList\",\"@id\":\"https:\/\/demoweb.info\/sexshop001\/producto\/bala-pintalabios-recargable-hide-play-naranja\/#breadcrumb\",\"itemListElement\":[{\"@type\":\"ListItem\",\"position\":1,\"name\":\"Portada\",\"item\":\"https:\/\/demoweb.info\/sexshop001\/\"},{\"@type\":\"ListItem\",\"position\":2,\"name\":\"Tienda\",\"item\":\"https:\/\/demoweb.info\/sexshop001\/tienda\/\"},{\"@type\":\"ListItem\",\"position\":3,\"name\":\"BALA PINTALABIOS RECARGABLE HIDE &#038; PLAY &#8211; NARANJA\"}]},{\"@type\":\"WebSite\",\"@id\":\"https:\/\/demoweb.info\/sexshop001\/#website\",\"url\":\"https:\/\/demoweb.info\/sexshop001\/\",\"name\":\"Tienda Er\u00f3tica\",\"description\":\"DEMOWEB SL\",\"potentialAction\":[{\"@type\":\"SearchAction\",\"target\":{\"@type\":\"EntryPoint\",\"urlTemplate\":\"https:\/\/demoweb.info\/sexshop001\/?s={search_term_string}\"},\"query-input\":\"required name=search_term_string\"}],\"inLanguage\":\"es\"}]}<\/script>\n<!-- \/ Yoast SEO plugin. -->","yoast_head_json":{"title":"BALA PINTALABIOS RECARGABLE HIDE & PLAY - NARANJA - Tienda Er\u00f3tica","robots":{"index":"noindex","follow":"follow","max-snippet":"max-snippet:-1","max-image-preview":"max-image-preview:large","max-video-preview":"max-video-preview:-1"},"og_locale":"es_ES","og_type":"article","og_title":"BALA PINTALABIOS RECARGABLE HIDE & PLAY - NARANJA - Tienda Er\u00f3tica","og_description":"HIDE &#038; PLAY LIPSTICK RECHARGE Delgado, elegante y listo para tu pr\u00f3xima aventura, el discreto l\u00e1piz labial recargable Hide &#038;","og_url":"https:\/\/demoweb.info\/sexshop001\/producto\/bala-pintalabios-recargable-hide-play-naranja\/","og_site_name":"Tienda Er\u00f3tica","article_modified_time":"2022-01-22T10:08:54+00:00","og_image":[{"width":550,"height":550,"url":"https:\/\/demoweb.info\/sexshop001\/wp-content\/uploads\/2022\/01\/BALA-PINTALABIOS-RECARGABLE-HIDE-PLAY-NARANJA.jpg","type":"image\/jpeg"}],"twitter_card":"summary_large_image","twitter_misc":{"Tiempo de lectura":"1 minuto"},"schema":{"@context":"https:\/\/schema.org","@graph":[{"@type":"WebPage","@id":"https:\/\/demoweb.info\/sexshop001\/producto\/bala-pintalabios-recargable-hide-play-naranja\/","url":"https:\/\/demoweb.info\/sexshop001\/producto\/bala-pintalabios-recargable-hide-play-naranja\/","name":"BALA PINTALABIOS RECARGABLE HIDE & PLAY - NARANJA - Tienda Er\u00f3tica","isPartOf":{"@id":"https:\/\/demoweb.info\/sexshop001\/#website"},"datePublished":"2022-01-22T10:08:20+00:00","dateModified":"2022-01-22T10:08:54+00:00","breadcrumb":{"@id":"https:\/\/demoweb.info\/sexshop001\/producto\/bala-pintalabios-recargable-hide-play-naranja\/#breadcrumb"},"inLanguage":"es","potentialAction":[{"@type":"ReadAction","target":["https:\/\/demoweb.info\/sexshop001\/producto\/bala-pintalabios-recargable-hide-play-naranja\/"]}]},{"@type":"BreadcrumbList","@id":"https:\/\/demoweb.info\/sexshop001\/producto\/bala-pintalabios-recargable-hide-play-naranja\/#breadcrumb","itemListElement":[{"@type":"ListItem","position":1,"name":"Portada","item":"https:\/\/demoweb.info\/sexshop001\/"},{"@type":"ListItem","position":2,"name":"Tienda","item":"https:\/\/demoweb.info\/sexshop001\/tienda\/"},{"@type":"ListItem","position":3,"name":"BALA PINTALABIOS RECARGABLE HIDE &#038; PLAY &#8211; NARANJA"}]},{"@type":"WebSite","@id":"https:\/\/demoweb.info\/sexshop001\/#website","url":"https:\/\/demoweb.info\/sexshop001\/","name":"Tienda Er\u00f3tica","description":"DEMOWEB SL","potentialAction":[{"@type":"SearchAction","target":{"@type":"EntryPoint","urlTemplate":"https:\/\/demoweb.info\/sexshop001\/?s={search_term_string}"},"query-input":"required name=search_term_string"}],"inLanguage":"es"}]}},"_links":{"self":[{"href":"https:\/\/demoweb.info\/sexshop001\/wp-json\/wp\/v3\/product\/20350","targetHints":{"allow":["GET"]}}],"collection":[{"href":"https:\/\/demoweb.info\/sexshop001\/wp-json\/wp\/v3\/product"}],"about":[{"href":"https:\/\/demoweb.info\/sexshop001\/wp-json\/wp\/v2\/types\/product"}],"replies":[{"embeddable":true,"href":"https:\/\/demoweb.info\/sexshop001\/wp-json\/wp\/v2\/comments?post=20350"}],"wp:featuredmedia":[{"embeddable":true,"href":"https:\/\/demoweb.info\/sexshop001\/wp-json\/wp\/v2\/media\/20351"}],"wp:attachment":[{"href":"https:\/\/demoweb.info\/sexshop001\/wp-json\/wp\/v2\/media?parent=20350"}],"wp:term":[{"taxonomy":"product_cat","embeddable":true,"href":"https:\/\/demoweb.info\/sexshop001\/wp-json\/wp\/v2\/product_cat?post=20350"},{"taxonomy":"product_tag","embeddable":true,"href":"https:\/\/demoweb.info\/sexshop001\/wp-json\/wp\/v2\/product_tag?post=20350"}],"curies":[{"name":"wp","href":"https:\/\/api.w.org\/{rel}","templated":true}]}}